{"id":571,"date":"2024-07-18T15:56:32","date_gmt":"2024-07-18T07:56:32","guid":{"rendered":"https:\/\/ruiqigo.com\/?post_type=product&#038;p=571"},"modified":"2024-11-15T17:00:29","modified_gmt":"2024-11-15T09:00:29","slug":"marula-facial-oil","status":"publish","type":"product","link":"https:\/\/www.ruiqigo.com\/fr\/product\/marula-facial-oil","title":{"rendered":"Huile pour le visage au marula"},"content":{"rendered":"<h2 class=\"wp-block-heading\">Formules courantes de fabrication d&#039;huile faciale de marula<\/h2>\n\n\n\n<p>L&#039;huile de graines de noix dure de Burr est riche en antioxydants et en acides gras essentiels. Cette huile nourrit la peau en profondeur et am\u00e9liore son \u00e9lasticit\u00e9 et sa capacit\u00e9 hydratante. Huile de graines de jojoba : Excellent hydratant, l&#039;huile de graines de jojoba p\u00e9n\u00e8tre rapidement dans la peau pour r\u00e9duire la s\u00e9cheresse et la rugosit\u00e9 tout en r\u00e9gulant l&#039;\u00e9quilibre s\u00e9bum de la peau. En tant que fabricant leader d&#039;huiles pour le visage \u00e0 base de marula, nous savons que l&#039;ester d&#039;enta\u00e9rythritol agit comme un \u00e9mulsifiant doux pour aider \u00e0 retenir l&#039;humidit\u00e9 et \u00e0 am\u00e9liorer la fonction barri\u00e8re de la peau.<\/p>\n\n\n\n<h2 class=\"wp-block-heading\">Sc\u00e9narios d&#039;application de l&#039;huile de marula pour le visage<\/h2>\n\n\n\n<p>L&#039;huile de marula pour le visage convient \u00e0 de nombreux aspects de votre routine de soins de la peau. Que ce soit le matin apr\u00e8s le nettoyage ou le soir apr\u00e8s le d\u00e9maquillage, elle hydrate la peau de mani\u00e8re durable. Elle convient \u00e9galement \u00e0 une utilisation pendant les saisons s\u00e8ches ou pendant de longues p\u00e9riodes dans des environnements climatis\u00e9s pour aider \u00e0 prot\u00e9ger la peau des effets n\u00e9fastes de l&#039;environnement ext\u00e9rieur.<\/p>\n\n\n\n<h2 class=\"wp-block-heading\">\u00c0 qui convient l\u2019huile de Marula pour le visage ?<\/h2>\n\n\n\n<p>Cette huile pour le visage convient \u00e0 tous les types de peau, en particulier les peaux s\u00e8ches, d\u00e9shydrat\u00e9es ou sensibles. L&#039;huile pour le visage Marula est id\u00e9ale pour les consommateurs qui recherchent des ingr\u00e9dients naturels et des effets hydratants efficaces. Elle est particuli\u00e8rement adapt\u00e9e \u00e0 ceux qui ont besoin d&#039;am\u00e9liorer leur peau s\u00e8che, rugueuse ou mature.<\/p>\n\n\n\n<h2 class=\"wp-block-heading\">Processus de production de l&#039;huile de marula pour le visage<\/h2>\n\n\n\n<p>Lors de la production de l&#039;huile de marula pour le visage, nous utilisons une technologie avanc\u00e9e de pressage \u00e0 froid pour extraire l&#039;huile de graine de noix dure et l&#039;huile de graine de jojoba afin de pr\u00e9server leurs nutriments naturels. En contr\u00f4lant avec pr\u00e9cision le processus d&#039;\u00e9mulsification et les conditions de production, nous garantissons que les huiles pour le visage sont stables et respectueuses de la peau. De plus, nous utilisons une technologie de remplissage aseptique pour garantir la puret\u00e9 et la s\u00e9curit\u00e9 de nos produits. En tant que fabricant professionnel d&#039;huile de marula pour le visage, l&#039;ensemble du processus de production suit des normes de contr\u00f4le qualit\u00e9 strictes pour garantir que chaque bouteille d&#039;huile pour le visage offre \u00e0 la fois une hydratation efficace et un soin doux.<\/p>","protected":false},"excerpt":{"rendered":"Marula facial oil manufacturing common formulas Burr&#8217;s Hard Walnut Seed Oil is rich in antioxidants and essential fatty acids, this oil deeply nourishes the skin and improves its elasticity and moisturizing ability. Jojoba Seed Oil: An excellent moisturizer, Jojoba Seed Oil quickly penetrates the skin to reduce dryness and roughness while regulating the skin&#8217;s oil [&hellip;]","protected":false},"featured_media":572,"menu_order":0,"template":"","meta":[],"product-tag":[],"products":[62],"class_list":["post-571","product","type-product","status-publish","has-post-thumbnail","hentry","products-facial-oil"],"acf":[],"_links":{"self":[{"href":"https:\/\/www.ruiqigo.com\/fr\/wp-json\/wp\/v2\/product\/571","targetHints":{"allow":["GET"]}}],"collection":[{"href":"https:\/\/www.ruiqigo.com\/fr\/wp-json\/wp\/v2\/product"}],"about":[{"href":"https:\/\/www.ruiqigo.com\/fr\/wp-json\/wp\/v2\/types\/product"}],"version-history":[{"count":0,"href":"https:\/\/www.ruiqigo.com\/fr\/wp-json\/wp\/v2\/product\/571\/revisions"}],"wp:featuredmedia":[{"embeddable":true,"href":"https:\/\/www.ruiqigo.com\/fr\/wp-json\/wp\/v2\/media\/572"}],"wp:attachment":[{"href":"https:\/\/www.ruiqigo.com\/fr\/wp-json\/wp\/v2\/media?parent=571"}],"wp:term":[{"taxonomy":"product-tag","embeddable":true,"href":"https:\/\/www.ruiqigo.com\/fr\/wp-json\/wp\/v2\/product-tag?post=571"},{"taxonomy":"products","embeddable":true,"href":"https:\/\/www.ruiqigo.com\/fr\/wp-json\/wp\/v2\/products?post=571"}],"curies":[{"name":"wp","href":"https:\/\/api.w.org\/{rel}","templated":true}]}}