{"id":576,"date":"2024-07-18T16:27:29","date_gmt":"2024-07-18T08:27:29","guid":{"rendered":"https:\/\/ruiqigo.com\/?post_type=product&#038;p=576"},"modified":"2024-11-15T16:59:41","modified_gmt":"2024-11-15T08:59:41","slug":"coconut-facial-oil","status":"publish","type":"product","link":"https:\/\/www.ruiqigo.com\/fr\/product\/coconut-facial-oil","title":{"rendered":"Huile de coco pour le visage"},"content":{"rendered":"<h2 class=\"wp-block-heading\">Formules courantes de fabrication d&#039;huile de coco pour le visage<\/h2>\n\n\n\n<p>L&#039;huile de coco, d\u00e9riv\u00e9e du fruit tropical de la noix de coco, est riche en une vari\u00e9t\u00e9 de vitamines et de min\u00e9raux, a un bon effet hydratant et r\u00e9parateur, peut nourrir la peau en profondeur, am\u00e9liorer la fonction de barri\u00e8re cutan\u00e9e. L&#039;huile de graines de jojoba, extraite de la plante de jojoba, sa structure mol\u00e9culaire est similaire au s\u00e9bum humain, facile \u00e0 absorber par la peau, r\u00e9gulant efficacement l&#039;\u00e9quilibre eau-huile de la peau, pour soulager la s\u00e9cheresse et la rugosit\u00e9. En tant que principal fabricant d&#039;huile de noix de coco pour le visage, le t\u00e9tram\u00e8re de penta\u00e9rythritol, une huile naturelle de haute qualit\u00e9, a de bonnes propri\u00e9t\u00e9s hydratantes, peut retenir l&#039;humidit\u00e9 de la peau, emp\u00eacher la perte d&#039;eau.<\/p>\n\n\n\n<h2 class=\"wp-block-heading\">Sc\u00e9narios d&#039;application de l&#039;huile de coco pour le visage<\/h2>\n\n\n\n<p>L&#039;huile de coco pour le visage convient \u00e0 une vari\u00e9t\u00e9 de situations, telles que les soins quotidiens de la peau et les soins sp\u00e9ciaux. Appliquez l&#039;huile de coco pour le visage le matin au r\u00e9veil pour dynamiser la peau et commencer la journ\u00e9e ; utilisez-la le soir avant d&#039;aller au lit pour aider la peau \u00e0 r\u00e9parer les cellules endommag\u00e9es et am\u00e9liorer la capacit\u00e9 d&#039;auto-gu\u00e9rison de la peau. De plus, pendant la saison s\u00e8che et froide, l&#039;huile de coco pour le visage apporte une nutrition suppl\u00e9mentaire \u00e0 la peau, pr\u00e9venant la s\u00e9cheresse et les ger\u00e7ures.<\/p>\n\n\n\n<h2 class=\"wp-block-heading\">\u00c0 qui convient l\u2019huile de coco pour le visage<\/h2>\n\n\n\n<p>L&#039;huile de coco pour le visage convient \u00e0 tous les types de peau, en particulier les peaux s\u00e8ches, d\u00e9shydrat\u00e9es et sensibles. L&#039;huile de coco pour le visage est un choix de soin id\u00e9al pour les consommateurs qui recherchent des soins naturels et de la peau. Elle peut \u00eatre utilis\u00e9e en toute s\u00e9curit\u00e9 par les femmes enceintes et allaitantes et les enfants.<\/p>\n\n\n\n<h2 class=\"wp-block-heading\">Processus de production d&#039;huile de coco pour le visage<\/h2>\n\n\n\n<p>Pour garantir la qualit\u00e9 de l&#039;huile de coco pour le visage, nous utilisons un proc\u00e9d\u00e9 unique de pressage \u00e0 froid qui maximise la r\u00e9tention des ingr\u00e9dients actifs de l&#039;huile de coco, de l&#039;huile de graines de jojoba et du t\u00e9tra-penta\u00e9rythritol. Pendant le processus de production, nous suivons strictement les normes d&#039;op\u00e9ration aseptique et non polluante pour garantir la s\u00e9curit\u00e9 et l&#039;efficacit\u00e9 de nos produits. De plus, en tant que fabricant professionnel d&#039;huile de coco pour le visage, nous utilisons une technologie de distillation mol\u00e9culaire avanc\u00e9e pour \u00e9liminer les impuret\u00e9s, rendant le produit plus pur et plus facile \u00e0 absorber par la peau. Gr\u00e2ce \u00e0 une s\u00e9rie de processus de production d\u00e9licats, nous vous proposons cette huile de coco pour le visage naturelle, douce et efficace.<\/p>","protected":false},"excerpt":{"rendered":"Coconut facial oil manufacturing common formulas Coconut oil, derived from the tropical coconut fruit, is rich in a variety of vitamins and minerals, has a good moisturizing and restorative effect, can deeply nourish the skin, enhance the skin barrier function. Jojoba seed oil, extracted from the jojoba plant, its molecular structure is similar to human [&hellip;]","protected":false},"featured_media":577,"menu_order":0,"template":"","meta":[],"product-tag":[],"products":[62],"class_list":["post-576","product","type-product","status-publish","has-post-thumbnail","hentry","products-facial-oil"],"acf":[],"_links":{"self":[{"href":"https:\/\/www.ruiqigo.com\/fr\/wp-json\/wp\/v2\/product\/576","targetHints":{"allow":["GET"]}}],"collection":[{"href":"https:\/\/www.ruiqigo.com\/fr\/wp-json\/wp\/v2\/product"}],"about":[{"href":"https:\/\/www.ruiqigo.com\/fr\/wp-json\/wp\/v2\/types\/product"}],"version-history":[{"count":0,"href":"https:\/\/www.ruiqigo.com\/fr\/wp-json\/wp\/v2\/product\/576\/revisions"}],"wp:featuredmedia":[{"embeddable":true,"href":"https:\/\/www.ruiqigo.com\/fr\/wp-json\/wp\/v2\/media\/577"}],"wp:attachment":[{"href":"https:\/\/www.ruiqigo.com\/fr\/wp-json\/wp\/v2\/media?parent=576"}],"wp:term":[{"taxonomy":"product-tag","embeddable":true,"href":"https:\/\/www.ruiqigo.com\/fr\/wp-json\/wp\/v2\/product-tag?post=576"},{"taxonomy":"products","embeddable":true,"href":"https:\/\/www.ruiqigo.com\/fr\/wp-json\/wp\/v2\/products?post=576"}],"curies":[{"name":"wp","href":"https:\/\/api.w.org\/{rel}","templated":true}]}}