{"id":581,"date":"2024-07-19T09:37:08","date_gmt":"2024-07-19T01:37:08","guid":{"rendered":"https:\/\/ruiqigo.com\/?post_type=product&#038;p=581"},"modified":"2024-11-15T16:59:03","modified_gmt":"2024-11-15T08:59:03","slug":"vitamin-e-facial-oil","status":"publish","type":"product","link":"https:\/\/www.ruiqigo.com\/fr\/product\/vitamin-e-facial-oil","title":{"rendered":"Huile pour le visage \u00e0 la vitamine E"},"content":{"rendered":"<h2 class=\"wp-block-heading\">Formules courantes de fabrication d&#039;huile pour le visage \u00e0 la vitamine E<\/h2>\n\n\n\n<p>La vitamine E, connue sous le nom de \u00ab vitamine anti-\u00e2ge \u00bb, est un puissant antioxydant qui neutralise les radicaux libres, prot\u00e8ge la peau des agressions environnementales et ralentit le processus de vieillissement. La vitamine E favorise \u00e9galement la circulation sanguine et am\u00e9liore la capacit\u00e9 de la peau \u00e0 se r\u00e9parer. En tant que fabricant leader d&#039;huiles pour le visage \u00e0 la vitamine E, nous savons que l&#039;huile de graines de jojoba, une huile v\u00e9g\u00e9tale naturelle issue de la plante de jojoba, a une structure mol\u00e9culaire similaire au s\u00e9bum humain, qui est facilement absorb\u00e9e par la peau et peut nourrir la peau en profondeur, maintenir l&#039;\u00e9quilibre eau-huile de la peau et r\u00e9duire la s\u00e9cheresse et les ridules.<\/p>\n\n\n\n<h2 class=\"wp-block-heading\">Sc\u00e9narios d&#039;application de l&#039;huile faciale \u00e0 la vitamine E<\/h2>\n\n\n\n<p>L&#039;huile pour le visage \u00e0 la vitamine E convient \u00e0 une large gamme de soins de la peau, que ce soit pour un entretien quotidien ou des traitements sp\u00e9ciaux. Utilisez-la le matin pour apporter \u00e0 votre peau la nutrition et la protection dont elle a besoin tout au long de la journ\u00e9e ; utilisez-la le soir pour aider votre peau \u00e0 se r\u00e9parer la nuit et \u00e0 am\u00e9liorer sa capacit\u00e9 de r\u00e9g\u00e9n\u00e9ration. Pendant la saison s\u00e8che ou dans des pi\u00e8ces climatis\u00e9es, l&#039;huile pour le visage \u00e0 la vitamine E soulage efficacement la peau s\u00e8che et la maintient hydrat\u00e9e.<\/p>\n\n\n\n<h2 class=\"wp-block-heading\">\u00c0 qui s&#039;adresse l&#039;huile pour le visage \u00e0 la vitamine E<\/h2>\n\n\n\n<p>L&#039;huile pour le visage \u00e0 la vitamine E convient \u00e0 tous les types de peau, en particulier aux peaux matures, aux peaux s\u00e8ches et aux personnes qui ont besoin de soins anti-\u00e2ge. Pour les personnes qui veillent souvent tard, qui vivent une vie stressante et qui ont une peau fragile, l&#039;huile pour le visage \u00e0 la vitamine E peut fournir la nutrition et la r\u00e9paration n\u00e9cessaires pour aider \u00e0 am\u00e9liorer l&#039;\u00e9tat de la peau.<\/p>\n\n\n\n<h2 class=\"wp-block-heading\">Processus de production d&#039;huile faciale \u00e0 la vitamine E<\/h2>\n\n\n\n<p>En tant que fabricant leader d&#039;huiles pour le visage \u00e0 la vitamine E, pour garantir la qualit\u00e9 du produit, nous utilisons une technologie unique d&#039;extraction \u00e0 basse temp\u00e9rature et par pression \u00e0 froid pour maximiser la r\u00e9tention des ingr\u00e9dients actifs de la vitamine E et de l&#039;huile de graines de jojoba. Pendant le processus de production, nous contr\u00f4lons strictement la temp\u00e9rature et la pression pour \u00e9viter que les temp\u00e9ratures \u00e9lev\u00e9es ne d\u00e9truisent les ingr\u00e9dients actifs. Dans le m\u00eame temps, nous respectons les normes de production aseptiques pour garantir la puret\u00e9 et la s\u00e9curit\u00e9 de nos produits.<\/p>\n\n\n\n<p><\/p>","protected":false},"excerpt":{"rendered":"Vitamin E facial oil manufacturing common formulas Vitamin E, known as the \u201canti-aging vitamin\u201d, is a powerful antioxidant that neutralizes free radicals, protects the skin from environmental aggressions and slows down the aging process. Vitamin E also promotes blood circulation and enhances the skin&#8217;s ability to repair itself. As a leading Vitamin E facial oil [&hellip;]","protected":false},"featured_media":583,"menu_order":0,"template":"","meta":[],"product-tag":[],"products":[62],"class_list":["post-581","product","type-product","status-publish","has-post-thumbnail","hentry","products-facial-oil"],"acf":[],"_links":{"self":[{"href":"https:\/\/www.ruiqigo.com\/fr\/wp-json\/wp\/v2\/product\/581","targetHints":{"allow":["GET"]}}],"collection":[{"href":"https:\/\/www.ruiqigo.com\/fr\/wp-json\/wp\/v2\/product"}],"about":[{"href":"https:\/\/www.ruiqigo.com\/fr\/wp-json\/wp\/v2\/types\/product"}],"version-history":[{"count":0,"href":"https:\/\/www.ruiqigo.com\/fr\/wp-json\/wp\/v2\/product\/581\/revisions"}],"wp:featuredmedia":[{"embeddable":true,"href":"https:\/\/www.ruiqigo.com\/fr\/wp-json\/wp\/v2\/media\/583"}],"wp:attachment":[{"href":"https:\/\/www.ruiqigo.com\/fr\/wp-json\/wp\/v2\/media?parent=581"}],"wp:term":[{"taxonomy":"product-tag","embeddable":true,"href":"https:\/\/www.ruiqigo.com\/fr\/wp-json\/wp\/v2\/product-tag?post=581"},{"taxonomy":"products","embeddable":true,"href":"https:\/\/www.ruiqigo.com\/fr\/wp-json\/wp\/v2\/products?post=581"}],"curies":[{"name":"wp","href":"https:\/\/api.w.org\/{rel}","templated":true}]}}