{"id":582,"date":"2024-07-19T09:46:05","date_gmt":"2024-07-19T01:46:05","guid":{"rendered":"https:\/\/ruiqigo.com\/?post_type=product&#038;p=582"},"modified":"2024-11-15T16:58:31","modified_gmt":"2024-11-15T08:58:31","slug":"squalane-facial-oil","status":"publish","type":"product","link":"https:\/\/www.ruiqigo.com\/fr\/product\/squalane-facial-oil","title":{"rendered":"Huile pour le visage au squalane"},"content":{"rendered":"<h2 class=\"wp-block-heading\">Formules courantes de fabrication d&#039;huile faciale au squalane<\/h2>\n\n\n\n<p>Le squalane, un ingr\u00e9dient naturel extrait du foie des requins des profondeurs, a une structure mol\u00e9culaire similaire \u00e0 celle du s\u00e9bum humain, qui est rapidement absorb\u00e9 par la peau pour former un film protecteur qui retient efficacement l&#039;humidit\u00e9 et emp\u00eache la perte d&#039;eau, tout en r\u00e9parant les barri\u00e8res cutan\u00e9es endommag\u00e9es et en am\u00e9liorant la capacit\u00e9 d&#039;autoprotection de la peau. En tant que fabricant leader d&#039;huiles pour le visage au squalane, nous savons que l&#039;huile de graines de jojoba, une huile v\u00e9g\u00e9tale naturelle d\u00e9riv\u00e9e de la plante de jojoba, est riche en vitamines et min\u00e9raux, qui peuvent nourrir la peau en profondeur, maintenir l&#039;\u00e9quilibre eau-huile de la peau et r\u00e9duire la s\u00e9cheresse et les ridules.<\/p>\n\n\n\n<h2 class=\"wp-block-heading\">Sc\u00e9narios d&#039;application de l&#039;huile faciale au squalane<\/h2>\n\n\n\n<p>L&#039;huile pour le visage au squalane convient \u00e0 une large gamme de soins de la peau, tant pour l&#039;entretien quotidien que pour les traitements sp\u00e9ciaux. Pendant les saisons s\u00e8ches d&#039;automne et d&#039;hiver, l&#039;huile pour le visage au squalane peut apporter une nutrition suppl\u00e9mentaire \u00e0 la peau pour pr\u00e9venir la s\u00e9cheresse et la desquamation ; pendant les mois d&#039;\u00e9t\u00e9 chauds et humides, elle peut aider \u00e0 retenir l&#039;humidit\u00e9 dans la peau et \u00e0 la garder fra\u00eeche. De plus, c&#039;est \u00e9galement une huile de base id\u00e9ale avant d&#039;appliquer le maquillage pour un look plus flatteur et naturel.<\/p>\n\n\n\n<h2 class=\"wp-block-heading\">\u00c0 qui s&#039;adresse l&#039;huile visage Squalane<\/h2>\n\n\n\n<p>L&#039;huile faciale au squalane convient \u00e0 tous les types de peau, en particulier les peaux s\u00e8ches, sensibles et matures. Pour les personnes qui sont souvent confront\u00e9es \u00e0 des ordinateurs, qui vivent une vie stressante et qui ont une peau fragile, l&#039;huile faciale au squalane peut nourrir et r\u00e9parer en profondeur pour aider \u00e0 am\u00e9liorer l&#039;\u00e9tat de la peau et \u00e0 restaurer sa sant\u00e9.<\/p>\n\n\n\n<h2 class=\"wp-block-heading\">Proc\u00e9d\u00e9 de production d&#039;huile faciale au squalane<\/h2>\n\n\n\n<p>Pour garantir la qualit\u00e9 du produit de l&#039;huile faciale au squalane, nous adoptons une technologie d&#039;extraction avanc\u00e9e et un processus de production unique. Tout d&#039;abord, nous extrayons le squalane gr\u00e2ce \u00e0 une technologie de distillation mol\u00e9culaire pour garantir sa puret\u00e9 et son activit\u00e9 ; deuxi\u00e8mement, nous m\u00e9langeons le squalane et l&#039;huile de graines de jojoba \u00e0 basse temp\u00e9rature pour \u00e9viter que la temp\u00e9rature \u00e9lev\u00e9e ne d\u00e9truise les ingr\u00e9dients actifs ; troisi\u00e8mement, en tant que fabricant leader d&#039;huile faciale au squalane, nous suivons la norme de production aseptique pour garantir la s\u00e9curit\u00e9 du produit sans contamination ; et enfin, nous utilisons un processus de filtration fine pour \u00e9liminer les impuret\u00e9s, de sorte que le produit est plus d\u00e9licat et facile \u00e0 absorber par la peau.<\/p>","protected":false},"excerpt":{"rendered":"Squalane facial oil manufacturing common formulas Squalane, a natural ingredient extracted from the liver of deep-sea sharks, has a molecular structure similar to that of human sebum, which is quickly absorbed by the skin to form a protective film that effectively locks in moisture and prevents water loss, while repairing damaged skin barriers and enhancing [&hellip;]","protected":false},"featured_media":587,"menu_order":0,"template":"","meta":[],"product-tag":[],"products":[62],"class_list":["post-582","product","type-product","status-publish","has-post-thumbnail","hentry","products-facial-oil"],"acf":[],"_links":{"self":[{"href":"https:\/\/www.ruiqigo.com\/fr\/wp-json\/wp\/v2\/product\/582","targetHints":{"allow":["GET"]}}],"collection":[{"href":"https:\/\/www.ruiqigo.com\/fr\/wp-json\/wp\/v2\/product"}],"about":[{"href":"https:\/\/www.ruiqigo.com\/fr\/wp-json\/wp\/v2\/types\/product"}],"version-history":[{"count":0,"href":"https:\/\/www.ruiqigo.com\/fr\/wp-json\/wp\/v2\/product\/582\/revisions"}],"wp:featuredmedia":[{"embeddable":true,"href":"https:\/\/www.ruiqigo.com\/fr\/wp-json\/wp\/v2\/media\/587"}],"wp:attachment":[{"href":"https:\/\/www.ruiqigo.com\/fr\/wp-json\/wp\/v2\/media?parent=582"}],"wp:term":[{"taxonomy":"product-tag","embeddable":true,"href":"https:\/\/www.ruiqigo.com\/fr\/wp-json\/wp\/v2\/product-tag?post=582"},{"taxonomy":"products","embeddable":true,"href":"https:\/\/www.ruiqigo.com\/fr\/wp-json\/wp\/v2\/products?post=582"}],"curies":[{"name":"wp","href":"https:\/\/api.w.org\/{rel}","templated":true}]}}