{"id":591,"date":"2024-07-23T17:48:12","date_gmt":"2024-07-23T09:48:12","guid":{"rendered":"https:\/\/ruiqigo.com\/?post_type=product&#038;p=591"},"modified":"2024-10-31T17:03:51","modified_gmt":"2024-10-31T09:03:51","slug":"hydroxyapatite-toothpaste","status":"publish","type":"product","link":"https:\/\/www.ruiqigo.com\/fr\/product\/hydroxyapatite-toothpaste","title":{"rendered":"Dentifrice \u00e0 l&#039;hydroxyapatite"},"content":{"rendered":"<h2 class=\"wp-block-heading\">Formules courantes de fabrication du dentifrice \u00e0 base d&#039;hydroxyapatite<\/h2>\n\n\n\n<p><strong>Hydroxyapatite<\/strong>, l&#039;ingr\u00e9dient principal du dentifrice \u00e0 l&#039;hydroxyapatite, est un min\u00e9ral biologiquement actif qui peut am\u00e9liorer efficacement la duret\u00e9 de l&#039;\u00e9mail des dents et am\u00e9liorer la r\u00e9sistance des dents \u00e0 la corrosion acide et alcaline. En tant que fabricant leader de dentifrice \u00e0 l&#039;hydroxyapatite, nous comprenons l&#039;importance de cet ingr\u00e9dient dans la promotion de la sant\u00e9 bucco-dentaire. L&#039;hydroxyapatite renforce non seulement l&#039;\u00e9mail, mais pr\u00e9sente \u00e9galement d&#039;excellentes propri\u00e9t\u00e9s d&#039;adsorption, lui permettant de p\u00e9n\u00e9trer profond\u00e9ment dans les crevasses des dents pour \u00e9liminer la plaque dentaire et pr\u00e9venir les maladies parodontales.<\/p>\n\n\n\n<p>Associ\u00e9e \u00e0 la silice hydrat\u00e9e, l&#039;hydroxyapatite forme une mousse d\u00e9licate qui nettoie les dents en douceur tout en prenant soin des dents et des tissus mous sensibles de la cavit\u00e9 buccale. Nos formules garantissent une efficacit\u00e9 optimale gr\u00e2ce \u00e0 l&#039;utilisation d&#039;hydroxyapatite de haute qualit\u00e9, ce qui permet \u00e0 nos produits de se d\u00e9marquer sur le march\u00e9.<\/p>\n\n\n\n<p>En tant que fabricant de dentifrice \u00e0 l&#039;hydroxyapatite de confiance, nous nous engageons \u00e0 d\u00e9velopper des formules innovantes et efficaces qui favorisent la sant\u00e9 et l&#039;hygi\u00e8ne dentaires. Que ce soit pour un usage quotidien ou pour cibler des probl\u00e8mes dentaires sp\u00e9cifiques, nos dentifrices \u00e0 l&#039;hydroxyapatite offrent des propri\u00e9t\u00e9s nettoyantes et protectrices exceptionnelles.<\/p>\n\n\n\n<p><\/p>\n\n\n\n<h2 class=\"wp-block-heading\">Sc\u00e9narios d&#039;application du dentifrice \u00e0 l&#039;hydroxyapatite<\/h2>\n\n\n\n<p>Le dentifrice \u00e0 l&#039;hydroxyapatite convient aux soins bucco-dentaires quotidiens et peut pr\u00e9venir efficacement l&#039;usure des dents, les saignements des gencives, la parodontite et d&#039;autres probl\u00e8mes bucco-dentaires. <\/p>\n\n\n\n<p>Apr\u00e8s le r\u00e9veil le matin, apr\u00e8s les repas, avant d&#039;aller au lit, vous pouvez utiliser ce produit pour le nettoyage bucco-dentaire. <\/p>\n\n\n\n<p>Dans le m\u00eame temps, le produit adopte une saveur v\u00e9g\u00e9tale naturelle, adapt\u00e9e au bureau, \u00e0 l&#039;\u00e9cole, \u00e0 la famille et \u00e0 d&#039;autres sc\u00e8nes, afin que vous puissiez garder une haleine fra\u00eeche et un sourire confiant \u00e0 tout moment, n&#039;importe o\u00f9.<\/p>\n\n\n\n<p><\/p>\n\n\n\n<h2 class=\"wp-block-heading\">\u00c0 qui convient le dentifrice Hydroxyapatite<\/h2>\n\n\n\n<p>Le dentifrice \u00e0 l&#039;hydroxyapatite convient aux personnes de tous \u00e2ges, en particulier aux cat\u00e9gories de personnes suivantes : <\/p>\n\n\n\n<p>1. les personnes qui souffrent de probl\u00e8mes bucco-dentaires, tels que la sensibilit\u00e9 dentaire, les saignements des gencives, la mauvaise haleine, etc. <\/p>\n\n\n\n<p>2. les fumeurs, les amateurs de caf\u00e9, la n\u00e9cessit\u00e9 de prendre particuli\u00e8rement soin des dents de la foule ; <\/p>\n\n\n\n<p>3. enfants et adolescents, la pr\u00e9vention des caries dentaires, et d\u00e8s l&#039;enfance, la formation de bonnes habitudes bucco-dentaires ; <\/p>\n\n\n\n<p>4. les personnes qui aiment la beaut\u00e9, la poursuite de la sant\u00e9, une haleine fra\u00eeche, affichent un sourire confiant.<\/p>\n\n\n\n<p><\/p>\n\n\n\n<h2 class=\"wp-block-heading\">Proc\u00e9d\u00e9 de fabrication du dentifrice \u00e0 base d&#039;hydroxyapatite<\/h2>\n\n\n\n<p>Afin de garantir la qualit\u00e9 du dentifrice \u00e0 l&#039;hydroxyapatite, nous adoptons le processus de production sp\u00e9cial suivant : <\/p>\n\n\n\n<p>1. s\u00e9lection rigoureuse des mati\u00e8res premi\u00e8res pour garantir une puret\u00e9 et une activit\u00e9 \u00e9lev\u00e9es de l&#039;hydroxyapatite\u00a0; <\/p>\n\n\n\n<p>2. un dosage pr\u00e9cis, afin que les principes actifs jouent pleinement leur r\u00f4le ; <\/p>\n\n\n\n<p>3. m\u00e9lange \u00e0 grande vitesse, de sorte que l&#039;hydroxyapatite et la silice hydrat\u00e9e soient compl\u00e8tement fusionn\u00e9es pour am\u00e9liorer l&#039;effet nettoyant\u00a0; <\/p>\n\n\n\n<p>4. remplissage aseptique, pour garantir que le produit est s\u00fbr et hygi\u00e9nique\u00a0; <\/p>\n\n\n\n<p>L&#039;ensemble du processus de contr\u00f4le qualit\u00e9 garantit que chaque dentifrice r\u00e9pond \u00e0 la norme nationale.<\/p>","protected":false},"excerpt":{"rendered":"Hydroxyapatite Toothpaste Manufacturing Common Formulas Hydroxyapatite, the core ingredient of Hydroxyapatite Toothpaste, is a biologically active mineral that can effectively enhance the hardness of tooth enamel and improve the resistance of teeth to acid and alkali corrosion. As a leading Hydroxyapatite Toothpaste manufacturer, we understand the significance of this ingredient in promoting oral health. Hydroxyapatite [&hellip;]","protected":false},"featured_media":596,"menu_order":0,"template":"","meta":[],"product-tag":[],"products":[71],"class_list":["post-591","product","type-product","status-publish","has-post-thumbnail","hentry","products-toothpaste"],"acf":[],"_links":{"self":[{"href":"https:\/\/www.ruiqigo.com\/fr\/wp-json\/wp\/v2\/product\/591","targetHints":{"allow":["GET"]}}],"collection":[{"href":"https:\/\/www.ruiqigo.com\/fr\/wp-json\/wp\/v2\/product"}],"about":[{"href":"https:\/\/www.ruiqigo.com\/fr\/wp-json\/wp\/v2\/types\/product"}],"version-history":[{"count":0,"href":"https:\/\/www.ruiqigo.com\/fr\/wp-json\/wp\/v2\/product\/591\/revisions"}],"wp:featuredmedia":[{"embeddable":true,"href":"https:\/\/www.ruiqigo.com\/fr\/wp-json\/wp\/v2\/media\/596"}],"wp:attachment":[{"href":"https:\/\/www.ruiqigo.com\/fr\/wp-json\/wp\/v2\/media?parent=591"}],"wp:term":[{"taxonomy":"product-tag","embeddable":true,"href":"https:\/\/www.ruiqigo.com\/fr\/wp-json\/wp\/v2\/product-tag?post=591"},{"taxonomy":"products","embeddable":true,"href":"https:\/\/www.ruiqigo.com\/fr\/wp-json\/wp\/v2\/products?post=591"}],"curies":[{"name":"wp","href":"https:\/\/api.w.org\/{rel}","templated":true}]}}