{"id":593,"date":"2024-07-25T20:39:10","date_gmt":"2024-07-25T12:39:10","guid":{"rendered":"https:\/\/ruiqigo.com\/?post_type=product&#038;p=593"},"modified":"2024-11-01T14:19:50","modified_gmt":"2024-11-01T06:19:50","slug":"peppermint-breath-spray","status":"publish","type":"product","link":"https:\/\/www.ruiqigo.com\/fr\/product\/peppermint-breath-spray","title":{"rendered":"Spray pour l&#039;haleine \u00e0 la menthe poivr\u00e9e"},"content":{"rendered":"<h2 class=\"wp-block-heading\">Formules courantes de fabrication de sprays pour l&#039;haleine \u00e0 la menthe poivr\u00e9e<\/h2>\n\n\n\n<p>Les ingr\u00e9dients cl\u00e9s du spray haleine \u00e0 la menthe poivr\u00e9e, l&#039;huile de ricin hydrog\u00e9n\u00e9e PEG-40 et l&#039;huile de menthe poivr\u00e9e, d\u00e9gagent un ar\u00f4me unique et rafra\u00eechissant. Ces ingr\u00e9dients inhibent efficacement la prolif\u00e9ration bact\u00e9rienne et pr\u00e9viennent les maladies bucco-dentaires. L&#039;huile de ricin hydrog\u00e9n\u00e9e PEG-40 a un l\u00e9ger effet lubrifiant, contribuant \u00e0 r\u00e9duire les d\u00e9bris alimentaires, tandis que l&#039;huile de menthe poivr\u00e9e poss\u00e8de un puissant effet antibact\u00e9rien, contribuant \u00e0 am\u00e9liorer l&#039;environnement buccal.<\/p>\n\n\n\n<h2 class=\"wp-block-heading\">Sc\u00e9narios applicables au spray respiratoire \u00e0 la menthe poivr\u00e9e<\/h2>\n\n\n\n<p>Le spray pour l&#039;haleine \u00e0 la menthe poivr\u00e9e convient \u00e0 une vari\u00e9t\u00e9 de sc\u00e9narios, en particulier aux occasions suivantes\u00a0: <\/p>\n\n\n\n<p>1. utiliser apr\u00e8s les repas, nettoyer efficacement les d\u00e9bris alimentaires, pour maintenir une haleine fra\u00eeche ; <\/p>\n\n\n\n<p>2. apr\u00e8s \u00eatre rest\u00e9 \u00e9veill\u00e9 toute la nuit, \u00e0 fumer, pour r\u00e9duire l&#039;odeur de la bouche, pour prendre soin de la sant\u00e9 des dents ; <\/p>\n\n\n\n<p>3. des occasions sp\u00e9ciales, telles que des mariages, des entretiens, etc., pour garder l\u2019haleine fra\u00eeche\u00a0; <\/p>\n\n\n\n<p>4. apr\u00e8s le traitement des maladies bucco-dentaires, pour aider au nettoyage de la cavit\u00e9 buccale.<\/p>\n\n\n\n<h2 class=\"wp-block-heading\">\u00c0 qui convient le spray pour l&#039;haleine \u00e0 la menthe poivr\u00e9e ?<\/h2>\n\n\n\n<p>Le spray pour l&#039;haleine \u00e0 la menthe poivr\u00e9e convient \u00e0 un large \u00e9ventail de personnes, particuli\u00e8rement recommand\u00e9 aux consommateurs suivants\u00a0: <\/p>\n\n\n\n<p>1. les personnes qui sont g\u00ean\u00e9es par les mauvaises odeurs buccales, comme les fumeurs, les personnes qui veillent souvent tard le soir ; <\/p>\n\n\n\n<p>2. les personnes qui ont des dents sensibles et qui ont besoin d\u2019un nettoyage doux ; <\/p>\n\n\n\n<p>3. les patients diab\u00e9tiques qui pr\u00e9sentent un risque \u00e9lev\u00e9 de maladie parodontale et qui doivent accorder une attention particuli\u00e8re aux soins bucco-dentaires\u00a0; <\/p>\n\n\n\n<p>4. Les consommateurs souhaitant tester de nouveaux produits d&#039;hygi\u00e8ne bucco-dentaire pourront profiter des bienfaits du spray haleine \u00e0 la menthe poivr\u00e9e. Ce spray am\u00e9liore la sant\u00e9 bucco-dentaire.<\/p>\n\n\n\n<h2 class=\"wp-block-heading\">Processus de production du spray respiratoire \u00e0 la menthe poivr\u00e9e<\/h2>\n\n\n\n<p>En tant que fabricant professionnel de sprays pour l&#039;haleine \u00e0 la menthe poivr\u00e9e, nous adoptons le processus de production sp\u00e9cial suivant\u00a0: <\/p>\n\n\n\n<p>1. Examinez rigoureusement les mati\u00e8res premi\u00e8res de l&#039;huile de ricin hydrog\u00e9n\u00e9e PEG-40 et de l&#039;huile de menthe poivr\u00e9e pour garantir leur puret\u00e9 et leur qualit\u00e9\u00a0; <\/p>\n\n\n\n<p>2. Contr\u00f4ler pr\u00e9cis\u00e9ment la quantit\u00e9 de mati\u00e8res premi\u00e8res ajout\u00e9es pour garantir que le produit est s\u00fbr et efficace\u00a0; <\/p>\n\n\n\n<p>3. Adopter la technologie de m\u00e9lange \u00e0 basse temp\u00e9rature pour lib\u00e9rer pleinement l&#039;activit\u00e9 des mati\u00e8res premi\u00e8res\u00a0; <\/p>\n\n\n\n<p>4. Remplissage aseptique pour garantir que le produit est s\u00fbr et hygi\u00e9nique\u00a0; <\/p>\n\n\n\n<p>5. Contr\u00f4le de qualit\u00e9 complet pour garantir que chaque bouteille de spray respiratoire \u00e0 la menthe poivr\u00e9e r\u00e9pond aux normes nationales. <\/p>\n\n\n\n<p>Gr\u00e2ce au processus ci-dessus, en tant que fabricant leader de sprays pour l&#039;haleine \u00e0 la menthe poivr\u00e9e, nous vous proposons un produit de soins bucco-dentaires fiable et de haute qualit\u00e9.<\/p>\n\n\n\n<p><\/p>","protected":false},"excerpt":{"rendered":"Peppermint breath spray manufacturing common formulas Peppermint Breath Spray&#8217;s core ingredients, PEG-40 Hydrogenated Castor Oil and Peppermint Oil, have a unique and refreshing aroma. These ingredients can effectively inhibit the growth of bacteria in the mouth and prevent oral diseases. PEG-40 Hydrogenated Castor Oil has a mild lubricating effect, which can help to reduce food [&hellip;]","protected":false},"featured_media":709,"menu_order":0,"template":"","meta":[],"product-tag":[],"products":[73],"class_list":["post-593","product","type-product","status-publish","has-post-thumbnail","hentry","products-breath-spray"],"acf":[],"_links":{"self":[{"href":"https:\/\/www.ruiqigo.com\/fr\/wp-json\/wp\/v2\/product\/593","targetHints":{"allow":["GET"]}}],"collection":[{"href":"https:\/\/www.ruiqigo.com\/fr\/wp-json\/wp\/v2\/product"}],"about":[{"href":"https:\/\/www.ruiqigo.com\/fr\/wp-json\/wp\/v2\/types\/product"}],"version-history":[{"count":0,"href":"https:\/\/www.ruiqigo.com\/fr\/wp-json\/wp\/v2\/product\/593\/revisions"}],"wp:featuredmedia":[{"embeddable":true,"href":"https:\/\/www.ruiqigo.com\/fr\/wp-json\/wp\/v2\/media\/709"}],"wp:attachment":[{"href":"https:\/\/www.ruiqigo.com\/fr\/wp-json\/wp\/v2\/media?parent=593"}],"wp:term":[{"taxonomy":"product-tag","embeddable":true,"href":"https:\/\/www.ruiqigo.com\/fr\/wp-json\/wp\/v2\/product-tag?post=593"},{"taxonomy":"products","embeddable":true,"href":"https:\/\/www.ruiqigo.com\/fr\/wp-json\/wp\/v2\/products?post=593"}],"curies":[{"name":"wp","href":"https:\/\/api.w.org\/{rel}","templated":true}]}}