{"id":594,"date":"2024-07-24T16:45:46","date_gmt":"2024-07-24T08:45:46","guid":{"rendered":"https:\/\/ruiqigo.com\/?post_type=product&#038;p=594"},"modified":"2024-11-01T10:33:46","modified_gmt":"2024-11-01T02:33:46","slug":"xylitol-toothpaste","status":"publish","type":"product","link":"https:\/\/www.ruiqigo.com\/fr\/product\/xylitol-toothpaste","title":{"rendered":"Dentifrice au xylitol"},"content":{"rendered":"<h2 class=\"wp-block-heading\">Formules courantes de fabrication de dentifrice au xylitol<\/h2>\n\n\n\n<p>Le xylitol, l&#039;ingr\u00e9dient principal du dentifrice au xylitol, est un \u00e9dulcorant naturel aux propri\u00e9t\u00e9s anti-caries. Le xylitol peut inhiber la croissance des bact\u00e9ries responsables des caries dans la cavit\u00e9 buccale et r\u00e9duire la formation de plaque dentaire, r\u00e9duisant ainsi l&#039;incidence de la carie dentaire. En m\u00eame temps, le xylitol peut \u00e9galement apporter un go\u00fbt frais, am\u00e9liorer l&#039;environnement buccal et prendre soin de la sant\u00e9 dentaire.<\/p>\n\n\n\n<h2 class=\"wp-block-heading\">Sc\u00e9narios d&#039;application du dentifrice au xylitol<\/h2>\n\n\n\n<p>Le dentifrice au xylitol convient aux soins bucco-dentaires quotidiens, notamment dans les cas suivants : apr\u00e8s le r\u00e9veil le matin, il aide \u00e0 \u00e9liminer les odeurs buccales et \u00e0 restaurer une haleine fra\u00eeche ; apr\u00e8s les repas, il nettoie efficacement les d\u00e9bris alimentaires et prot\u00e8ge les dents ; avant d&#039;aller au lit, il assure une protection nocturne compl\u00e8te des dents et pr\u00e9vient les caries nocturnes.<\/p>\n\n\n\n<h2 class=\"wp-block-heading\">\u00c0 qui convient le dentifrice au xylitol<\/h2>\n\n\n\n<p>Le dentifrice au xylitol convient \u00e0 un large \u00e9ventail de personnes, il est particuli\u00e8rement recommand\u00e9 aux consommateurs suivants : <\/p>\n\n\n\n<p>1. enfants, adolescents et adultes, pour pr\u00e9venir la carie dentaire et maintenir la sant\u00e9 bucco-dentaire ; <\/p>\n\n\n\n<p>2. les patients diab\u00e9tiques, en raison du risque \u00e9lev\u00e9 de maladie parodontale, doivent accorder une attention particuli\u00e8re aux soins de sant\u00e9 bucco-dentaire\u00a0; <\/p>\n\n\n\n<p>3. sensibilit\u00e9 buccale, n\u00e9cessite un nettoyage en douceur\u00a0; <\/p>\n\n\n\n<p>4. Comme les consommateurs de dentifrice sucr\u00e9, le dentifrice au xylitol peut non seulement satisfaire le go\u00fbt, mais aussi prot\u00e9ger les dents.<\/p>\n\n\n\n<h2 class=\"wp-block-heading\">Proc\u00e9d\u00e9 de fabrication du dentifrice au xylitol<\/h2>\n\n\n\n<p>En tant que fabricant fiable de dentifrice au xylitol, nous adoptons le processus de production sp\u00e9cial suivant\u00a0: <\/p>\n\n\n\n<p>1. un contr\u00f4le strict des mati\u00e8res premi\u00e8res du xylitol pour garantir sa puret\u00e9 et sa qualit\u00e9\u00a0; <\/p>\n\n\n\n<p>2. un contr\u00f4le pr\u00e9cis de la quantit\u00e9 de xylitol ajout\u00e9e pour garantir que le produit est s\u00fbr et efficace\u00a0; <\/p>\n\n\n\n<p>3. l\u2019utilisation de la technologie de broyage \u00e0 basse temp\u00e9rature pour lib\u00e9rer pleinement l\u2019activit\u00e9 du xylitol\u00a0; <\/p>\n\n\n\n<p>4. remplissage aseptique pour garantir que le produit est s\u00fbr et hygi\u00e9nique\u00a0; <\/p>\n\n\n\n<p>5. En tant que fabricant de dentifrice au xylitol digne de confiance, l&#039;ensemble du processus de contr\u00f4le qualit\u00e9 garantit que chaque dentifrice r\u00e9pond aux normes nationales.<\/p>","protected":false},"excerpt":{"rendered":"Xylitol toothpaste manufacturing common formulas Xylitol, the core ingredient of Xylitol toothpaste, is a natural sweetener with anti-cavity properties. Xylitol can inhibit the growth of caries-causing bacteria in the oral cavity and reduce the formation of plaque, thus reducing the incidence of tooth decay. At the same time, xylitol can also provide a fresh taste, [&hellip;]","protected":false},"featured_media":616,"menu_order":0,"template":"","meta":[],"product-tag":[],"products":[71],"class_list":["post-594","product","type-product","status-publish","has-post-thumbnail","hentry","products-toothpaste"],"acf":[],"_links":{"self":[{"href":"https:\/\/www.ruiqigo.com\/fr\/wp-json\/wp\/v2\/product\/594","targetHints":{"allow":["GET"]}}],"collection":[{"href":"https:\/\/www.ruiqigo.com\/fr\/wp-json\/wp\/v2\/product"}],"about":[{"href":"https:\/\/www.ruiqigo.com\/fr\/wp-json\/wp\/v2\/types\/product"}],"version-history":[{"count":0,"href":"https:\/\/www.ruiqigo.com\/fr\/wp-json\/wp\/v2\/product\/594\/revisions"}],"wp:featuredmedia":[{"embeddable":true,"href":"https:\/\/www.ruiqigo.com\/fr\/wp-json\/wp\/v2\/media\/616"}],"wp:attachment":[{"href":"https:\/\/www.ruiqigo.com\/fr\/wp-json\/wp\/v2\/media?parent=594"}],"wp:term":[{"taxonomy":"product-tag","embeddable":true,"href":"https:\/\/www.ruiqigo.com\/fr\/wp-json\/wp\/v2\/product-tag?post=594"},{"taxonomy":"products","embeddable":true,"href":"https:\/\/www.ruiqigo.com\/fr\/wp-json\/wp\/v2\/products?post=594"}],"curies":[{"name":"wp","href":"https:\/\/api.w.org\/{rel}","templated":true}]}}