{"id":595,"date":"2024-07-24T16:23:41","date_gmt":"2024-07-24T08:23:41","guid":{"rendered":"https:\/\/ruiqigo.com\/?post_type=product&#038;p=595"},"modified":"2024-11-01T10:38:32","modified_gmt":"2024-11-01T02:38:32","slug":"fluoride-free-toothpaste","status":"publish","type":"product","link":"https:\/\/www.ruiqigo.com\/fr\/product\/fluoride-free-toothpaste","title":{"rendered":"Dentifrice sans fluor"},"content":{"rendered":"<h2 class=\"wp-block-heading\">Formules courantes de fabrication de dentifrice sans fluor<\/h2>\n\n\n\n<p>Le phosphate de calcium, ingr\u00e9dient principal du dentifrice sans fluor, offre un excellent pouvoir nettoyant, \u00e9limine efficacement la plaque dentaire et pr\u00e9vient le tartre. La glyc\u00e9rine, quant \u00e0 elle, hydrate et forme un film protecteur lors du brossage, r\u00e9duisant ainsi la sensibilit\u00e9 dentaire. L&#039;absence de fluor pr\u00e9vient les allergies et la fluorose dentaire, permettant ainsi aux consommateurs de se brosser les dents sans se soucier d&#039;un apport excessif en fluor.<\/p>\n\n\n\n<h2 class=\"wp-block-heading\">Sc\u00e9narios applicables au dentifrice sans fluor<\/h2>\n\n\n\n<p>Le dentifrice sans fluor est adapt\u00e9 aux soins bucco-dentaires quotidiens et peut \u00eatre utilis\u00e9 le matin au r\u00e9veil, apr\u00e8s les repas, avant de se coucher et \u00e0 d&#039;autres moments. Doux et non irritant, il convient \u00e0 la maison, au bureau, \u00e0 l&#039;\u00e9cole et ailleurs. Que vous soyez occup\u00e9 au travail ou pendant vos loisirs, un dentifrice sans fluor vous apportera une haleine fra\u00eeche et pr\u00e9servera votre sant\u00e9 bucco-dentaire.<\/p>\n\n\n\n<h2 class=\"wp-block-heading\">\u00c0 qui convient le dentifrice sans fluor ?<\/h2>\n\n\n\n<p>Le dentifrice sans fluor convient \u00e0 un large \u00e9ventail de personnes, en particulier aux cat\u00e9gories de consommateurs suivantes : <\/p>\n\n\n\n<p>1. les personnes allergiques au fluorure ; <\/p>\n\n\n\n<p>2. les enfants et les adolescents, pour \u00e9viter un apport excessif en fluor qui affecte la croissance et le d\u00e9veloppement ; <\/p>\n\n\n\n<p>3. les femmes enceintes, de pr\u00eater attention \u00e0 la sant\u00e9 bucco-dentaire pendant la grossesse ; <\/p>\n\n\n\n<p>4. Les \u00e9cologistes, \u00e0 la recherche de produits d&#039;hygi\u00e8ne bucco-dentaire sans fluor et sans danger. Un dentifrice sans fluor, pour que chaque consommateur puisse profiter d&#039;une exp\u00e9rience de soins bucco-dentaires saine.<\/p>\n\n\n\n<h2 class=\"wp-block-heading\">Processus de production de dentifrice sans fluor<\/h2>\n\n\n\n<p>En tant que fabricant professionnel de dentifrice sans fluor, nous adoptons le processus de production sp\u00e9cial suivant : <\/p>\n\n\n\n<p>1. un contr\u00f4le strict des mati\u00e8res premi\u00e8res pour garantir la puret\u00e9 et la qualit\u00e9 du phosphate de calcium et des autres ingr\u00e9dients ; <\/p>\n\n\n\n<p>2. un dosage pr\u00e9cis, afin que les principes actifs jouent pleinement leur r\u00f4le pour obtenir le meilleur effet nettoyant ; <\/p>\n\n\n\n<p>3. m\u00e9lange \u00e0 grande vitesse, de sorte que les mati\u00e8res premi\u00e8res soient enti\u00e8rement m\u00e9lang\u00e9es, pour am\u00e9liorer la stabilit\u00e9 du dentifrice\u00a0; <\/p>\n\n\n\n<p>4. remplissage aseptique, pour garantir que le produit est s\u00fbr et hygi\u00e9nique\u00a0; <\/p>\n\n\n\n<p>5. L&#039;ensemble du processus de contr\u00f4le qualit\u00e9 garantit que chaque dentifrice r\u00e9pond aux normes nationales. En tant que fabricant professionnel de dentifrices sans fluor, chaque dentifrice r\u00e9pond aux normes nationales.<\/p>","protected":false},"excerpt":{"rendered":"Fluoride free Toothpaste manufacturing common formulas Calcium phosphate, the core ingredient of fluoride-free toothpaste, has a good cleaning effect, can effectively remove plaque and prevent tartar. Glycerin has a moisturizing function, which can form a protective film during brushing and reduce tooth sensitivity. The product does not contain fluorine, which avoids allergies and dental fluorosis [&hellip;]","protected":false},"featured_media":601,"menu_order":0,"template":"","meta":[],"product-tag":[],"products":[71],"class_list":["post-595","product","type-product","status-publish","has-post-thumbnail","hentry","products-toothpaste"],"acf":[],"_links":{"self":[{"href":"https:\/\/www.ruiqigo.com\/fr\/wp-json\/wp\/v2\/product\/595","targetHints":{"allow":["GET"]}}],"collection":[{"href":"https:\/\/www.ruiqigo.com\/fr\/wp-json\/wp\/v2\/product"}],"about":[{"href":"https:\/\/www.ruiqigo.com\/fr\/wp-json\/wp\/v2\/types\/product"}],"version-history":[{"count":0,"href":"https:\/\/www.ruiqigo.com\/fr\/wp-json\/wp\/v2\/product\/595\/revisions"}],"wp:featuredmedia":[{"embeddable":true,"href":"https:\/\/www.ruiqigo.com\/fr\/wp-json\/wp\/v2\/media\/601"}],"wp:attachment":[{"href":"https:\/\/www.ruiqigo.com\/fr\/wp-json\/wp\/v2\/media?parent=595"}],"wp:term":[{"taxonomy":"product-tag","embeddable":true,"href":"https:\/\/www.ruiqigo.com\/fr\/wp-json\/wp\/v2\/product-tag?post=595"},{"taxonomy":"products","embeddable":true,"href":"https:\/\/www.ruiqigo.com\/fr\/wp-json\/wp\/v2\/products?post=595"}],"curies":[{"name":"wp","href":"https:\/\/api.w.org\/{rel}","templated":true}]}}