{"id":606,"date":"2024-07-24T16:29:40","date_gmt":"2024-07-24T08:29:40","guid":{"rendered":"https:\/\/ruiqigo.com\/?post_type=product&#038;p=606"},"modified":"2024-11-01T10:36:30","modified_gmt":"2024-11-01T02:36:30","slug":"charcoal-toothpaste","status":"publish","type":"product","link":"https:\/\/www.ruiqigo.com\/fr\/product\/charcoal-toothpaste","title":{"rendered":"Dentifrice au charbon"},"content":{"rendered":"<h2 class=\"wp-block-heading\">Formules courantes de fabrication de dentifrice au charbon<\/h2>\n\n\n\n<p>L&#039;ingr\u00e9dient principal du dentifrice au charbon est le charbon naturel, dont la structure poreuse conf\u00e8re au produit une excellente capacit\u00e9 d&#039;adsorption, qui peut absorber efficacement les pigments, les impuret\u00e9s et les odeurs dans la bouche. Le poly\u00e9thyl\u00e8ne glycol-400 a un bon effet lubrifiant, ce qui rend le dentifrice plus facile \u00e0 \u00e9taler lors du brossage et am\u00e9liore l&#039;effet nettoyant. La glyc\u00e9rine a une fonction hydratante et peut former un film protecteur pendant le brossage pour pr\u00e9venir la sensibilit\u00e9 dentaire et la s\u00e9cheresse buccale.<\/p>\n\n\n\n<h2 class=\"wp-block-heading\">Sc\u00e9narios d&#039;application du dentifrice au charbon<\/h2>\n\n\n\n<p>Le dentifrice au charbon convient aux soins bucco-dentaires quotidiens, en particulier dans les sc\u00e9narios suivants : apr\u00e8s le r\u00e9veil le matin, il aide \u00e0 \u00e9liminer les odeurs buccales et \u00e0 restaurer une haleine fra\u00eeche ; apr\u00e8s les repas, il nettoie efficacement les d\u00e9bris alimentaires et prot\u00e8ge les dents ; apr\u00e8s \u00eatre rest\u00e9 \u00e9veill\u00e9 tard, avoir fum\u00e9 et bu, il am\u00e9liore rapidement l&#039;environnement buccal et r\u00e9duit l&#039;inconfort buccal.<\/p>\n\n\n\n<h2 class=\"wp-block-heading\">\u00c0 qui convient le dentifrice au charbon<\/h2>\n\n\n\n<p>Le dentifrice au charbon convient \u00e0 un large \u00e9ventail de personnes, et est particuli\u00e8rement recommand\u00e9 aux consommateurs suivants : <\/p>\n\n\n\n<p>1. les personnes souffrant de mauvaise haleine, comme les fumeurs, les personnes qui veillent souvent tard ; <\/p>\n\n\n\n<p>2. les personnes ayant des dents pigment\u00e9es, qui ont besoin d\u2019un nettoyage en profondeur ; <\/p>\n\n\n\n<p>3. les enfants et les adolescents, de cultiver de bonnes habitudes d\u2019hygi\u00e8ne bucco-dentaire ; <\/p>\n\n\n\n<p>4. les \u00e9cologistes, \u00e0 la recherche de produits de soins bucco-dentaires naturels et inoffensifs.<\/p>\n\n\n\n<h2 class=\"wp-block-heading\">Processus de production de dentifrice au charbon<\/h2>\n\n\n\n<p>En tant que fabricant de dentifrice au charbon de bois, nous adoptons le processus de production sp\u00e9cial suivant\u00a0: <\/p>\n\n\n\n<p>1. un contr\u00f4le rigoureux du charbon naturel pour garantir sa puret\u00e9 et ses propri\u00e9t\u00e9s d\u2019adsorption ; <\/p>\n\n\n\n<p>2. un dosage pr\u00e9cis, afin que les principes actifs jouent pleinement leur r\u00f4le pour obtenir le meilleur effet nettoyant ; <\/p>\n\n\n\n<p>3. technologie de broyage \u00e0 basse temp\u00e9rature, pour lib\u00e9rer pleinement la capacit\u00e9 d&#039;adsorption du charbon de bois ; <\/p>\n\n\n\n<p>4. remplissage aseptique, pour garantir que le produit est s\u00fbr et hygi\u00e9nique\u00a0; <\/p>\n\n\n\n<p>5. En tant que fabricant leader de dentifrice au charbon, l&#039;ensemble du processus de contr\u00f4le de la qualit\u00e9 garantit que chaque dentifrice r\u00e9pond aux normes nationales. Conforme \u00e0 la norme nationale.<\/p>","protected":false},"excerpt":{"rendered":"Charcoal toothpaste manufacturing common formulas The core ingredient of charcoal toothpaste is natural charcoal, whose porous structure gives the product excellent adsorption ability, which can effectively adsorb pigments, impurities and odors in the mouth. Polyethylene Glycol-400 has a good lubricating effect, which makes the toothpaste easier to spread when brushing and enhances the cleaning effect. [&hellip;]","protected":false},"featured_media":607,"menu_order":0,"template":"","meta":[],"product-tag":[],"products":[71],"class_list":["post-606","product","type-product","status-publish","has-post-thumbnail","hentry","products-toothpaste"],"acf":[],"_links":{"self":[{"href":"https:\/\/www.ruiqigo.com\/fr\/wp-json\/wp\/v2\/product\/606","targetHints":{"allow":["GET"]}}],"collection":[{"href":"https:\/\/www.ruiqigo.com\/fr\/wp-json\/wp\/v2\/product"}],"about":[{"href":"https:\/\/www.ruiqigo.com\/fr\/wp-json\/wp\/v2\/types\/product"}],"version-history":[{"count":0,"href":"https:\/\/www.ruiqigo.com\/fr\/wp-json\/wp\/v2\/product\/606\/revisions"}],"wp:featuredmedia":[{"embeddable":true,"href":"https:\/\/www.ruiqigo.com\/fr\/wp-json\/wp\/v2\/media\/607"}],"wp:attachment":[{"href":"https:\/\/www.ruiqigo.com\/fr\/wp-json\/wp\/v2\/media?parent=606"}],"wp:term":[{"taxonomy":"product-tag","embeddable":true,"href":"https:\/\/www.ruiqigo.com\/fr\/wp-json\/wp\/v2\/product-tag?post=606"},{"taxonomy":"products","embeddable":true,"href":"https:\/\/www.ruiqigo.com\/fr\/wp-json\/wp\/v2\/products?post=606"}],"curies":[{"name":"wp","href":"https:\/\/api.w.org\/{rel}","templated":true}]}}