{"id":630,"date":"2024-07-24T17:29:38","date_gmt":"2024-07-24T09:29:38","guid":{"rendered":"https:\/\/ruiqigo.com\/?post_type=product&#038;p=630"},"modified":"2024-11-01T10:33:12","modified_gmt":"2024-11-01T02:33:12","slug":"tea-tree-oil-toothpaste","status":"publish","type":"product","link":"https:\/\/www.ruiqigo.com\/fr\/product\/tea-tree-oil-toothpaste","title":{"rendered":"Dentifrice \u00e0 l&#039;huile d&#039;arbre \u00e0 th\u00e9"},"content":{"rendered":"<h2 class=\"wp-block-heading\">Formules courantes de fabrication de dentifrice \u00e0 l&#039;huile d&#039;arbre \u00e0 th\u00e9<\/h2>\n\n\n\n<p>L&#039;ingr\u00e9dient principal du dentifrice \u00e0 l&#039;huile d&#039;arbre \u00e0 th\u00e9, l&#039;extrait de graines de Camellia Sinensis, est une huile naturelle extraite des graines de Camellia Sinensis, qui a des effets anti-inflammatoires et antibact\u00e9riens. L&#039;extrait de graines de th\u00e9 \u00e0 l&#039;huile peut inhiber efficacement la croissance de bact\u00e9ries nocives dans la cavit\u00e9 buccale, r\u00e9duire la formation de plaque dentaire, r\u00e9duisant ainsi l&#039;incidence de la carie dentaire. De plus, l&#039;extrait de graines de th\u00e9 \u00e0 l&#039;huile a \u00e9galement un parfum naturel, peut \u00e9liminer efficacement les odeurs buccales et am\u00e9liorer l&#039;environnement buccal.<\/p>\n\n\n\n<h2 class=\"wp-block-heading\">Sc\u00e9narios d&#039;application du dentifrice \u00e0 l&#039;huile d&#039;arbre \u00e0 th\u00e9<\/h2>\n\n\n\n<p>Le dentifrice \u00e0 l&#039;huile d&#039;arbre \u00e0 th\u00e9 convient \u00e0 une vari\u00e9t\u00e9 de sc\u00e9narios, en particulier les occasions suivantes : apr\u00e8s le r\u00e9veil le matin, pour aider \u00e0 \u00e9liminer les odeurs buccales et restaurer une haleine fra\u00eeche ; apr\u00e8s les repas, pour nettoyer efficacement les d\u00e9bris alimentaires et prot\u00e9ger les dents ; apr\u00e8s \u00eatre rest\u00e9 \u00e9veill\u00e9 toute la nuit, avoir fum\u00e9, pour soulager les odeurs buccales et prendre soin de la sant\u00e9 dentaire.<\/p>\n\n\n\n<h2 class=\"wp-block-heading\">\u00c0 qui convient le dentifrice \u00e0 l&#039;huile d&#039;arbre \u00e0 th\u00e9 ?<\/h2>\n\n\n\n<p>Le dentifrice \u00e0 l&#039;huile d&#039;arbre \u00e0 th\u00e9 convient \u00e0 un large \u00e9ventail de personnes, et est particuli\u00e8rement recommand\u00e9 aux consommateurs suivants : <\/p>\n\n\n\n<p>1. les personnes g\u00ean\u00e9es par l&#039;odeur buccale, comme les fumeurs, restent souvent \u00e9veill\u00e9s tard ; <\/p>\n\n\n\n<p>2. les personnes ayant des dents sensibles doivent nettoyer d\u00e9licatement la foule ; <\/p>\n\n\n\n<p>3. les patients diab\u00e9tiques, en raison du risque \u00e9lev\u00e9 de maladie parodontale, doivent accorder une attention particuli\u00e8re aux soins bucco-dentaires\u00a0; <\/p>\n\n\n\n<p>4. J&#039;aimerais essayer un nouveau type de produits de soins bucco-dentaires pour les consommateurs, pour profiter de la sant\u00e9 bucco-dentaire apport\u00e9e par l&#039;huile d&#039;arbre \u00e0 th\u00e9.<\/p>\n\n\n\n<h2 class=\"wp-block-heading\">Processus de production du dentifrice \u00e0 l&#039;huile d&#039;arbre \u00e0 th\u00e9<\/h2>\n\n\n\n<p>En tant que fabricant de dentifrice qualitatif \u00e0 l&#039;huile d&#039;arbre \u00e0 th\u00e9, nous utilisons le processus de production sp\u00e9cial suivant : <\/p>\n\n\n\n<p>1. contr\u00f4le strict des mati\u00e8res premi\u00e8res de l&#039;extrait de graines de Camellia sinensis pour garantir sa puret\u00e9 et sa qualit\u00e9 ; <\/p>\n\n\n\n<p>2. contr\u00f4le pr\u00e9cis de la quantit\u00e9 d&#039;extrait de graines de Camellia sinensis ajout\u00e9e pour garantir que le produit est s\u00fbr et efficace ; <\/p>\n\n\n\n<p>3. La technologie de broyage \u00e0 basse temp\u00e9rature est utilis\u00e9e pour lib\u00e9rer pleinement l&#039;activit\u00e9 de l&#039;extrait de graines de Camellia sinensis\u00a0; <\/p>\n\n\n\n<p>4. remplissage aseptique pour garantir que le produit est s\u00fbr et hygi\u00e9nique\u00a0;<\/p>\n\n\n\n<p>5. L&#039;ensemble du processus de contr\u00f4le de la qualit\u00e9 garantit que chaque dentifrice r\u00e9pond aux normes nationales. En tant que fabricant de dentifrice \u00e0 l&#039;huile d&#039;arbre \u00e0 th\u00e9 de qualit\u00e9, chaque dentifrice r\u00e9pond \u00e0 la norme nationale.<\/p>","protected":false},"excerpt":{"rendered":"Tea tree oil toothpaste manufacturing common formulas The core ingredient of Tea Tree Oil Toothpaste, Camellia Sinensis Seed Extract, is a natural oil extracted from Camellia Sinensis seeds, which has anti-inflammatory and antibacterial effects. Oil tea seed extract can effectively inhibit the growth of harmful bacteria in the oral cavity, reduce the formation of plaque, [&hellip;]","protected":false},"featured_media":631,"menu_order":0,"template":"","meta":[],"product-tag":[],"products":[71],"class_list":["post-630","product","type-product","status-publish","has-post-thumbnail","hentry","products-toothpaste"],"acf":[],"_links":{"self":[{"href":"https:\/\/www.ruiqigo.com\/fr\/wp-json\/wp\/v2\/product\/630","targetHints":{"allow":["GET"]}}],"collection":[{"href":"https:\/\/www.ruiqigo.com\/fr\/wp-json\/wp\/v2\/product"}],"about":[{"href":"https:\/\/www.ruiqigo.com\/fr\/wp-json\/wp\/v2\/types\/product"}],"version-history":[{"count":0,"href":"https:\/\/www.ruiqigo.com\/fr\/wp-json\/wp\/v2\/product\/630\/revisions"}],"wp:featuredmedia":[{"embeddable":true,"href":"https:\/\/www.ruiqigo.com\/fr\/wp-json\/wp\/v2\/media\/631"}],"wp:attachment":[{"href":"https:\/\/www.ruiqigo.com\/fr\/wp-json\/wp\/v2\/media?parent=630"}],"wp:term":[{"taxonomy":"product-tag","embeddable":true,"href":"https:\/\/www.ruiqigo.com\/fr\/wp-json\/wp\/v2\/product-tag?post=630"},{"taxonomy":"products","embeddable":true,"href":"https:\/\/www.ruiqigo.com\/fr\/wp-json\/wp\/v2\/products?post=630"}],"curies":[{"name":"wp","href":"https:\/\/api.w.org\/{rel}","templated":true}]}}