{"id":635,"date":"2024-07-25T15:47:07","date_gmt":"2024-07-25T07:47:07","guid":{"rendered":"https:\/\/ruiqigo.com\/?post_type=product&#038;p=635"},"modified":"2025-09-03T15:22:48","modified_gmt":"2025-09-03T07:22:48","slug":"fluoride-mouthwash","status":"publish","type":"product","link":"https:\/\/www.ruiqigo.com\/fr\/product\/fluoride-mouthwash","title":{"rendered":"Bain de bouche au fluor"},"content":{"rendered":"<h2 class=\"wp-block-heading\">Formules courantes<\/h2>\n\n\n\n<p><strong>Monofluorophosphate de sodium<\/strong>, l&#039;ingr\u00e9dient principal du bain de bouche au fluor, est une sorte de fluorure largement utilis\u00e9 dans les produits de soins bucco-dentaires, qui peut am\u00e9liorer efficacement la capacit\u00e9 anti-acide de l&#039;\u00e9mail des dents et r\u00e9duire l&#039;incidence de la carie dentaire. La teneur en fluor 0,02% est conforme aux normes nationales et internationales, ce qui peut jouer un r\u00f4le dans le fluorure, mais aussi pour assurer la s\u00e9curit\u00e9 d&#039;utilisation. De plus, le monofluorophosphate de sodium peut \u00e9galement favoriser la remin\u00e9ralisation des dents et r\u00e9parer les caries dentaires pr\u00e9coces.<\/p>\n\n\n\n<h2 class=\"wp-block-heading\">Sc\u00e9narios applicables<\/h2>\n\n\n\n<p>Le bain de bouche au fluor convient \u00e0 une vari\u00e9t\u00e9 de sc\u00e9narios, en particulier dans les occasions suivantes\u00a0: <\/p>\n\n\n\n<p>1. apr\u00e8s les repas, nettoyage efficace des d\u00e9bris alimentaires et protection des dents ; <\/p>\n\n\n\n<p>2. apr\u00e8s \u00eatre rest\u00e9 \u00e9veill\u00e9 toute la nuit et avoir fum\u00e9, pour r\u00e9duire le mauvais go\u00fbt de la bouche et prendre soin de la sant\u00e9 des dents ; <\/p>\n\n\n\n<p>3. lors d\u2019occasions sp\u00e9ciales, telles que mariages, entretiens, etc., pour garder l\u2019haleine fra\u00eeche ; <\/p>\n\n\n\n<p>4. apr\u00e8s le traitement des maladies bucco-dentaires, pour aider au nettoyage de la cavit\u00e9 buccale.<\/p>\n\n\n\n<h2 class=\"wp-block-heading\">\u00c0 qui s&#039;adresse le bain de bouche au fluor<\/h2>\n\n\n\n<p>Les bains de bouche au fluor conviennent \u00e0 un large \u00e9ventail de personnes, et sont particuli\u00e8rement recommand\u00e9s pour les consommateurs suivants\u00a0: <\/p>\n\n\n\n<p>1. enfants, adolescents et adultes pour pr\u00e9venir la carie dentaire et maintenir la sant\u00e9 bucco-dentaire ; <\/p>\n\n\n\n<p>2. les personnes ayant des dents sensibles qui ont besoin d\u2019am\u00e9liorer la duret\u00e9 de l\u2019\u00e9mail ; <\/p>\n\n\n\n<p>3. les patients diab\u00e9tiques qui pr\u00e9sentent un risque \u00e9lev\u00e9 de maladie parodontale et qui doivent accorder une attention particuli\u00e8re aux soins de sant\u00e9 bucco-dentaire\u00a0; <\/p>\n\n\n\n<p>4. Les consommateurs qui souhaitent essayer de nouveaux produits de soins bucco-dentaires peuvent profiter des bienfaits du bain de bouche au fluor. La sant\u00e9 bucco-dentaire apport\u00e9e par le bain de bouche au fluor.<\/p>\n\n\n\n<h2 class=\"wp-block-heading\">Processus de production<\/h2>\n\n\n\n<p>Afin de garantir la qualit\u00e9 du bain de bouche au fluor, nous adoptons le processus de production sp\u00e9cial suivant : <\/p>\n\n\n\n<p>1. contr\u00f4le strict des mati\u00e8res premi\u00e8res du monofluorophosphate de sodium pour garantir sa puret\u00e9 et sa qualit\u00e9 ; <\/p>\n\n\n\n<p>2. contr\u00f4le pr\u00e9cis de la quantit\u00e9 de monofluorophosphate de sodium ajout\u00e9e pour assurer la s\u00e9curit\u00e9 et l\u2019efficacit\u00e9 du produit; <\/p>\n\n\n\n<p>3. La technologie de m\u00e9lange \u00e0 basse temp\u00e9rature est utilis\u00e9e pour lib\u00e9rer au maximum l&#039;activit\u00e9 du monofluorophosphate de sodium\u00a0; <\/p>\n\n\n\n<p>4. remplissage aseptique, pour garantir que le produit est s\u00fbr et hygi\u00e9nique\u00a0; <\/p>\n\n\n\n<p>5. Contr\u00f4le qualit\u00e9 complet pour garantir que chaque bouteille de bain de bouche au fluor est s\u00fbre et hygi\u00e9nique. Contr\u00f4le qualit\u00e9 pour garantir que chaque bouteille de bain de bouche au fluor r\u00e9pond \u00e0 la norme nationale. <\/p>\n\n\n\n<p>Gr\u00e2ce au processus ci-dessus, nous vous proposons un produit de soins bucco-dentaires de haute qualit\u00e9 et fiable.<\/p>","protected":false},"excerpt":{"rendered":"Common Formulas Sodium Monofluorophosphate, the core ingredient of Fluoride Mouthwash, is a kind of fluoride widely used in oral care products, which can effectively enhance the anti-acid ability of tooth enamel and reduce the incidence of tooth decay.0.02% fluorine content is in line with national and international standards, which can play a role in the [&hellip;]","protected":false},"featured_media":667,"menu_order":0,"template":"","meta":[],"product-tag":[201,206,207,208,212,213,214,216],"products":[72],"class_list":["post-635","product","type-product","status-publish","has-post-thumbnail","hentry","product-tag-mouthwash-manufacturer","product-tag-mouthwash-companies","product-tag-mouthwash-factory","product-tag-mouthwash-suppliers","product-tag-mouthwash-contract-manufacturer","product-tag-antiseptic-mouthwashes-manufacturer","product-tag-mouthwash-manufacturers-usa","product-tag-private-label-mouthwash-manufacturers","products-mouthwash"],"acf":[],"_links":{"self":[{"href":"https:\/\/www.ruiqigo.com\/fr\/wp-json\/wp\/v2\/product\/635","targetHints":{"allow":["GET"]}}],"collection":[{"href":"https:\/\/www.ruiqigo.com\/fr\/wp-json\/wp\/v2\/product"}],"about":[{"href":"https:\/\/www.ruiqigo.com\/fr\/wp-json\/wp\/v2\/types\/product"}],"version-history":[{"count":0,"href":"https:\/\/www.ruiqigo.com\/fr\/wp-json\/wp\/v2\/product\/635\/revisions"}],"wp:featuredmedia":[{"embeddable":true,"href":"https:\/\/www.ruiqigo.com\/fr\/wp-json\/wp\/v2\/media\/667"}],"wp:attachment":[{"href":"https:\/\/www.ruiqigo.com\/fr\/wp-json\/wp\/v2\/media?parent=635"}],"wp:term":[{"taxonomy":"product-tag","embeddable":true,"href":"https:\/\/www.ruiqigo.com\/fr\/wp-json\/wp\/v2\/product-tag?post=635"},{"taxonomy":"products","embeddable":true,"href":"https:\/\/www.ruiqigo.com\/fr\/wp-json\/wp\/v2\/products?post=635"}],"curies":[{"name":"wp","href":"https:\/\/api.w.org\/{rel}","templated":true}]}}