{"id":636,"date":"2024-07-24T18:01:18","date_gmt":"2024-07-24T10:01:18","guid":{"rendered":"https:\/\/ruiqigo.com\/?post_type=product&#038;p=636"},"modified":"2024-11-01T14:21:18","modified_gmt":"2024-11-01T06:21:18","slug":"floss-with-stick","status":"publish","type":"product","link":"https:\/\/www.ruiqigo.com\/fr\/product\/floss-with-stick","title":{"rendered":"Fil dentaire avec b\u00e2ton"},"content":{"rendered":"<h2 class=\"wp-block-heading\">Formules courantes de fabrication de fil dentaire avec b\u00e2tonnet<\/h2>\n\n\n\n<p>L&#039;ingr\u00e9dient actif du fil dentaire avec b\u00e2ton, la fibre UHMWPE, pr\u00e9sente les caract\u00e9ristiques d&#039;une r\u00e9sistance \u00e9lev\u00e9e et d&#039;une friction \u00e9lev\u00e9e, ce qui lui permet de p\u00e9n\u00e9trer profond\u00e9ment dans les crevasses des dents et d&#039;\u00e9liminer efficacement les r\u00e9sidus alimentaires et la plaque dentaire. Le b\u00e2ton est fabriqu\u00e9 en plastique HIPS de qualit\u00e9 alimentaire, avec une poign\u00e9e ergonomique, ce qui le rend confortable \u00e0 tenir et permet d&#039;\u00e9conomiser de l&#039;\u00e9nergie. En tant que fabricant leader de fil dentaire avec b\u00e2ton, le facteur menthe\/fruit ajout\u00e9 peut rafra\u00eechir l&#039;haleine et \u00e9liminer les r\u00e9sidus alimentaires.<\/p>\n\n\n\n<h2 class=\"wp-block-heading\">Sc\u00e9narios applicables au fil dentaire avec b\u00e2ton<\/h2>\n\n\n\n<p>Le fil dentaire avec b\u00e2tonnet convient \u00e0 une vari\u00e9t\u00e9 de sc\u00e9narios, en particulier pour les occasions suivantes\u00a0: <\/p>\n\n\n\n<p>1. apr\u00e8s les repas, nettoie efficacement les r\u00e9sidus alimentaires, garde l&#039;haleine fra\u00eeche ; <\/p>\n\n\n\n<p>2. pendant l&#039;orthodontie, nettoyage auxiliaire de l&#039;espace; <\/p>\n\n\n\n<p>3. des occasions sp\u00e9ciales, comme les mariages, les entretiens d\u2019embauche, etc., pour garder une haleine fra\u00eeche\u00a0; <\/p>\n\n\n\n<p>4. apr\u00e8s le traitement d&#039;une maladie bucco-dentaire, nettoyage auxiliaire de l&#039;espace.<\/p>\n\n\n\n<h2 class=\"wp-block-heading\">\u00c0 qui s&#039;adresse le fil dentaire avec b\u00e2tonnet<\/h2>\n\n\n\n<p>Le fil dentaire avec b\u00e2tonnet convient \u00e0 un large \u00e9ventail de personnes, et est particuli\u00e8rement recommand\u00e9 pour les consommateurs suivants\u00a0: <\/p>\n\n\n\n<p>1. les personnes ayant une grande conscience de l\u2019hygi\u00e8ne bucco-dentaire ; <\/p>\n\n\n\n<p>2. les personnes ayant des besoins particuliers tels que l\u2019orthodontie et les implants dentaires ; <\/p>\n\n\n\n<p>3. les personnes qui ont besoin de garder une haleine fra\u00eeche lors d\u2019occasions sp\u00e9ciales\u00a0; <\/p>\n\n\n\n<p>4. les personnes qui ont besoin de se nettoyer les dents apr\u00e8s un traitement de maladies bucco-dentaires.<\/p>\n\n\n\n<h2 class=\"wp-block-heading\">Processus de production de fil dentaire avec b\u00e2tonnet<\/h2>\n\n\n\n<p>En tant que fabricant professionnel de fil dentaire avec b\u00e2tonnet, nous adoptons le processus de production sp\u00e9cial suivant\u00a0: <\/p>\n\n\n\n<p>1. Criblage rigoureux des mati\u00e8res premi\u00e8res en fibres de poly\u00e9thyl\u00e8ne \u00e0 poids mol\u00e9culaire ultra \u00e9lev\u00e9 UHMWPE pour garantir sa puret\u00e9 et sa qualit\u00e9\u00a0; <\/p>\n\n\n\n<p>2. Contr\u00f4le pr\u00e9cis du processus de tissage du fil Floss pour garantir que le produit ne s&#039;arr\u00eate pas et ne se d\u00e9sagr\u00e8ge pas ; <\/p>\n\n\n\n<p>3. L&#039;utilisation de plastiques de qualit\u00e9 alimentaire HIPS pour assurer la s\u00e9curit\u00e9 du Stick ; <\/p>\n\n\n\n<p>4. Remplissage aseptique pour garantir que le produit est s\u00fbr et hygi\u00e9nique\u00a0; <\/p>\n\n\n\n<p>5. Contr\u00f4le de qualit\u00e9 complet pour garantir que chaque fil dentaire avec b\u00e2tonnet r\u00e9pond \u00e0 la norme nationale.<\/p>","protected":false},"excerpt":{"rendered":"Floss with stick manufacturing common formulas The active ingredient in Floss with Stick, UHMWPE fiber, has the characteristics of high strength and high friction, which can penetrate deep into the crevices of the teeth and effectively remove food residues and plaque.Stick is made of HIPS food-grade plastic, with an ergonomic handle, which makes it comfortable [&hellip;]","protected":false},"featured_media":637,"menu_order":0,"template":"","meta":[],"product-tag":[],"products":[74],"class_list":["post-636","product","type-product","status-publish","has-post-thumbnail","hentry","products-floss-stick"],"acf":[],"_links":{"self":[{"href":"https:\/\/www.ruiqigo.com\/fr\/wp-json\/wp\/v2\/product\/636","targetHints":{"allow":["GET"]}}],"collection":[{"href":"https:\/\/www.ruiqigo.com\/fr\/wp-json\/wp\/v2\/product"}],"about":[{"href":"https:\/\/www.ruiqigo.com\/fr\/wp-json\/wp\/v2\/types\/product"}],"version-history":[{"count":0,"href":"https:\/\/www.ruiqigo.com\/fr\/wp-json\/wp\/v2\/product\/636\/revisions"}],"wp:featuredmedia":[{"embeddable":true,"href":"https:\/\/www.ruiqigo.com\/fr\/wp-json\/wp\/v2\/media\/637"}],"wp:attachment":[{"href":"https:\/\/www.ruiqigo.com\/fr\/wp-json\/wp\/v2\/media?parent=636"}],"wp:term":[{"taxonomy":"product-tag","embeddable":true,"href":"https:\/\/www.ruiqigo.com\/fr\/wp-json\/wp\/v2\/product-tag?post=636"},{"taxonomy":"products","embeddable":true,"href":"https:\/\/www.ruiqigo.com\/fr\/wp-json\/wp\/v2\/products?post=636"}],"curies":[{"name":"wp","href":"https:\/\/api.w.org\/{rel}","templated":true}]}}