{"id":641,"date":"2024-07-24T18:09:35","date_gmt":"2024-07-24T10:09:35","guid":{"rendered":"https:\/\/ruiqigo.com\/?post_type=product&#038;p=641"},"modified":"2024-11-01T14:23:37","modified_gmt":"2024-11-01T06:23:37","slug":"biodegradable-floss-sticks","status":"publish","type":"product","link":"https:\/\/www.ruiqigo.com\/fr\/product\/biodegradable-floss-sticks","title":{"rendered":"Fil dentaire biod\u00e9gradable"},"content":{"rendered":"<h2 class=\"wp-block-heading\">Formules courantes de fabrication de b\u00e2tonnets de fil dentaire biod\u00e9gradables<\/h2>\n\n\n\n<p>L&#039;ingr\u00e9dient actif des b\u00e2tonnets de fil dentaire biod\u00e9gradable, la fibre UHMWPE, pr\u00e9sente des caract\u00e9ristiques de r\u00e9sistance et de friction \u00e9lev\u00e9es, qui peuvent p\u00e9n\u00e9trer profond\u00e9ment dans les crevasses des dents, \u00e9liminant efficacement les d\u00e9bris alimentaires et la plaque dentaire, tandis que l&#039;amidon de ma\u00efs d\u00e9gradable PLA est transform\u00e9 en b\u00e2tonnet, la poign\u00e9e est con\u00e7ue de mani\u00e8re ergonomique pour la rendre confortable \u00e0 tenir et \u00e9conomiser des efforts \u00e0 utiliser. Le facteur menthe\/fruit ajout\u00e9 peut rafra\u00eechir l&#039;haleine et \u00e9liminer les r\u00e9sidus alimentaires.<\/p>\n\n\n\n<h2 class=\"wp-block-heading\">Sc\u00e9narios d&#039;application du fil dentaire biod\u00e9gradable<\/h2>\n\n\n\n<p>Les b\u00e2tonnets de fil dentaire biod\u00e9gradables peuvent \u00eatre utilis\u00e9s dans divers sc\u00e9narios, en particulier dans les occasions suivantes\u00a0: <\/p>\n\n\n\n<p>1. apr\u00e8s les repas, pour nettoyer efficacement les r\u00e9sidus alimentaires et garder une haleine fra\u00eeche ; <\/p>\n\n\n\n<p>2. pendant le traitement orthodontique, pour aider \u00e0 nettoyer l\u2019espace ; <\/p>\n\n\n\n<p>3. des occasions sp\u00e9ciales, telles que des mariages, des entretiens, etc., pour garder une haleine fra\u00eeche\u00a0; <\/p>\n\n\n\n<p>4. apr\u00e8s un traitement de maladie bucco-dentaire, pour aider \u00e0 nettoyer l&#039;espace.<\/p>\n\n\n\n<h2 class=\"wp-block-heading\">\u00c0 qui s&#039;adresse le fil dentaire biod\u00e9gradable<\/h2>\n\n\n\n<p>Les b\u00e2tonnets de fil dentaire biod\u00e9gradables conviennent \u00e0 un large \u00e9ventail de personnes, et sont particuli\u00e8rement recommand\u00e9s pour les consommateurs suivants\u00a0: <\/p>\n\n\n\n<p>1. les personnes ayant une grande conscience de l\u2019hygi\u00e8ne bucco-dentaire ; <\/p>\n\n\n\n<p>2. des personnes sp\u00e9ciales telles que l\u2019orthodontie et les implants dentaires ; <\/p>\n\n\n\n<p>3. les personnes qui ont besoin de garder une haleine fra\u00eeche lors d\u2019occasions sp\u00e9ciales\u00a0; <\/p>\n\n\n\n<p>4. les personnes qui ont besoin d\u2019aider au nettoyage apr\u00e8s le traitement des maladies bucco-dentaires.<\/p>\n\n\n\n<h2 class=\"wp-block-heading\">Processus de production de b\u00e2tonnets de fil dentaire biod\u00e9gradables<\/h2>\n\n\n\n<p>En tant que fabricant de b\u00e2tonnets de fil dentaire biod\u00e9gradables, nous adoptons le processus de production sp\u00e9cial suivant\u00a0: <\/p>\n\n\n\n<p>1. Examinez strictement les mati\u00e8res premi\u00e8res de la fibre de poly\u00e9thyl\u00e8ne \u00e0 poids mol\u00e9culaire ultra \u00e9lev\u00e9 UHMWPE pour garantir sa puret\u00e9 et sa qualit\u00e9\u00a0; <\/p>\n\n\n\n<p>2. Contr\u00f4lez pr\u00e9cis\u00e9ment le processus de tissage du fil Floss pour garantir que le produit ne se brise pas et ne s&#039;effondre pas ; <\/p>\n\n\n\n<p>3. Utilisation d&#039;amidon de ma\u00efs biod\u00e9gradable PLA pour garantir que les b\u00e2tons sont respectueux de l&#039;environnement\u00a0; <\/p>\n\n\n\n<p>4. Le remplissage aseptique garantit que les produits sont s\u00fbrs et hygi\u00e9niques\u00a0; <\/p>\n\n\n\n<p>En tant que fabricant leader de b\u00e2tonnets de soie dentaire biod\u00e9gradables, l&#039;ensemble du processus de contr\u00f4le qualit\u00e9 garantit que chaque b\u00e2tonnet de soie dentaire biod\u00e9gradable r\u00e9pond aux normes nationales.<\/p>\n\n\n\n<p><\/p>","protected":false},"excerpt":{"rendered":"Biodegradable floss stick manufacturing common formulas The active ingredient in Biodegradable Floss Sticks, UHMWPE fiber, has high strength and high friction characteristics, which can penetrate deep into the crevices of the teeth, effectively removing food debris and plaque, while PLA degradable corn starch is made into the Stick, the handle is ergonomically designed to make [&hellip;]","protected":false},"featured_media":642,"menu_order":0,"template":"","meta":[],"product-tag":[],"products":[74],"class_list":["post-641","product","type-product","status-publish","has-post-thumbnail","hentry","products-floss-stick"],"acf":[],"_links":{"self":[{"href":"https:\/\/www.ruiqigo.com\/fr\/wp-json\/wp\/v2\/product\/641","targetHints":{"allow":["GET"]}}],"collection":[{"href":"https:\/\/www.ruiqigo.com\/fr\/wp-json\/wp\/v2\/product"}],"about":[{"href":"https:\/\/www.ruiqigo.com\/fr\/wp-json\/wp\/v2\/types\/product"}],"version-history":[{"count":0,"href":"https:\/\/www.ruiqigo.com\/fr\/wp-json\/wp\/v2\/product\/641\/revisions"}],"wp:featuredmedia":[{"embeddable":true,"href":"https:\/\/www.ruiqigo.com\/fr\/wp-json\/wp\/v2\/media\/642"}],"wp:attachment":[{"href":"https:\/\/www.ruiqigo.com\/fr\/wp-json\/wp\/v2\/media?parent=641"}],"wp:term":[{"taxonomy":"product-tag","embeddable":true,"href":"https:\/\/www.ruiqigo.com\/fr\/wp-json\/wp\/v2\/product-tag?post=641"},{"taxonomy":"products","embeddable":true,"href":"https:\/\/www.ruiqigo.com\/fr\/wp-json\/wp\/v2\/products?post=641"}],"curies":[{"name":"wp","href":"https:\/\/api.w.org\/{rel}","templated":true}]}}