{"id":646,"date":"2024-07-25T15:09:22","date_gmt":"2024-07-25T07:09:22","guid":{"rendered":"https:\/\/ruiqigo.com\/?post_type=product&#038;p=646"},"modified":"2024-11-01T14:14:29","modified_gmt":"2024-11-01T06:14:29","slug":"potassium-nitrate-toothpaste","status":"publish","type":"product","link":"https:\/\/www.ruiqigo.com\/fr\/product\/potassium-nitrate-toothpaste","title":{"rendered":"Dentifrice au nitrate de potassium"},"content":{"rendered":"<h2 class=\"wp-block-heading\">Formules courantes de fabrication de dentifrice au nitrate de potassium<\/h2>\n\n\n\n<p>Le nitrate de potassium, ingr\u00e9dient principal du dentifrice au nitrate de potassium, soulage la sensibilit\u00e9 dentaire. Il r\u00e9duit efficacement la sensibilit\u00e9 des dents au froid, au chaud, au sucr\u00e9 et \u00e0 d&#039;autres stimuli, tout en poss\u00e9dant des propri\u00e9t\u00e9s antibact\u00e9riennes et anti-inflammatoires, contribuant ainsi \u00e0 la pr\u00e9vention des maladies bucco-dentaires. De plus, il contribue \u00e0 am\u00e9liorer l&#039;environnement buccal et \u00e0 r\u00e9duire la formation de plaque dentaire, limitant ainsi l&#039;incidence des caries.<\/p>\n\n\n\n<h2 class=\"wp-block-heading\">Sc\u00e9narios d&#039;application du dentifrice au nitrate de potassium<\/h2>\n\n\n\n<p>Le dentifrice au nitrate de potassium convient \u00e0 une vari\u00e9t\u00e9 de sc\u00e9narios, en particulier aux occasions suivantes : 1. les personnes ayant des dents sensibles, pour r\u00e9duire efficacement la sensibilit\u00e9 dentaire ; <\/p>\n\n\n\n<p>2. apr\u00e8s les repas, pour nettoyer efficacement les d\u00e9bris alimentaires, pour maintenir une haleine fra\u00eeche ; <\/p>\n\n\n\n<p>3. apr\u00e8s \u00eatre rest\u00e9 \u00e9veill\u00e9 toute la nuit, apr\u00e8s avoir fum\u00e9, pour r\u00e9duire le mauvais go\u00fbt de la bouche, pour prendre soin de la sant\u00e9 des dents ; <\/p>\n\n\n\n<p>4. occasions sp\u00e9ciales, telles que mariages, entretiens d&#039;embauche, etc., pour conserver une haleine fra\u00eeche.<\/p>\n\n\n\n<h2 class=\"wp-block-heading\">\u00c0 qui convient le dentifrice au nitrate de potassium ?<\/h2>\n\n\n\n<p>Le dentifrice au nitrate de potassium convient \u00e0 un large \u00e9ventail de personnes, particuli\u00e8rement recommand\u00e9 aux consommateurs suivants : <\/p>\n\n\n\n<p>1. les personnes ayant des dents sensibles qui ont besoin de soulager leur sensibilit\u00e9 dentaire ; <\/p>\n\n\n\n<p>2. les personnes qui sont g\u00ean\u00e9es par l\u2019odeur buccale, comme les fumeurs, restent souvent \u00e9veill\u00e9s toute la nuit ; <\/p>\n\n\n\n<p>3. les patients diab\u00e9tiques qui pr\u00e9sentent un risque \u00e9lev\u00e9 de maladie parodontale et qui doivent accorder une attention particuli\u00e8re aux soins bucco-dentaires\u00a0; <\/p>\n\n\n\n<p>4. les consommateurs qui aiment essayer de nouveaux produits de soins bucco-dentaires\u00a0; <\/p>\n\n\n\n<p>5. les consommateurs qui aiment profiter du dentifrice au nitrate de potassium et profiter des bienfaits du dentifrice au nitrate de potassium. <\/p>\n\n\n\n<h2 class=\"wp-block-heading\">Proc\u00e9d\u00e9 de production de dentifrice au nitrate de potassium<\/h2>\n\n\n\n<p>En tant que fabricant professionnel de dentifrice au nitrate de potassium, nous adoptons le processus de production sp\u00e9cial suivant : <\/p>\n\n\n\n<p>1. Criblage strict des mati\u00e8res premi\u00e8res de nitrate de potassium pour garantir sa puret\u00e9 et sa qualit\u00e9\u00a0; <\/p>\n\n\n\n<p>2. Contr\u00f4le pr\u00e9cis de la quantit\u00e9 de nitrate de potassium ajout\u00e9e pour garantir que le produit est s\u00fbr et efficace\u00a0; <\/p>\n\n\n\n<p>3. La technologie de broyage \u00e0 basse temp\u00e9rature est adopt\u00e9e pour lib\u00e9rer pleinement l&#039;activit\u00e9 du nitrate de potassium\u00a0; <\/p>\n\n\n\n<p>4. Le remplissage aseptique garantit que le produit est s\u00fbr et hygi\u00e9nique\u00a0; <\/p>\n\n\n\n<p>5. Contr\u00f4le qualit\u00e9 complet pour garantir que chaque dentifrice au nitrate de potassium r\u00e9pond aux normes nationales. Gr\u00e2ce \u00e0 ce processus, en tant que fabricant professionnel de dentifrice au nitrate de potassium, nous vous proposons un produit de soins bucco-dentaires fiable et de haute qualit\u00e9.<\/p>\n\n\n\n<p><\/p>","protected":false},"excerpt":{"rendered":"Potassium nitrate toothpaste manufacturing common formulas Potassium Nitrate Toothpaste&#8217;s core ingredient, Potassium Nitrate, has the effect of relieving tooth sensitivity. Potassium nitrate can effectively reduce the sensitivity of teeth to cold, hot, sweet and other stimuli, and at the same time has antibacterial and anti-inflammatory effects, which helps to prevent oral diseases. In addition, potassium [&hellip;]","protected":false},"featured_media":653,"menu_order":0,"template":"","meta":[],"product-tag":[],"products":[71],"class_list":["post-646","product","type-product","status-publish","has-post-thumbnail","hentry","products-toothpaste"],"acf":[],"_links":{"self":[{"href":"https:\/\/www.ruiqigo.com\/fr\/wp-json\/wp\/v2\/product\/646","targetHints":{"allow":["GET"]}}],"collection":[{"href":"https:\/\/www.ruiqigo.com\/fr\/wp-json\/wp\/v2\/product"}],"about":[{"href":"https:\/\/www.ruiqigo.com\/fr\/wp-json\/wp\/v2\/types\/product"}],"version-history":[{"count":0,"href":"https:\/\/www.ruiqigo.com\/fr\/wp-json\/wp\/v2\/product\/646\/revisions"}],"wp:featuredmedia":[{"embeddable":true,"href":"https:\/\/www.ruiqigo.com\/fr\/wp-json\/wp\/v2\/media\/653"}],"wp:attachment":[{"href":"https:\/\/www.ruiqigo.com\/fr\/wp-json\/wp\/v2\/media?parent=646"}],"wp:term":[{"taxonomy":"product-tag","embeddable":true,"href":"https:\/\/www.ruiqigo.com\/fr\/wp-json\/wp\/v2\/product-tag?post=646"},{"taxonomy":"products","embeddable":true,"href":"https:\/\/www.ruiqigo.com\/fr\/wp-json\/wp\/v2\/products?post=646"}],"curies":[{"name":"wp","href":"https:\/\/api.w.org\/{rel}","templated":true}]}}