{"id":652,"date":"2024-07-25T15:14:31","date_gmt":"2024-07-25T07:14:31","guid":{"rendered":"https:\/\/ruiqigo.com\/?post_type=product&#038;p=652"},"modified":"2024-11-01T14:14:59","modified_gmt":"2024-11-01T06:14:59","slug":"stannous-fluoride-toothpaste","status":"publish","type":"product","link":"https:\/\/www.ruiqigo.com\/fr\/product\/stannous-fluoride-toothpaste","title":{"rendered":"Dentifrice au fluorure stanneux"},"content":{"rendered":"<h3 class=\"wp-block-heading\">Formules courantes de fabrication de dentifrice au fluorure stanneux<\/h3>\n\n\n\n<p>Le fluorure stanneux est l&#039;ingr\u00e9dient principal du dentifrice au fluorure stanneux. Il est largement utilis\u00e9 dans les produits de soins bucco-dentaires. Il peut am\u00e9liorer efficacement la capacit\u00e9 de l&#039;\u00e9mail \u00e0 r\u00e9sister \u00e0 l&#039;acidit\u00e9 et r\u00e9duire l&#039;incidence de la carie dentaire. Le fluorure stanneux favorise \u00e9galement la remin\u00e9ralisation des dents et la restauration des caries pr\u00e9coces. De plus, le fluorure stanneux est inoffensif pour le corps humain et convient \u00e0 une utilisation \u00e0 long terme.<\/p>\n\n\n\n<h3 class=\"wp-block-heading\">Sc\u00e9narios d&#039;application du dentifrice au fluorure stanneux<\/h3>\n\n\n\n<p>Le dentifrice au fluorure stanneux convient \u00e0 une vari\u00e9t\u00e9 de sc\u00e9narios, en particulier aux occasions suivantes\u00a0: <\/p>\n\n\n\n<p>1. apr\u00e8s les repas, nettoyage efficace des d\u00e9bris alimentaires et protection des dents ; <\/p>\n\n\n\n<p>2. apr\u00e8s \u00eatre rest\u00e9 \u00e9veill\u00e9 toute la nuit et avoir fum\u00e9, pour att\u00e9nuer le mauvais go\u00fbt de la bouche et prendre soin de la sant\u00e9 des dents ; <\/p>\n\n\n\n<p>3. des occasions sp\u00e9ciales, telles que des mariages, des entretiens, etc., pour garder l\u2019haleine fra\u00eeche\u00a0; <\/p>\n\n\n\n<p>4. apr\u00e8s le traitement des maladies bucco-dentaires, pour aider au nettoyage de la cavit\u00e9 buccale.<\/p>\n\n\n\n<h3 class=\"wp-block-heading\">\u00c0 qui convient le dentifrice au fluorure stanneux ?<\/h3>\n\n\n\n<p>Le dentifrice au fluorure stanneux convient \u00e0 un large \u00e9ventail de personnes, et est particuli\u00e8rement recommand\u00e9 aux consommateurs suivants\u00a0:<\/p>\n\n\n\n<p>1. enfants, adolescents et adultes, pour pr\u00e9venir les caries et maintenir la sant\u00e9 bucco-dentaire ; <\/p>\n\n\n\n<p>2. les personnes ayant des dents sensibles, qui ont besoin d\u2019am\u00e9liorer la duret\u00e9 de l\u2019\u00e9mail ; <\/p>\n\n\n\n<p>3. les patients diab\u00e9tiques, en raison du risque \u00e9lev\u00e9 de maladie parodontale, doivent accorder une attention particuli\u00e8re aux soins bucco-dentaires\u00a0; <\/p>\n\n\n\n<p>4. Les consommateurs qui aiment essayer de nouveaux produits de soins bucco-dentaires appr\u00e9cient le dentifrice au fluorure stanneux et appr\u00e9cient le bon go\u00fbt du dentifrice au fluorure stanneux. Les consommateurs qui aiment essayer de nouveaux produits de soins bucco-dentaires et appr\u00e9cient la sant\u00e9 bucco-dentaire apport\u00e9e par le dentifrice au fluorure stanneux.<\/p>\n\n\n\n<h3 class=\"wp-block-heading\">Proc\u00e9d\u00e9 de fabrication du dentifrice au fluorure stanneux<\/h3>\n\n\n\n<p>En tant que fabricant professionnel de dentifrice au fluorure stanneux, nous adoptons le processus de production sp\u00e9cial suivant : <\/p>\n\n\n\n<p>1) Examiner rigoureusement les mati\u00e8res premi\u00e8res du fluorure stanneux pour garantir sa puret\u00e9 et sa qualit\u00e9\u00a0; <\/p>\n\n\n\n<p>2) Contr\u00f4le pr\u00e9cis de la quantit\u00e9 de fluorure stanneux ajout\u00e9e pour assurer la s\u00e9curit\u00e9 et l\u2019efficacit\u00e9 du produit ; <\/p>\n\n\n\n<p>3) Adoption d\u2019une technologie de broyage \u00e0 basse temp\u00e9rature pour lib\u00e9rer au maximum l\u2019activit\u00e9 du fluorure stanneux\u00a0; <\/p>\n\n\n\n<p>4) Remplissage aseptique pour assurer la s\u00e9curit\u00e9 et l\u2019hygi\u00e8ne du produit ; <\/p>\n\n\n\n<p>5) Contr\u00f4le qualit\u00e9 complet pour garantir la s\u00e9curit\u00e9 et l&#039;hygi\u00e8ne du produit. En tant que grand fabricant de dentifrice au fluorure stanneux, l&#039;ensemble du processus de contr\u00f4le qualit\u00e9 garantit que chaque dentifrice au fluorure stanneux r\u00e9pond \u00e0 la norme nationale. Gr\u00e2ce au processus ci-dessus, nous vous proposons un produit de soins bucco-dentaires fiable et de haute qualit\u00e9.<\/p>","protected":false},"excerpt":{"rendered":"Stannous fluoride toothpaste manufacturing common formulas Stannous Fluoride Toothpaste&#8217;s core ingredient, Stannous Fluoride, is a fluoride widely used in oral care products, which can effectively enhance the enamel&#8217;s ability to resist acidity and reduce the incidence of tooth decay. Stannous fluoride also promotes remineralization of teeth and restoration of early cavities. In addition, stannous fluoride [&hellip;]","protected":false},"featured_media":657,"menu_order":0,"template":"","meta":[],"product-tag":[],"products":[71],"class_list":["post-652","product","type-product","status-publish","has-post-thumbnail","hentry","products-toothpaste"],"acf":[],"_links":{"self":[{"href":"https:\/\/www.ruiqigo.com\/fr\/wp-json\/wp\/v2\/product\/652","targetHints":{"allow":["GET"]}}],"collection":[{"href":"https:\/\/www.ruiqigo.com\/fr\/wp-json\/wp\/v2\/product"}],"about":[{"href":"https:\/\/www.ruiqigo.com\/fr\/wp-json\/wp\/v2\/types\/product"}],"version-history":[{"count":0,"href":"https:\/\/www.ruiqigo.com\/fr\/wp-json\/wp\/v2\/product\/652\/revisions"}],"wp:featuredmedia":[{"embeddable":true,"href":"https:\/\/www.ruiqigo.com\/fr\/wp-json\/wp\/v2\/media\/657"}],"wp:attachment":[{"href":"https:\/\/www.ruiqigo.com\/fr\/wp-json\/wp\/v2\/media?parent=652"}],"wp:term":[{"taxonomy":"product-tag","embeddable":true,"href":"https:\/\/www.ruiqigo.com\/fr\/wp-json\/wp\/v2\/product-tag?post=652"},{"taxonomy":"products","embeddable":true,"href":"https:\/\/www.ruiqigo.com\/fr\/wp-json\/wp\/v2\/products?post=652"}],"curies":[{"name":"wp","href":"https:\/\/api.w.org\/{rel}","templated":true}]}}