{"id":661,"date":"2024-07-25T15:18:07","date_gmt":"2024-07-25T07:18:07","guid":{"rendered":"https:\/\/ruiqigo.com\/?post_type=product&#038;p=661"},"modified":"2024-11-01T10:32:29","modified_gmt":"2024-11-01T02:32:29","slug":"berryoxide-toothpaste","status":"publish","type":"product","link":"https:\/\/www.ruiqigo.com\/fr\/product\/berryoxide-toothpaste","title":{"rendered":"Dentifrice Berryoxide"},"content":{"rendered":"<h2 class=\"wp-block-heading\">Formules courantes de fabrication du dentifrice Berryoxide<\/h2>\n\n\n\n<p>L&#039;ingr\u00e9dient principal du dentifrice Berryoxide, le peroxyde, a un fort effet oxydant, qui peut tuer efficacement les bact\u00e9ries dans la bouche et pr\u00e9venir les maladies bucco-dentaires. Le peroxyde peut \u00e9galement aider \u00e0 neutraliser les acides buccaux et \u00e0 am\u00e9liorer l&#039;environnement buccal, ce qui aide \u00e0 pr\u00e9venir la carie dentaire et les maladies parodontales. De plus, le peroxyde est inoffensif pour le corps humain et convient \u00e0 une utilisation \u00e0 long terme.<\/p>\n\n\n\n<h2 class=\"wp-block-heading\">Sc\u00e9narios d&#039;application du dentifrice Berryoxide<\/h2>\n\n\n\n<p>Le dentifrice Berryoxide convient \u00e0 une vari\u00e9t\u00e9 de sc\u00e9narios, en particulier pour les occasions suivantes : 1. apr\u00e8s les repas, pour nettoyer efficacement les d\u00e9bris alimentaires et garder une haleine fra\u00eeche ; 2. apr\u00e8s \u00eatre rest\u00e9 \u00e9veill\u00e9 toute la nuit et avoir fum\u00e9, pour r\u00e9duire le mauvais go\u00fbt de la bouche et prendre soin de la sant\u00e9 des dents ; 3. lors d&#039;occasions sp\u00e9ciales, telles que les mariages, les entretiens, etc., pour garder l&#039;haleine fra\u00eeche ; 4. apr\u00e8s le traitement des maladies bucco-dentaires, pour aider \u00e0 nettoyer la cavit\u00e9 buccale.<\/p>\n\n\n\n<h2 class=\"wp-block-heading\">\u00c0 qui s&#039;adresse le dentifrice Berryoxide<\/h2>\n\n\n\n<p>Le dentifrice Berryoxide convient \u00e0 un large \u00e9ventail de personnes, et est particuli\u00e8rement recommand\u00e9 aux consommateurs suivants :<\/p>\n\n\n\n<p> 1. les personnes g\u00ean\u00e9es par l&#039;odeur buccale, comme les fumeurs, restent souvent \u00e9veill\u00e9s tard ; <\/p>\n\n\n\n<p>2. les personnes ayant des dents sensibles doivent nettoyer d\u00e9licatement la foule ; <\/p>\n\n\n\n<p>3. les patients diab\u00e9tiques, en raison du risque \u00e9lev\u00e9 de maladie parodontale, doivent accorder une attention particuli\u00e8re aux soins bucco-dentaires\u00a0; <\/p>\n\n\n\n<p>4. J&#039;aimerais essayer un nouveau type de produits de soins bucco-dentaires pour le plaisir des consommateurs. Le dentifrice Berryoxide apporte une bonne sant\u00e9 bucco-dentaire.<\/p>\n\n\n\n<h2 class=\"wp-block-heading\">Processus de production du dentifrice Berryoxide<\/h2>\n\n\n\n<p>En tant que fabricant professionnel de dentifrice Berryoxide, nous adoptons le processus de production sp\u00e9cial suivant :<\/p>\n\n\n\n<p> 1. Contr\u00f4le rigoureux des mati\u00e8res premi\u00e8res du peroxyde pour garantir sa puret\u00e9 et sa qualit\u00e9\u00a0; <\/p>\n\n\n\n<p>2. Contr\u00f4le pr\u00e9cis de la quantit\u00e9 de peroxyde ajout\u00e9e pour garantir la s\u00e9curit\u00e9 et l\u2019efficacit\u00e9 du produit ; <\/p>\n\n\n\n<p>3. Adoption d\u2019une technologie de m\u00e9lange \u00e0 basse temp\u00e9rature pour lib\u00e9rer pleinement l\u2019activit\u00e9 des peroxydes\u00a0; <\/p>\n\n\n\n<p>4. Remplissage aseptique pour garantir que le produit est s\u00fbr et hygi\u00e9nique\u00a0; <\/p>\n\n\n\n<p>5. Gamme compl\u00e8te de contr\u00f4les de qualit\u00e9 pour garantir que chaque dentifrice Berryoxide est s\u00fbr et hygi\u00e9nique. En tant que fabricant leader de dentifrice Berryoxide, contr\u00f4le qualit\u00e9 pour garantir que chaque dentifrice Berryoxide r\u00e9pond \u00e0 la norme nationale. Gr\u00e2ce au processus ci-dessus, nous vous proposons un produit de soins bucco-dentaires de haute qualit\u00e9 et fiable.<\/p>","protected":false},"excerpt":{"rendered":"Berryoxide toothpaste manufacturing common formulas The core ingredient of Berryoxide Toothpaste, peroxide, has a strong oxidizing effect, which can effectively kill bacteria in the mouth and prevent oral diseases. Peroxide can also help neutralize oral acids and improve the oral environment, which helps prevent tooth decay and periodontal disease. In addition, peroxide is harmless to [&hellip;]","protected":false},"featured_media":662,"menu_order":0,"template":"","meta":[],"product-tag":[],"products":[71],"class_list":["post-661","product","type-product","status-publish","has-post-thumbnail","hentry","products-toothpaste"],"acf":[],"_links":{"self":[{"href":"https:\/\/www.ruiqigo.com\/fr\/wp-json\/wp\/v2\/product\/661","targetHints":{"allow":["GET"]}}],"collection":[{"href":"https:\/\/www.ruiqigo.com\/fr\/wp-json\/wp\/v2\/product"}],"about":[{"href":"https:\/\/www.ruiqigo.com\/fr\/wp-json\/wp\/v2\/types\/product"}],"version-history":[{"count":0,"href":"https:\/\/www.ruiqigo.com\/fr\/wp-json\/wp\/v2\/product\/661\/revisions"}],"wp:featuredmedia":[{"embeddable":true,"href":"https:\/\/www.ruiqigo.com\/fr\/wp-json\/wp\/v2\/media\/662"}],"wp:attachment":[{"href":"https:\/\/www.ruiqigo.com\/fr\/wp-json\/wp\/v2\/media?parent=661"}],"wp:term":[{"taxonomy":"product-tag","embeddable":true,"href":"https:\/\/www.ruiqigo.com\/fr\/wp-json\/wp\/v2\/product-tag?post=661"},{"taxonomy":"products","embeddable":true,"href":"https:\/\/www.ruiqigo.com\/fr\/wp-json\/wp\/v2\/products?post=661"}],"curies":[{"name":"wp","href":"https:\/\/api.w.org\/{rel}","templated":true}]}}