{"id":666,"date":"2024-07-25T15:56:03","date_gmt":"2024-07-25T07:56:03","guid":{"rendered":"https:\/\/ruiqigo.com\/?post_type=product&#038;p=666"},"modified":"2025-09-03T15:22:37","modified_gmt":"2025-09-03T07:22:37","slug":"chlorhexidine-gluconate-mouthwash","status":"publish","type":"product","link":"https:\/\/www.ruiqigo.com\/fr\/product\/chlorhexidine-gluconate-mouthwash","title":{"rendered":"Bain de bouche au gluconate de chlorhexidine"},"content":{"rendered":"<h2 class=\"wp-block-heading\">Formules courantes<\/h2>\n\n\n\n<p>L&#039;ingr\u00e9dient principal du bain de bouche au gluconate de chlorhexidine, <strong>Gluconate de chlorhexidine<\/strong>, est un agent antimicrobien \u00e0 large spectre qui peut inhiber efficacement la croissance des bact\u00e9ries dans la bouche et pr\u00e9venir les maladies bucco-dentaires. Le gluconate de chlorhexidine est inoffensif et convient \u00e0 une utilisation \u00e0 long terme. De plus, le gluconate de chlorhexidine a un l\u00e9ger effet d\u00e9sinfectant, qui peut \u00e9liminer efficacement les odeurs buccales et am\u00e9liorer l&#039;environnement buccal.<\/p>\n\n\n\n<h2 class=\"wp-block-heading\">Sc\u00e9narios applicables<\/h2>\n\n\n\n<p>Le bain de bouche au gluconate de chlorhexidine convient \u00e0 une vari\u00e9t\u00e9 de sc\u00e9narios, en particulier pour les occasions suivantes\u00a0: <\/p>\n\n\n\n<p>1. Utiliser apr\u00e8s les repas pour nettoyer efficacement les d\u00e9bris alimentaires et garder une haleine fra\u00eeche\u00a0; <\/p>\n\n\n\n<p>2. Apr\u00e8s avoir veill\u00e9 tard et fum\u00e9, pour r\u00e9duire l\u2019odeur buccale et prendre soin de la sant\u00e9 des dents ; <\/p>\n\n\n\n<p>3. Lors d\u2019occasions sp\u00e9ciales, telles que mariages, entretiens, etc., pour garder une haleine fra\u00eeche\u00a0; <\/p>\n\n\n\n<p>4. Apr\u00e8s le traitement des maladies bucco-dentaires, pour aider au nettoyage de la bouche. Nettoyer la cavit\u00e9 buccale.<\/p>\n\n\n\n<h2 class=\"wp-block-heading\">\u00c0 qui s&#039;adresse le bain de bouche au gluconate de chlorhexidine<\/h2>\n\n\n\n<p>Le bain de bouche au gluconate de chlorhexidine convient \u00e0 un large \u00e9ventail de personnes, et est particuli\u00e8rement recommand\u00e9 pour les consommateurs suivants\u00a0: <\/p>\n\n\n\n<p>1. les personnes qui sont g\u00ean\u00e9es par les mauvaises odeurs buccales, comme les fumeurs, les personnes qui veillent souvent tard ; <\/p>\n\n\n\n<p>2. les personnes ayant des dents sensibles, qui ont besoin d\u2019un nettoyage doux ; <\/p>\n\n\n\n<p>3. les patients diab\u00e9tiques, qui pr\u00e9sentent un risque \u00e9lev\u00e9 de maladie parodontale, doivent accorder une attention particuli\u00e8re aux soins bucco-dentaires\u00a0;<\/p>\n\n\n\n<p> 4. les consommateurs qui aiment essayer de nouveaux produits de soins bucco-dentaires, appr\u00e9cient le bain de bouche au gluconate de chlorhexidine\u00a0; <\/p>\n\n\n\n<p>5. Les consommateurs qui aiment essayer de nouveaux produits de soins bucco-dentaires. Les consommateurs qui aiment essayer de nouveaux produits de soins bucco-dentaires et appr\u00e9cient la sant\u00e9 bucco-dentaire apport\u00e9e par les bains de bouche au gluconate de chlorhexidine.<\/p>\n\n\n\n<h2 class=\"wp-block-heading\">Processus de production<\/h2>\n\n\n\n<p>Afin de garantir la qualit\u00e9 du bain de bouche au gluconate de chlorhexidine, nous adoptons le processus de production sp\u00e9cial suivant : <\/p>\n\n\n\n<p>1. Contr\u00f4le rigoureux des mati\u00e8res premi\u00e8res du gluconate de chlorhexidine pour garantir sa puret\u00e9 et sa qualit\u00e9\u00a0; <\/p>\n\n\n\n<p>2. Contr\u00f4le pr\u00e9cis de la quantit\u00e9 de gluconate de chlorhexidine ajout\u00e9e pour garantir la s\u00e9curit\u00e9 et l\u2019efficacit\u00e9 du produit\u00a0; <\/p>\n\n\n\n<p>3. Adoption d\u2019une technologie de m\u00e9lange \u00e0 basse temp\u00e9rature pour lib\u00e9rer pleinement l\u2019activit\u00e9 du gluconate de chlorhexidine\u00a0; <\/p>\n\n\n\n<p>4. Remplissage aseptique pour garantir la s\u00e9curit\u00e9 et l\u2019hygi\u00e8ne du produit ; <\/p>\n\n\n\n<p>5. Contr\u00f4le de qualit\u00e9 complet pour garantir que chaque bouteille de bain de bouche au gluconate de chlorhexidine r\u00e9pond \u00e0 la norme nationale. <\/p>\n\n\n\n<p>Gr\u00e2ce au processus ci-dessus, nous vous proposons un produit de soins bucco-dentaires de haute qualit\u00e9 et garanti.<\/p>","protected":false},"excerpt":{"rendered":"Common Formulas Chlorhexidine Gluconate Mouthwash&#8217;s core ingredient, Chlorhexidine Gluconate, is a broad-spectrum antimicrobial agent that can effectively inhibit the growth of bacteria in the mouth and prevent oral diseases. Chlorhexidine Gluconate is harmless and suitable for long-term use. In addition, chlorhexidine gluconate has a mild disinfecting effect, which can effectively remove oral odor and improve [&hellip;]","protected":false},"featured_media":673,"menu_order":0,"template":"","meta":[],"product-tag":[201,206,208,209,212,213,215],"products":[72],"class_list":["post-666","product","type-product","status-publish","has-post-thumbnail","hentry","product-tag-mouthwash-manufacturer","product-tag-mouthwash-companies","product-tag-mouthwash-suppliers","product-tag-chlorhexidine-gluconate-mouthwash-manufacturer","product-tag-mouthwash-contract-manufacturer","product-tag-antiseptic-mouthwashes-manufacturer","product-tag-chlorhexidine-mouthwash-manufacturer","products-mouthwash"],"acf":[],"_links":{"self":[{"href":"https:\/\/www.ruiqigo.com\/fr\/wp-json\/wp\/v2\/product\/666","targetHints":{"allow":["GET"]}}],"collection":[{"href":"https:\/\/www.ruiqigo.com\/fr\/wp-json\/wp\/v2\/product"}],"about":[{"href":"https:\/\/www.ruiqigo.com\/fr\/wp-json\/wp\/v2\/types\/product"}],"version-history":[{"count":0,"href":"https:\/\/www.ruiqigo.com\/fr\/wp-json\/wp\/v2\/product\/666\/revisions"}],"wp:featuredmedia":[{"embeddable":true,"href":"https:\/\/www.ruiqigo.com\/fr\/wp-json\/wp\/v2\/media\/673"}],"wp:attachment":[{"href":"https:\/\/www.ruiqigo.com\/fr\/wp-json\/wp\/v2\/media?parent=666"}],"wp:term":[{"taxonomy":"product-tag","embeddable":true,"href":"https:\/\/www.ruiqigo.com\/fr\/wp-json\/wp\/v2\/product-tag?post=666"},{"taxonomy":"products","embeddable":true,"href":"https:\/\/www.ruiqigo.com\/fr\/wp-json\/wp\/v2\/products?post=666"}],"curies":[{"name":"wp","href":"https:\/\/api.w.org\/{rel}","templated":true}]}}