{"id":682,"date":"2024-07-25T16:21:43","date_gmt":"2024-07-25T08:21:43","guid":{"rendered":"https:\/\/ruiqigo.com\/?post_type=product&#038;p=682"},"modified":"2025-09-03T15:22:15","modified_gmt":"2025-09-03T07:22:15","slug":"baking-soda-mouthwash","status":"publish","type":"product","link":"https:\/\/www.ruiqigo.com\/fr\/product\/baking-soda-mouthwash","title":{"rendered":"Bain de bouche au bicarbonate de soude"},"content":{"rendered":"<h2 class=\"wp-block-heading\">Formules courantes<\/h2>\n\n\n\n<p><strong>Bicarbonate de sodium<\/strong>, l&#039;ingr\u00e9dient principal du bain de bouche au bicarbonate de soude, poss\u00e8de une action exfoliante douce qui \u00e9limine efficacement les taches et la plaque dentaire. Le bicarbonate de sodium peut \u00e9galement contribuer \u00e0 neutraliser les acides buccaux et \u00e0 am\u00e9liorer l&#039;environnement buccal, contribuant ainsi \u00e0 pr\u00e9venir les caries et les maladies parodontales. De plus, le bicarbonate de sodium est inoffensif pour l&#039;organisme et convient \u00e0 une utilisation \u00e0 long terme.<\/p>\n\n\n\n<h2 class=\"wp-block-heading\">Sc\u00e9nario applicable<\/h2>\n\n\n\n<p>Le bain de bouche au bicarbonate de soude convient \u00e0 une vari\u00e9t\u00e9 de sc\u00e9narios, en particulier aux occasions suivantes\u00a0: <\/p>\n\n\n\n<p>1. apr\u00e8s les repas, pour nettoyer efficacement les d\u00e9bris alimentaires et prot\u00e9ger les dents ; <\/p>\n\n\n\n<p>2. apr\u00e8s \u00eatre rest\u00e9 \u00e9veill\u00e9 toute la nuit et avoir fum\u00e9, pour r\u00e9duire le mauvais go\u00fbt de la bouche et prendre soin de la sant\u00e9 des dents ; <\/p>\n\n\n\n<p>3. lors d\u2019occasions sp\u00e9ciales, telles que mariages, entretiens, etc., pour garder l\u2019haleine fra\u00eeche ; <\/p>\n\n\n\n<p>4. apr\u00e8s le traitement des maladies bucco-dentaires, pour aider au nettoyage de la cavit\u00e9 buccale.<\/p>\n\n\n\n<h2 class=\"wp-block-heading\">Population concern\u00e9e<\/h2>\n\n\n\n<p>Le bain de bouche au bicarbonate de soude convient \u00e0 un large \u00e9ventail de personnes, particuli\u00e8rement recommand\u00e9 aux consommateurs suivants\u00a0: <\/p>\n\n\n\n<p>1. les personnes ayant des taches sur la surface des dents doivent \u00eatre douces pour \u00e9liminer les taches ; <\/p>\n\n\n\n<p>2. les personnes ayant une acidit\u00e9 buccale \u00e9lev\u00e9e doivent am\u00e9liorer l\u2019environnement buccal ; <\/p>\n\n\n\n<p>3. les personnes \u00e2g\u00e9es doivent se brosser les dents avec douceur pour pr\u00e9venir les maladies parodontales\u00a0; <\/p>\n\n\n\n<p>4. les enfants et les adolescents, pour d\u00e9velopper de bonnes habitudes d\u2019hygi\u00e8ne bucco-dentaire.<\/p>\n\n\n\n<h2 class=\"wp-block-heading\">Processus de production<\/h2>\n\n\n\n<p>Afin de garantir la qualit\u00e9 du bain de bouche au bicarbonate de soude, nous adoptons le processus de production sp\u00e9cial suivant : <\/p>\n\n\n\n<p>1. un contr\u00f4le strict des mati\u00e8res premi\u00e8res du bicarbonate de sodium pour garantir sa puret\u00e9 et sa qualit\u00e9\u00a0; <\/p>\n\n\n\n<p>2. contr\u00f4le pr\u00e9cis de la quantit\u00e9 de bicarbonate de sodium ajout\u00e9e pour garantir que le produit est doux et a un effet d\u00e9contaminant ; <\/p>\n\n\n\n<p>3. l&#039;utilisation de la technologie de m\u00e9lange \u00e0 basse temp\u00e9rature, la lib\u00e9ration compl\u00e8te de l&#039;activit\u00e9 du bicarbonate de sodium ; <\/p>\n\n\n\n<p>4. remplissage aseptique pour garantir que le produit est s\u00fbr et hygi\u00e9nique\u00a0; <\/p>\n\n\n\n<p>5. Un contr\u00f4le qualit\u00e9 complet garantit que chaque bouteille de bain de bouche au bicarbonate de soude est s\u00fbre et hygi\u00e9nique. Contr\u00f4le qualit\u00e9 garantissant que chaque bouteille de bain de bouche au bicarbonate de soude est conforme aux normes nationales. <\/p>\n\n\n\n<p>Gr\u00e2ce au processus ci-dessus, nous vous proposons un produit de soins bucco-dentaires de haute qualit\u00e9 et fiable.<\/p>","protected":false},"excerpt":{"rendered":"Common Formulas Sodium bicarbonate, the core ingredient of Baking Soda Mouthwash, has a gentle scrubbing action that effectively removes stains and plaque from the surface of teeth. Sodium bicarbonate can also help neutralize oral acids and improve the oral environment, which helps prevent tooth decay and periodontal disease. In addition, sodium bicarbonate is harmless to [&hellip;]","protected":false},"featured_media":688,"menu_order":0,"template":"","meta":[],"product-tag":[201,206,207,208,211,212,216],"products":[72],"class_list":["post-682","product","type-product","status-publish","has-post-thumbnail","hentry","product-tag-mouthwash-manufacturer","product-tag-mouthwash-companies","product-tag-mouthwash-factory","product-tag-mouthwash-suppliers","product-tag-alkaline-mouthwash-manufacturer","product-tag-mouthwash-contract-manufacturer","product-tag-private-label-mouthwash-manufacturers","products-mouthwash"],"acf":[],"_links":{"self":[{"href":"https:\/\/www.ruiqigo.com\/fr\/wp-json\/wp\/v2\/product\/682","targetHints":{"allow":["GET"]}}],"collection":[{"href":"https:\/\/www.ruiqigo.com\/fr\/wp-json\/wp\/v2\/product"}],"about":[{"href":"https:\/\/www.ruiqigo.com\/fr\/wp-json\/wp\/v2\/types\/product"}],"version-history":[{"count":0,"href":"https:\/\/www.ruiqigo.com\/fr\/wp-json\/wp\/v2\/product\/682\/revisions"}],"wp:featuredmedia":[{"embeddable":true,"href":"https:\/\/www.ruiqigo.com\/fr\/wp-json\/wp\/v2\/media\/688"}],"wp:attachment":[{"href":"https:\/\/www.ruiqigo.com\/fr\/wp-json\/wp\/v2\/media?parent=682"}],"wp:term":[{"taxonomy":"product-tag","embeddable":true,"href":"https:\/\/www.ruiqigo.com\/fr\/wp-json\/wp\/v2\/product-tag?post=682"},{"taxonomy":"products","embeddable":true,"href":"https:\/\/www.ruiqigo.com\/fr\/wp-json\/wp\/v2\/products?post=682"}],"curies":[{"name":"wp","href":"https:\/\/api.w.org\/{rel}","templated":true}]}}