{"id":683,"date":"2024-07-25T16:08:00","date_gmt":"2024-07-25T08:08:00","guid":{"rendered":"https:\/\/ruiqigo.com\/?post_type=product&#038;p=683"},"modified":"2025-09-03T15:22:21","modified_gmt":"2025-09-03T07:22:21","slug":"antibiotic-mouthwash","status":"publish","type":"product","link":"https:\/\/www.ruiqigo.com\/fr\/product\/antibiotic-mouthwash","title":{"rendered":"Bain de bouche antibiotique"},"content":{"rendered":"<h2 class=\"wp-block-heading\">Formules courantes<\/h2>\n\n\n\n<p>Les ingr\u00e9dients de base du bain de bouche antibiotique, <strong>Huile de ricin hydrog\u00e9n\u00e9e PEG-40<\/strong>, <strong>Huile de menthe poivr\u00e9e<\/strong> et <strong>Chlorure de did\u00e9cyldim\u00e9thylammonium<\/strong>, sont des agents antimicrobiens \u00e0 large spectre qui inhibent efficacement la croissance bact\u00e9rienne dans la cavit\u00e9 buccale et pr\u00e9viennent les maladies bucco-dentaires. L&#039;huile de ricin hydrog\u00e9n\u00e9e PEG-40 et l&#039;huile de menthe poivr\u00e9e ont un l\u00e9ger effet d\u00e9sinfectant, ce qui permet d&#039;\u00e9liminer efficacement les mauvaises odeurs et d&#039;am\u00e9liorer l&#039;environnement buccal. Le chlorure de did\u00e9cyldim\u00e9thylammonium est inoffensif pour l&#039;organisme et convient \u00e0 une utilisation \u00e0 long terme.<\/p>\n\n\n\n<h2 class=\"wp-block-heading\">Sc\u00e9narios applicables<\/h2>\n\n\n\n<p>Le bain de bouche antibiotique convient \u00e0 une vari\u00e9t\u00e9 de sc\u00e9narios, en particulier aux occasions suivantes\u00a0: <\/p>\n\n\n\n<p>1. utiliser apr\u00e8s les repas pour nettoyer efficacement les d\u00e9bris alimentaires et garder une haleine fra\u00eeche ; <\/p>\n\n\n\n<p>2. apr\u00e8s \u00eatre rest\u00e9 \u00e9veill\u00e9 toute la nuit et avoir fum\u00e9, pour r\u00e9duire le mauvais go\u00fbt de la bouche et prendre soin de la sant\u00e9 des dents ; <\/p>\n\n\n\n<p>3. lors d&#039;occasions sp\u00e9ciales, telles que mariages, entretiens, etc., pour garder une haleine fra\u00eeche ; <\/p>\n\n\n\n<p>4. apr\u00e8s le traitement des maladies bucco-dentaires, pour aider au nettoyage de la cavit\u00e9 buccale.<\/p>\n\n\n\n<h2 class=\"wp-block-heading\">\u00c0 qui s&#039;adresse le bain de bouche antibiotique<\/h2>\n\n\n\n<p>Le bain de bouche antibiotique convient \u00e0 un large \u00e9ventail de personnes, particuli\u00e8rement recommand\u00e9 aux consommateurs suivants : <\/p>\n\n\n\n<p>1. les personnes g\u00ean\u00e9es par l&#039;odeur buccale, comme les fumeurs, restent souvent \u00e9veill\u00e9s tard ; <\/p>\n\n\n\n<p>2. les personnes ayant des dents sensibles, la n\u00e9cessit\u00e9 d&#039;un nettoyage doux de la foule ; <\/p>\n\n\n\n<p>3. les patients diab\u00e9tiques, en raison du risque \u00e9lev\u00e9 de maladie parodontale, doivent accorder une attention particuli\u00e8re aux soins de sant\u00e9 bucco-dentaire\u00a0; <\/p>\n\n\n\n<p>4. J&#039;aimerais tester de nouveaux produits de soins bucco-dentaires pour le plus grand plaisir des consommateurs\u00a0! Le bain de bouche antibiotique am\u00e9liore la sant\u00e9 bucco-dentaire.<\/p>\n\n\n\n<h2 class=\"wp-block-heading\">Processus de production<\/h2>\n\n\n\n<p>Afin de garantir la qualit\u00e9 du bain de bouche antibiotique, nous adoptons le processus de production sp\u00e9cial suivant : <\/p>\n\n\n\n<p>1. Examiner rigoureusement les mati\u00e8res premi\u00e8res de l&#039;huile de ricin hydrog\u00e9n\u00e9e PEG-40, de l&#039;huile de menthe poivr\u00e9e et du chlorure de did\u00e9cyldim\u00e9thylammonium, pour garantir sa puret\u00e9 et sa qualit\u00e9\u00a0; <\/p>\n\n\n\n<p>2. Contr\u00f4le pr\u00e9cis de la quantit\u00e9 de mati\u00e8res premi\u00e8res ajout\u00e9es, pour garantir que le produit est s\u00fbr et efficace\u00a0; <\/p>\n\n\n\n<p>3. Adoption de la technologie de m\u00e9lange \u00e0 basse temp\u00e9rature, pour lib\u00e9rer au maximum l&#039;activit\u00e9 des mati\u00e8res premi\u00e8res ; <\/p>\n\n\n\n<p>4. Remplissage aseptique, pour garantir que le produit est s\u00fbr et hygi\u00e9nique\u00a0;<\/p>\n\n\n\n<p>5. Contr\u00f4le qualit\u00e9 complet pour garantir que chaque flacon de bain de bouche antibiotique r\u00e9pond aux normes nationales. Gr\u00e2ce \u00e0 ce processus, nous vous proposons un produit de soins bucco-dentaires fiable et de haute qualit\u00e9.<\/p>","protected":false},"excerpt":{"rendered":"Common Formulas The core ingredients of Antibiotic Mouthwash, PEG-40 Hydrogenated Castor Oil, Peppermint Oil and Didecyldimethylammonium Chloride, are broad-spectrum antimicrobial agents that can effectively inhibit the growth of bacteria in the oral cavity and prevent oral diseases. PEG-40 Hydrogenated Castor Oil and Peppermint Oil have a mild disinfectant effect, which can effectively remove bad odors [&hellip;]","protected":false},"featured_media":684,"menu_order":0,"template":"","meta":[],"product-tag":[201,206,207,208,212,213,214],"products":[72],"class_list":["post-683","product","type-product","status-publish","has-post-thumbnail","hentry","product-tag-mouthwash-manufacturer","product-tag-mouthwash-companies","product-tag-mouthwash-factory","product-tag-mouthwash-suppliers","product-tag-mouthwash-contract-manufacturer","product-tag-antiseptic-mouthwashes-manufacturer","product-tag-mouthwash-manufacturers-usa","products-mouthwash"],"acf":[],"_links":{"self":[{"href":"https:\/\/www.ruiqigo.com\/fr\/wp-json\/wp\/v2\/product\/683","targetHints":{"allow":["GET"]}}],"collection":[{"href":"https:\/\/www.ruiqigo.com\/fr\/wp-json\/wp\/v2\/product"}],"about":[{"href":"https:\/\/www.ruiqigo.com\/fr\/wp-json\/wp\/v2\/types\/product"}],"version-history":[{"count":0,"href":"https:\/\/www.ruiqigo.com\/fr\/wp-json\/wp\/v2\/product\/683\/revisions"}],"wp:featuredmedia":[{"embeddable":true,"href":"https:\/\/www.ruiqigo.com\/fr\/wp-json\/wp\/v2\/media\/684"}],"wp:attachment":[{"href":"https:\/\/www.ruiqigo.com\/fr\/wp-json\/wp\/v2\/media?parent=683"}],"wp:term":[{"taxonomy":"product-tag","embeddable":true,"href":"https:\/\/www.ruiqigo.com\/fr\/wp-json\/wp\/v2\/product-tag?post=683"},{"taxonomy":"products","embeddable":true,"href":"https:\/\/www.ruiqigo.com\/fr\/wp-json\/wp\/v2\/products?post=683"}],"curies":[{"name":"wp","href":"https:\/\/api.w.org\/{rel}","templated":true}]}}