{"id":692,"date":"2024-07-25T20:26:42","date_gmt":"2024-07-25T12:26:42","guid":{"rendered":"https:\/\/ruiqigo.com\/?post_type=product&#038;p=692"},"modified":"2025-09-03T15:22:06","modified_gmt":"2025-09-03T07:22:06","slug":"nystatin-mouthwash","status":"publish","type":"product","link":"https:\/\/www.ruiqigo.com\/fr\/product\/nystatin-mouthwash","title":{"rendered":"Bain de bouche \u00e0 la nystatine"},"content":{"rendered":"<h2 class=\"wp-block-heading\">Formules courantes<\/h2>\n\n\n\n<p>L&#039;ingr\u00e9dient principal du bain de bouche \u00e0 la nystatine, <strong>mycotoxin<\/strong>, est un agent antimicrobien \u00e0 large spectre qui inhibe efficacement la croissance bact\u00e9rienne dans la bouche et pr\u00e9vient les maladies bucco-dentaires. Il est inoffensif pour l&#039;organisme et convient \u00e0 une utilisation \u00e0 long terme. <\/p>\n\n\n\n<p><strong>Huile de ricin hydrog\u00e9n\u00e9e PEG-40<\/strong> a un effet d\u00e9sinfectant doux, qui peut \u00e9liminer efficacement les odeurs buccales et am\u00e9liorer l&#039;environnement buccal. <\/p>\n\n\n\n<p>En outre, <strong>fraise, orange, cannelle, th\u00e9 vert, menthe et autres saveurs<\/strong> peut fournir un go\u00fbt frais et aider \u00e0 soulager l&#039;inconfort buccal.<\/p>\n\n\n\n<h2 class=\"wp-block-heading\">Sc\u00e9narios applicables<\/h2>\n\n\n\n<p>Le bain de bouche \u00e0 la nystatine peut \u00eatre utilis\u00e9 dans divers sc\u00e9narios, en particulier dans les occasions suivantes\u00a0: <\/p>\n\n\n\n<p>1. apr\u00e8s les repas, pour nettoyer efficacement les d\u00e9bris alimentaires et garder une haleine fra\u00eeche ; <\/p>\n\n\n\n<p>2. apr\u00e8s \u00eatre rest\u00e9 \u00e9veill\u00e9 toute la nuit et avoir fum\u00e9, pour r\u00e9duire la mauvaise haleine et prendre soin de la sant\u00e9 des dents ; <\/p>\n\n\n\n<p>3. lors d\u2019occasions sp\u00e9ciales telles que mariages, entretiens, etc., pour garder une haleine fra\u00eeche ; <\/p>\n\n\n\n<p>4. apr\u00e8s le traitement des maladies bucco-dentaires, pour aider au nettoyage de la cavit\u00e9 buccale.<\/p>\n\n\n\n<h2 class=\"wp-block-heading\">\u00c0 qui s&#039;adresse le bain de bouche \u00e0 la nystatine<\/h2>\n\n\n\n<p>Le bain de bouche \u00e0 la nystatine convient \u00e0 un large \u00e9ventail de personnes, particuli\u00e8rement recommand\u00e9 aux consommateurs suivants : <\/p>\n\n\n\n<p>1. les personnes g\u00ean\u00e9es par l&#039;odeur buccale, comme les fumeurs, restent souvent \u00e9veill\u00e9s tard ; <\/p>\n\n\n\n<p>2. les personnes ayant des dents sensibles doivent nettoyer d\u00e9licatement la foule ; <\/p>\n\n\n\n<p>3. les patients diab\u00e9tiques, en raison du risque \u00e9lev\u00e9 de maladie parodontale, doivent accorder une attention particuli\u00e8re aux soins bucco-dentaires\u00a0; <\/p>\n\n\n\n<p>4. J&#039;aimerais tester un nouveau type de produits de soins bucco-dentaires pour le plus grand plaisir des consommateurs\u00a0! Le bain de bouche \u00e0 la nystatine am\u00e9liore la sant\u00e9 bucco-dentaire.<\/p>\n\n\n\n<h2 class=\"wp-block-heading\">Processus de production<\/h2>\n\n\n\n<p>Afin de garantir la qualit\u00e9 du bain de bouche \u00e0 la nystatine, nous adoptons le processus de production sp\u00e9cial suivant : <\/p>\n\n\n\n<p>1. S\u00e9lection rigoureuse des mati\u00e8res premi\u00e8res d&#039;acide mycoph\u00e9nolique et d&#039;huile de ricin hydrog\u00e9n\u00e9e PEG-40 pour garantir leur puret\u00e9 et leur qualit\u00e9\u00a0; <\/p>\n\n\n\n<p>2. Contr\u00f4le pr\u00e9cis de la quantit\u00e9 de mati\u00e8res premi\u00e8res ajout\u00e9es pour garantir que le produit est s\u00fbr et efficace\u00a0; <\/p>\n\n\n\n<p>3. L&#039;utilisation de la technologie de m\u00e9lange \u00e0 basse temp\u00e9rature, les mati\u00e8res premi\u00e8res pour lib\u00e9rer pleinement l&#039;activit\u00e9 du remplissage aseptique pour garantir que le produit est s\u00fbr et hygi\u00e9nique. <\/p>\n\n\n\n<p>4. Contr\u00f4le de qualit\u00e9 complet pour garantir que le produit est s\u00fbr et hygi\u00e9nique\u00a0; <\/p>\n\n\n\n<p>5. L&#039;ensemble du processus de contr\u00f4le qualit\u00e9 garantit que chaque bouteille de bain de bouche \u00e0 la nystatine r\u00e9pond aux normes nationales. <\/p>\n\n\n\n<p>Gr\u00e2ce au processus ci-dessus, nous vous proposons un produit de soins bucco-dentaires de haute qualit\u00e9 et fiable.<\/p>","protected":false},"excerpt":{"rendered":"Common Formulas The core ingredient of Nystatin Mouthwash, mycotoxin, is a broad-spectrum antimicrobial agent that can effectively inhibit the growth of bacteria in the mouth and prevent oral diseases. It is harmless to human body and suitable for long-term use. PEG-40 hydrogenated castor oil has a mild disinfectant effect, which can effectively remove oral odor [&hellip;]","protected":false},"featured_media":698,"menu_order":0,"template":"","meta":[],"product-tag":[201,206,207,208,212,213,216],"products":[72],"class_list":["post-692","product","type-product","status-publish","has-post-thumbnail","hentry","product-tag-mouthwash-manufacturer","product-tag-mouthwash-companies","product-tag-mouthwash-factory","product-tag-mouthwash-suppliers","product-tag-mouthwash-contract-manufacturer","product-tag-antiseptic-mouthwashes-manufacturer","product-tag-private-label-mouthwash-manufacturers","products-mouthwash"],"acf":[],"_links":{"self":[{"href":"https:\/\/www.ruiqigo.com\/fr\/wp-json\/wp\/v2\/product\/692","targetHints":{"allow":["GET"]}}],"collection":[{"href":"https:\/\/www.ruiqigo.com\/fr\/wp-json\/wp\/v2\/product"}],"about":[{"href":"https:\/\/www.ruiqigo.com\/fr\/wp-json\/wp\/v2\/types\/product"}],"version-history":[{"count":0,"href":"https:\/\/www.ruiqigo.com\/fr\/wp-json\/wp\/v2\/product\/692\/revisions"}],"wp:featuredmedia":[{"embeddable":true,"href":"https:\/\/www.ruiqigo.com\/fr\/wp-json\/wp\/v2\/media\/698"}],"wp:attachment":[{"href":"https:\/\/www.ruiqigo.com\/fr\/wp-json\/wp\/v2\/media?parent=692"}],"wp:term":[{"taxonomy":"product-tag","embeddable":true,"href":"https:\/\/www.ruiqigo.com\/fr\/wp-json\/wp\/v2\/product-tag?post=692"},{"taxonomy":"products","embeddable":true,"href":"https:\/\/www.ruiqigo.com\/fr\/wp-json\/wp\/v2\/products?post=692"}],"curies":[{"name":"wp","href":"https:\/\/api.w.org\/{rel}","templated":true}]}}