{"id":693,"date":"2024-07-25T17:01:57","date_gmt":"2024-07-25T09:01:57","guid":{"rendered":"https:\/\/ruiqigo.com\/?post_type=product&#038;p=693"},"modified":"2024-11-01T14:20:14","modified_gmt":"2024-11-01T06:20:14","slug":"cinnamon-breath-spray","status":"publish","type":"product","link":"https:\/\/www.ruiqigo.com\/fr\/product\/cinnamon-breath-spray","title":{"rendered":"Spray haleine \u00e0 la cannelle"},"content":{"rendered":"<h2 class=\"wp-block-heading\">Formules courantes de fabrication du spray Cinnamon Breath<\/h2>\n\n\n\n<p>Les principaux ingr\u00e9dients du spray pour l&#039;haleine \u00e0 la cannelle, notamment l&#039;huile de feuille de Melaleuca alternifolia, l&#039;extrait de feuille de th\u00e9, l&#039;huile de myrrhe et l&#039;huile de cannelle, ont un ar\u00f4me unique et rafra\u00eechissant. Ces ingr\u00e9dients peuvent inhiber efficacement la croissance des bact\u00e9ries dans la bouche et pr\u00e9venir les maladies bucco-dentaires. L&#039;extrait de feuille de th\u00e9, riche en antioxydants, peut \u00e9liminer efficacement les odeurs buccales, tandis que l&#039;huile de myrrhe et l&#039;huile de cannelle ont de puissants effets antibact\u00e9riens, contribuant \u00e0 am\u00e9liorer l&#039;environnement buccal.<\/p>\n\n\n\n<h2 class=\"wp-block-heading\">Sc\u00e9narios d&#039;application du spray Cinnamon Breath<\/h2>\n\n\n\n<p>Le spray pour l&#039;haleine \u00e0 la cannelle peut \u00eatre utilis\u00e9 dans divers sc\u00e9narios, en particulier dans les occasions suivantes\u00a0: <\/p>\n\n\n\n<p>1. apr\u00e8s les repas, pour nettoyer efficacement les d\u00e9bris alimentaires et garder une haleine fra\u00eeche ; <\/p>\n\n\n\n<p>2. apr\u00e8s \u00eatre rest\u00e9 \u00e9veill\u00e9 toute la nuit et avoir fum\u00e9, r\u00e9duire l\u2019odeur de la bouche et prendre soin de la sant\u00e9 des dents ; <\/p>\n\n\n\n<p>3. lors d\u2019occasions sp\u00e9ciales telles que mariages, entretiens, etc., pour garder une haleine fra\u00eeche ; <\/p>\n\n\n\n<p>4. apr\u00e8s le traitement des maladies bucco-dentaires, pour aider au nettoyage de la cavit\u00e9 buccale.<\/p>\n\n\n\n<h2 class=\"wp-block-heading\">\u00c0 qui s&#039;adresse le spray Cinnamon Breath<\/h2>\n\n\n\n<p>Le spray pour l&#039;haleine \u00e0 la cannelle convient \u00e0 un large \u00e9ventail de personnes, et est particuli\u00e8rement recommand\u00e9 pour les consommateurs suivants\u00a0: <\/p>\n\n\n\n<p>1. les personnes qui sont g\u00ean\u00e9es par les mauvaises odeurs buccales, comme les fumeurs, les personnes qui veillent souvent tard le soir ; <\/p>\n\n\n\n<p>2. les personnes qui ont des dents sensibles et qui ont besoin d\u2019un nettoyage doux ; <\/p>\n\n\n\n<p>3. les patients diab\u00e9tiques qui pr\u00e9sentent un risque \u00e9lev\u00e9 de maladie parodontale et qui doivent accorder une attention particuli\u00e8re aux soins bucco-dentaires\u00a0; <\/p>\n\n\n\n<p>4. les consommateurs qui aiment essayer de nouveaux produits de soins bucco-dentaires et profiter des avantages du spray pour l&#039;haleine \u00e0 la cannelle. Le spray pour l&#039;haleine \u00e0 la cannelle apporte une bonne sant\u00e9 bucco-dentaire.<\/p>\n\n\n\n<h2 class=\"wp-block-heading\">Processus de production du spray Cinnamon Breath<\/h2>\n\n\n\n<p>En tant que fabricant professionnel de spray Cinnamon Breath, nous adoptons le processus de production sp\u00e9cial suivant : <\/p>\n\n\n\n<p>1. Examinez rigoureusement les mati\u00e8res premi\u00e8res de l&#039;huile de feuille de Melaleuca alternifolia, de l&#039;extrait de feuille de th\u00e9, de l&#039;huile de myrrhe et de l&#039;huile de cannelle pour garantir leur puret\u00e9 et leur qualit\u00e9\u00a0; <\/p>\n\n\n\n<p>2. Contr\u00f4ler pr\u00e9cis\u00e9ment la quantit\u00e9 de mati\u00e8res premi\u00e8res ajout\u00e9es pour garantir que le produit est s\u00fbr et efficace\u00a0; <\/p>\n\n\n\n<p>3. Adopter une technologie de m\u00e9lange \u00e0 basse temp\u00e9rature pour lib\u00e9rer pleinement l\u2019activit\u00e9 des mati\u00e8res premi\u00e8res\u00a0; <\/p>\n\n\n\n<p>4. Remplissage aseptique pour garantir que le produit est s\u00fbr et hygi\u00e9nique\u00a0;  <\/p>\n\n\n\n<p>5. Contr\u00f4le de qualit\u00e9 complet pour garantir que chaque bouteille de spray respiratoire \u00e0 la cannelle r\u00e9pond aux normes nationales. <\/p>\n\n\n\n<p>Gr\u00e2ce au processus ci-dessus, en tant que digne fabricant de spray Cinnamon Breath, nous vous proposons un produit de soins bucco-dentaires de haute qualit\u00e9 et fiable.<\/p>","protected":false},"excerpt":{"rendered":"Cinnamon Breath spray manufacturing common formulas The core ingredients of Cinnamon Breath Spray, including Melaleuca alternifolia leaf oil, tea leaf extract, myrrh oil and cinnamon oil, have a unique and refreshing aroma. These ingredients can effectively inhibit the growth of bacteria in the mouth and prevent oral diseases. Tea leaf extract, which is rich in [&hellip;]","protected":false},"featured_media":694,"menu_order":0,"template":"","meta":[],"product-tag":[],"products":[73],"class_list":["post-693","product","type-product","status-publish","has-post-thumbnail","hentry","products-breath-spray"],"acf":[],"_links":{"self":[{"href":"https:\/\/www.ruiqigo.com\/fr\/wp-json\/wp\/v2\/product\/693","targetHints":{"allow":["GET"]}}],"collection":[{"href":"https:\/\/www.ruiqigo.com\/fr\/wp-json\/wp\/v2\/product"}],"about":[{"href":"https:\/\/www.ruiqigo.com\/fr\/wp-json\/wp\/v2\/types\/product"}],"version-history":[{"count":0,"href":"https:\/\/www.ruiqigo.com\/fr\/wp-json\/wp\/v2\/product\/693\/revisions"}],"wp:featuredmedia":[{"embeddable":true,"href":"https:\/\/www.ruiqigo.com\/fr\/wp-json\/wp\/v2\/media\/694"}],"wp:attachment":[{"href":"https:\/\/www.ruiqigo.com\/fr\/wp-json\/wp\/v2\/media?parent=693"}],"wp:term":[{"taxonomy":"product-tag","embeddable":true,"href":"https:\/\/www.ruiqigo.com\/fr\/wp-json\/wp\/v2\/product-tag?post=693"},{"taxonomy":"products","embeddable":true,"href":"https:\/\/www.ruiqigo.com\/fr\/wp-json\/wp\/v2\/products?post=693"}],"curies":[{"name":"wp","href":"https:\/\/api.w.org\/{rel}","templated":true}]}}