{"id":702,"date":"2024-07-25T20:34:12","date_gmt":"2024-07-25T12:34:12","guid":{"rendered":"https:\/\/ruiqigo.com\/?post_type=product&#038;p=702"},"modified":"2025-09-03T15:21:59","modified_gmt":"2025-09-03T07:21:59","slug":"biotin-mouthwash","status":"publish","type":"product","link":"https:\/\/www.ruiqigo.com\/fr\/product\/biotin-mouthwash","title":{"rendered":"Bain de bouche \u00e0 la biotine"},"content":{"rendered":"<h2 class=\"wp-block-heading\">Formules courantes<\/h2>\n\n\n\n<p>L&#039;ingr\u00e9dient principal du bain de bouche \u00e0 la biotine, l&#039;huile de ricin hydrog\u00e9n\u00e9e PEG-40, a un effet d\u00e9sinfectant doux, qui peut \u00e9liminer efficacement les odeurs buccales et am\u00e9liorer l&#039;environnement buccal. <\/p>\n\n\n\n<p>La biotine est un complexe de vitamines B, qui peut favoriser la r\u00e9paration de la muqueuse buccale, am\u00e9liorer l&#039;immunit\u00e9 buccale et pr\u00e9venir les maladies bucco-dentaires. <\/p>\n\n\n\n<p>De plus, la fraise, l\u2019orange, la cannelle, le th\u00e9 vert, la menthe et d\u2019autres saveurs peuvent apporter un go\u00fbt frais et aider \u00e0 soulager l\u2019inconfort buccal.<\/p>\n\n\n\n<h2 class=\"wp-block-heading\">Sc\u00e9narios applicables<\/h2>\n\n\n\n<p>Le bain de bouche \u00e0 la biotine peut \u00eatre utilis\u00e9 dans divers sc\u00e9narios, en particulier dans les occasions suivantes\u00a0: <\/p>\n\n\n\n<p>1. apr\u00e8s les repas, pour nettoyer efficacement les d\u00e9bris alimentaires et garder une haleine fra\u00eeche ; <\/p>\n\n\n\n<p>2. apr\u00e8s \u00eatre rest\u00e9 \u00e9veill\u00e9 toute la nuit et avoir fum\u00e9, pour att\u00e9nuer le mauvais go\u00fbt de la bouche et prendre soin de la sant\u00e9 des dents ; <\/p>\n\n\n\n<p>3. lors d\u2019occasions sp\u00e9ciales telles que mariages, entretiens, etc., pour garder une haleine fra\u00eeche ; <\/p>\n\n\n\n<p>4. apr\u00e8s le traitement des maladies bucco-dentaires, pour aider au nettoyage de la cavit\u00e9 buccale.<\/p>\n\n\n\n<h2 class=\"wp-block-heading\">\u00c0 qui s&#039;adresse le bain de bouche \u00e0 la biotine<\/h2>\n\n\n\n<p>Le bain de bouche \u00e0 la biotine convient \u00e0 un large \u00e9ventail de personnes, et est particuli\u00e8rement recommand\u00e9 aux consommateurs suivants : <\/p>\n\n\n\n<p>1. les personnes qui sont g\u00ean\u00e9es par les mauvaises odeurs buccales, comme les fumeurs, les personnes qui veillent souvent tard ; <\/p>\n\n\n\n<p>2. les personnes qui ont des dents sensibles et qui ont besoin de les nettoyer en douceur ; <\/p>\n\n\n\n<p>3. les personnes diab\u00e9tiques, qui pr\u00e9sentent un risque \u00e9lev\u00e9 de maladie parodontale et doivent accorder une attention particuli\u00e8re aux soins bucco-dentaires\u00a0; <\/p>\n\n\n\n<p>4. les consommateurs qui aiment essayer de nouveaux produits de soins bucco-dentaires pour profiter des bienfaits pour la sant\u00e9 bucco-dentaire apport\u00e9s par le bain de bouche \u00e0 la biotine\u00a0; <\/p>\n\n\n\n<p>5. Les consommateurs qui aiment essayer de nouveaux produits de soins bucco-dentaires peuvent profiter des bienfaits du bain de bouche \u00e0 la biotine pour la sant\u00e9 bucco-dentaire. Le bain de bouche am\u00e9liore la sant\u00e9 bucco-dentaire.<\/p>\n\n\n\n<h2 class=\"wp-block-heading\">Processus de production<\/h2>\n\n\n\n<p>Afin de garantir la qualit\u00e9 du bain de bouche \u00e0 la biotine, nous adoptons le processus de production sp\u00e9cial suivant : <\/p>\n\n\n\n<p>1. Examinez rigoureusement les mati\u00e8res premi\u00e8res de l&#039;huile de ricin hydrog\u00e9n\u00e9e PEG-40 et de la biotine pour garantir leur puret\u00e9 et leur qualit\u00e9\u00a0; <\/p>\n\n\n\n<p>2. Contr\u00f4ler pr\u00e9cis\u00e9ment la quantit\u00e9 de mati\u00e8res premi\u00e8res ajout\u00e9es pour garantir que le produit est s\u00fbr et efficace\u00a0; <\/p>\n\n\n\n<p>3. Adopter la technologie de m\u00e9lange \u00e0 basse temp\u00e9rature pour lib\u00e9rer pleinement l&#039;activit\u00e9 des mati\u00e8res premi\u00e8res\u00a0; <\/p>\n\n\n\n<p>4. Remplissage aseptique, pour garantir que le produit est s\u00fbr et hygi\u00e9nique\u00a0; <\/p>\n\n\n\n<p>5. Contr\u00f4le qualit\u00e9 complet pour garantir que chaque bouteille de bain de bouche \u00e0 la biotine r\u00e9pond \u00e0 la norme nationale. Gr\u00e2ce au processus ci-dessus, nous vous proposons un produit de soins bucco-dentaires de haute qualit\u00e9 et fiable.<\/p>","protected":false},"excerpt":{"rendered":"Common Formulas Biotin Mouthwash&#8217;s core ingredient, PEG-40 Hydrogenated Castor Oil, has a mild disinfecting effect, which can effectively remove oral odor and improve the oral environment. Biotin is a vitamin B complex, which can promote the repair of oral mucosa, improve oral immunity and prevent oral diseases. In addition, strawberry, orange, cinnamon, green tea, mint [&hellip;]","protected":false},"featured_media":703,"menu_order":0,"template":"","meta":[],"product-tag":[201,206,208,211,212,216],"products":[72],"class_list":["post-702","product","type-product","status-publish","has-post-thumbnail","hentry","product-tag-mouthwash-manufacturer","product-tag-mouthwash-companies","product-tag-mouthwash-suppliers","product-tag-alkaline-mouthwash-manufacturer","product-tag-mouthwash-contract-manufacturer","product-tag-private-label-mouthwash-manufacturers","products-mouthwash"],"acf":[],"_links":{"self":[{"href":"https:\/\/www.ruiqigo.com\/fr\/wp-json\/wp\/v2\/product\/702","targetHints":{"allow":["GET"]}}],"collection":[{"href":"https:\/\/www.ruiqigo.com\/fr\/wp-json\/wp\/v2\/product"}],"about":[{"href":"https:\/\/www.ruiqigo.com\/fr\/wp-json\/wp\/v2\/types\/product"}],"version-history":[{"count":0,"href":"https:\/\/www.ruiqigo.com\/fr\/wp-json\/wp\/v2\/product\/702\/revisions"}],"wp:featuredmedia":[{"embeddable":true,"href":"https:\/\/www.ruiqigo.com\/fr\/wp-json\/wp\/v2\/media\/703"}],"wp:attachment":[{"href":"https:\/\/www.ruiqigo.com\/fr\/wp-json\/wp\/v2\/media?parent=702"}],"wp:term":[{"taxonomy":"product-tag","embeddable":true,"href":"https:\/\/www.ruiqigo.com\/fr\/wp-json\/wp\/v2\/product-tag?post=702"},{"taxonomy":"products","embeddable":true,"href":"https:\/\/www.ruiqigo.com\/fr\/wp-json\/wp\/v2\/products?post=702"}],"curies":[{"name":"wp","href":"https:\/\/api.w.org\/{rel}","templated":true}]}}