{"id":708,"date":"2024-07-25T20:42:48","date_gmt":"2024-07-25T12:42:48","guid":{"rendered":"https:\/\/ruiqigo.com\/?post_type=product&#038;p=708"},"modified":"2024-11-01T14:19:30","modified_gmt":"2024-11-01T06:19:30","slug":"xylitol-breath-spray","status":"publish","type":"product","link":"https:\/\/www.ruiqigo.com\/fr\/product\/xylitol-breath-spray","title":{"rendered":"Spray respiratoire au xylitol"},"content":{"rendered":"<h2 class=\"wp-block-heading\">Formules courantes de fabrication de sprays respiratoires au xylitol<\/h2>\n\n\n\n<p>Le xylitol est l&#039;ingr\u00e9dient principal du spray respiratoire au xylitol. Il s&#039;agit d&#039;un \u00e9dulcorant naturel aux propri\u00e9t\u00e9s anti-caries. Le xylitol inhibe la croissance des bact\u00e9ries responsables des caries dans la bouche et r\u00e9duit la formation de plaque dentaire, r\u00e9duisant ainsi l&#039;incidence de la carie dentaire. De plus, le xylitol peut apporter un go\u00fbt frais, am\u00e9liorer l&#039;environnement buccal et prendre soin de la sant\u00e9 dentaire.<\/p>\n\n\n\n<h2 class=\"wp-block-heading\">Sc\u00e9narios d&#039;application du spray respiratoire au xylitol<\/h2>\n\n\n\n<p>Le spray respiratoire au xylitol peut \u00eatre utilis\u00e9 dans divers sc\u00e9narios, en particulier dans les occasions suivantes\u00a0: <\/p>\n\n\n\n<p>1. apr\u00e8s les repas, nettoie efficacement les d\u00e9bris alimentaires, garde l&#039;haleine fra\u00eeche ; <\/p>\n\n\n\n<p>2. apr\u00e8s \u00eatre rest\u00e9 \u00e9veill\u00e9 tard, avoir fum\u00e9, r\u00e9duire le mauvais go\u00fbt de la bouche, prendre soin de la sant\u00e9 des dents ; <\/p>\n\n\n\n<p>3. des occasions sp\u00e9ciales, comme les mariages, les entretiens d\u2019embauche, etc., pour garder l\u2019haleine fra\u00eeche\u00a0; <\/p>\n\n\n\n<p>4. apr\u00e8s le traitement des maladies bucco-dentaires, pour aider au nettoyage de la cavit\u00e9 buccale.<\/p>\n\n\n\n<h2 class=\"wp-block-heading\">\u00c0 qui convient le spray respiratoire au xylitol<\/h2>\n\n\n\n<p>Le spray respiratoire au xylitol convient \u00e0 un large \u00e9ventail de personnes, et est particuli\u00e8rement recommand\u00e9 pour les consommateurs suivants\u00a0: <\/p>\n\n\n\n<p>1. les personnes qui sont g\u00ean\u00e9es par les mauvaises odeurs buccales, comme les fumeurs, les personnes qui veillent souvent tard le soir ; <\/p>\n\n\n\n<p>2. les personnes qui ont des dents sensibles et qui ont besoin d\u2019un nettoyage doux ; <\/p>\n\n\n\n<p>3. les patients diab\u00e9tiques qui pr\u00e9sentent un risque \u00e9lev\u00e9 de maladie parodontale et qui doivent accorder une attention particuli\u00e8re aux soins bucco-dentaires\u00a0; <\/p>\n\n\n\n<p>4. les consommateurs qui aiment essayer de nouveaux produits de soins bucco-dentaires pour profiter des avantages du produit. Le spray respiratoire au xylitol apporte une bonne sant\u00e9 bucco-dentaire.<\/p>\n\n\n\n<h2 class=\"wp-block-heading\">Proc\u00e9d\u00e9 de production de spray respiratoire au xylitol<\/h2>\n\n\n\n<p>En tant que fabricant de sprays respiratoires au xylitol, nous adoptons le processus de production sp\u00e9cial suivant\u00a0: <\/p>\n\n\n\n<p>1. un contr\u00f4le strict des mati\u00e8res premi\u00e8res du xylitol pour garantir sa puret\u00e9 et sa qualit\u00e9\u00a0; <\/p>\n\n\n\n<p>2. contr\u00f4le pr\u00e9cis de la quantit\u00e9 de xylitol ajout\u00e9e pour assurer la s\u00e9curit\u00e9 et l\u2019efficacit\u00e9 du produit ;<\/p>\n\n\n\n<p>3. l&#039;utilisation de la technologie de m\u00e9lange \u00e0 basse temp\u00e9rature, la lib\u00e9ration compl\u00e8te de l&#039;activit\u00e9 du xylitol ; <\/p>\n\n\n\n<p>4. remplissage aseptique, pour garantir que le produit est s\u00fbr et hygi\u00e9nique\u00a0; <\/p>\n\n\n\n<p>5. Tout le processus de contr\u00f4le qualit\u00e9. Assurez-vous que chaque bouteille de spray respiratoire au xylitol r\u00e9pond \u00e0 la norme nationale.<\/p>\n\n\n\n<p>Gr\u00e2ce au processus ci-dessus, en tant que fabricant professionnel de spray respiratoire au xylitol, nous vous proposons un produit de soins bucco-dentaires fiable et de haute qualit\u00e9.<\/p>","protected":false},"excerpt":{"rendered":"Xylitol breath spray manufacturing common formulas Xylitol Breath Spray&#8217;s core ingredient, xylitol, is a natural sweetener with anti-cavity properties. Xylitol inhibits the growth of caries-causing bacteria in the mouth and reduces the formation of plaque, thus reducing the incidence of tooth decay. In addition, xylitol can provide a fresh taste, improve the oral environment and [&hellip;]","protected":false},"featured_media":713,"menu_order":0,"template":"","meta":[],"product-tag":[],"products":[73],"class_list":["post-708","product","type-product","status-publish","has-post-thumbnail","hentry","products-breath-spray"],"acf":[],"_links":{"self":[{"href":"https:\/\/www.ruiqigo.com\/fr\/wp-json\/wp\/v2\/product\/708","targetHints":{"allow":["GET"]}}],"collection":[{"href":"https:\/\/www.ruiqigo.com\/fr\/wp-json\/wp\/v2\/product"}],"about":[{"href":"https:\/\/www.ruiqigo.com\/fr\/wp-json\/wp\/v2\/types\/product"}],"version-history":[{"count":0,"href":"https:\/\/www.ruiqigo.com\/fr\/wp-json\/wp\/v2\/product\/708\/revisions"}],"wp:featuredmedia":[{"embeddable":true,"href":"https:\/\/www.ruiqigo.com\/fr\/wp-json\/wp\/v2\/media\/713"}],"wp:attachment":[{"href":"https:\/\/www.ruiqigo.com\/fr\/wp-json\/wp\/v2\/media?parent=708"}],"wp:term":[{"taxonomy":"product-tag","embeddable":true,"href":"https:\/\/www.ruiqigo.com\/fr\/wp-json\/wp\/v2\/product-tag?post=708"},{"taxonomy":"products","embeddable":true,"href":"https:\/\/www.ruiqigo.com\/fr\/wp-json\/wp\/v2\/products?post=708"}],"curies":[{"name":"wp","href":"https:\/\/api.w.org\/{rel}","templated":true}]}}