{"id":63,"date":"2024-04-26T00:53:00","date_gmt":"2024-04-25T16:53:00","guid":{"rendered":"https:\/\/ruiqigo.com\/?page_id=63"},"modified":"2026-04-21T15:33:54","modified_gmt":"2026-04-21T07:33:54","slug":"terms-conditions","status":"publish","type":"page","link":"https:\/\/www.ruiqigo.com\/it\/terms-conditions","title":{"rendered":"Termini e condizioni"},"content":{"rendered":"<p>Le presenti Condizioni d&#039;uso (di seguito &quot;Condizioni d&#039;uso&quot;) si applicano ai siti web \u2014 www.ruiqigo.com \u2014 (collettivamente, il &quot;Sito web RuiqiGO&quot;), di propriet\u00e0 e gestiti da 3TOP, Inc. (di seguito &quot;RuiqiGO&quot;). Le presenti Condizioni d&#039;uso, unitamente alla nostra Informativa sulla privacy e alla nostra Informativa sui cookie, costituiscono un accordo (di seguito &quot;Accordo&quot;) tra l&#039;utente finale e RuiqiGO.<\/p>\n\n\n\n<p>L&#039;utilizzo del sito web RuiqiGO \u00e8 subordinato all&#039;accettazione, senza modifiche, dei termini, delle condizioni e delle avvertenze contenute nel presente Contratto. Accedendo, utilizzando, scaricando, visualizzando e\/o installando qualsiasi Contenuto del sito web RuiqiGO o Servizi offerti sul sito web RuiqiGO, l&#039;utente dichiara di aver letto e compreso integralmente il presente Contratto e di acconsentire ai Termini di utilizzo, all&#039;Informativa sulla privacy e all&#039;Informativa sui cookie in esso contenuti.<\/p>\n\n\n\n<p>Accetti inoltre che nessuna dichiarazione scritta o orale rilasciata da RuiqiGO e dai suoi distributori, agenti o dipendenti potr\u00e0 ampliare la portata delle sezioni Garanzia Limitata e Limitazioni di Responsabilit\u00e0 di cui al presente Contratto.<\/p>\n\n\n\n<p>L&#039;utilizzo del sito web RuiqiGO implica l&#039;accettazione dei termini e delle condizioni del presente Contratto. Qualora non accettiate i termini e le condizioni del presente Contratto, non accedete al sito web RuiqiGO n\u00e9 utilizzate, scaricate, salvate, visualizzate o installate alcun Contenuto o Servizio del sito web.<\/p>\n\n\n\n<p>I. Definizioni<br>\u201cPer \u201dInformazioni Digitali\u201d si intendono tutti i dati accessibili dal sito web di RuiqiGO, inclusi, a titolo esemplificativo ma non esaustivo, testi, tabelle, fogli di calcolo, grafici, documenti, immagini o foto, o software contenuti in file digitali.<\/p>\n\n\n\n<p>\u201cPer &quot;Contenuto del Sito Web&quot; si intendono le informazioni digitali che possono essere ottenute scaricando, salvando o copiando dal sito web di RuiqiGO e che vengono poi memorizzate, installate, eseguite, utilizzate, visualizzate, modificate o manipolate dall&#039;utente finale. Tale Contenuto del Sito Web pu\u00f2 includere termini e condizioni aggiuntivi, come specificato in un accordo separato che accompagna tali sezioni.<\/p>\n\n\n\n<p>\u201cPer &quot;Servizi del sito web&quot; si intendono le informazioni digitali messe a disposizione dell&#039;utente finale per il download, il salvataggio o la copia dal sito web di RuiqiGO.<\/p>\n\n\n\n<p>II. Modifica<br>RuiqiGO si riserva il diritto di modificare le presenti Condizioni d&#039;uso in qualsiasi momento, con o senza preavviso. L&#039;accesso o l&#039;utilizzo continuato del Contenuto del Sito Web o dei Servizi del Sito Web da parte dell&#039;utente implica l&#039;accettazione di eventuali nuove condizioni. Qualora l&#039;utente non accetti una qualsiasi nuova condizione, dovr\u00e0: (a) interrompere l&#039;accesso e l&#039;utilizzo del Sito Web di RuiqiGO e di tutti i Contenuti del Sito Web e Servizi del Sito Web; e (b) restituire tutti i Contenuti del Sito Web a RuiqiGO o distruggere tutti i Contenuti del Sito Web in suo possesso o sotto il suo controllo.<\/p>\n\n\n\n<p>RuiqiGO si riserva il diritto di apportare modifiche in qualsiasi momento al Contenuto del Sito Web, al Servizio del Sito Web o a qualsiasi elemento ivi menzionato, senza preavviso, e non \u00e8 obbligata a fornire supporto o ad aggiornare il Contenuto del Sito Web o i Servizi del Sito Web.<\/p>\n\n\n\n<p>III. Condotta proibita<br>L&#039;accesso e l&#039;utilizzo del sito web RuiqiGO e dei relativi contenuti sono concessi in licenza, non a titolo di trasferimento di propriet\u00e0, e sono strettamente limitati a scopi informativi e a nessun altro scopo. Tutti i diritti non espressamente concessi nel presente documento sono espressamente riservati a RuiqiGO e nessun altro diritto sar\u00e0 implicito. Senza limitare quanto precede, e salvo diverso accordo scritto con RuiqiGO, l&#039;utente riconosce le seguenti restrizioni specifiche sull&#039;utilizzo del sito web RuiqiGO e dei relativi contenuti:<\/p>\n\n\n\n<p>Non \u00e8 consentito copiare, modificare, alterare, adattare, affittare, vendere, distribuire, mostrare pubblicamente, eseguire o trasferire alcuna parte del Contenuto del sito Web o delle Informazioni digitali, creare lavori derivati basati su qualsiasi parte del Contenuto del sito Web o delle Informazioni digitali, o utilizzare qualsiasi parte del Contenuto del sito Web o delle Informazioni digitali per scopi commerciali, ad eccezione di quanto previsto sopra;<br>Non \u00e8 consentito ottenere o tentare di ottenere materiali o informazioni con mezzi diversi da quelli intenzionalmente resi disponibili o forniti tramite il sito web di RuiqiGO;<br>Non \u00e8 consentito tentare di decompilare, disassemblare o decodificare alcun Contenuto del Sito Web, Informazione Digitale o parte del Sito Web di RuiqiGO, n\u00e9 introdurre dispositivi o materiali che possano essere dannosi o tecnologicamente pericolosi per il Sito Web di RuiqiGO, il Contenuto del Sito Web o le Informazioni Digitali, come ad esempio virus, trojan horse, worm e bombe logiche;<br>Non \u00e8 consentito incorporare alcun Contenuto del sito Web, Informazioni digitali o parte di essi in altri materiali, prodotti o servizi, n\u00e9 utilizzare il Contenuto del sito Web o le Informazioni digitali per scopi di produzione;<br>Non \u00e8 consentito rimuovere, alterare o oscurare alcuna legenda di propriet\u00e0, brevetto, marchio o avviso di copyright contenuti nel o sul sito web di RuiqiGO, nei contenuti del sito web o nelle informazioni digitali;<br>Non \u00e8 consentito utilizzare il sito web RuiqiGO in alcun modo che possa danneggiare, disabilitare, sovraccaricare o compromettere il sito web RuiqiGO o interferire con l&#039;utilizzo e il godimento del sito web RuiqiGO da parte di terzi;<br>Non \u00e8 consentito tentare di ottenere l&#039;accesso non autorizzato, interferire con, danneggiare o interrompere qualsiasi parte del sito web RuiqiGO, i server su cui \u00e8 ospitato il sito web RuiqiGO o qualsiasi server, computer o database connesso al sito web RuiqiGO, n\u00e9 tentare in altro modo di interferire con il corretto funzionamento del sito web RuiqiGO;<br>Non \u00e8 consentito utilizzare il sito web RuiqiGO, i contenuti del sito web o le informazioni digitali per scopi che violino in qualsiasi modo leggi o regolamenti federali, statali, locali o internazionali applicabili (incluse, a titolo esemplificativo, le leggi relative all&#039;esportazione di dati o software da e verso gli Stati Uniti o altri paesi), o che siano proibiti dal presente Accordo.<br>Accetti inoltre di fare ogni ragionevole sforzo per impedire l&#039;uso, la riproduzione, la distribuzione o la pubblicazione non autorizzati di qualsiasi Contenuto del sito Web o Informazione digitale. Qualsiasi uso, riproduzione, distribuzione o pubblicazione non autorizzati di Contenuto del sito Web o Informazione digitale sono proibiti e costituiscono una violazione del presente Contratto.<\/p>\n\n\n\n<p>IV. Materiali forniti a RuiqiGO<br>RuiqiGO non rivendica la propriet\u00e0 dei materiali che l&#039;utente fornisce a RuiqiGO (inclusi feedback e suggerimenti) o pubblica, carica, inserisce o invia a qualsiasi sito web di RuiqiGO o ai relativi servizi (collettivamente &quot;Contributi&quot;). Tuttavia, pubblicando, caricando, inserendo, fornendo o inviando il proprio Contributo, l&#039;utente concede a RuiqiGO, alle sue societ\u00e0 affiliate e ai necessari sublicenziatari il permesso di utilizzare il Contributo in relazione alla gestione delle loro attivit\u00e0 online, inclusi, a titolo esemplificativo, i diritti di: copiare, distribuire, trasmettere, visualizzare pubblicamente, eseguire pubblicamente, riprodurre, modificare, tradurre e riformattare il Contributo; e di pubblicare il nome dell&#039;utente in relazione al Contributo.<\/p>\n\n\n\n<p>Non verr\u00e0 corrisposto alcun compenso in relazione all&#039;utilizzo del Contenuto inviato, come previsto nel presente documento. RuiqiGO non ha alcun obbligo di pubblicare o utilizzare alcun Contenuto inviato e pu\u00f2 rimuovere qualsiasi Contenuto in qualsiasi momento a sua esclusiva discrezione.<\/p>\n\n\n\n<p>Pubblicando, caricando, inserendo, fornendo o inviando il tuo Contributo, garantisci e dichiari di possedere o altrimenti controllare tutti i diritti sul tuo Contributo come descritto in questa sezione, inclusi, senza limitazioni, il copyright e tutti i diritti necessari per fornire, pubblicare, caricare, inserire o inviare i Contributi.<\/p>\n\n\n\n<p>V. Propriet\u00e0 intellettuale e propriet\u00e0<br>Non si detengono diritti di propriet\u00e0 sul sito web di RuiqiGO, sui contenuti del sito web o sulle informazioni digitali. \u00c8 possibile utilizzare i contenuti del sito web e le informazioni digitali a condizione che si accettino e si rispettino i termini del presente Contratto. RuiqiGO si riserva tutti i diritti, titoli e interessi relativi ai contenuti del sito web e alle informazioni digitali, inclusi tutti i relativi diritti di propriet\u00e0 intellettuale. Salvo quanto diversamente espressamente previsto, RuiqiGO non concede alcun diritto, espresso o implicito, in relazione a brevetti, diritti d&#039;autore, marchi commerciali o altri diritti di propriet\u00e0 intellettuale di RuiqiGO tramite il presente Contratto. Tutti i diritti non espressamente concessi dal presente Contratto sono riservati a RuiqiGO per il suo uso e la sua propriet\u00e0 esclusiva.<\/p>\n\n\n\n<p>Tutto il Contenuto del sito Web e le Informazioni digitali sono soggetti alla protezione del copyright dalle leggi degli Stati Uniti e di altri paesi e dalle disposizioni dei trattati internazionali. Scaricare, copiare e modificare materiale protetto da copyright senza la dovuta autorizzazione pu\u00f2 costituire una violazione della legge sul copyright.<\/p>\n\n\n\n<p>RuiqiGO\u00ae e i vari nomi di prodotti, marchi commerciali, nomi di servizi, slogan e loghi presenti sul sito web di RuiqiGO sono marchi registrati o non registrati di RuiqiGO. I marchi e l&#039;immagine commerciale di RuiqiGO non possono essere utilizzati in relazione ad alcun prodotto o servizio non correlato a RuiqiGO, in alcun modo che possa generare confusione tra i clienti o in alcun modo che denigri o screditi RuiqiGO. Non \u00e8 consentito utilizzare tali marchi senza la previa autorizzazione scritta di RuiqiGO, che pu\u00f2 essere negata a sua esclusiva discrezione.<\/p>\n\n\n\n<p>VI. Indennizzo<br>L&#039;UTENTE ACCETTA DI INDENNIZZARE, DIFENDERE E MANLEVARE RuiqiGO, COMPRESI I SUOI FUNZIONARI, DIRETTORI, DIPENDENTI, AFFILIATI, LICENZIATARI, FORNITORI, FORNITORI DI INFORMAZIONI E AGENTI DA E CONTRO TUTTE LE PERDITE, RICHIESTE, RICHIESTE RICORRENTI, CAUSE, CONTENZIOSI, RESPONSABILIT\u00c0, DANNI, SENTENZE, PERDITE, SPESE, COSTI E ONORARI, INCLUSI, SENZA LIMITAZIONI, LE RAGIONEVOLI SPESE LEGALI E I RELATIVI ONORARI, RELATIVI A O DERIVANTI DA: L&#039;UTILIZZO O L&#039;IMPOSSIBILIT\u00c0 DI UTILIZZARE IL SITO WEB DI RuiqiGO, I CONTENUTI DEL SITO WEB E LE INFORMAZIONI DIGITALI; QUALSIASI INVIO EFFETTUATO DALL&#039;UTENTE; QUALSIASI VIOLAZIONE DEI TERMINI DEL PRESENTE CONTRATTO O DEI DIRITTI DI TERZI DA PARTE DELL&#039;UTENTE; O VIOLAZIONE DI LEGGI, NORME O REGOLAMENTI APPLICABILI DA PARTE VOSTRA, INCLUSA LA CONDOTTA NEGLIGENTE O ILLECITA.<\/p>\n\n\n\n<p>VII. Esclusione di responsabilit\u00e0 e garanzia limitata<br>ESCLUSIONE DI RESPONSABILIT\u00c0 RIGUARDO AI CONTENUTI DEL SITO WEB, ALLE INFORMAZIONI DIGITALI E AI SERVIZI DEL SITO WEB: SALVO QUANTO PREVISTO NEL PRESENTE CONTRATTO, IN NESSUN CASO RuiqiGO SAR\u00c0 RESPONSABILE PER QUALSIASI RICHIESTA DI RISARCIMENTO DI QUALSIASI NATURA, AI SENSI DI QUALSIASI TEORIA LEGALE, SIA DIRETTA CHE INDIRETTA, DERIVANTE DA O CORRELATA A:<\/p>\n\n\n\n<p>CONTENUTI DEL SITO WEB, INFORMAZIONI DIGITALI O SERVIZI DEL SITO WEB RESI DISPONIBILI SU O ATTRAVERSO IL SITO WEB RuiqiGO, COMPRESI ERRORI O OMISSIONI IN TALI CONTENUTI DEL SITO WEB, INFORMAZIONI DIGITALI O SERVIZI DEL SITO WEB; O<br>PERDITE O DANNI SUBITI A SEGUITO DELL&#039;ACCESSO, DELL&#039;UTILIZZO DEL CONTENUTO DEL SITO WEB, DELLE INFORMAZIONI DIGITALI O DEI SERVIZI DEL SITO WEB.<br>NELLA MISURA CONSENTITA DALLA LEGGE APPLICABILE, IL CONTENUTO DEL SITO WEB, LE INFORMAZIONI DIGITALI E I SERVIZI DEL SITO WEB SONO FORNITI &quot;COS\u00cc COME SONO&quot; E RuiqiGO DECLINA ESPRESSAMENTE OGNI GARANZIA DI QUALSIASI TIPO, ESPLICITA O IMPLICITA, INCLUSE LE GARANZIE IMPLICITE DI COMMERCIABILIT\u00c0, QUALIT\u00c0 SODDISFACENTE, IDONEIT\u00c0 PER UNO SCOPO PARTICOLARE, TITOLO E NON VIOLAZIONE. A TITOLO ESEMPLIFICATIVO E NON LIMITATIVO, RuiqiGO NON GARANTISCE CHE:<\/p>\n\n\n\n<p>IL CONTENUTO DEL SITO WEB, LE INFORMAZIONI DIGITALI O I SERVIZI DEL SITO WEB SONO O SARANNO FORNITI IN MODO ININTERROTTO, TEMPESTIVO, SICURO O PRIVO DI ERRORI;<br>IL CONTENUTO DEL SITO WEB, LE INFORMAZIONI DIGITALI O I SERVIZI DEL SITO WEB SONO O SARANNO COMPLETI, ACCURATI, SICURI O AFFIDABILI;<br>IL CONTENUTO DEL SITO WEB, LE INFORMAZIONI DIGITALI O I SERVIZI DEL SITO WEB SONO O SARANNO ESENTI DA VIRUS O ALTRI COMPONENTI DANNOSI; OPPURE<br>IL CONTENUTO DEL SITO WEB, LE INFORMAZIONI DIGITALI O I SERVIZI DEL SITO WEB SODDISFERANNO QUALSIASI VOSTRA ESIGENZA.<br>LE PARTI INTENDONO CHE LA PRESENTE ESCLUSIONE DI RESPONSABILIT\u00c0 ABBIA LA PRECEDENZA SU QUALSIASI DISPOSIZIONE DI GARANZIA IMPLICITA DELLO STATO, UCC O QUALSIASI DISPOSIZIONE SIMILE.<\/p>\n\n\n\n<p>VIII. Limitazioni di responsabilit\u00e0<br>NELLA MISURA MASSIMA CONSENTITA DALLA LEGGE, 3TOP NON AVR\u00c0 ALCUN OBBLIGO O RESPONSABILIT\u00c0 NEI TUOI CONFRONTI PER IL SITO WEB RuiqiGO, IL CONTENUTO DEL SITO WEB, LE INFORMAZIONI DIGITALI O I SERVIZI DEL SITO WEB (SIA CHE DERIVINO DA CONTRATTO, GARANZIA, ILLECITO CIVILE, INCLUSA LA NEGLIGENZA, RESPONSABILIT\u00c0 DEL PRODOTTO, VIOLAZIONE DEL COPYRIGHT O ALTRA AZIONE AI SENSI DELLA LEGGE O DELL&#039;EQUIT\u00c0) PER QUALSIASI DANNO O RESPONSABILIT\u00c0 DIRETTA, INCIDENTALE, INDIRETTA, SPECIALE, CONSEQUENZIALE O PUNITIVA (INCLUSE, A TITOLO ESEMPLIFICATIVO, LA PERDITA DI DATI, LA PERDITA DI RICAVI, LA PERDITA DI PROFITTO, LA PERDITA DI AFFARI O DI RISPARMI PREVISTI, LA PERDITA DI UTILIZZO, LA PERDITA DI AVVIAMENTO O ALTRO) DERIVANTE DA O IN RELAZIONE AL TUO UTILIZZO O ACCESSO A (O IMPOSSIBILIT\u00c0 DI UTILIZZO O ACCESSO) AL SITO WEB RuiqiGO SITO WEB, CONTENUTI DEL SITO WEB, INFORMAZIONI DIGITALI O SERVIZI DEL SITO WEB. QUESTA LIMITAZIONE SI APPLICA AI DANNI DERIVANTI DA, A TITOLO ESEMPLIFICATIVO E NON ESAUSTIVO:<\/p>\n\n\n\n<p>UTILIZZO O IMPOSSIBILIT\u00c0 DI ACCEDERE O UTILIZZARE IL CONTENUTO DEL SITO WEB, LE INFORMAZIONI DIGITALI O I SERVIZI DEL SITO WEB;<br>COSTO DELL&#039;ACQUISTO DI BENI E SERVIZI SOSTITUTIVI;<br>ACCESSO NON AUTORIZZATO O ALTERAZIONE DELLE VOSTRE TRASMISSIONI DA PARTE DI TERZI;<br>CONTENUTI DI TERZE PARTI RESI DISPONIBILI ALL&#039;UTENTE TRAMITE IL SITO WEB RuiqiGO; OPPURE<br>QUALSIASI ALTRA QUESTIONE RELATIVA AL CONTENUTO DEL SITO WEB, ALLE INFORMAZIONI DIGITALI O AI SERVIZI DEL SITO WEB.<br>ALCUNI STATI NON CONSENTONO L&#039;ESCLUSIONE O LA LIMITAZIONE DI DANNI ACCIDENTALI O CONSEGUENTI, PERTANTO LA LIMITAZIONE O L&#039;ESCLUSIONE DI CUI SOPRA POTREBBE NON ESSERE APPLICABILE A TE. QUESTA GARANZIA TI FORNISCE DIRITTI LEGALI SPECIFICI E POTRESTI AVERE ALTRI DIRITTI CHE VARIANO DA STATO A STATO.<\/p>\n\n\n\n<p>IX. Risoluzione<br>RuiqiGO pu\u00f2, a sua esclusiva discrezione, interrompere l&#039;utilizzo o l&#039;accesso dell&#039;utente ai Contenuti del Sito Web, alle Informazioni Digitali o ai Servizi del Sito Web, nonch\u00e9 rimuovere ed eliminare qualsiasi Contenuto del Sito Web, Informazione Digitale o Servizio del Sito Web in qualsiasi momento, senza preavviso, per qualsiasi motivo, incluso, a titolo esemplificativo ma non esaustivo, un comportamento che violi le presenti Condizioni d&#039;Uso o altre politiche o linee guida stabilite da RuiqiGO altrove all&#039;interno dei Servizi del Sito Web, delle Informazioni Digitali o dei Contenuti del Sito Web. In nessun caso RuiqiGO sar\u00e0 responsabile nei confronti dell&#039;utente o di terzi per qualsiasi interruzione dell&#039;utilizzo o dell&#039;accesso dell&#039;utente ai Contenuti del Sito Web, alle Informazioni Digitali o ai Servizi del Sito Web.<\/p>\n\n\n\n<p>X. Scelta della legge<br>Qualsiasi controversia derivante da o relativa al presente accordo sar\u00e0 disciplinata dalla legge del Commonwealth della Pennsylvania, escluse le sue norme sulla scelta della legge. I tribunali statali e federali della Pennsylvania sono il foro e la sede esclusivi per risolvere qualsiasi controversia derivante da o altrimenti relativa a questi Termini di utilizzo o al presente Contratto. Il tuo consenso alla giurisdizione personale e alla sede dei tribunali statali e federali della Pennsylvania \u00e8 fornito dal tuo utilizzo o accesso al Contenuto del sito Web, alle Informazioni digitali o ai Servizi del sito Web.<\/p>\n\n\n\n<p>XI. Separabilit\u00e0<br>Se una qualsiasi disposizione del presente Contratto dovesse essere ritenuta nulla, inapplicabile o illecita, tale disposizione sar\u00e0 considerata sostituita da una disposizione valida e applicabile che si avvicini il pi\u00f9 possibile all&#039;intento della disposizione originale e non pregiudicher\u00e0 in alcun modo la validit\u00e0 o l&#039;applicabilit\u00e0 delle restanti disposizioni.<\/p>","protected":false},"excerpt":{"rendered":"These Terms and Conditions of Use (hereinafter \u201cTerms of Use\u201d) apply to the websites \u2014 www.ruiqigo.com \u2014 (collectively, the \u201cRuiqiGO Website\u201d), which are owned and operated by 3TOP, Inc. (hereinafter \u201cRuiqiGO \u201d). These Terms of Use, together with our Privacy Policy and Cookie Policy, collectively form an agreement (hereinafter \u201cAgreement\u201d) between you, the end user, [&hellip;]","protected":false},"author":9,"featured_media":0,"parent":0,"menu_order":0,"comment_status":"closed","ping_status":"closed","template":"","meta":{"footnotes":""},"class_list":["post-63","page","type-page","status-publish","hentry"],"acf":[],"_links":{"self":[{"href":"https:\/\/www.ruiqigo.com\/it\/wp-json\/wp\/v2\/pages\/63","targetHints":{"allow":["GET"]}}],"collection":[{"href":"https:\/\/www.ruiqigo.com\/it\/wp-json\/wp\/v2\/pages"}],"about":[{"href":"https:\/\/www.ruiqigo.com\/it\/wp-json\/wp\/v2\/types\/page"}],"author":[{"embeddable":true,"href":"https:\/\/www.ruiqigo.com\/it\/wp-json\/wp\/v2\/users\/9"}],"replies":[{"embeddable":true,"href":"https:\/\/www.ruiqigo.com\/it\/wp-json\/wp\/v2\/comments?post=63"}],"version-history":[{"count":0,"href":"https:\/\/www.ruiqigo.com\/it\/wp-json\/wp\/v2\/pages\/63\/revisions"}],"wp:attachment":[{"href":"https:\/\/www.ruiqigo.com\/it\/wp-json\/wp\/v2\/media?parent=63"}],"curies":[{"name":"parola chiave","href":"https:\/\/api.w.org\/{rel}","templated":true}]}}