{"id":64,"date":"2024-04-26T00:55:27","date_gmt":"2024-04-25T16:55:27","guid":{"rendered":"https:\/\/ruiqigo.com\/?page_id=64"},"modified":"2024-12-24T10:07:42","modified_gmt":"2024-12-24T02:07:42","slug":"privacy-policy","status":"publish","type":"page","link":"https:\/\/www.ruiqigo.com\/it\/privacy-policy","title":{"rendered":"politica sulla riservatezza"},"content":{"rendered":"<h3 class=\"wp-block-heading\">Quali informazioni raccogliamo?<\/h3>\n\n\n\n<p>Raccogliamo informazioni da te quando ti registri sul sito, effettui un ordine, partecipi a un concorso o a una lotteria, rispondi a un sondaggio o a una comunicazione come e-mail o partecipi a un&#039;altra funzionalit\u00e0 del sito. Quando ordini o ti registri, potremmo chiederti nome, indirizzo e-mail, indirizzo postale, numero di telefono, informazioni sulla carta di credito o altre informazioni. Puoi, tuttavia, visitare il nostro sito in forma anonima. Raccogliamo anche informazioni sui destinatari dei regali in modo da poter soddisfare l&#039;acquisto del regalo. Le informazioni che raccogliamo sui destinatari dei regali non vengono utilizzate per scopi di marketing. Come molti siti Web, utilizziamo i &quot;cookie&quot; per migliorare la tua esperienza e raccogliere informazioni sui visitatori e sulle visite ai nostri siti Web. Fai riferimento alla sezione &quot;Utilizziamo &#039;cookie&#039;?&quot; di seguito per informazioni sui cookie e su come li utilizziamo.<\/p>\n\n\n\n<h3 class=\"wp-block-heading\">Come utilizziamo le tue informazioni?<\/h3>\n\n\n\n<p>Potremmo utilizzare le informazioni che raccogliamo da te quando ti registri, acquisti prodotti, partecipi a un concorso o a una promozione, rispondi a un sondaggio o a una comunicazione di marketing, navighi sul sito Web o utilizzi alcune altre funzionalit\u00e0 del sito nei seguenti modi: Per personalizzare la tua esperienza sul sito e per consentirci di fornire il tipo di contenuto e offerte di prodotti a cui sei pi\u00f9 interessato. Per consentirci di offrirti un servizio migliore nel rispondere alle tue richieste di assistenza clienti. Per elaborare rapidamente le tue transazioni. Per gestire un concorso, una promozione, un sondaggio o un&#039;altra funzionalit\u00e0 del sito. Se hai scelto di ricevere la nostra newsletter via e-mail, potremmo inviarti e-mail periodiche. Se non desideri pi\u00f9 ricevere e-mail promozionali da noi, fai riferimento alla sezione &quot;Ritiro del consenso&quot; di seguito. Se non hai scelto di ricevere le newsletter via e-mail, non riceverai queste e-mail. I visitatori che si registrano o partecipano ad altre funzionalit\u00e0 del sito come programmi di marketing e contenuti &quot;solo per i membri&quot; avranno la possibilit\u00e0 di scegliere se desiderano essere nella nostra mailing list e ricevere comunicazioni via e-mail da noi.<\/p>\n\n\n\n<h3 class=\"wp-block-heading\">Come proteggiamo le informazioni dei visitatori?<\/h3>\n\n\n\n<p>Implementiamo una serie di misure di sicurezza per mantenere la sicurezza delle tue informazioni personali. Le tue informazioni personali sono contenute dietro reti protette e sono accessibili solo da un numero limitato di persone che hanno diritti di accesso speciali a tali sistemi e sono tenute a mantenere riservate le informazioni. Quando effettui ordini o accedi alle tue informazioni personali, offriamo l&#039;uso di un server sicuro. Tutte le informazioni sensibili\/di credito che fornisci vengono trasmesse tramite la tecnologia Secure Socket Layer (SSL) e quindi crittografate nei nostri database per essere accessibili solo come indicato sopra.<\/p>\n\n\n\n<h3 class=\"wp-block-heading\">Utilizziamo i \u201ccookie\u201d?<\/h3>\n\n\n\n<p>S\u00ec. I cookie sono piccoli file che un sito o il suo fornitore di servizi trasferisce sul disco rigido del tuo computer tramite il tuo browser Web (se lo consenti) che consente ai sistemi del sito o del fornitore di servizi di riconoscere il tuo browser e di acquisire e ricordare determinate informazioni. Ad esempio, utilizziamo i cookie per aiutarci a ricordare ed elaborare gli articoli nel tuo carrello. Sono inoltre utilizzati per aiutarci a comprendere le tue preferenze in base all&#039;attivit\u00e0 precedente o attuale del sito, il che ci consente di fornirti servizi migliorati. Utilizziamo inoltre i cookie per aiutarci a compilare dati aggregati sul traffico del sito e sull&#039;interazione del sito in modo da poter offrire esperienze e strumenti migliori in futuro. Potremmo stipulare contratti con fornitori di servizi terzi per aiutarci a comprendere meglio i visitatori del nostro sito. A questi fornitori di servizi non \u00e8 consentito utilizzare le informazioni raccolte per nostro conto, se non per aiutarci a condurre e migliorare la nostra attivit\u00e0. Puoi scegliere di farti avvisare dal tuo computer ogni volta che viene inviato un cookie oppure puoi scegliere di disattivare tutti i cookie. Puoi farlo tramite le impostazioni del tuo browser (come Google Chrome, Microsoft Edge o Safari). Ogni browser \u00e8 un po&#039; diverso, quindi guarda il menu &quot;Aiuto&quot; del tuo browser per imparare il modo corretto di modificare i tuoi cookie. Se disattivi i cookie, non avrai accesso a molte funzionalit\u00e0 che rendono la tua esperienza sul sito pi\u00f9 efficiente e alcuni dei nostri servizi non funzioneranno correttamente. Tuttavia, puoi comunque effettuare ordini per telefono contattando il servizio clienti.<\/p>\n\n\n\n<h3 class=\"wp-block-heading\">Divulghiamo le informazioni che raccogliamo a terzi?<\/h3>\n\n\n\n<p>Non vendiamo, scambiamo o trasferiamo in altro modo le tue informazioni personali identificabili a terze parti, a meno che non ti forniamo un preavviso, salvo quanto descritto di seguito. Il termine &quot;terze parti&quot; non include la nostra attivit\u00e0. Non include inoltre i partner di hosting del sito Web e altre parti che ci assistono nella gestione del nostro sito Web, nella conduzione della nostra attivit\u00e0 o nell&#039;assistenza a te, a condizione che tali parti accettino di mantenere riservate queste informazioni. Potremmo anche divulgare le tue informazioni quando riteniamo che la divulgazione sia appropriata per rispettare la legge, far rispettare le nostre politiche del sito o proteggere i nostri o quelli di altri diritti, propriet\u00e0 o sicurezza. Tuttavia, le informazioni non personali identificabili dei visitatori potrebbero essere fornite ad altre parti per scopi di marketing, pubblicit\u00e0 o altri usi. Come puoi annullare l&#039;iscrizione, rimuovere o modificare le informazioni che ci hai fornito? Per modificare le tue iscrizioni e-mail, faccelo sapere modificando le tue preferenze nella sezione &quot;Il mio account&quot;. Tieni presente che a causa dei programmi di produzione e-mail potresti ricevere e-mail gi\u00e0 in produzione. Per eliminare tutte le informazioni del tuo account online dal nostro database, accedi alla sezione &quot;Il mio account&quot; del nostro sito e rimuovi i tuoi indirizzi di spedizione, indirizzi di fatturazione e informazioni di pagamento. Tieni presente che potremmo conservare informazioni su una singola transazione di vendita per gestire tale transazione e per la tenuta dei registri. Link di terze parti nel tentativo di fornirti un valore aggiunto, potremmo includere link di terze parti sul nostro sito. Questi siti collegati hanno policy sulla privacy separate e indipendenti. Pertanto, non abbiamo alcuna responsabilit\u00e0 per il contenuto e le attivit\u00e0 di questi siti collegati. Tuttavia, cerchiamo di proteggere l&#039;integrit\u00e0 del nostro sito e accogliamo con favore qualsiasi feedback su questi siti collegati (anche se un link specifico non funziona). Le modifiche alla nostra politica, se decidiamo di cambiare la nostra politica sulla privacy, saranno pubblicate su questa pagina. Le modifiche alla politica si applicheranno solo alle informazioni raccolte dopo la data della modifica. Questa politica \u00e8 stata modificata l&#039;ultima volta il 25 maggio 2018.<\/p>\n\n\n\n<h3 class=\"wp-block-heading\">Domande e feedback<\/h3>\n\n\n\n<p>Accogliamo con favore le vostre domande, commenti e preoccupazioni sulla privacy. Inviateci qualsiasi feedback sulla privacy o su qualsiasi altro problema. Solo politica online. Questa politica sulla privacy online si applica solo alle informazioni raccolte tramite il nostro sito Web e non alle informazioni raccolte offline.<\/p>\n\n\n\n<h3 class=\"wp-block-heading\">Il tuo consenso<\/h3>\n\n\n\n<p>Effettuando un acquisto tramite il nostro sito Web o inviando una richiesta con informazioni personali o aziendali per ottenere un preventivo o effettuare un pagamento con qualsiasi mezzo per un ordine, o organizzare una consegna, acconsenti alla raccolta, all&#039;archiviazione e all&#039;utilizzo di tali informazioni a tuo vantaggio e\/o per migliorare i nostri servizi e le nostre offerte. Cos\u00ec facendo, acconsenti anche alla divulgazione del fatto che sei un cliente MugFactory e acconsenti anche all&#039;utilizzo del nome della tua attivit\u00e0, del logo e della confezione allo scopo di presentare i nostri prodotti e servizi, salvo diversamente specificato.<\/p>\n\n\n\n<h3 class=\"wp-block-heading\">Revoca del consenso<\/h3>\n\n\n\n<p>In qualsiasi momento, puoi scegliere di revocare il tuo consenso alla raccolta, all&#039;uso o alla divulgazione delle tue informazioni da parte di MugFactory, in qualsiasi momento, contattandoci. MugFactory si riserva il diritto di conservare qualsiasi informazione precedentemente raccolta per evadere qualsiasi ordine o per risolvere qualsiasi controversia o indagine. Quando visiti il nostro sito Web, riceviamo automaticamente l&#039;indirizzo IP (Internet Protocol) del tuo dispositivo, la regione geografica approssimativa e altre informazioni di base sul tuo browser e sistema operativo per assisterti meglio e per fornire un&#039;esperienza migliore e pi\u00f9 personalizzata per i nostri clienti.<\/p>","protected":false},"excerpt":{"rendered":"What information do we collect? We collect information from you when you register on the site, place an order, enter a contest or sweepstakes, respond to a survey or communication such as e-mail, or participate in another site feature. When ordering or registering, we may ask you for your name, e-mail address, mailing address, phone [&hellip;]","protected":false},"author":9,"featured_media":0,"parent":0,"menu_order":0,"comment_status":"closed","ping_status":"closed","template":"","meta":{"footnotes":""},"class_list":["post-64","page","type-page","status-publish","hentry"],"acf":[],"_links":{"self":[{"href":"https:\/\/www.ruiqigo.com\/it\/wp-json\/wp\/v2\/pages\/64","targetHints":{"allow":["GET"]}}],"collection":[{"href":"https:\/\/www.ruiqigo.com\/it\/wp-json\/wp\/v2\/pages"}],"about":[{"href":"https:\/\/www.ruiqigo.com\/it\/wp-json\/wp\/v2\/types\/page"}],"author":[{"embeddable":true,"href":"https:\/\/www.ruiqigo.com\/it\/wp-json\/wp\/v2\/users\/9"}],"replies":[{"embeddable":true,"href":"https:\/\/www.ruiqigo.com\/it\/wp-json\/wp\/v2\/comments?post=64"}],"version-history":[{"count":0,"href":"https:\/\/www.ruiqigo.com\/it\/wp-json\/wp\/v2\/pages\/64\/revisions"}],"wp:attachment":[{"href":"https:\/\/www.ruiqigo.com\/it\/wp-json\/wp\/v2\/media?parent=64"}],"curies":[{"name":"parola chiave","href":"https:\/\/api.w.org\/{rel}","templated":true}]}}