{"id":8,"date":"2024-04-24T15:41:08","date_gmt":"2024-04-24T07:41:08","guid":{"rendered":"https:\/\/ruiqigo.com\/?page_id=8"},"modified":"2026-04-21T15:36:12","modified_gmt":"2026-04-21T07:36:12","slug":"sustainability","status":"publish","type":"page","link":"https:\/\/www.ruiqigo.com\/it\/sustainability","title":{"rendered":"Sostenibilit\u00e0"},"content":{"rendered":"<p>Le industrie cinesi si stanno concentrando sull&#039;obiettivo del &quot;doppio carbonio&quot;, che mira a ridurre le emissioni di carbonio e l&#039;inquinamento. Questo \u00e8 fondamentale per rendere l&#039;economia e la societ\u00e0 pi\u00f9 rispettose dell&#039;ambiente e sostenibili. Anche l&#039;industria della cura quotidiana della pelle sta lavorando per raggiungere questo obiettivo. RuiqiGO sostiene l&#039;idea di sviluppo sostenibile e ha ottenuto ottimi risultati in termini di risparmio energetico, riduzione delle emissioni di carbonio e tutela dell&#039;ambiente. RuiqiGO dimostra il suo impegno per la sostenibilit\u00e0 in tre modi principali: come coltiva le materie prime, come gestisce i suoi stabilimenti e come utilizza gli imballaggi. L&#039;approccio dell&#039;azienda include approvvigionamento sostenibile, produzione ecocompatibile e materiali di imballaggio ecologici.<\/p>\n\n\n\n<h2 class=\"wp-block-heading has-text-align-center\"><strong>1. Base di produzione delle materie prime<\/strong><\/h2>\n\n\n\n<h3 class=\"wp-block-heading\"><strong>Selezione di materie prime sostenibili<\/strong><\/h3>\n\n\n\n<div class=\"wp-block-columns are-vertically-aligned-center mb-60 is-layout-flex wp-container-core-columns-is-layout-9d6595d7 wp-block-columns-is-layout-flex\">\n<div class=\"wp-block-column is-vertically-aligned-center is-layout-flow wp-block-column-is-layout-flow\">\n<figure class=\"wp-block-image size-full\"><img fetchpriority=\"high\" decoding=\"async\" width=\"800\" height=\"450\" src=\"https:\/\/www.ruiqigo.com\/wp-content\/uploads\/2024\/07\/7.jpg\" alt=\"\" class=\"wp-image-719\" srcset=\"https:\/\/www.ruiqigo.com\/wp-content\/uploads\/2024\/07\/7.jpg 800w, https:\/\/www.ruiqigo.com\/wp-content\/uploads\/2024\/07\/7-768x432.jpg 768w\" sizes=\"(max-width: 800px) 100vw, 800px\" \/><\/figure>\n<\/div>\n\n\n\n<div class=\"wp-block-column is-vertically-aligned-center is-layout-flow wp-block-column-is-layout-flow\">\n<p>RuiqiGO privilegia materie prime certificate e sostenibili, come estratti vegetali biologici e ingredienti naturali, per ridurre l&#039;impatto negativo sull&#039;ambiente. Uno degli ingredienti rappresentativi \u00e8 l&#039;olio di t\u00e8, che non \u00e8 solo un olio commestibile ma vanta anche una lunga storia nella cura della pelle. L&#039;olio di t\u00e8 ha la capacit\u00e0 di nutrire i capelli e proteggere il cuoio capelluto. Ricco di nutrienti, nutre i capelli dalla radice alle punte, offrendo una cura completa. Per molte persone, l&#039;olio di t\u00e8 \u00e8 un prodotto naturale per la cura dei capelli che vale la pena provare. \u00c8 presente anche l&#039;estratto di saponina di t\u00e8, un estratto vegetale naturale derivato dalla sansa di t\u00e8 dopo l&#039;estrazione dell&#039;olio, che possiede diverse propriet\u00e0 antiossidanti e antinfiammatorie che lo rendono un ottimo prodotto per trattamenti naturali.<\/p>\n<\/div>\n<\/div>\n\n\n\n<div class=\"wp-block-columns are-vertically-aligned-center mb-60 is-layout-flex wp-container-core-columns-is-layout-9d6595d7 wp-block-columns-is-layout-flex\">\n<div class=\"wp-block-column is-vertically-aligned-center is-layout-flow wp-block-column-is-layout-flow\">\n<p>RuiqiGO utilizza saponine di t\u00e8 nei suoi prodotti, provenienti dalla propria piantagione di t\u00e8. Questa piantagione si estende per 10.000 acri nella contea di Yong Tai, vicino a Fuzhou, capitale della provincia del Fujian. RuiqiGO gestisce con cura la qualit\u00e0 della pianta di t\u00e8 fin dalla fonte e ne adatta il processo di lavorazione per l&#039;utilizzo nell&#039;industria cosmetica. La vasta piantagione di t\u00e8 dell&#039;azienda \u00e8 gestita in modo efficiente per garantire la purezza e la sicurezza delle materie prime. Grazie a questo approccio, RuiqiGO \u00e8 in grado di mantenere una qualit\u00e0 costante e affidabile delle materie prime.<\/p>\n<\/div>\n\n\n\n<div class=\"wp-block-column is-vertically-aligned-center is-layout-flow wp-block-column-is-layout-flow\">\n<figure class=\"wp-block-image size-full\"><img decoding=\"async\" width=\"800\" height=\"450\" src=\"https:\/\/www.ruiqigo.com\/wp-content\/uploads\/2024\/07\/5.jpg\" alt=\"\" class=\"wp-image-721\" srcset=\"https:\/\/www.ruiqigo.com\/wp-content\/uploads\/2024\/07\/5.jpg 800w, https:\/\/www.ruiqigo.com\/wp-content\/uploads\/2024\/07\/5-768x432.jpg 768w\" sizes=\"(max-width: 800px) 100vw, 800px\" \/><\/figure>\n<\/div>\n<\/div>\n\n\n\n<h3 class=\"wp-block-heading\"><strong>Il modello di piantagione biologica ed ecosostenibile<\/strong><\/h3>\n\n\n\n<div class=\"wp-block-columns are-vertically-aligned-center mb-60 is-layout-flex wp-container-core-columns-is-layout-9d6595d7 wp-block-columns-is-layout-flex\">\n<div class=\"wp-block-column is-vertically-aligned-center is-layout-flow wp-block-column-is-layout-flow\">\n<figure class=\"wp-block-image size-full\"><img decoding=\"async\" width=\"800\" height=\"450\" src=\"https:\/\/www.ruiqigo.com\/wp-content\/uploads\/2024\/07\/10.jpg\" alt=\"\" class=\"wp-image-723\" srcset=\"https:\/\/www.ruiqigo.com\/wp-content\/uploads\/2024\/07\/10.jpg 800w, https:\/\/www.ruiqigo.com\/wp-content\/uploads\/2024\/07\/10-768x432.jpg 768w\" sizes=\"(max-width: 800px) 100vw, 800px\" \/><\/figure>\n<\/div>\n\n\n\n<div class=\"wp-block-column is-vertically-aligned-center is-layout-flow wp-block-column-is-layout-flow\">\n<p>Nella sede di RuiqiGO, adottiamo metodi di coltivazione biologica e rifiutiamo l&#039;uso di pesticidi e fertilizzanti chimici. Lasciamo che le piante crescano sotto l&#039;umidit\u00e0 naturale della pioggia, vivendo in armonia con il suolo e i microrganismi per garantire la purezza e la sicurezza delle materie prime. Allo stesso tempo, RuiqiGO si impegna a preservare la biodiversit\u00e0 e a proteggere l&#039;habitat in cui prosperano tutte le creature. Oltre all&#039;agricoltura biologica, RuiqiGO introduce attivamente sistemi di irrigazione avanzati per il risparmio idrico, minimizzando gli sprechi d&#039;acqua attraverso un controllo preciso della quantit\u00e0 e dei tempi di irrigazione. Ci concentriamo anche sul trattamento e sul riciclo delle acque reflue per garantire che ogni goccia d&#039;acqua venga utilizzata al meglio.<\/p>\n<\/div>\n<\/div>\n\n\n\n<h2 class=\"wp-block-heading has-text-align-center\"><strong>2. Stabilimento di produzione<\/strong><\/h2>\n\n\n\n<div class=\"wp-block-columns are-vertically-aligned-center mb-60 is-layout-flex wp-container-core-columns-is-layout-9d6595d7 wp-block-columns-is-layout-flex\">\n<div class=\"wp-block-column is-vertically-aligned-center is-layout-flow wp-block-column-is-layout-flow\">\n<h3 class=\"wp-block-heading\"><strong>Risparmio energetico e miglioramento dell&#039;efficienza<\/strong><\/h3>\n\n\n\n<p>RuiqiGO adotta un approccio produttivo &quot;verde e attento all&#039;ambiente&quot;. Ha costruito un grande stabilimento ecocompatibile di 40.000 metri quadrati, all&#039;interno di un&#039;area industriale di 60 acri, con un&#039;officina pulita e conforme agli standard pi\u00f9 elevati. L&#039;azienda si attiene a una politica di &quot;risparmio energetico, sostenibilit\u00e0 e tutela ambientale&quot;. RuiqiGO utilizza attrezzature e linee di produzione all&#039;avanguardia che soddisfano gli standard GMP, gli stessi impiegati nella produzione di medicinali. Nello stabilimento, dove vengono prodotti shampoo e altri articoli, le emissioni di gas sono nettamente inferiori ai limiti previsti dalle normative cinesi. Questo permette di risparmiare oltre 600 metri cubi di gas naturale al giorno e pi\u00f9 di 600.000 RMB all&#039;anno in costi del gas.<\/p>\n<\/div>\n\n\n\n<div class=\"wp-block-column is-vertically-aligned-center is-layout-flow wp-block-column-is-layout-flow\">\n<figure class=\"wp-block-image size-full\"><img loading=\"lazy\" decoding=\"async\" width=\"800\" height=\"450\" src=\"https:\/\/www.ruiqigo.com\/wp-content\/uploads\/2024\/07\/11.jpg\" alt=\"\" class=\"wp-image-726\" srcset=\"https:\/\/www.ruiqigo.com\/wp-content\/uploads\/2024\/07\/11.jpg 800w, https:\/\/www.ruiqigo.com\/wp-content\/uploads\/2024\/07\/11-768x432.jpg 768w\" sizes=\"(max-width: 800px) 100vw, 800px\" \/><\/figure>\n<\/div>\n<\/div>\n\n\n\n<div class=\"wp-block-columns are-vertically-aligned-center mb-60 is-layout-flex wp-container-core-columns-is-layout-9d6595d7 wp-block-columns-is-layout-flex\">\n<div class=\"wp-block-column is-vertically-aligned-center is-layout-flow wp-block-column-is-layout-flow\">\n<figure class=\"wp-block-image size-full\"><img loading=\"lazy\" decoding=\"async\" width=\"800\" height=\"450\" src=\"https:\/\/www.ruiqigo.com\/wp-content\/uploads\/2024\/07\/3.jpg\" alt=\"\" class=\"wp-image-728\" srcset=\"https:\/\/www.ruiqigo.com\/wp-content\/uploads\/2024\/07\/3.jpg 800w, https:\/\/www.ruiqigo.com\/wp-content\/uploads\/2024\/07\/3-768x432.jpg 768w\" sizes=\"(max-width: 800px) 100vw, 800px\" \/><\/figure>\n<\/div>\n\n\n\n<div class=\"wp-block-column is-vertically-aligned-center is-layout-flow wp-block-column-is-layout-flow\">\n<h3 class=\"wp-block-heading\"><strong>Uso di energia pulita<\/strong><strong><\/strong><\/h3>\n\n\n\n<p>Installando due impianti fotovoltaici, RuiqiGO utilizza energia verde e riduce il consumo di elettricit\u00e0, ottenendo cos\u00ec un&#039;elevata efficienza e un notevole risparmio energetico nella produzione. La produzione di energia elettrica tramite fotovoltaico non solo riduce significativamente la dipendenza dalle fonti energetiche tradizionali, ma diminuisce anche drasticamente le emissioni di carbonio, contribuendo alla tutela dell&#039;ambiente.<\/p>\n<\/div>\n<\/div>\n\n\n\n<div class=\"wp-block-columns are-vertically-aligned-center mb-60 is-layout-flex wp-container-core-columns-is-layout-9d6595d7 wp-block-columns-is-layout-flex\">\n<div class=\"wp-block-column is-vertically-aligned-center is-layout-flow wp-block-column-is-layout-flow\">\n<h3 class=\"wp-block-heading\"><strong>Processo verde<\/strong><strong><\/strong><\/h3>\n\n\n\n<p>RuiqiGO \u00e8 costantemente impegnata nella ricerca di processi produttivi ecocompatibili per raggiungere specifici obiettivi ambientali. Ad esempio, l&#039;eliminazione delle microsfere di plastica. I prodotti per l&#039;igiene personale di uso quotidiano spesso contengono grandi quantit\u00e0 di microsfere di plastica, particelle di plastica di dimensioni inferiori a 2 millimetri. Essendo minuscole, quando si utilizzano prodotti contenenti microsfere di plastica, queste particelle finiscono nello scarico, superano gli impianti di depurazione e raggiungono l&#039;oceano. Pesci e molluschi le ingeriscono, e di conseguenza entrano a far parte del nostro cibo e persino del nostro organismo. Nel 2015, un gruppo europeo che opera nel settore cosmetico e della cura della persona ha affermato che le aziende dovrebbero smettere spontaneamente di utilizzare le microsfere di plastica nei loro prodotti.<\/p>\n<\/div>\n\n\n\n<div class=\"wp-block-column is-vertically-aligned-center is-layout-flow wp-block-column-is-layout-flow\">\n<figure class=\"wp-block-image size-full\"><img loading=\"lazy\" decoding=\"async\" width=\"800\" height=\"450\" src=\"https:\/\/www.ruiqigo.com\/wp-content\/uploads\/2024\/07\/6.jpg\" alt=\"\" class=\"wp-image-741\" srcset=\"https:\/\/www.ruiqigo.com\/wp-content\/uploads\/2024\/07\/6.jpg 800w, https:\/\/www.ruiqigo.com\/wp-content\/uploads\/2024\/07\/6-768x432.jpg 768w\" sizes=\"(max-width: 800px) 100vw, 800px\" \/><\/figure>\n<\/div>\n<\/div>\n\n\n\n<p>Da tempo RuiqiGO produce prodotti per la cura della pelle e per l&#039;igiene delle mani utilizzando ingredienti naturali al posto delle microsfere di plastica. Utilizzano ingredienti come noci, mandorle e noccioli di oliva perch\u00e9 sono perfetti per la produzione di cosmetici e detergono delicatamente senza graffiare la pelle. RuiqiGO li trasforma in scrub naturali che sostituiscono le microsfere di plastica. Inoltre, gli ingredienti naturali a volte possono rendere i prodotti pi\u00f9 scuri, ma RuiqiGO risolve questo problema aggiungendo coloranti chiari come il biossido di titanio. Questo \u00e8 sicuro e non irrita la pelle. In pi\u00f9, RuiqiGO utilizza un particolare tipo di amido di mais leggermente ruvido. Pulisce bene, non graffia e si decompone facilmente, il che \u00e8 un vantaggio per l&#039;ambiente.<\/p>\n\n\n\n<div class=\"wp-block-columns are-vertically-aligned-center mb-60 is-layout-flex wp-container-core-columns-is-layout-9d6595d7 wp-block-columns-is-layout-flex\">\n<div class=\"wp-block-column is-vertically-aligned-center is-layout-flow wp-block-column-is-layout-flow\">\n<figure class=\"wp-block-image size-full\"><img loading=\"lazy\" decoding=\"async\" width=\"800\" height=\"450\" src=\"https:\/\/www.ruiqigo.com\/wp-content\/uploads\/2024\/07\/12.jpg\" alt=\"\" class=\"wp-image-733\" srcset=\"https:\/\/www.ruiqigo.com\/wp-content\/uploads\/2024\/07\/12.jpg 800w, https:\/\/www.ruiqigo.com\/wp-content\/uploads\/2024\/07\/12-768x432.jpg 768w\" sizes=\"(max-width: 800px) 100vw, 800px\" \/><\/figure>\n<\/div>\n\n\n\n<div class=\"wp-block-column is-vertically-aligned-center is-layout-flow wp-block-column-is-layout-flow\">\n<h3 class=\"wp-block-heading\"><strong>Riciclaggio delle acque reflue e dei gas<\/strong><strong><\/strong><\/h3>\n\n\n\n<p>RuiqiGO segue il principio di &quot;missione verde, futuro pulito&quot; nella gestione delle acque reflue e dei gas di scarico. L&#039;azienda ha implementato sistemi per il riciclo delle acque reflue e la depurazione dei gas di scarico all&#039;interno del proprio stabilimento. Il sistema di trattamento delle acque reflue utilizza filtri di alta qualit\u00e0 e processi di depurazione specifici per trasformare l&#039;acqua sporca derivante dalla produzione in acqua riutilizzabile, con un conseguente beneficio per l&#039;ambiente. Allo stesso tempo, il sistema di depurazione dei gas di scarico impiega tecnologie innovative per purificare i gas nocivi e renderli sicuri. Il sistema di trattamento delle acque reflue \u00e8 in grado di depurare 100 tonnellate di acqua al giorno, mentre il sistema di depurazione dei gas di scarico riduce le emissioni di gas chimici di 701 tonnellate e di CO2 di ulteriori 301 tonnellate per ogni prodotto realizzato. Inoltre, RuiqiGO si impegna a gestire in modo responsabile l&#039;utilizzo e lo smaltimento di materie prime e prodotti chimici. L&#039;azienda dispone di un sistema per la loro separazione e stoccaggio, e collabora con un&#039;altra azienda per il loro riciclo tempestivo.<\/p>\n<\/div>\n<\/div>\n\n\n\n<h2 class=\"wp-block-heading has-text-align-center\"><strong>3. Materiali di imballaggio ecocompatibili<\/strong><\/h2>\n\n\n\n<div class=\"wp-block-columns are-vertically-aligned-center mb-60 is-layout-flex wp-container-core-columns-is-layout-9d6595d7 wp-block-columns-is-layout-flex\">\n<div class=\"wp-block-column is-vertically-aligned-center is-layout-flow wp-block-column-is-layout-flow\">\n<h3 class=\"wp-block-heading\"><strong>Utilizzo di materiali ecosostenibili di prima qualit\u00e0:<\/strong><strong><\/strong><\/h3>\n\n\n\n<p>RuiqiGO sa che i vecchi imballaggi possono danneggiare l&#039;ambiente, quindi utilizza materiali ecocompatibili. Per il confezionamento dei suoi prodotti, impiega plastiche biodegradabili che si decompongono facilmente in natura senza danneggiare l&#039;ambiente o le piante. Le plastiche biodegradabili sono una scelta popolare e collaudata per gli imballaggi. Si decompongono rapidamente grazie all&#039;aggiunta di sostanze speciali che accelerano il processo. \u00c8 possibile trovare imballaggi biodegradabili come sacchetti, cannucce e penne. Dal 2020, RuiqiGO si impegna a sviluppare imballaggi riciclabili o biodegradabili. Ha creato delle piccole bustine da viaggio da 10-12 ml, molto apprezzate in Europa e negli Stati Uniti.<\/p>\n<\/div>\n\n\n\n<div class=\"wp-block-column is-vertically-aligned-center is-layout-flow wp-block-column-is-layout-flow\">\n<figure class=\"wp-block-image size-full\"><img loading=\"lazy\" decoding=\"async\" width=\"800\" height=\"450\" src=\"https:\/\/www.ruiqigo.com\/wp-content\/uploads\/2024\/07\/9.jpg\" alt=\"\" class=\"wp-image-730\" srcset=\"https:\/\/www.ruiqigo.com\/wp-content\/uploads\/2024\/07\/9.jpg 800w, https:\/\/www.ruiqigo.com\/wp-content\/uploads\/2024\/07\/9-768x432.jpg 768w\" sizes=\"(max-width: 800px) 100vw, 800px\" \/><\/figure>\n<\/div>\n<\/div>\n\n\n\n<div class=\"wp-block-columns are-vertically-aligned-center mb-60 is-layout-flex wp-container-core-columns-is-layout-9d6595d7 wp-block-columns-is-layout-flex\">\n<div class=\"wp-block-column is-vertically-aligned-center is-layout-flow wp-block-column-is-layout-flow\">\n<figure class=\"wp-block-image size-full\"><img loading=\"lazy\" decoding=\"async\" width=\"800\" height=\"450\" src=\"https:\/\/www.ruiqigo.com\/wp-content\/uploads\/2024\/07\/8.jpg\" alt=\"\" class=\"wp-image-736\" srcset=\"https:\/\/www.ruiqigo.com\/wp-content\/uploads\/2024\/07\/8.jpg 800w, https:\/\/www.ruiqigo.com\/wp-content\/uploads\/2024\/07\/8-768x432.jpg 768w\" sizes=\"(max-width: 800px) 100vw, 800px\" \/><\/figure>\n<\/div>\n\n\n\n<div class=\"wp-block-column is-vertically-aligned-center is-layout-flow wp-block-column-is-layout-flow\">\n<h3 class=\"wp-block-heading\"><strong>Ottimizzare il design dell&#039;imballaggio<\/strong><strong><\/strong><\/h3>\n\n\n\n<p>RuiqiGO si impegna anche a migliorare il packaging e a ridurne l&#039;utilizzo. Calcola con precisione lo spazio e il peso necessari per i suoi prodotti, in modo da poter realizzare scatole pi\u00f9 piccole e leggere. Questo contribuisce a proteggere i prodotti durante il trasporto e a ridurre gli sprechi. Ad esempio, RuiqiGO ha creato una nuova confezione per uno shampoo. \u00c8 esteticamente gradevole e consente di risparmiare inchiostro, cartone, materiale di imbottitura e spazio durante la spedizione. Con le vecchie scatole, era possibile imballarne quattro in una scatola grande con un&#039;immagine stampata sopra. La nuova scatola ha un fondo speciale che il personale del negozio pu\u00f2 rimuovere per maneggiare lo shampoo ed esporlo in negozio. Il nuovo design utilizza molto meno materiale. Ha un semplice &quot;coperchio di carta&quot; che si rimuove facilmente per proteggere lo shampoo durante la spedizione e non necessita di alcuna stampa. Questo packaging migliorato consente di risparmiare 67 tonnellate di carta, significa che sono necessari 52 camion in meno per il trasporto dello shampoo e riduce il consumo di inchiostro fino a 801 tonnellate all&#039;anno.<\/p>\n<\/div>\n<\/div>\n\n\n\n<p>Inoltre, RuiqiGO continua a migliorare il nuovo design del sistema di pompaggio per altri prodotti in bottiglia e in lattina, risparmiando 8 tonnellate di plastica all&#039;anno e 40 tonnellate di cartoni esterni all&#039;anno grazie all&#039;ottimizzazione del processo di confezionamento. I nuovi shampoo lanciati di recente hanno permesso di risparmiare circa 131 tonnellate di materiali di imballaggio per bottiglia grazie al miglioramento del design del tappo e della bottiglia.<\/p>\n\n\n\n<div class=\"wp-block-columns are-vertically-aligned-center mb-60 is-layout-flex wp-container-core-columns-is-layout-9d6595d7 wp-block-columns-is-layout-flex\">\n<div class=\"wp-block-column is-vertically-aligned-center is-layout-flow wp-block-column-is-layout-flow\">\n<h3 class=\"wp-block-heading\"><strong>Lanciata una strategia di riciclo degli imballaggi<\/strong><strong><\/strong><\/h3>\n\n\n\n<p>Una ricerca dell&#039;American Association for the Advancement of Science (AAAS) dimostra che circa 401 tonnellate delle oltre 400 milioni di tonnellate di plastica prodotte ogni anno provengono dagli imballaggi e che questi imballaggi in plastica vengono solitamente utilizzati una sola volta prima di essere gettati via. Per questo motivo, RuiqiGO ha introdotto un programma di riciclo degli imballaggi rivolto ai consumatori, per incoraggiarli a partecipare a iniziative ambientali. I clienti possono portare i flaconi vuoti di cosmetici presso punti vendita convenzionati per riciclarli. In cambio, riceveranno un campioncino gratuito di cosmetici. Questo aiuta le persone a raccogliere e riciclare pi\u00f9 flaconi, riducendo cos\u00ec la quantit\u00e0 di rifiuti. I flaconi raccolti verranno trasformati in nuovi prodotti o utilizzati per produrre energia.<\/p>\n<\/div>\n\n\n\n<div class=\"wp-block-column is-vertically-aligned-center is-layout-flow wp-block-column-is-layout-flow\">\n<figure class=\"wp-block-image size-full\"><img loading=\"lazy\" decoding=\"async\" width=\"800\" height=\"450\" src=\"https:\/\/www.ruiqigo.com\/wp-content\/uploads\/2024\/07\/2.jpg\" alt=\"\" class=\"wp-image-739\" srcset=\"https:\/\/www.ruiqigo.com\/wp-content\/uploads\/2024\/07\/2.jpg 800w, https:\/\/www.ruiqigo.com\/wp-content\/uploads\/2024\/07\/2-768x432.jpg 768w\" sizes=\"(max-width: 800px) 100vw, 800px\" \/><\/figure>\n<\/div>\n<\/div>\n\n\n\n<h2 class=\"wp-block-heading has-text-align-center\"><strong>Conclusione<\/strong><strong><\/strong><\/h2>\n\n\n\n<p>RuiqiGO comprende che lo sviluppo sostenibile non \u00e8 solo uno slogan, ma un&#039;azione concreta. Per questo motivo, RuiqiGO partecipa attivamente a diverse iniziative di pubblica utilit\u00e0 in campo ambientale, promuove il concetto di consumo ecocompatibile e incoraggia lo sviluppo del settore in una direzione pi\u00f9 rispettosa dell&#039;ambiente e sostenibile. Ci auguriamo che, grazie al nostro impegno, sempre pi\u00f9 persone comprendano e prestino attenzione allo sviluppo sostenibile, contribuendo insieme a un futuro migliore per il nostro pianeta. Scegliere i nostri prodotti chimici di uso quotidiano significa scegliere la cura e la responsabilit\u00e0 verso la Terra e le generazioni future. Insieme, costruiremo un futuro pi\u00f9 verde e migliore!<\/p>","protected":false},"excerpt":{"rendered":"China&#8217;s industries are focusing on the &#8216;dual-carbon&#8217; goal, which aims to reduce carbon emissions and pollution. This is important for making the economy and society more environmentally friendly and sustainable. The daily skincare industry is also working towards this goal. RuiqiGO supports the idea of sustainable development and has done well in saving energy, reducing [&hellip;]","protected":false},"author":9,"featured_media":717,"parent":0,"menu_order":0,"comment_status":"closed","ping_status":"closed","template":"","meta":{"footnotes":""},"class_list":["post-8","page","type-page","status-publish","has-post-thumbnail","hentry"],"acf":[],"_links":{"self":[{"href":"https:\/\/www.ruiqigo.com\/it\/wp-json\/wp\/v2\/pages\/8","targetHints":{"allow":["GET"]}}],"collection":[{"href":"https:\/\/www.ruiqigo.com\/it\/wp-json\/wp\/v2\/pages"}],"about":[{"href":"https:\/\/www.ruiqigo.com\/it\/wp-json\/wp\/v2\/types\/page"}],"author":[{"embeddable":true,"href":"https:\/\/www.ruiqigo.com\/it\/wp-json\/wp\/v2\/users\/9"}],"replies":[{"embeddable":true,"href":"https:\/\/www.ruiqigo.com\/it\/wp-json\/wp\/v2\/comments?post=8"}],"version-history":[{"count":0,"href":"https:\/\/www.ruiqigo.com\/it\/wp-json\/wp\/v2\/pages\/8\/revisions"}],"wp:featuredmedia":[{"embeddable":true,"href":"https:\/\/www.ruiqigo.com\/it\/wp-json\/wp\/v2\/media\/717"}],"wp:attachment":[{"href":"https:\/\/www.ruiqigo.com\/it\/wp-json\/wp\/v2\/media?parent=8"}],"curies":[{"name":"parola chiave","href":"https:\/\/api.w.org\/{rel}","templated":true}]}}