{"id":1034,"date":"2024-09-04T15:51:06","date_gmt":"2024-09-04T07:51:06","guid":{"rendered":"https:\/\/ruiqigo.com\/?post_type=product&#038;p=1034"},"modified":"2025-09-03T15:21:47","modified_gmt":"2025-09-03T07:21:47","slug":"alkaline-mouthwash","status":"publish","type":"product","link":"https:\/\/www.ruiqigo.com\/it\/product\/alkaline-mouthwash","title":{"rendered":"Collutorio alcalino"},"content":{"rendered":"<h2 class=\"wp-block-heading\">I 5 MIGLIORI benefici del collutorio alcalino<\/h2>\n\n\n\n<p>Il collutorio alcalino ci aiuta a pulire le aree che i nostri spazzolini e il filo interdentale non riescono a raggiungere, quindi \u00e8 anche una parte importante per mantenere le gengive sane. Ecco 5 vantaggi chiave del nostro collutorio alcalino:<\/p>\n\n\n\n<h3 class=\"wp-block-heading\">TOP 1: Mantenere l&#039;equilibrio acido-base in bocca<\/h3>\n\n\n\n<p>L&#039;interno della bocca umana \u00e8 solitamente un ambiente acido, e l&#039;ambiente acido \u00e8 anche una delle cause della crescita batterica e della formazione della placca.<\/p>\n\n\n\n<p>I marchi di collutorio pi\u00f9 comuni sul mercato sono collutorio acido, il collutorio acido ha una forte capacit\u00e0 battericida, ma \u00e8 pi\u00f9 stimolante quando viene utilizzato, non \u00e8 adatto alla maggior parte delle persone e l&#039;uso frequente a lungo termine pu\u00f2 anche distruggere l&#039;equilibrio acido-base nella bocca, aggravare l&#039;erosione dello smalto dei denti, causando malattie orali. Rispetto ai collutori tradizionali, il collutorio alcalino che abbiamo sviluppato \u00e8 pi\u00f9 focalizzato sull&#039;equilibrio del pH orale, delicato e non irritante ed \u00e8 pi\u00f9 adatto alla maggior parte dei gruppi per proteggere la nostra salute orale.<\/p>\n\n\n\n<h3 class=\"wp-block-heading\">TOP 2: Alleviare la sensibilit\u00e0 orale<\/h3>\n\n\n\n<p>Il fluoro \u00e8 una sostanza efficace per prevenire la carie dentale. Pu\u00f2 penetrare la superficie del dente e combinarsi con i minerali nel dente per formare una pellicola protettiva per migliorare la capacit\u00e0 anti-carie del dente. Questa pellicola protettiva pu\u00f2 prevenire l&#039;irritazione esterna, alleviando cos\u00ec i sintomi della sensibilit\u00e0 dentale e pu\u00f2 migliorare ulteriormente il dolore e la debolezza dei denti. Inoltre, il collutorio alcalino pu\u00f2 anche inibire la crescita di batteri nocivi, ridurre la formazione di placca dentale e ottenere una prevenzione efficace e un trattamento ausiliario.<\/p>\n\n\n\n<h3 class=\"wp-block-heading\">TOP 3: Alito fresco<\/h3>\n\n\n\n<p>Il nostro team ha aggiunto menta e altri ingredienti rinfrescanti per l&#039;alito per migliorare l&#039;alito cattivo. Questi ingredienti rimuovono rapidamente gli odori dalla bocca, lasciando una sensazione di freschezza. Non solo, gli ingredienti idratanti nel nostro collutorio alcalino possono anche idratare la mucosa orale e alleviare i sintomi della secchezza delle fauci, riducendo cos\u00ec la comparsa di alito cattivo. Rispetto al collutorio normale, l&#039;ambiente alcalino ha un effetto batteriostatico su molti batteri, pu\u00f2 bilanciare la flora e pulire la bocca, quindi il suo effetto rinfrescante sar\u00e0 pi\u00f9 duraturo, aiutando a mantenere la bocca fresca e confortevole per lungo tempo.<\/p>\n\n\n\n<p>Come parte della cura orale quotidiana, il collutorio alcalino agisce sulle gengive meglio degli spazzolini e del filo interdentale per rimuovere residui di cibo e batteri; inoltre, la nostra confezione \u00e8 studiata per essere facile da trasportare, quindi ritengo che il nostro collutorio alcalino sia una scelta affidabile, soprattutto per chi soffre di alito cattivo.<\/p>\n\n\n\n<h3 class=\"wp-block-heading\">TOP 4: Favorisce la riparazione e la guarigione orale<\/h3>\n\n\n\n<p>Il bicarbonato di sodio, come uno degli ingredienti del collutorio alcalino, pu\u00f2 neutralizzare le sostanze acide sulla superficie delle ulcere, riducendo cos\u00ec l&#039;irritazione della mucosa orale, ottenendo effetti antibatterici e antinfiammatori, che possono alleviare il dolore e favorire la guarigione. Inoltre, il collutorio pu\u00f2 penetrare in tutti gli angoli e le fessure della bocca e pu\u00f2 pulire in profondit\u00e0 lo sporco piccolo come gli scarti di cibo per mantenere un ambiente orale sano e pulito, il che aiuta anche a ridurre la crescita batterica e creare un buon ambiente per la guarigione delle ulcere orali. Abbiamo anche aggiunto alcuni ingredienti che promuovono la riparazione della mucosa orale, che non solo promuove la guarigione della superficie dell&#039;ulcera, ma migliora anche la funzione di barriera e riduce il rischio di ulcere orali. Tuttavia, quando lo si utilizza, si consiglia di utilizzarlo correttamente secondo le istruzioni ed evitare di assumerne troppo o troppo frequentemente, per recuperare in modo pi\u00f9 efficace.<\/p>\n\n\n\n<h3 class=\"wp-block-heading\">TOP 5: Promuovere la salute orale<\/h3>\n\n\n\n<p>Nel processo di cura quotidiana, generalmente utilizziamo spazzolini e filo interdentale per pulire la bocca dopo i pasti, e la pulizia ausiliaria del collutorio pu\u00f2 andare in profondit\u00e0 nelle aree che non possono essere pulite per garantire una pulizia completa della bocca, e il collutorio alcalino pu\u00f2 uccidere efficacemente i batteri e inibire i batteri, e formare una pellicola protettiva nella bocca, migliorare la barriera, ridurre la crescita dei batteri e prevenire le malattie orali. Non solo, ma aggiungiamo il fattore menta che pu\u00f2 anche rinfrescare l&#039;alito, utilizzato per l&#039;ufficio di appuntamenti e altre occasioni, abbiamo sviluppato un collutorio alcalino che \u00e8 facile da trasportare e comodo da usare. Spero che tu possa sviluppare buone abitudini di cura orale e promuovere la tua salute orale.<\/p>\n\n\n\n<h2 class=\"wp-block-heading\">Alcuni suggerimenti per l&#039;uso<\/h2>\n\n\n\n<p>L&#039;uso corretto del collutorio \u00e8 molto importante per la nostra salute orale, ecco alcune linee guida per l&#039;uso:<\/p>\n\n\n\n<p>1. Utilizzare un collutorio alcalino dopo lo shampoo al mattino e alla sera per aiutare a pulire i denti; pu\u00f2 essere utilizzato anche dopo i pasti per neutralizzare le sostanze acide apportate dai residui di cibo e mantenere l&#039;equilibrio acido-base in bocca.<\/p>\n\n\n\n<p>2. Prendi la giusta quantit\u00e0 di collutorio e versala in bocca seguendo le istruzioni. Alcuni prodotti potrebbero dover essere diluiti.<\/p>\n\n\n\n<p>3. Fare dei gargarismi delicati 5 volte da sinistra a destra, prestando attenzione ai denti superiori e inferiori, al lato della lingua e alle labbra e infine tornare alla lingua per fare dei gargarismi avanti e indietro e sputare il collutorio dopo aver fatto i gargarismi; l&#039;intero processo dura circa 30 secondi-1 minuto, per garantire che il collutorio tocchi completamente l&#039;intera bocca.<\/p>\n\n\n\n<p>4. Per mantenere l&#039;effetto del collutorio, non bere n\u00e9 mangiare per mezz&#039;ora dopo aver fatto i gargarismi.<\/p>\n\n\n\n<p>5. La frequenza di utilizzo del collutorio dipende dalle condizioni orali dell&#039;individuo. Se si avverte fastidio durante il processo di gargarismo, interrompere immediatamente l&#039;uso e consultare un medico.<\/p>\n\n\n\n<h2 class=\"wp-block-heading\">Conclusione<\/h2>\n\n\n\n<p>Il collutorio alcalino svolge un importante ruolo ausiliario nella cura della salute orale e l&#039;uso corretto del collutorio alcalino pu\u00f2 proteggere efficacemente la salute orale. Tuttavia, prestare attenzione a seguire le istruzioni del prodotto e le raccomandazioni del medico durante l&#039;uso, \u00e8 possibile eseguire regolarmente un esame orale quando necessario e prestare attenzione a una dieta sana e a un buon riposo e riposo nella vita quotidiana, per prevenire meglio le malattie orali.<\/p>\n\n\n\n<p><\/p>","protected":false},"excerpt":{"rendered":"TOP 5 benefits of Alkaline Mouthwash Alkaline mouthwash helps us clean areas that our toothbrushes and floss fail to reach, so it&#8217;s also an important part of keeping your gums healthy. Here are 5 key benefits of our alkaline mouthwash: TOP 1: Maintain acid-base balance in the mouth The inside of the human mouth is [&hellip;]","protected":false},"featured_media":1035,"menu_order":0,"template":"","meta":[],"product-tag":[201,206,207,208,211,212,216],"products":[72],"class_list":["post-1034","product","type-product","status-publish","has-post-thumbnail","hentry","product-tag-mouthwash-manufacturer","product-tag-mouthwash-companies","product-tag-mouthwash-factory","product-tag-mouthwash-suppliers","product-tag-alkaline-mouthwash-manufacturer","product-tag-mouthwash-contract-manufacturer","product-tag-private-label-mouthwash-manufacturers","products-mouthwash"],"acf":[],"_links":{"self":[{"href":"https:\/\/www.ruiqigo.com\/it\/wp-json\/wp\/v2\/product\/1034","targetHints":{"allow":["GET"]}}],"collection":[{"href":"https:\/\/www.ruiqigo.com\/it\/wp-json\/wp\/v2\/product"}],"about":[{"href":"https:\/\/www.ruiqigo.com\/it\/wp-json\/wp\/v2\/types\/product"}],"version-history":[{"count":0,"href":"https:\/\/www.ruiqigo.com\/it\/wp-json\/wp\/v2\/product\/1034\/revisions"}],"wp:featuredmedia":[{"embeddable":true,"href":"https:\/\/www.ruiqigo.com\/it\/wp-json\/wp\/v2\/media\/1035"}],"wp:attachment":[{"href":"https:\/\/www.ruiqigo.com\/it\/wp-json\/wp\/v2\/media?parent=1034"}],"wp:term":[{"taxonomy":"product-tag","embeddable":true,"href":"https:\/\/www.ruiqigo.com\/it\/wp-json\/wp\/v2\/product-tag?post=1034"},{"taxonomy":"products","embeddable":true,"href":"https:\/\/www.ruiqigo.com\/it\/wp-json\/wp\/v2\/products?post=1034"}],"curies":[{"name":"parola chiave","href":"https:\/\/api.w.org\/{rel}","templated":true}]}}