{"id":1042,"date":"2024-09-06T14:56:39","date_gmt":"2024-09-06T06:56:39","guid":{"rendered":"https:\/\/ruiqigo.com\/?post_type=product&#038;p=1042"},"modified":"2025-09-03T15:21:38","modified_gmt":"2025-09-03T07:21:38","slug":"propolis-mouthwash","status":"publish","type":"product","link":"https:\/\/www.ruiqigo.com\/it\/product\/propolis-mouthwash","title":{"rendered":"Collutorio alla propoli"},"content":{"rendered":"<h2 class=\"wp-block-heading\">Ricetta per collutorio alla propoli<\/h2>\n\n\n\n<p><strong>1. Propoli: <\/strong>Come ingrediente importante nel collutorio alla propoli, la propoli \u00e8 un estratto naturale con effetti antibatterici e antinfiammatori, che pu\u00f2 promuovere la rigenerazione dei tessuti e la salute orale<\/p>\n\n\n\n<p><strong>2. Xilitolo: <\/strong>Pu\u00f2 favorire la secrezione di saliva e ridurre le sostanze acide, riducendo cos\u00ec l&#039;erosione dei denti<\/p>\n\n\n\n<p><strong>3. Menta: <\/strong>Ha un aroma fresco e dolce, che pu\u00f2 migliorare il gusto del collutorio e ottenere l&#039;effetto di un alito fresco<\/p>\n\n\n\n<p><strong>4. Glicerina:<\/strong> Aiuta a mantenere la bocca umida e ad alleviare la situazione di secchezza delle fauci<\/p>\n\n\n\n<h2 class=\"wp-block-heading\">Caratteristiche del collutorio alla propoli<\/h2>\n\n\n\n<h3 class=\"wp-block-heading\">1. Ingredienti naturali<\/h3>\n\n\n\n<p>L&#039;ingrediente principale \u00e8 la propoli, una sostanza naturale con una variet\u00e0 di principi attivi<\/p>\n\n\n\n<h3 class=\"wp-block-heading\">2. Antibatterico e antinfiammatorio<\/h3>\n\n\n\n<p>I principi attivi della propoli possono inibire ed eliminare i batteri nocivi nella bocca e ridurre l&#039;infiammazione orale<\/p>\n\n\n\n<h3 class=\"wp-block-heading\">3. Delicato e non irritante<\/h3>\n\n\n\n<p>Il nostro collutorio non aggiunge alcol e altri ingredienti irritanti, ed \u00e8 pi\u00f9 delicato e confortevole, adatto alla maggior parte delle persone<\/p>\n\n\n\n<h3 class=\"wp-block-heading\">4. Comodo e portatile<\/h3>\n\n\n\n<p>Il collutorio \u00e8 semplice da usare, non bisogna sceglierlo in base all&#039;occasione, e il nostro design della confezione pu\u00f2 essere facilmente trasportato e utilizzato in qualsiasi momento.<\/p>\n\n\n\n<h2 class=\"wp-block-heading\">Alcune efficienze&nbsp;<\/h2>\n\n\n\n<h3 class=\"wp-block-heading\">1. Antinfiammatorio e antidolorifico<\/h3>\n\n\n\n<p>I principi attivi del collutorio alla propoli hanno una forte capacit\u00e0 antibatterica, che pu\u00f2 inibire la crescita dei batteri e ridurre i danni dei batteri alla mucosa orale, riducendo cos\u00ec l&#039;infiammazione. La propoli ha un effetto analgesico naturale, pu\u00f2 agire all&#039;interno della bocca, alleviare le ulcere della bocca e i sintomi delle gengive gonfie.<\/p>\n\n\n\n<h3 class=\"wp-block-heading\">2. Prevenzione delle malattie orali<\/h3>\n\n\n\n<p>L&#039;ambiente orale del corpo umano \u00e8 normalmente acido e i batteri continueranno a crescere e moltiplicarsi nell&#039;ambiente acido, causando infiammazioni croniche come la malattia parodontale, che rappresenta una seria minaccia per la salute dei nostri denti e gengive. Il nostro collutorio alla propoli pu\u00f2 neutralizzare il valore del pH nella bocca, inibire la crescita dei batteri all&#039;interno della bocca e formare un ambiente orale relativamente sano, l&#039;uso a lungo termine pu\u00f2 prevenire la malattia parodontale, la carie dentale e altre malattie orali.<\/p>\n\n\n\n<h3 class=\"wp-block-heading\">3. Migliorare l&#039;immunit\u00e0 orale<\/h3>\n\n\n\n<p>Il collutorio alla propoli previene l&#039;ulteriore peggioramento dell&#039;infiammazione grazie agli effetti antinfiammatori, riduce il rischio di infezioni orali e regola la risposta immunitaria all&#039;interno della bocca, proteggendo cos\u00ec la salute orale. In secondo luogo, i principi attivi presenti nel collutorio alla propoli possono rafforzare l&#039;immunit\u00e0 dell&#039;organismo e agire indirettamente sull&#039;interno della bocca per aumentare la resistenza orale ai patogeni. Non solo, gli ingredienti antiossidanti che abbiamo aggiunto possono eliminare i radicali liberi dalla bocca, ridurre i danni dei radicali liberi alla mucosa orale e aiutare a rafforzare l&#039;immunit\u00e0.<\/p>\n\n\n\n<h3 class=\"wp-block-heading\">4. Alito fresco<\/h3>\n\n\n\n<p>Le cause dell&#039;alitosi sono divise in fisiologiche e patologiche, patologiche si riferisce a malattie orali, come gengivite, parodontite, ecc., queste malattie produrranno odori corrotti, ovvero alitosi. Mentre fisiologico si riferisce all&#039;alito cattivo causato da residui di cibo e alcune cattive abitudini alimentari, fisiologico \u00e8 pi\u00f9 breve di patologico. Ecco perch\u00e9 il nostro collutorio alla propoli \u00e8 infuso con ingredienti come la menta, che rimuove gli odori dalla bocca, mantiene l&#039;alito fresco e ha un aroma duraturo, ed evita imbarazzi sociali dopo i pasti. L&#039;uso a lungo termine pu\u00f2 anche aiutare nel trattamento dell&#039;alitosi patologica.<\/p>\n\n\n\n<h3 class=\"wp-block-heading\">5. Promuovere la guarigione dei tessuti<\/h3>\n\n\n\n<p>La propoli ha effetti antinfiammatori e analgesici, che aiutano anche a ridurre i danni causati dall&#039;infiammazione e ad accelerare la riparazione dei tessuti; inoltre, i principi attivi aggiunti al collutorio alla propoli possono penetrare nei tessuti danneggiati, stimolare la proliferazione e la differenziazione cellulare e promuovere la riparazione della mucosa orale. Allo stesso tempo, la propoli ha anche un effetto astringente, che pu\u00f2 ridurre la ferita e mantenerla asciutta e pulita, fornendo un buon ambiente per accelerare la riparazione dei tessuti. Questo \u00e8 senza dubbio un importante strumento di pulizia ausiliario per i pazienti con infiammazione orale come le ulcere aftose.<\/p>\n\n\n\n<h2 class=\"wp-block-heading\">Istruzioni per l&#039;uso<\/h2>\n\n\n\n<p>Ci sono istruzioni allegate ai nostri prodotti. Si consiglia di utilizzarli secondo le istruzioni. Agitare bene prima dell&#039;uso in modo che il materiale interno sia miscelato uniformemente.&nbsp;<\/p>\n\n\n\n<h3 class=\"wp-block-heading\">Fase 1: <\/h3>\n\n\n\n<p>\u00c8 necessario assumere una quantit\u00e0 adeguata di collutorio, il tappo del nostro flacone ha una filettatura all&#039;interno, che pu\u00f2 essere utilizzata come strumento di misurazione, circa 10-15 ml;\u00a0<\/p>\n\n\n\n<h3 class=\"wp-block-heading\">Fase 2:<\/h3>\n\n\n\n<p>Quindi metti il collutorio in bocca e fai dei gargarismi da sinistra a destra e poi verso la parte anteriore della bocca pi\u00f9 volte, e infine fai passare il collutorio sulla lingua, assicurandoti che il collutorio copra tutti gli angoli e le fessure all&#039;interno della bocca, il tempo di gargarismo \u00e8 solitamente da 30 secondi a 1 minuto;<\/p>\n\n\n\n<h3 class=\"wp-block-heading\">Fase 3:<\/h3>\n\n\n\n<p>Infine, sputa il collutorio e fai attenzione a non ingerirlo. Ti consigliamo di non bere acqua o mangiare entro mezz&#039;ora dal gargarismo, per formare meglio una pellicola protettiva e mantenere l&#039;alito fresco.\u00a0<\/p>\n\n\n\n<p>La frequenza di utilizzo del collutorio varia da persona a persona. Di solito pu\u00f2 essere utilizzato dopo lo spazzolamento o dopo i pasti. Se si avverte qualsiasi fastidio durante l&#039;utilizzo, interrompere immediatamente l&#039;uso e consultare il medico. Il nostro collutorio \u00e8 facile da trasportare e pu\u00f2 essere tenuto a casa o in viaggio, ma deve essere conservato in un luogo fresco e asciutto.<\/p>\n\n\n\n<h2 class=\"wp-block-heading\">Popolazione applicabile<\/h2>\n\n\n\n<p>Il nostro collutorio alla propoli \u00e8 sicuro, delicato e non irritante, ed \u00e8 un aiuto essenziale per la maggior parte delle persone, in particolare per coloro che soffrono di infiammazioni orali, cos\u00ec come di alito cattivo dovuto al fumo, alla mancanza di pulizia della bocca per lungo tempo e alle cattive abitudini alimentari. Allo stesso tempo, il design della nostra confezione \u00e8 adatto anche per essere trasportato in qualsiasi momento, favorevole a viaggi di lavoro, viaggi, appuntamenti e altre occasioni sociali da utilizzare, per un alito fresco e rapido e per migliorare la sicurezza. Tuttavia, le donne incinte, allergiche alla propoli, i bambini che allattano e altri gruppi speciali devono comunque utilizzarlo sotto la guida di un medico.<\/p>\n\n\n\n<h2 class=\"wp-block-heading\">Conclusione<\/h2>\n\n\n\n<p>La cura orale \u00e8 un processo a lungo termine, dovremmo combinare diversi modi per pulire la bocca, come spazzolini da denti, filo interdentale, collutorio, ecc., insieme per prenderci cura della nostra salute orale. Come uno degli strumenti ausiliari per la cura orale, il nostro collutorio alla propoli aggiunge propoli naturale pura e altri ingredienti a base di collutorio ordinario e ha anche un buon effetto antibatterico e antinfiammatorio in condizioni di pulizia delicata e non irritante, profonda, prevenendo attivamente le malattie orali, migliorando l&#039;immunit\u00e0 orale e rinfrescando l&#039;alito. Non solo ha una variet\u00e0 di benefici, ma funziona anche per la maggior parte delle persone ed \u00e8 una scelta affidabile.<\/p>\n\n\n\n<p><\/p>","protected":false},"excerpt":{"rendered":"Recipe for Propolis Mouthwash 1. Propolis: As an important ingredient in propolis mouthwash, propolis is a natural extract with antibacterial and anti-inflammatory effects, which can promote tissue regeneration and oral health 2. Xylitol: It can promote saliva secretion, and reduce acidic substances, thereby reducing tooth erosion 3. Mint: It has a fresh and sweet aroma, [&hellip;]","protected":false},"featured_media":1043,"menu_order":0,"template":"","meta":[],"product-tag":[201,206,207,208,212,213,216],"products":[72],"class_list":["post-1042","product","type-product","status-publish","has-post-thumbnail","hentry","product-tag-mouthwash-manufacturer","product-tag-mouthwash-companies","product-tag-mouthwash-factory","product-tag-mouthwash-suppliers","product-tag-mouthwash-contract-manufacturer","product-tag-antiseptic-mouthwashes-manufacturer","product-tag-private-label-mouthwash-manufacturers","products-mouthwash"],"acf":[],"_links":{"self":[{"href":"https:\/\/www.ruiqigo.com\/it\/wp-json\/wp\/v2\/product\/1042","targetHints":{"allow":["GET"]}}],"collection":[{"href":"https:\/\/www.ruiqigo.com\/it\/wp-json\/wp\/v2\/product"}],"about":[{"href":"https:\/\/www.ruiqigo.com\/it\/wp-json\/wp\/v2\/types\/product"}],"version-history":[{"count":0,"href":"https:\/\/www.ruiqigo.com\/it\/wp-json\/wp\/v2\/product\/1042\/revisions"}],"wp:featuredmedia":[{"embeddable":true,"href":"https:\/\/www.ruiqigo.com\/it\/wp-json\/wp\/v2\/media\/1043"}],"wp:attachment":[{"href":"https:\/\/www.ruiqigo.com\/it\/wp-json\/wp\/v2\/media?parent=1042"}],"wp:term":[{"taxonomy":"product-tag","embeddable":true,"href":"https:\/\/www.ruiqigo.com\/it\/wp-json\/wp\/v2\/product-tag?post=1042"},{"taxonomy":"products","embeddable":true,"href":"https:\/\/www.ruiqigo.com\/it\/wp-json\/wp\/v2\/products?post=1042"}],"curies":[{"name":"parola chiave","href":"https:\/\/api.w.org\/{rel}","templated":true}]}}