{"id":1074,"date":"2024-09-14T16:01:50","date_gmt":"2024-09-14T08:01:50","guid":{"rendered":"https:\/\/ruiqigo.com\/?post_type=product&#038;p=1074"},"modified":"2024-11-14T17:28:10","modified_gmt":"2024-11-14T09:28:10","slug":"rosemary-essential-oil","status":"publish","type":"product","link":"https:\/\/www.ruiqigo.com\/it\/product\/rosemary-essential-oil","title":{"rendered":"Olio essenziale di rosmarino"},"content":{"rendered":"<h2 class=\"wp-block-heading\">Formule comuni per la produzione dell&#039;olio essenziale di rosmarino<\/h2>\n\n\n\n<p>Nel processo di produzione dell&#039;olio essenziale di rosmarino, controlliamo rigorosamente ogni passaggio per garantire la concentrazione dei principi attivi e della fragranza, e ci avvaliamo di profumieri professionisti per guidare la formula, tra cui ci sono tre ingredienti principali, ognuno dei quali svolge un ruolo importante nella protezione della salute dei capelli:<\/p>\n\n\n\n<p>1. Rosmarino: il rosmarino \u00e8 ricco di antiossidanti, che possono penetrare negli strati dei capelli, riparare i capelli danneggiati e renderli pi\u00f9 sani e lucenti. Inoltre, le sostanze attive del rosmarino possono anche stimolare la circolazione sanguigna del cuoio capelluto e fornire nutrienti sufficienti per i follicoli piliferi, promuovendo cos\u00ec la crescita dei capelli. Inoltre, il rosmarino ha alcuni effetti antibatterici, che possono ridurre la forfora e l&#039;infiammazione del cuoio capelluto.<\/p>\n\n\n\n<p>2. Menta piperita: la menta piperita ha un forte effetto lenitivo e pu\u00f2 penetrare rapidamente nel cuoio capelluto, portando una sensazione lenitiva e rilassata, aiutando a ridurre il prurito del cuoio capelluto e mantenendo una sensazione di freschezza. Allo stesso tempo, il suo aroma fresco pu\u00f2 anche rinfrescare la mente, cos\u00ec da poterti rilassare rapidamente. Inoltre, l&#039;olio essenziale di menta piperita pu\u00f2 anche pulire in profondit\u00e0 il cuoio capelluto, rimuovere l&#039;eccesso di sebo e sporcizia e regolare l&#039;equilibrio dell&#039;olio.<\/p>\n\n\n\n<p>3. Lavanda: la lavanda ha un effetto calmante, che aiuta ad alleviare la tensione, migliorare la qualit\u00e0 del sonno e prendersi cura della salute dei capelli. Allo stesso tempo, ha anche un certo effetto riparatore, che pu\u00f2 riparare i capelli danneggiati, lisciarli e renderli pi\u00f9 lisci e lucenti.<\/p>\n\n\n\n<h2 class=\"wp-block-heading\">Caratteristiche<\/h2>\n\n\n\n<p>1. Ingredienti naturali, puri e naturali: l&#039;olio essenziale di rosmarino \u00e8 un prodotto ad alta purezza estratto mediante tecnologia di distillazione e una variet\u00e0 di ingredienti naturali vengono accuratamente utilizzati per trattenere i nutrienti al suo interno, senza impurit\u00e0, puoi star certo del suo utilizzo.<\/p>\n\n\n\n<p>2. Effetti multipli, cura completa: ognuno di questi ingredienti naturali svolge un effetto diverso, in tutti gli aspetti della cura della salute dei capelli, favorendo la crescita naturale dei capelli e rendendoli pi\u00f9 forti e luminosi.<\/p>\n\n\n\n<p>3. Facili da assorbire, non unti: i nostri oli essenziali, attentamente studiati, possono penetrare rapidamente nel cuoio capelluto, essere assorbiti e svolgere la loro funzione, senza lasciare una sensazione untuosa.<\/p>\n\n\n\n<p>4. Profumo fresco, lenitivo e rilassante: la freschezza della menta e l&#039;aroma unico del rosmarino possono aiutare a calmare l&#039;umore, rilassare corpo e mente e alleviare lo stress.<\/p>\n\n\n\n<h2 class=\"wp-block-heading\">I benefici dell&#039;olio essenziale di rosmarino<\/h2>\n\n\n\n<p>1. Nutrire i capelli: l&#039;olio essenziale di rosmarino pu\u00f2 penetrare negli strati dei capelli, fornire ai capelli l&#039;idratazione e la nutrizione necessarie e nutrire il cuoio capelluto. L&#039;uso a lungo termine pu\u00f2 rendere i capelli pi\u00f9 morbidi, forti e lucenti.<\/p>\n\n\n\n<p>2. Antiforfora e antiprurito: i nostri oli essenziali hanno un forte effetto antibatterico e antinfiammatorio, che pu\u00f2 ridurre il prurito del cuoio capelluto e ridurre la forfora combattendo i batteri e l&#039;infiammazione sul cuoio capelluto. Allo stesso tempo, l&#039;olio essenziale di rosmarino pu\u00f2 lenire il cuoio capelluto, rendendolo pi\u00f9 confortevole e con una crescita sana.<\/p>\n\n\n\n<p>3. Rimozione e controllo dell&#039;olio: l&#039;ingrediente di menta piperita presente nell&#039;olio essenziale pu\u00f2 pulire il cuoio capelluto, rimuovere l&#039;olio e lo sporco, mantenere i capelli freschi e insistere nel suo utilizzo per ottenere l&#039;effetto di rimozione e controllo dell&#039;olio.<\/p>\n\n\n\n<p>4. Favorisce la crescita: l&#039;olio essenziale di rosmarino \u00e8 ricco di antiossidanti, che possono combattere i radicali liberi per favorire una sana crescita dei capelli, e pu\u00f2 stimolare la circolazione sanguigna del cuoio capelluto e fornire pi\u00f9 ossigeno e sostanze nutritive ai follicoli piliferi, il che favorisce la crescita dei capelli.<\/p>\n\n\n\n<p>5. Alleviare l&#039;ansia: gli ingredienti della lavanda aiutano a calmare e hanno un effetto antidepressivo, possono alleviare l&#039;umore ansioso, eliminare le distrazioni, far rilassare e calmare rapidamente le persone e sono favorevoli al miglioramento del malessere mentale. Allo stesso tempo, l&#039;aroma unico del rosmarino pu\u00f2 rinfrescare la mente e aiutare a migliorare la memoria e la concentrazione.<\/p>\n\n\n\n<p>6. Sollievo dal dolore: le propriet\u00e0 antinfiammatorie del rosmarino possono ridurre l&#039;insorgenza di infiammazioni tissutali, il che pu\u00f2 alleviare il dolore e il gonfiore causati da artrite, eczema e altre malattie. Quindi l&#039;olio essenziale di rosmarino pu\u00f2 aiutare a curare questo tipo di malattia.<\/p>\n\n\n\n<p>7. Buona digestione: il rosmarino pu\u00f2 promuovere la produzione di bile, che a sua volta migliora il sistema digerente e stimola l&#039;appetito. Quindi, usare l&#039;olio essenziale di rosmarino pu\u00f2 aiutare ad alleviare sintomi come mal di stomaco e indigestione.<\/p>\n\n\n\n<h2 class=\"wp-block-heading\">Come usare l&#039;olio essenziale di rosmarino sui capelli?<\/h2>\n\n\n\n<p>Come produttore professionale di olio essenziale di rosmarino, la maggiore concentrazione di olio essenziale di rosmarino in uso rende consigliabile la miscelazione con altri oli base per diluire l&#039;olio essenziale in modo da non irritare il cuoio capelluto. Puoi scegliere un olio base che ti piace e quindi miscelarlo in un rapporto di 1:100, assicurandoti che la concentrazione non superi 3%. Come produttore innovativo di olio essenziale di rosmarino, nel processo di produzione, contrassegneremo l&#039;uso pertinente e le istruzioni per l&#039;uso sulla confezione del prodotto, si prega di leggere attentamente prima dell&#039;uso.<\/p>\n\n\n\n<p>1. Prima dello shampoo: prima dello shampoo, pettina i capelli. Puoi versare l&#039;olio essenziale preparato nel palmo della mano per strofinare e riscaldare, quindi massaggiare delicatamente sul cuoio capelluto e massaggiare con le dita e l&#039;addome per circa 5 minuti. Lasciare agire per 30 minuti dopo il massaggio e lavare i capelli. Questo processo aiuta a migliorare la circolazione sanguigna, rilassare il cuoio capelluto e promuovere la crescita dei capelli.<\/p>\n\n\n\n<p>2. Shampoo: puoi aggiungere qualche goccia di olio essenziale di rosmarino allo shampoo, mescolare bene e lavare i capelli seguendo i normali passaggi dello shampoo, se i capelli sono grassi o lunghi, puoi lavarli pi\u00f9 volte. Questo assicura la pulizia, ma aiuta anche a mantenere i capelli freschi, a controllare l&#039;equilibrio dell&#039;olio e a stimolare la crescita dei capelli.<\/p>\n\n\n\n<p>3. Dopo lo shampoo: dopo lo shampoo, mescola l&#039;olio essenziale di rosmarino e il balsamo secondo il rapporto, quindi applica uniformemente sulle punte dei capelli, in particolare dove si seccano facilmente e si spezzano, massaggia delicatamente fino all&#039;assorbimento, quindi lava con acqua tiepida. Questo processo render\u00e0 i capelli pi\u00f9 setosi e lucenti. L&#039;uso a lungo termine favorisce il nutrimento dei capelli, in modo che abbiano sufficiente idratazione, non siano pi\u00f9 secchi e diventino pi\u00f9 forti e sani.<\/p>\n\n\n\n<h2 class=\"wp-block-heading\">Attenzione<\/h2>\n\n\n\n<p>1. Durante la diluizione, assicurarsi che l&#039;olio base selezionato sia puro e adatto al proprio tipo di pelle.<\/p>\n\n\n\n<p>2. Si raccomanda di effettuare un test allergico prima di utilizzare l&#039;olio essenziale di rosmarino.<\/p>\n\n\n\n<p>3. Se durante l&#039;uso si verificano fastidi, interrompere immediatamente l&#039;uso e pulire con acqua.<\/p>\n\n\n\n<p>4. Le donne incinte e i bambini sono pi\u00f9 sensibili agli oli essenziali e devono essere utilizzati con cautela.<\/p>\n\n\n\n<p>5. L&#039;olio essenziale di rosmarino deve essere conservato in un luogo fresco e asciutto, al riparo dalla luce solare diretta.<\/p>\n\n\n\n<p>6. L&#039;uso eccessivo pu\u00f2 causare effetti collaterali, pertanto si consiglia di evitare l&#039;applicazione eccessiva e l&#039;uso frequente.<\/p>\n\n\n\n<h2 class=\"wp-block-heading\">Conclusione<\/h2>\n\n\n\n<p>L&#039;olio essenziale di rosmarino con le sue caratteristiche di nutrimento dei capelli, promozione della crescita e sollievo dal dolore e dall&#039;ansia \u00e8 ampiamente utilizzato in persone con una variet\u00e0 di condizioni di capelli e cuoio capelluto, ma va notato che le donne incinte e i bambini e le persone con pelle sensibile dovrebbero consultare un medico per un consiglio. Come produttore professionale di olio essenziale di rosmarino, il nostro olio essenziale di rosmarino \u00e8 prodotto nel rigoroso rispetto del processo di produzione, attraverso livelli di test di qualit\u00e0 per garantire la sicurezza e la stabilit\u00e0 del prodotto, e ha ottenuto alcune certificazioni di sicurezza internazionali, ed \u00e8 un prodotto affidabile.<\/p>\n\n\n\n<p><\/p>","protected":false},"excerpt":{"rendered":"Rosemary Essential Oil Manufacturing Common Formulas In the production process of rosemary essential oil, we strictly control every step to ensure the concentration of active ingredients and fragrance, and have professional perfumers to guide the formula, among which there are three main ingredients each plays an important role in protecting the health of hair: 1. [&hellip;]","protected":false},"featured_media":1075,"menu_order":0,"template":"","meta":[],"product-tag":[],"products":[49,53],"class_list":["post-1074","product","type-product","status-publish","has-post-thumbnail","hentry","products-hair-care","products-essential-oil"],"acf":[],"_links":{"self":[{"href":"https:\/\/www.ruiqigo.com\/it\/wp-json\/wp\/v2\/product\/1074","targetHints":{"allow":["GET"]}}],"collection":[{"href":"https:\/\/www.ruiqigo.com\/it\/wp-json\/wp\/v2\/product"}],"about":[{"href":"https:\/\/www.ruiqigo.com\/it\/wp-json\/wp\/v2\/types\/product"}],"version-history":[{"count":0,"href":"https:\/\/www.ruiqigo.com\/it\/wp-json\/wp\/v2\/product\/1074\/revisions"}],"wp:featuredmedia":[{"embeddable":true,"href":"https:\/\/www.ruiqigo.com\/it\/wp-json\/wp\/v2\/media\/1075"}],"wp:attachment":[{"href":"https:\/\/www.ruiqigo.com\/it\/wp-json\/wp\/v2\/media?parent=1074"}],"wp:term":[{"taxonomy":"product-tag","embeddable":true,"href":"https:\/\/www.ruiqigo.com\/it\/wp-json\/wp\/v2\/product-tag?post=1074"},{"taxonomy":"products","embeddable":true,"href":"https:\/\/www.ruiqigo.com\/it\/wp-json\/wp\/v2\/products?post=1074"}],"curies":[{"name":"parola chiave","href":"https:\/\/api.w.org\/{rel}","templated":true}]}}