{"id":1101,"date":"2024-09-20T13:55:29","date_gmt":"2024-09-20T05:55:29","guid":{"rendered":"https:\/\/ruiqigo.com\/?post_type=product&#038;p=1101"},"modified":"2024-09-20T13:55:29","modified_gmt":"2024-09-20T05:55:29","slug":"minoxidil-hair-growth-solution","status":"publish","type":"product","link":"https:\/\/www.ruiqigo.com\/it\/product\/minoxidil-hair-growth-solution","title":{"rendered":"Soluzione per la crescita dei capelli Minoxidil"},"content":{"rendered":"<h2 class=\"wp-block-heading\">Soluzioni per la crescita dei capelli Minoxidil Produzione di formule comuni<\/h2>\n\n\n\n<p>Il nostro processo di produzione include principalmente la preparazione delle materie prime, la sintesi di reazione, la purificazione, la preparazione e il riempimento. L&#039;ispezione di qualit\u00e0 attraversa l&#039;intero processo per garantire che la qualit\u00e0 del prodotto soddisfi gli standard e i requisiti pertinenti. Le formule principali sono:<\/p>\n\n\n\n<p>1. Minoxidil: il principio attivo principale pu\u00f2 dilatare i vasi sanguigni, favorire la circolazione sanguigna, fornire ai capelli pi\u00f9 ossigeno e sostanze nutritive e stimolarne la crescita.<\/p>\n\n\n\n<p>2. Glicole propilenico: in quanto solvente, svolge principalmente un ruolo di scioglimento e anticorrosione, e ha anche un effetto idratante sulla pelle.<\/p>\n\n\n\n<p>3. Etanolo: azione ausiliaria, aiuta il minoxidil a dissolversi e a rimanere stabile.<\/p>\n\n\n\n<p>4. Glicerina: essendo idratante, pu\u00f2 aumentare il comfort del prodotto.<\/p>\n\n\n\n<p>5. Acqua pura: diluizione<\/p>\n\n\n\n<h2 class=\"wp-block-heading\">I vantaggi della soluzione per la crescita dei capelli Minoxidil<\/h2>\n\n\n\n<p>1. Promuove la crescita dei capelli: la soluzione per la crescita dei capelli Minoxidil pu\u00f2 stimolare la proliferazione e la differenziazione delle cellule dei follicoli piliferi, favorendo cos\u00ec la crescita dei capelli e aiutando a ripristinare la funzionalit\u00e0 dei follicoli piliferi danneggiati.<\/p>\n\n\n\n<p>2. Migliora l&#039;ambiente del cuoio capelluto: la soluzione per la crescita dei capelli Minoxidil favorisce la circolazione sanguigna dilatando i vasi sanguigni, portando cos\u00ec pi\u00f9 ossigeno e nutrienti ai follicoli piliferi. L&#039;uso a lungo termine pu\u00f2 migliorare l&#039;ambiente del cuoio capelluto.<\/p>\n\n\n\n<p>3. Migliora la caduta dei capelli: la soluzione per la crescita dei capelli Minoxidil pu\u00f2 ridurre la caduta dei capelli, in particolare nei soggetti affetti da alopecia androgenetica e alopecia seborroica.<\/p>\n\n\n\n<p>4. Aumenta lo spessore e la densit\u00e0 dei capelli: l&#039;uso a lungo termine dei nostri prodotti non solo pu\u00f2 ridurre la caduta dei capelli e favorirne la crescita, ma i capelli assorbono costantemente i nutrienti, diventando pi\u00f9 sani e folti.<\/p>\n\n\n\n<p>5. Prolunga il ciclo del follicolo pilifero dormiente: la soluzione per la crescita dei capelli Minoxidil pu\u00f2 regolare il ciclo di crescita dei follicoli piliferi, in modo che i follicoli piliferi dormienti entrino in anticipo nella fase di crescita, prolungando cos\u00ec il ciclo di vita dei capelli.<\/p>\n\n\n\n<p>6. Ripara la funzione di barriera del cuoio capelluto: il minoxidil ha anche effetti antinfiammatori e l&#039;infiammazione del cuoio capelluto solitamente danneggia la funzione di barriera, quindi l&#039;uso a lungo termine pu\u00f2 aiutare a ridurre questo danno e promuovere la riparazione della barriera del cuoio capelluto.<\/p>\n\n\n\n<h2 class=\"wp-block-heading\">Come usare la soluzione per la crescita dei capelli Minoxidil?<\/h2>\n\n\n\n<p>1. Cuoio capelluto pulito: prima di utilizzare la soluzione per la crescita dei capelli a base di minoxidil, assicurarsi che il cuoio capelluto sia pulito e asciutto per garantire un migliore assorbimento del farmaco.<\/p>\n\n\n\n<p>2. Applicare o spruzzare: i capelli possono essere divisi in quattro parti, quindi applicare uniformemente la soluzione per la crescita sulla zona interessata dalla caduta dei capelli, oppure spruzzare l&#039;ugello contro il cuoio capelluto per assicurarsi che il liquido possa essere uniformemente coperto sul cuoio capelluto, quindi massaggiare delicatamente con il ventre delle dita per 3-5 minuti fino a completo assorbimento.<\/p>\n\n\n\n<p>3. Lavare le mani subito dopo il massaggio, in modo da non toccare altre parti del liquido. Allo stesso tempo, non lavare i capelli subito dopo l&#039;applicazione, si consiglia di attendere pi\u00f9 di 1 ora e di utilizzare una volta ogni mattina e sera.<\/p>\n\n\n\n<h2 class=\"wp-block-heading\">Attenzione<\/h2>\n\n\n\n<p>1. Evitare di mescolare con altri farmaci. Quando si usa questo prodotto, si dovrebbe consultare il medico per sapere se altri farmaci usati possono essere mescolati con i prodotti Minoxidil hair growth solution.<\/p>\n\n\n\n<p>2. Le donne incinte, i bambini, le donne che allattano e i pazienti affetti da malattie cardiache o con una storia di malattie cardiache devono usare il prodotto con cautela e sotto la supervisione di un medico.<\/p>\n\n\n\n<p>3. Si raccomanda di effettuare un test allergico prima di utilizzare la soluzione per la crescita dei capelli a base di minoxidil.<\/p>\n\n\n\n<p>4. Il ciclo di utilizzo di questo prodotto \u00e8 solitamente di 4 mesi. Se si smette di usarlo durante questo periodo, la caduta dei capelli potrebbe ricominciare e perderli pi\u00f9 velocemente.<\/p>\n\n\n\n<p>5. Questo prodotto \u00e8 adatto alla maggior parte delle persone, l&#039;effetto del trattamento \u00e8 migliore per le persone di et\u00e0 compresa tra 18 e 40 anni.<\/p>\n\n\n\n<p>6. Questo prodotto \u00e8 adatto per le fasi iniziali e intermedie della caduta dei capelli, per le aree di caduta dei capelli chiare e per altri scenari, ma assicurarsi di seguire il consiglio del medico prima dell&#039;uso.<\/p>\n\n\n\n<p>7. Dopo aver utilizzato questo prodotto, la pelle \u00e8 pi\u00f9 sensibile al sole, quindi prestare attenzione alla protezione solare.<\/p>\n\n\n\n<p>7. Se durante l&#039;uso si verificano fastidi, interromperne immediatamente l&#039;uso e pulirlo con acqua.<\/p>\n\n\n\n<p>8. La soluzione per capelli Minoxidil deve essere conservata in un luogo fresco e asciutto, al riparo dalla luce solare diretta.<\/p>\n\n\n\n<h2 class=\"wp-block-heading\">Conclusione<\/h2>\n\n\n\n<p>La soluzione per la crescita dei capelli Minoxidil \u00e8 preferita dalle persone con perdita di capelli e perdita di capelli, in particolare alopecia androgenetica, per le sue caratteristiche di miglioramento della perdita di capelli, espansione dei follicoli piliferi, promozione della crescita e riparazione delle barriere. La nostra fabbrica attraverso livelli di controllo di qualit\u00e0, nonch\u00e9 innovazione di ricerca e sviluppo del personale tecnico, migliora la formula esistente e migliora costantemente la facilit\u00e0 d&#039;uso dei prodotti. Allo stesso tempo, garantiamo che la qualit\u00e0 e la sicurezza dei prodotti siano all&#039;altezza degli standard pi\u00f9 elevati e soddisfino le tue esigenze. Inoltre, abbiamo contrassegnato in dettaglio le istruzioni per l&#039;uso sulla confezione del prodotto. Ci auguriamo che tu possa leggere attentamente le istruzioni prima dell&#039;uso e adattarle in base al tuo tipo di pelle per ottenere i migliori risultati.<\/p>\n\n\n\n<p><\/p>","protected":false},"excerpt":{"rendered":"Minoxidil Hair Growth Solution Manufacturing Common Formulas Our production process mainly includes raw material preparation, reaction synthesis, purification, preparation, and filling. The quality inspection runs through the whole process to ensure that the product quality meets the relevant standards and requirements. The main formulas are: 1. Minoxidil: The core active ingredient can dilate blood vessels, [&hellip;]","protected":false},"featured_media":1102,"menu_order":0,"template":"","meta":[],"product-tag":[],"products":[49],"class_list":["post-1101","product","type-product","status-publish","has-post-thumbnail","hentry","products-hair-care"],"acf":[],"_links":{"self":[{"href":"https:\/\/www.ruiqigo.com\/it\/wp-json\/wp\/v2\/product\/1101","targetHints":{"allow":["GET"]}}],"collection":[{"href":"https:\/\/www.ruiqigo.com\/it\/wp-json\/wp\/v2\/product"}],"about":[{"href":"https:\/\/www.ruiqigo.com\/it\/wp-json\/wp\/v2\/types\/product"}],"version-history":[{"count":0,"href":"https:\/\/www.ruiqigo.com\/it\/wp-json\/wp\/v2\/product\/1101\/revisions"}],"wp:featuredmedia":[{"embeddable":true,"href":"https:\/\/www.ruiqigo.com\/it\/wp-json\/wp\/v2\/media\/1102"}],"wp:attachment":[{"href":"https:\/\/www.ruiqigo.com\/it\/wp-json\/wp\/v2\/media?parent=1101"}],"wp:term":[{"taxonomy":"product-tag","embeddable":true,"href":"https:\/\/www.ruiqigo.com\/it\/wp-json\/wp\/v2\/product-tag?post=1101"},{"taxonomy":"products","embeddable":true,"href":"https:\/\/www.ruiqigo.com\/it\/wp-json\/wp\/v2\/products?post=1101"}],"curies":[{"name":"parola chiave","href":"https:\/\/api.w.org\/{rel}","templated":true}]}}