{"id":1121,"date":"2024-09-20T17:27:59","date_gmt":"2024-09-20T09:27:59","guid":{"rendered":"https:\/\/ruiqigo.com\/?post_type=product&#038;p=1121"},"modified":"2024-11-14T17:27:54","modified_gmt":"2024-11-14T09:27:54","slug":"pumpkin-seed-oil","status":"publish","type":"product","link":"https:\/\/www.ruiqigo.com\/it\/product\/pumpkin-seed-oil","title":{"rendered":"Olio di semi di zucca\u00a0\u00a0"},"content":{"rendered":"<h2 class=\"wp-block-heading\">Formule comuni per la produzione di olio di semi di zucca<\/h2>\n\n\n\n<p>Diamo grande importanza alla qualit\u00e0 dell&#039;olio di semi di zucca, quindi ogni processo di produzione \u00e8 rigorosamente controllato. Innanzitutto, selezioneremo semi di zucca di alta qualit\u00e0 e privi di inquinamento come materie prime e utilizzeremo la tecnologia di spremitura a freddo per estrarli, il che pu\u00f2 garantire l&#039;integrit\u00e0 e l&#039;attivit\u00e0 dei nutrienti. Come produttore affidabile di olio di semi di zucca, nella formula dell&#039;olio di semi di zucca, i semi di zucca sono l&#039;ingrediente principale e vengono miscelati in proporzione con altri antiossidanti. Di seguito sono riportate le principali formulazioni dei nostri prodotti:<\/p>\n\n\n\n<p>1. Semi di zucca: i vari acidi grassi nei semi di zucca hanno propriet\u00e0 antinfiammatorie, che possono migliorare i capelli danneggiati. I nutrienti in essi contenuti possono anche promuovere la salute e la crescita dei capelli.<\/p>\n\n\n\n<p>2. Vitamina E: la vitamina E \u00e8 un potente antiossidante che combatte i radicali liberi sul cuoio capelluto, ritardando cos\u00ec l&#039;invecchiamento e proteggendo le cellule dai danni.<\/p>\n\n\n\n<h2 class=\"wp-block-heading\">I benefici dell&#039;olio di semi di zucca<\/h2>\n\n\n\n<p>1. Nutre i capelli: l&#039;olio di semi di zucca pu\u00f2 fornire un nutrimento ricco per i capelli e migliorare i capelli secchi, gialli e altri problemi.<\/p>\n\n\n\n<p>2. Ripara i danni: la vitamina E e altri antiossidanti presenti nell&#039;olio di semi di zucca combattono i radicali liberi e possono anche combattere i sintomi legati alla forfora e alle infezioni del cuoio capelluto, riparare in profondit\u00e0 e migliorare la qualit\u00e0 dei capelli.<\/p>\n\n\n\n<p>3. Acqua idratante: il nostro prodotto \u00e8 un olio di media qualit\u00e0, adatto per l&#039;applicazione sul cuoio capelluto, in grado di trattenere saldamente l&#039;acqua e migliorare i capelli spezzati, spezzati e altri problemi.<\/p>\n\n\n\n<p>4. Migliora la caduta dei capelli: quando il DHT (diidrotestosterone) del corpo \u00e8 eccessivo, si verificano problemi di caduta dei capelli. L&#039;olio di semi di zucca pu\u00f2 ridurre la produzione di DHT, proteggendo cos\u00ec la salute dei follicoli piliferi e riducendo la caduta dei capelli.<\/p>\n\n\n\n<p>5. Favoriscono la crescita: alcuni componenti dell&#039;olio di semi di zucca possono favorire la circolazione sanguigna, fornire pi\u00f9 nutrienti e ossigeno ai follicoli piliferi e aiutare i capelli a crescere naturalmente.<\/p>\n\n\n\n<p>6. Migliora la pelle: l&#039;olio di semi di zucca non solo ha un effetto notevole sulla cura dei capelli, ma \u00e8 anche un prodotto naturale per la cura della pelle, che pu\u00f2 essere antiossidante, anti-invecchiamento, nutriente e idratante e pu\u00f2 migliorare la qualit\u00e0 della pelle e renderla pi\u00f9 sana con un uso a lungo termine.<\/p>\n\n\n\n<h2 class=\"wp-block-heading\">Come usare l&#039;olio di semi di zucca per la crescita dei capelli?<\/h2>\n\n\n\n<p>Come produttore affidabile di olio di semi di zucca, selezioniamo attentamente semi di zucca di alta qualit\u00e0 e ogni processo di produzione viene controllato da tecnici professionisti per garantirne la purezza e la sicurezza. Esistono molti modi per utilizzare l&#039;olio di semi di zucca nella cura dei capelli, puoi sceglierne uno adatto a te in base alla richiesta effettiva e all&#039;uso a lungo termine e credo che i tuoi capelli diventeranno pi\u00f9 sani, pi\u00f9 spessi e lucenti. Di seguito sono riportati diversi metodi di utilizzo a cui si pu\u00f2 fare riferimento:<\/p>\n\n\n\n<p>1. Prima dello shampoo: prima dello shampoo, pettina i capelli e applica il nostro prodotto nel palmo della mano per riscaldarlo. Quindi applicalo uniformemente sul cuoio capelluto e sui capelli, puoi massaggiare delicatamente con la pancia delle dita per 3-5 minuti e attendere 10 minuti per favorirne l&#039;assorbimento; lava i capelli per ultimi e assicurati di pulirli accuratamente quando li lavi.<\/p>\n\n\n\n<p>2. Shampoo: Nel processo di shampoo, puoi versare due gocce di olio di semi di zucca nello shampoo o nel balsamo, secondo il normale processo di shampoo, puoi dedicare pi\u00f9 tempo a massaggiare il cuoio capelluto con le dita e l&#039;addome per favorire la circolazione sanguigna e l&#039;assorbimento dell&#039;olio essenziale. Risciacquare con acqua calda per garantire che non vi siano residui.<\/p>\n\n\n\n<p>3. Dopo aver lavato i capelli: dopo aver lavato i capelli, asciugali con un asciugamano per mantenerli semi-asciutti; quindi prendi una piccola quantit\u00e0 di olio di semi di zucca, strofina e scalda, quindi applicalo uniformemente dalla punta dei capelli alla fine, in particolare sulle parti secche e danneggiate, fai attenzione a non applicarlo sul cuoio capelluto, per evitare capelli unti; dopo l&#039;applicazione, puoi asciugarli con un asciugacapelli a bassa temperatura o all&#039;aria.<\/p>\n\n\n\n<h2 class=\"wp-block-heading\">Attenzione<\/h2>\n\n\n\n<p>1. Al primo utilizzo, \u00e8 opportuno effettuare un test allergico per assicurarsi che non si verifichi alcuna reazione allergica prima dell&#039;uso.<\/p>\n\n\n\n<p>2. Nei pazienti con ulcere eritematose o radici dei capelli molto grasse si raccomanda l&#039;uso sotto la guida di un medico.<\/p>\n\n\n\n<p>3. L&#039;olio di semi di zucca \u00e8 adatto alla maggior parte delle persone, in particolare a quelle con capelli danneggiati, calvi, secchi e cos\u00ec via<\/p>\n\n\n\n<p>4. Il nostro prodotto \u00e8 adatto a qualsiasi situazione, sia che venga utilizzato prima, durante e dopo il lavaggio dei capelli o per la cura quotidiana.<\/p>\n\n\n\n<p>5. Se usato in quantit\u00e0 controllata, per evitare di avere capelli eccessivamente unti e difficili da pulire.<\/p>\n\n\n\n<p>6. Se durante l&#039;uso si verificano arrossamenti della pelle, prurito al cuoio capelluto e altri sintomi, interrompere immediatamente l&#039;uso e pulire con acqua.<\/p>\n\n\n\n<p>7. Questo prodotto deve essere conservato in un luogo fresco e asciutto, al riparo dalla luce solare diretta.<\/p>\n\n\n\n<h2 class=\"wp-block-heading\">Conclusione<\/h2>\n\n\n\n<p>Se stai cercando un olio essenziale completamente naturale e non dannoso per la cura dei capelli, allora il nostro olio di semi di zucca \u00e8 la scelta migliore. Diamo grande importanza alla qualit\u00e0 e alla sicurezza del prodotto. Nell&#039;intero processo di produzione, il controllo di qualit\u00e0, la protezione ambientale e il risparmio energetico sono le nostre priorit\u00e0. Dallo screening delle materie prime alla lavorazione e al confezionamento, ci sono diversi test di qualit\u00e0, tra cui indicatori sensoriali, indicatori funzionali, test di irritazione cutanea, ecc., per garantire la stabilit\u00e0 e la sicurezza degli oli essenziali. Come produttore efficiente di olio di semi di zucca, allo stesso tempo, i prodotti sono anche verificati da istituti di prova professionali di terze parti per soddisfare gli standard pertinenti. Spero che possa offrirti una buona esperienza di cura dei capelli e credo che con il tuo uso persistente, i tuoi capelli subiranno sicuramente cambiamenti significativi.<\/p>","protected":false},"excerpt":{"rendered":"Pumpkin Seed Oil Manufacturing Common Formulas We attach great importance to the quality of pumpkin seed oil, so every process of production is strictly controlled. First of all, we will select high-quality, pollution-free pumpkin seeds as raw materials, and use cold-pressing technology to extract them which can ensure the integrity and activity of nutrients. As [&hellip;]","protected":false},"featured_media":1122,"menu_order":0,"template":"","meta":[],"product-tag":[],"products":[53],"class_list":["post-1121","product","type-product","status-publish","has-post-thumbnail","hentry","products-essential-oil"],"acf":[],"_links":{"self":[{"href":"https:\/\/www.ruiqigo.com\/it\/wp-json\/wp\/v2\/product\/1121","targetHints":{"allow":["GET"]}}],"collection":[{"href":"https:\/\/www.ruiqigo.com\/it\/wp-json\/wp\/v2\/product"}],"about":[{"href":"https:\/\/www.ruiqigo.com\/it\/wp-json\/wp\/v2\/types\/product"}],"version-history":[{"count":0,"href":"https:\/\/www.ruiqigo.com\/it\/wp-json\/wp\/v2\/product\/1121\/revisions"}],"wp:featuredmedia":[{"embeddable":true,"href":"https:\/\/www.ruiqigo.com\/it\/wp-json\/wp\/v2\/media\/1122"}],"wp:attachment":[{"href":"https:\/\/www.ruiqigo.com\/it\/wp-json\/wp\/v2\/media?parent=1121"}],"wp:term":[{"taxonomy":"product-tag","embeddable":true,"href":"https:\/\/www.ruiqigo.com\/it\/wp-json\/wp\/v2\/product-tag?post=1121"},{"taxonomy":"products","embeddable":true,"href":"https:\/\/www.ruiqigo.com\/it\/wp-json\/wp\/v2\/products?post=1121"}],"curies":[{"name":"parola chiave","href":"https:\/\/api.w.org\/{rel}","templated":true}]}}