{"id":1186,"date":"2024-09-29T15:38:44","date_gmt":"2024-09-29T07:38:44","guid":{"rendered":"https:\/\/ruiqigo.com\/?post_type=product&#038;p=1186"},"modified":"2024-10-28T15:43:09","modified_gmt":"2024-10-28T07:43:09","slug":"peppermint-body-wash","status":"publish","type":"product","link":"https:\/\/www.ruiqigo.com\/it\/product\/peppermint-body-wash","title":{"rendered":"Bagnodoccia alla menta piperita"},"content":{"rendered":"<h2 class=\"wp-block-heading\">Formule comuni per la produzione di olio di semi di zucca<\/h2>\n\n\n\n<p>Diamo grande importanza alla qualit\u00e0 dei prodotti di gel doccia alla menta, non solo selezionando attentamente le materie prime, ma anche controllando rigorosamente ogni processo. Una variet\u00e0 di estratti vegetali vengono aggiunti alla lavorazione del prodotto, senza conservanti, la formula principale \u00e8:<\/p>\n\n\n\n<p>1. Olio essenziale di menta piperita: l&#039;olio essenziale di menta piperita \u00e8 l&#039;ingrediente principale di questo prodotto, che contiene molto mentolo e mentolo chetone. Queste due sostanze attive possono essere applicate sulla pelle per creare una sensazione di freschezza, che aiuta ad alleviare prurito e irritazione. Sono anche conservanti naturali, con effetti antibatterici e antinfiammatori, che possono ridurre la risposta infiammatoria sulla superficie della pelle, prevenendo cos\u00ec malattie come dermatite ed eczema. Inoltre, il profumo di menta piperita pu\u00f2 stimolare il sistema nervoso, il che favorisce il miglioramento della stanchezza e della concentrazione.<\/p>\n\n\n\n<p>2. Agente idratante: gli agenti idratanti pi\u00f9 comuni includono glicerina, glicole propilenico e altri ingredienti, che possono formare una pellicola protettiva sulla superficie della pelle, trattenere saldamente l&#039;acqua, in modo che la pelle possa assorbirla meglio e diventare pi\u00f9 liscia e trasparente.<\/p>\n\n\n\n<p>3. Tensioattivi: questi ingredienti sono anche uno degli ingredienti principali, che possono pulire in profondit\u00e0 lo sporco e l&#039;olio sulla superficie della pelle, lasciandola fresca e pulita. Allo stesso tempo, possono anche far s\u00ec che il gel doccia produca una schiuma densa, ridurre il contatto di attrito, essere delicato e facile da risciacquare e migliorare il comfort del processo di bagno.<\/p>\n\n\n\n<p>4. Altri estratti vegetali: aggiungiamo anche t\u00e8 verde, alghe e altri estratti al gel doccia. Questi ingredienti naturali hanno propriet\u00e0 antiossidanti, antinfiammatorie e lenitive, che possono ulteriormente idratare la pelle e migliorarne le condizioni. Allo stesso tempo, non irritano la pelle, regalandoti un&#039;esperienza di bagno confortevole.<\/p>\n\n\n\n<h2 class=\"wp-block-heading\">I benefici dell&#039;olio di semi di zucca<\/h2>\n\n\n\n<p>Nel processo di produzione del bagnoschiuma alla menta piperita, abbiamo profumieri professionisti preparati con cura per garantire che il prodotto possa svolgere il massimo effetto in condizioni miti e confortevoli. Ecco alcuni dei principali vantaggi:<\/p>\n\n\n\n<p>1. Rinfrescante e confortevole: la menta piperita ha un effetto rinfrescante e lenitivo, quindi la pelle sar\u00e0 fresca quando si utilizza il gel doccia alla menta piperita e l&#039;effetto durer\u00e0 a lungo.<\/p>\n\n\n\n<p>2. Allevia lo stress e i dolori muscolari: la freschezza del mentolo pu\u00f2 stimolare le terminazioni nervose e favorire la circolazione sanguigna, alleviando cos\u00ec la tensione muscolare e rilassando corpo e mente, migliorando al contempo l&#039;umore e alleviando lo stress.<\/p>\n\n\n\n<p>3. Dolore e prurito: gli ingredienti attivi nel detergente per il corpo alla menta piperita possono inibire la crescita e la riproduzione dei batteri, ottenere effetti antibatterici e antinfiammatori, riducendo cos\u00ec i sintomi dell&#039;infiammazione cutanea causata da rossore, dolore, prurito e cos\u00ec via, e favorendo la guarigione. Inoltre, previene ulteriormente l&#039;infiammazione cutanea e l&#039;acne.<\/p>\n\n\n\n<p>4. Olio di bilanciamento: il detergente per il corpo alla menta piperita pu\u00f2 pulire in profondit\u00e0 i pori e rimuovere olio e sporco dalla pelle. Allo stesso tempo, purifica e converge i pori, in modo che la pelle possa mantenere uno stato di equilibrio di acqua e olio, per ottenere l&#039;effetto di bilanciamento dell&#039;olio.<\/p>\n\n\n\n<p>5. Rassodamento della pelle: la menta piperita ha propriet\u00e0 anti-invecchiamento, mentre altri ingredienti nel gel doccia come la vitamina B3 possono promuovere la sintesi del collagene e il metabolismo cellulare, migliorando cos\u00ec lo stato di rilassamento della pelle, bloccando ulteriormente l&#039;acqua e rendendo la pelle pi\u00f9 tonica e liscia. L&#039;uso a lungo termine dei nostri prodotti pu\u00f2 aiutare a rassodare la pelle e migliorarne la lucentezza e l&#039;elasticit\u00e0.<\/p>\n\n\n\n<h2 class=\"wp-block-heading\">Come usare l&#039;olio di semi di zucca per la crescita dei capelli?<\/h2>\n\n\n\n<p>Il gel doccia alla menta piperita preparato dalla nostra fabbrica \u00e8 delicato e non irritante e pu\u00f2 produrre una schiuma ricca, che pu\u00f2 pulire in profondit\u00e0 la pelle e darti una buona sensazione di bagno. Inoltre, segnaliamo attentamente il metodo di utilizzo del gel doccia sulla confezione e speriamo che tu possa leggerlo attentamente prima di utilizzarlo.<\/p>\n\n\n\n<p>1. Per prima cosa bagnare il corpo con acqua tiepida per sfruttare al meglio l&#039;effetto detergente del gel doccia;<\/p>\n\n\n\n<p>2. Prendi una quantit\u00e0 adeguata di detergente per il corpo alla menta piperita con il palmo della mano o con una pallina da bagno per creare una schiuma, quindi applica la schiuma sul corpo, in particolare sulle parti che tendono a sudare facilmente e a sporcarsi, e massaggia delicatamente;<\/p>\n\n\n\n<p>3. Dopo il massaggio risciacquare con acqua tiepida, assicurarsi che non ci sia pi\u00f9 schiuma e asciugare il corpo con un asciugamano da bagno.<\/p>\n\n\n\n<h2 class=\"wp-block-heading\">Attenzione<\/h2>\n\n\n\n<p>1. Si consiglia di effettuare un test allergico prima di utilizzarlo per la prima volta. Si prega di interrompere l&#039;utilizzo se si avverte disagio;<\/p>\n\n\n\n<p>2. Utilizzare una quantit\u00e0 di gel doccia adeguata al tipo di pelle, ma non eccessiva, altrimenti si seccher\u00e0;<\/p>\n\n\n\n<p>3. Evitare di toccare occhi, bocca e altre parti sensibili; in caso di contatto, sciacquare immediatamente con acqua;<\/p>\n\n\n\n<p>4. Le donne incinte dovrebbero utilizzarlo sotto la guida di un medico per evitare effetti collaterali;<\/p>\n\n\n\n<p>5. Il detergente per il corpo alla menta deve essere conservato in un luogo fresco e asciutto, evitando la luce solare diretta e gli ambienti ad alte temperature;<\/p>\n\n\n\n<p>6. Questo prodotto \u00e8 adatto alla maggior parte delle persone, in particolare a coloro che desiderano un ambiente fresco e asciutto;<\/p>\n\n\n\n<p>7. Questo prodotto \u00e8 adatto a qualsiasi situazione, soprattutto in estate e dopo l&#039;attivit\u00e0 sportiva per rilassare corpo e mente;<\/p>\n\n\n\n<h2 class=\"wp-block-heading\">Conclusione<\/h2>\n\n\n\n<p>Se vuoi perseguire una linea di produzione di gel doccia alla menta di alta qualit\u00e0 e differenziata, la nostra fabbrica \u00e8 la scelta migliore. La nostra selezione di materie prime di alta qualit\u00e0 da tutto il mondo garantisce la sicurezza dei nostri prodotti e la formula unica aggiunta \u00e8 la scelta ideale per pi\u00f9 utenti che cercano un&#039;esperienza rinfrescante. Allo stesso tempo, la nostra fabbrica ha un sistema di filiera completo e un processo di produzione efficiente, che pu\u00f2 soddisfare una produzione di alta qualit\u00e0 in grandi quantit\u00e0. Offriamo anche una gamma completa di servizi personalizzati per soddisfare le tue esigenze individuali. Se desideri ancora saperne di pi\u00f9 sulle informazioni sul prodotto del bagnoschiuma alla menta piperita, ti preghiamo di contattarci il prima possibile.<\/p>","protected":false},"excerpt":{"rendered":"Pumpkin Seed Oil Manufacturing Common Formulas We attach great importance to the quality of mint shower gel products, not only carefully selecting raw materials but also strictly controlling each process. A variety of plant extracts are added to the product processing, without any preservatives, the main formula is: 1. Peppermint essential oil: Peppermint essential oil [&hellip;]","protected":false},"featured_media":1187,"menu_order":0,"template":"","meta":[],"product-tag":[],"products":[57],"class_list":["post-1186","product","type-product","status-publish","has-post-thumbnail","hentry","products-body-wash"],"acf":[],"_links":{"self":[{"href":"https:\/\/www.ruiqigo.com\/it\/wp-json\/wp\/v2\/product\/1186","targetHints":{"allow":["GET"]}}],"collection":[{"href":"https:\/\/www.ruiqigo.com\/it\/wp-json\/wp\/v2\/product"}],"about":[{"href":"https:\/\/www.ruiqigo.com\/it\/wp-json\/wp\/v2\/types\/product"}],"version-history":[{"count":0,"href":"https:\/\/www.ruiqigo.com\/it\/wp-json\/wp\/v2\/product\/1186\/revisions"}],"wp:featuredmedia":[{"embeddable":true,"href":"https:\/\/www.ruiqigo.com\/it\/wp-json\/wp\/v2\/media\/1187"}],"wp:attachment":[{"href":"https:\/\/www.ruiqigo.com\/it\/wp-json\/wp\/v2\/media?parent=1186"}],"wp:term":[{"taxonomy":"product-tag","embeddable":true,"href":"https:\/\/www.ruiqigo.com\/it\/wp-json\/wp\/v2\/product-tag?post=1186"},{"taxonomy":"products","embeddable":true,"href":"https:\/\/www.ruiqigo.com\/it\/wp-json\/wp\/v2\/products?post=1186"}],"curies":[{"name":"parola chiave","href":"https:\/\/api.w.org\/{rel}","templated":true}]}}