{"id":1309,"date":"2024-10-18T14:12:00","date_gmt":"2024-10-18T06:12:00","guid":{"rendered":"https:\/\/ruiqigo.com\/?post_type=product&#038;p=1309"},"modified":"2025-06-17T16:45:49","modified_gmt":"2025-06-17T08:45:49","slug":"lavender-body-wash","status":"publish","type":"product","link":"https:\/\/www.ruiqigo.com\/it\/product\/lavender-body-wash","title":{"rendered":"Bagnodoccia alla Lavanda"},"content":{"rendered":"<h2 class=\"wp-block-heading\">Formule comuni per la produzione di detergente per il corpo alla lavanda<\/h2>\n\n\n\n<p>Diamo grande importanza al processo di produzione del detergente per il corpo alla lavanda, non solo progettando attentamente molteplici formule, ma anche tenendo conto delle esigenze dei diversi tipi di pelle, in modo che il prodotto sia pi\u00f9 versatile.<\/p>\n\n\n\n<p>Olio essenziale di lavanda: ingrediente principale del bagnoschiuma, il profumo di lavanda pu\u00f2 lenire il corpo e la mente e regalarti un&#039;esperienza di bagno rilassante e piacevole. Inoltre, l&#039;olio essenziale di lavanda ha anche propriet\u00e0 sbiancanti, ripara le cellule danneggiate e altri effetti, pu\u00f2 essere ringiovanito e rende la pelle pi\u00f9 liscia e delicata.<\/p>\n\n\n\n<p>Tensioattivi: i tensioattivi non solo producono una schiuma ricca, migliorano il potere detergente del detergente per il corpo e rimuovono efficacemente lo sporco e l&#039;olio dalla superficie, ma formano anche una pellicola protettiva sulla superficie della pelle per prevenirne le irritazioni.<\/p>\n\n\n\n<p>Olio di cocco: gli acidi grassi nell&#039;olio di cocco hanno buone propriet\u00e0 idratanti, che possono trattenere l&#039;acqua e migliorare la pelle secca, ruvida e altri problemi. Allo stesso tempo, l&#039;olio di cocco \u00e8 pi\u00f9 delicato, pu\u00f2 ridurre il disagio della pelle, riparare la pelle, pi\u00f9 adatto per i muscoli sensibili.<\/p>\n\n\n\n<h2 class=\"wp-block-heading\">I benefici del bagnoschiuma alla lavanda<\/h2>\n\n\n\n<p>Come produttori professionisti di lavanda, effettueremo test di qualit\u00e0 pertinenti su tutti gli aspetti dell&#039;input di materie prime nella confezione del prodotto finito per garantire la sicurezza della qualit\u00e0. Allo stesso tempo, continuiamo a innovare e ricercare, combinando una variet\u00e0 di vantaggi per soddisfare le tue esigenze di cura della pelle. Ecco alcuni dei principali vantaggi:<\/p>\n\n\n\n<p>1. Lenitivo e rilassante: l&#039;aroma unico della lavanda pu\u00f2 alleviare la tensione e lo stress. Quando si usa il bagnoschiuma, l&#039;aroma creer\u00e0 un&#039;atmosfera rilassata e piacevole, che pu\u00f2 rilassare il corpo e la mente, ridurre lo stress e la stanchezza.<\/p>\n\n\n\n<p>2. Regola l&#039;equilibrio tra acqua e olio: il detergente per il corpo alla lavanda pu\u00f2 regolare l&#039;equilibrio tra olio, ridurre la sensazione di untuosit\u00e0 e mantenere la pelle fresca.<\/p>\n\n\n\n<p>3. Idratante e ammorbidente: i nostri ingredienti idratanti aggiunti possono trattenere saldamente l&#039;idratazione, idratare la pelle, mantenerla idratata e liscia e prevenirne la secchezza.<\/p>\n\n\n\n<p>4. Antibatterico e antinfiammatorio: l&#039;olio essenziale di lavanda ha effetti antibatterici e antinfiammatori, che possono ridurre l&#039;infiammazione della pelle e prevenire le infezioni.<\/p>\n\n\n\n<p>5. Sbiancamento e macchie chiare: i nostri prodotti hanno l&#039;effetto di sbiancamento e macchie chiare, che contribuisce a ridurre l&#039;oscurit\u00e0 della pelle e a renderla pi\u00f9 trasparente.<\/p>\n\n\n\n<p>6. Migliora il sonno: l&#039;aroma della lavanda non solo pu\u00f2 calmare e rilassare, ma anche migliorare la qualit\u00e0 del sonno, adatto a chi soffre di insonnia e sogni a occhi aperti.<\/p>\n\n\n\n<h2 class=\"wp-block-heading\">Come usare il detergente per il corpo alla lavanda per la cura del corpo?<\/h2>\n\n\n\n<p>Abbiamo realizzato molti mix durante il processo di produzione per realizzare questa schiuma ricca e delicata, pensata per migliorare la tua esperienza di bagno. L&#039;uso quotidiano \u00e8 diviso in un bagno e un bagno, puoi scegliere un bagno in base al tuo hobby.<\/p>\n\n\n\n<p>1. Doccia: prima bagnare il corpo con acqua calda, poi versare la giusta quantit\u00e0 di detergente per il corpo nel palmo della mano o nella spugna, strofinare delicatamente la schiuma e applicarla uniformemente su tutto il corpo, \u00e8 possibile effettuare un massaggio appropriato, pulire ulteriormente i pori e dare sollievo al corpo e alla mente, infine risciacquare tutta la schiuma del corpo con acqua.<\/p>\n\n\n\n<p>2. Bagno: le persone a cui piace fare il bagno possono versare una quantit\u00e0 appropriata di bagnoschiuma nella vasca e mescolarla uniformemente, in modo che produca una schiuma densa e, allo stesso tempo, emetta l&#039;aroma di lavanda, creando un ambiente piacevole. Se ci sono parti che necessitano di cure particolari, puoi aggiungere una quantit\u00e0 appropriata di bagnoschiuma e massaggiare profondamente per migliorare le condizioni della pelle.<\/p>\n\n\n\n<p>3. Dopo l&#039;uso: dopo l&#039;uso, il detergente per il corpo pu\u00f2 essere combinato con altri prodotti per la cura della pelle, come la lozione per il corpo, per favorire l&#039;assorbimento dell&#039;acqua e idratare ulteriormente la pelle.<\/p>\n\n\n\n<h2 class=\"wp-block-heading\">Attenzione<\/h2>\n\n\n\n<p>1. Prima di utilizzare il detergente per il corpo per la prima volta, \u00e8 necessario effettuare un test allergico. Se si verificano sintomi allergici, interrompere immediatamente l&#039;uso e consultare un medico.<\/p>\n\n\n\n<p>2. Evitare il contatto con gli occhi. In caso di contatto con gli occhi, sciacquare immediatamente con acqua e consultare un medico il prima possibile.<\/p>\n\n\n\n<p>3. Quando si usa il detergente per il corpo alla lavanda insieme ad altri prodotti, assicurarsi che i loro ingredienti non siano in conflitto o causino reazioni avverse.<\/p>\n\n\n\n<p>4. Seguire il principio della quantit\u00e0 appropriata: un uso eccessivo di detergente per il corpo produrr\u00e0 troppa schiuma e sar\u00e0 difficile da pulire.<\/p>\n\n\n\n<p>5. I nostri prodotti devono essere conservati in un luogo fresco e asciutto, al riparo dalla luce solare diretta e da temperature elevate.<\/p>\n\n\n\n<p>6. Sebbene il detergente per il corpo alla lavanda abbia un effetto lenitivo sulla pelle, non \u00e8 consigliabile utilizzarlo pi\u00f9 volte al giorno, perch\u00e9 una pulizia eccessiva potrebbe danneggiare la barriera cutanea.<\/p>\n\n\n\n<h2 class=\"wp-block-heading\">Conclusione<\/h2>\n\n\n\n<p>Utilizziamo moderne linee di produzione e apparecchiature di automazione per garantire che il processo di produzione del bagnoschiuma alla lavanda sia efficiente, accurato ed ecologico, garantendo al contempo l&#039;igiene e la sicurezza del prodotto. Inoltre, abbiamo condotto ricerche sugli utenti e sappiamo che le esigenze e le preferenze della tua pelle sono diverse. Pertanto, forniamo servizi personalizzati su misura e il nostro team di ricerca e sviluppo implementer\u00e0 attentamente il pi\u00f9 adatto per il tuo bagnoschiuma alla lavanda in base alle tue esigenze. Durante questo periodo, apporteremo anche modifiche in base al tuo feedback per ottenere l&#039;effetto desiderato. Ti invitiamo sinceramente a consultare i nostri prodotti, forniremo anche risposte professionali e informazioni dettagliate.<\/p>","protected":false},"excerpt":{"rendered":"Lavender Body Wash Manufacturing Common Formulas We attach great importance to the production process of lavender body wash, not only carefully designing multiple formulas, but also considering the needs of different skin types, so that the product is more versatile. Lavender essential oil: The main ingredient of body wash, lavender scent can soothe the body [&hellip;]","protected":false},"featured_media":1310,"menu_order":0,"template":"","meta":[],"product-tag":[],"products":[57],"class_list":["post-1309","product","type-product","status-publish","has-post-thumbnail","hentry","products-body-wash"],"acf":[],"_links":{"self":[{"href":"https:\/\/www.ruiqigo.com\/it\/wp-json\/wp\/v2\/product\/1309","targetHints":{"allow":["GET"]}}],"collection":[{"href":"https:\/\/www.ruiqigo.com\/it\/wp-json\/wp\/v2\/product"}],"about":[{"href":"https:\/\/www.ruiqigo.com\/it\/wp-json\/wp\/v2\/types\/product"}],"version-history":[{"count":0,"href":"https:\/\/www.ruiqigo.com\/it\/wp-json\/wp\/v2\/product\/1309\/revisions"}],"wp:featuredmedia":[{"embeddable":true,"href":"https:\/\/www.ruiqigo.com\/it\/wp-json\/wp\/v2\/media\/1310"}],"wp:attachment":[{"href":"https:\/\/www.ruiqigo.com\/it\/wp-json\/wp\/v2\/media?parent=1309"}],"wp:term":[{"taxonomy":"product-tag","embeddable":true,"href":"https:\/\/www.ruiqigo.com\/it\/wp-json\/wp\/v2\/product-tag?post=1309"},{"taxonomy":"products","embeddable":true,"href":"https:\/\/www.ruiqigo.com\/it\/wp-json\/wp\/v2\/products?post=1309"}],"curies":[{"name":"parola chiave","href":"https:\/\/api.w.org\/{rel}","templated":true}]}}