{"id":1342,"date":"2024-10-24T18:01:05","date_gmt":"2024-10-24T10:01:05","guid":{"rendered":"https:\/\/ruiqigo.com\/?post_type=product&#038;p=1342"},"modified":"2024-10-28T15:45:52","modified_gmt":"2024-10-28T07:45:52","slug":"exfoliating-body-wash","status":"publish","type":"product","link":"https:\/\/www.ruiqigo.com\/it\/product\/exfoliating-body-wash","title":{"rendered":"Detergente corpo esfoliante"},"content":{"rendered":"<h2 class=\"wp-block-heading\">Formule comuni per la produzione di detergenti esfolianti per il corpo<\/h2>\n\n\n\n<p>Nel processo di produzione di questo detergente esfoliante per il corpo, mescoliamo scientificamente una variet\u00e0 di ingredienti altamente efficaci e controlliamo rigorosamente ogni fase della produzione per garantire la sicurezza e l&#039;efficacia del prodotto. Ecco gli ingredienti principali:<\/p>\n\n\n\n<p>1. Particelle esfolianti: estraiamo alcune particelle esfolianti naturali di bamb\u00f9 di giada e sali minerali e le regoliamo in base a una certa proporzione, che pu\u00f2 rimuovere delicatamente la cheratina invecchiata dalla pelle, mentre gli ingredienti vegetali naturali possono anche nutrire la pelle.<\/p>\n\n\n\n<p>2. Acido salicilico: questa sostanza acida pu\u00f2 penetrare nella pelle e aiutare a dissolvere e rimuovere la cheratina profonda senza irritare eccessivamente la pelle. Allo stesso tempo promuove la rigenerazione delle cellule della pelle, l&#039;uso persistente render\u00e0 la pelle pi\u00f9 liscia.<\/p>\n\n\n\n<p>3. Niacinamide: la niacinamide pu\u00f2 aiutare la pelle a trattenere l&#039;acqua e a migliorare la capacit\u00e0 idratante della pelle; pu\u00f2 anche ridurre la deposizione di melanina, per ottenere un certo effetto schiarente; allo stesso tempo, la nicotinamide ha un effetto antiossidante e ritarda l&#039;invecchiamento della pelle.<\/p>\n\n\n\n<p>4. Tensioattivi: questi ingredienti hanno una buona capacit\u00e0 detergente, possono rimuovere lo sporco e l&#039;olio dalla superficie della pelle e mantenerla fresca.<\/p>\n\n\n\n<p>5. Aromaterapia: pu\u00f2 aggiungere un aroma gradevole al gel doccia, migliorare l&#039;esperienza del bagno e lenire corpo e mente.<\/p>\n\n\n\n<h2 class=\"wp-block-heading\">Le funzioni del detergente esfoliante per il corpo<\/h2>\n\n\n\n<p>Gli scrub solitamente contengono particelle di grandi dimensioni, richiedono un massaggio vigoroso della pelle quando vengono applicati e non hanno una funzione detergente. Quindi, in quanto produttore focalizzato su prodotti per la cura della persona, abbiamo sviluppato un detergente esfoliante per il corpo basato su questi inconvenienti che esfolia delicatamente, pulisce in profondit\u00e0 i pori e idrata la pelle. Gli effetti principali sono i seguenti:<\/p>\n\n\n\n<p>1. Pulizia profonda: il detergente esfoliante per il corpo pu\u00f2 pulire in profondit\u00e0 i pori, ridurre l&#039;accumulo di sporco e sebo, aiutare a prevenire l&#039;acne, rendere i pori pi\u00f9 liberi e mantenere la pelle fresca e pulita.<\/p>\n\n\n\n<p>2. Rimuovi la pelle morta: i nostri prodotti contengono particelle esfolianti, che possono rimuovere efficacemente le cellule morte della pelle e le cuticole invecchiate sulla superficie della pelle. L&#039;uso a lungo termine \u00e8 utile per migliorare il tono della pelle non uniforme e rendere la pelle pi\u00f9 liscia e delicata.<\/p>\n\n\n\n<p>3. Lenitivo e rilassante: questo detergente esfoliante per il corpo contiene estratti vegetali naturali che idratano e leniscono la pelle mentre esfoliano, aiutando a rilassare corpo e mente e ad alleviare la stanchezza.<\/p>\n\n\n\n<p>4. Illuminare il tono della pelle: il processo di esfoliazione pu\u00f2 promuovere il metabolismo, ridurre le linee sottili della pelle e la pelle pu\u00f2 assorbire meglio i nutrienti. L&#039;uso persistente pu\u00f2 illuminare il tono della pelle e la pelle sar\u00e0 pi\u00f9 soda ed elastica.<\/p>\n\n\n\n<h2 class=\"wp-block-heading\">Come usare il detergente esfoliante per la cura del corpo?<\/h2>\n\n\n\n<p>L&#039;uso corretto del detergente esfoliante per il corpo pu\u00f2 aiutarti a rimuovere efficacemente l&#039;esfoliazione invecchiata dalla superficie della pelle e a pulire in profondit\u00e0 i pori. Selezioniamo attentamente materie prime di alta qualit\u00e0 e le mescoliamo riscaldandole in proporzione. Allo stesso tempo, testiamo i prodotti finiti in termini di aspetto, odore, valore del pH, ecc., per garantirne la qualit\u00e0 e l&#039;igiene.<\/p>\n\n\n\n<p>1. Fase di preparazione: bagnare il corpo con acqua tiepida, in particolar modo le zone che necessitano di esfoliazione, come gomiti, ginocchia, ecc.<\/p>\n\n\n\n<p>2. Applicare il massaggio: applicare una quantit\u00e0 appropriata di detergente esfoliante per il corpo sul palmo o sulla rete di schiuma, insaponare e applicare uniformemente su tutto il corpo, in particolare sulla zona con una cuticola spessa. Massaggiare delicatamente con le mani, evitando una forza eccessiva, il tempo di massaggio \u00e8 generalmente di 3-5 minuti, per le parti dello strato corneo spesso pu\u00f2 essere rafforzato il massaggio, questo processo pu\u00f2 pulire in profondit\u00e0 la pelle e rimuovere la cheratina invecchiata.<\/p>\n\n\n\n<p>3. Risciacquare e idratare: risciacquare la schiuma con acqua e asciugare con un asciugamano per assicurarsi che non rimangano residui di detergente per il corpo. Un detergente esfoliante per il corpo pu\u00f2 aiutare ad aprire meglio i pori, quindi applicare una lozione idratante per il corpo subito dopo il lavaggio per favorire l&#039;assorbimento, trattenere l&#039;idratazione e mantenere la pelle idratata e liscia.<\/p>\n\n\n\n<h2 class=\"wp-block-heading\">Attenzione<\/h2>\n\n\n\n<p>1. Eseguire un test di anafilassi prima dell&#039;uso. Se si verifica una reazione allergica, interrompere immediatamente l&#039;uso e consultare un medico.<\/p>\n\n\n\n<p>2. Si consiglia di utilizzare il gel doccia esfoliante con una frequenza di 1-2 volte a settimana, senza eccedere nell&#039;uso, altrimenti la pelle diventer\u00e0 secca e fragile;<\/p>\n\n\n\n<p>3. Evitare l&#039;uso su parti sensibili come viso, collo e parti intime per evitare irritazioni cutanee;<\/p>\n\n\n\n<p>4. Quando si utilizza, la temperatura dell&#039;acqua deve essere controllata tra 35 e 40 gradi per evitare una temperatura eccessiva dell&#039;acqua che potrebbe distruggere la cuticola;<\/p>\n\n\n\n<p>5. Il gel doccia esfoliante pu\u00f2 essere utilizzato con una lozione idratante per il corpo, si consiglia di controllare gli ingredienti prima dell&#039;uso per evitare di causare disagio;<\/p>\n\n\n\n<p>6. Si consiglia di conservare il nostro detergente per il corpo in un luogo asciutto e fresco, al riparo dalla luce solare diretta e dalle alte temperature.<\/p>\n\n\n\n<h2 class=\"wp-block-heading\">Conclusione<\/h2>\n\n\n\n<p>Siamo dotati di attrezzature e processi di produzione avanzati, che si tratti della selezione delle materie prime o del riempimento dei prodotti finiti, controlliamo rigorosamente la qualit\u00e0 del detergente corpo esfoliante, per garantire che tutti i prodotti siano in linea con la certificazione del sistema di gestione della qualit\u00e0 ISO9001 e i test degli standard di sicurezza nazionali pertinenti. Naturalmente, abbiamo una forte catena di fornitura, che pu\u00f2 garantire il completamento di ordini su larga scala. Allo stesso tempo, forniamo una gamma completa di servizi personalizzati, creeremo uno speciale detergente corpo esfoliante per te in base alle tue esigenze, che si tratti di formula o imballaggio faremo del nostro meglio per ottenere l&#039;effetto desiderato. Se desideri saperne di pi\u00f9 sulla nostra produzione, ti preghiamo di contattarci immediatamente.<\/p>","protected":false},"excerpt":{"rendered":"Exfoliating Body Wash Manufacturing Common Formulas In the process of making this exfoliating body wash, we scientifically mix a variety of highly effective ingredients and strictly control every step of production to ensure the safety and effectiveness of the product. Here are the main ingredients: 1. Exfoliating particles: We extract some natural exfoliating particles of [&hellip;]","protected":false},"featured_media":1343,"menu_order":0,"template":"","meta":[],"product-tag":[],"products":[57],"class_list":["post-1342","product","type-product","status-publish","has-post-thumbnail","hentry","products-body-wash"],"acf":[],"_links":{"self":[{"href":"https:\/\/www.ruiqigo.com\/it\/wp-json\/wp\/v2\/product\/1342","targetHints":{"allow":["GET"]}}],"collection":[{"href":"https:\/\/www.ruiqigo.com\/it\/wp-json\/wp\/v2\/product"}],"about":[{"href":"https:\/\/www.ruiqigo.com\/it\/wp-json\/wp\/v2\/types\/product"}],"version-history":[{"count":0,"href":"https:\/\/www.ruiqigo.com\/it\/wp-json\/wp\/v2\/product\/1342\/revisions"}],"wp:featuredmedia":[{"embeddable":true,"href":"https:\/\/www.ruiqigo.com\/it\/wp-json\/wp\/v2\/media\/1343"}],"wp:attachment":[{"href":"https:\/\/www.ruiqigo.com\/it\/wp-json\/wp\/v2\/media?parent=1342"}],"wp:term":[{"taxonomy":"product-tag","embeddable":true,"href":"https:\/\/www.ruiqigo.com\/it\/wp-json\/wp\/v2\/product-tag?post=1342"},{"taxonomy":"products","embeddable":true,"href":"https:\/\/www.ruiqigo.com\/it\/wp-json\/wp\/v2\/products?post=1342"}],"curies":[{"name":"parola chiave","href":"https:\/\/api.w.org\/{rel}","templated":true}]}}