{"id":1652,"date":"2024-11-08T16:53:12","date_gmt":"2024-11-08T08:53:12","guid":{"rendered":"https:\/\/ruiqigo.com\/?post_type=product&#038;p=1652"},"modified":"2025-09-03T15:21:29","modified_gmt":"2025-09-03T07:21:29","slug":"antiseptic-mouthwash","status":"publish","type":"product","link":"https:\/\/www.ruiqigo.com\/it\/product\/antiseptic-mouthwash","title":{"rendered":"Collutorio antisettico"},"content":{"rendered":"<h2 class=\"wp-block-heading\">Formule comuni per la produzione di collutori antisettici<\/h2>\n\n\n\n<p>Accetteremo le materie prime acquistate, peseremo accuratamente i materiali accettati e li aggiungeremo al processo di miscelazione nell&#039;ordine prescritto. Attraverso una progettazione scientifica e ragionevole della formula e un rigoroso controllo di qualit\u00e0, possiamo produrre un collutorio germicida sicuro e affidabile per soddisfare le tue esigenze di salute orale. Molti di questi ingredienti svolgono un ruolo importante nella promozione della salute orale.<\/p>\n\n\n\n<p><strong>1. Olio di salvia: <\/strong>L&#039;olio di salvia ha potenti propriet\u00e0 antibatteriche e antiossidanti che uccidono efficacemente i batteri che causano la carie, prevengono e migliorano le malattie orali e riducono anche la formazione di placca dentale. Inoltre, pu\u00f2 anche alleviare l&#039;infiammazione orale, come ulcere della bocca, gengivite e altri sintomi.<\/p>\n\n\n\n<p><strong>2. Olio di scorza di limone: <\/strong>L&#039;olio di scorza di limone \u00e8 ricco di antiossidanti, che possono proteggere le cellule orali dai danni e promuovere la riparazione e la rigenerazione della mucosa orale. Ha anche un forte effetto inibitorio che pu\u00f2 uccidere batteri e virus nella bocca, mentre il nostro collutorio \u00e8 pi\u00f9 delicato e meno irritante per la mucosa orale. Inoltre, l&#039;olio di scorza di limone ha un fresco aroma di limone, che pu\u00f2 neutralizzare gli odori nella bocca e mantenere la bocca fresca e naturale.<\/p>\n\n\n\n<p><strong>3. Sale del Mar Morto: <\/strong>Il sale del Mar Morto contiene una variet\u00e0 di minerali e oligoelementi, che non solo possono distruggere efficacemente l&#039;ambiente di vita dei batteri in modo che muoiano di disidratazione, ma anche lavare via i detriti di cibo e lo sporco sulla superficie dei denti, riducendo la produzione di placca dentale. Fornisce anche nutrimento per la bocca e promuove la salute orale. Il sale del Mar Morto ha un delicato effetto detergente e antinfiammatorio, che aiuta ad alleviare il dolore dell&#039;infiammazione come le ulcere della bocca.<\/p>\n\n\n\n<p><strong>4. Fluoruro di sodio: <\/strong>Il fluoruro di sodio non solo ha un effetto antibatterico, ma favorisce anche la remineralizzazione dei denti e ne aumenta la durezza, prevenendo cos\u00ec la formazione di carie.<\/p>\n\n\n\n<p><strong>5. Glicerina: <\/strong>La glicerina, in quanto idratante, pu\u00f2 mantenere l&#039;umidit\u00e0 del collutorio e prevenire la secchezza delle fauci.<\/p>\n\n\n\n<p><strong>6. Clorexidina: <\/strong>Si tratta di un comune agente antibatterico in grado di uccidere efficacemente i batteri presenti nella bocca e proteggere la salute dei denti.<\/p>\n\n\n\n<h2 class=\"wp-block-heading\">Le funzioni del collutorio antisettico<\/h2>\n\n\n\n<p>I collutori antibatterici prevengono le malattie orali riducendo il numero di batteri e coprendo specifici organismi; il nostro collutorio germicida di nuova concezione pu\u00f2 uccidere la maggior parte o specifici tipi di batteri per promuovere la guarigione e il recupero orale ed \u00e8 pi\u00f9 adatto alle persone con problemi orali come l&#039;infiammazione. I suoi effetti principali sono:<\/p>\n\n\n\n<p><strong>1. Eliminazione dei batteri: <\/strong>I componenti antibatterici del collutorio germicida possono uccidere efficacemente i batteri nella bocca, ridurre la crescita della placca dentale e dei batteri, prevenire l&#039;insorgenza di malattie orali e mantenere ulteriormente la salute orale. Allo stesso tempo, i gargarismi possono anche rimuovere i detriti di cibo e lo sporco sui denti, per ottenere un forte effetto di pulizia.<\/p>\n\n\n\n<p><strong>2. Migliora l&#039;alito cattivo: <\/strong>Manteniamo al massimo la fragranza dell&#039;olio di scorza di limone, che pu\u00f2 neutralizzare l&#039;odore in bocca, rinfrescare l&#039;alito e migliorare l&#039;alito cattivo e l&#039;immagine personale con un uso a lungo termine.<\/p>\n\n\n\n<p><strong>3. Prevenire la carie: <\/strong>Questo collutorio antisettico fornisce i nutrienti di cui la bocca ha bisogno e rinforza lo smalto dei denti, formando una pellicola protettiva sulla superficie dei denti per prevenire ulteriormente la carie e la formazione di carie.<\/p>\n\n\n\n<p><strong>4. Alleviare il disagio orale: <\/strong>Per le ulcere orali, la gengivite e altre infiammazioni orali, anche il collutorio antisettico svolge un ruolo importante. Gli ingredienti antinfiammatori e lenitivi in esso contenuti possono alleviare il disagio e il dolore causati dall&#039;infiammazione orale e favorire la guarigione delle malattie orali.<\/p>\n\n\n\n<p><strong>5. Migliora l&#039;immunit\u00e0 orale: <\/strong>la distribuzione di batteri benefici e batteri nocivi nella bocca, il collutorio battericida pu\u00f2 ridurre i batteri nocivi nella cavit\u00e0 orale mantenendo l&#039;equilibrio di altri batteri, in modo da migliorare costantemente l&#039;immunit\u00e0 orale e ridurre l&#039;insorgenza di malattie orali.<\/p>\n\n\n\n<p><strong>6. Alleviare la secchezza delle fauci: <\/strong>Gli ingredienti idratanti presenti nel collutorio possono mantenere la bocca umida, alleviare i sintomi della secchezza delle fauci e migliorare problemi come l&#039;alito cattivo.<\/p>\n\n\n\n<h2 class=\"wp-block-heading\">Come usare il collutorio antisettico?<\/h2>\n\n\n\n<p>Come produttore professionale di collutorio antisettico, rispettiamo rigorosamente gli standard qualitativi pertinenti del settore, dallo screening delle materie prime all&#039;imballaggio del prodotto finito, abbiamo i corrispondenti test di qualit\u00e0 per garantire la sicurezza e l&#039;efficacia di ogni prodotto. Per quanto riguarda le istruzioni per l&#039;uso, contrassegneremo anche in dettaglio.<\/p>\n\n\n\n<p><strong>1. Prendi l&#039;importo: <\/strong>Per prima cosa prendi la giusta quantit\u00e0 di collutorio antisettico (10~20 ml); il tappo del nostro flacone \u00e8 dotato di una scala graduata che pu\u00f2 aiutarti a misurare la quantit\u00e0 con precisione.<\/p>\n\n\n\n<p><strong>2. Gargarismi: <\/strong>Il collutorio \u00e8 contenuto nella bocca ed \u00e8 completamente a contatto con l&#039;interno della bocca, coprendo il pi\u00f9 possibile tutte le sue parti per rimuovere batteri e residui di cibo dalla bocca.<\/p>\n\n\n\n<p><strong>3. Tempo: <\/strong>L&#039;intero tempo di gargarismo \u00e8 controllato tra 30 secondi e 1 minuto per garantire che il collutorio possa svolgere appieno il ruolo battericida<\/p>\n\n\n\n<p><strong>4. Sputare: <\/strong>Dopo aver fatto i gargarismi, sputare il collutorio, evitare di deglutire, non \u00e8 necessario risciacquare con acqua due volte.<\/p>\n\n\n\n<h2 class=\"wp-block-heading\">Attenzione<\/h2>\n\n\n\n<p>1. Si raccomanda di utilizzare il prodotto in modo appropriato, seguendo le istruzioni, per evitare di ingerirlo e di abusarne, distruggendo la flora orale e causando problemi orali.<\/p>\n\n\n\n<p>2. Si consiglia di utilizzare dopo ogni pasto o prima di situazioni di emergenza, con un dosaggio di 10~20 ml ogni volta, evitando un uso frequente.<\/p>\n\n\n\n<p>3. Si raccomanda di cambiare regolarmente i diversi tipi di collutorio antisettico per evitare la resistenza ai farmaci.<\/p>\n\n\n\n<p>4. Se durante l&#039;uso si verifica una reazione allergica o un fastidio, interromperne immediatamente l&#039;uso e consultare un medico.<\/p>\n\n\n\n<p>5. Le donne incinte, i bambini e altri gruppi speciali devono utilizzare il prodotto sotto la supervisione di un medico.<\/p>\n\n\n\n<p>6. Il collutorio ha solo una funzione ausiliaria nell&#039;igiene orale, si raccomanda di continuare a spazzolare i denti e usare il filo interdentale al mattino e alla sera.<\/p>\n\n\n\n<h2 class=\"wp-block-heading\">Conclusione<\/h2>\n\n\n\n<p>Con una profonda esperienza nel settore e una tecnologia di produzione avanzata, la nostra fabbrica si impegna a fornirti servizi personalizzati di alta qualit\u00e0, su larga scala e diversificati. La nostra formula di collutorio sar\u00e0 adattata alle tue esigenze specifiche per aiutarti a migliorare l&#039;immagine del tuo marchio. <\/p>\n\n\n\n<p>Allo stesso tempo, controlliamo rigorosamente la qualit\u00e0 dei prodotti durante il processo di produzione con un sistema di controllo qualit\u00e0 multicanale per garantire che i nostri prodotti soddisfino gli standard di settore pertinenti in patria e all&#039;estero, cos\u00ec da offrirti la massima tranquillit\u00e0 durante l&#039;utilizzo. <\/p>\n\n\n\n<p>Se anche tu vuoi distinguerti nel mercato dei collutori contattaci.<\/p>","protected":false},"excerpt":{"rendered":"Antiseptic Mouthwash Manufacturing Common Formulas We will accept the purchased raw materials, accurately weigh the accepted materials, and add them to the mixing process by the prescribed order. Through scientific and reasonable formula design and strict quality control, we can produce safe and reliable germicidal mouthwash to meet your needs for oral health. Several of [&hellip;]","protected":false},"featured_media":1653,"menu_order":0,"template":"","meta":[],"product-tag":[201,206,208,212,213,214,215,216],"products":[72],"class_list":["post-1652","product","type-product","status-publish","has-post-thumbnail","hentry","product-tag-mouthwash-manufacturer","product-tag-mouthwash-companies","product-tag-mouthwash-suppliers","product-tag-mouthwash-contract-manufacturer","product-tag-antiseptic-mouthwashes-manufacturer","product-tag-mouthwash-manufacturers-usa","product-tag-chlorhexidine-mouthwash-manufacturer","product-tag-private-label-mouthwash-manufacturers","products-mouthwash"],"acf":[],"_links":{"self":[{"href":"https:\/\/www.ruiqigo.com\/it\/wp-json\/wp\/v2\/product\/1652","targetHints":{"allow":["GET"]}}],"collection":[{"href":"https:\/\/www.ruiqigo.com\/it\/wp-json\/wp\/v2\/product"}],"about":[{"href":"https:\/\/www.ruiqigo.com\/it\/wp-json\/wp\/v2\/types\/product"}],"version-history":[{"count":0,"href":"https:\/\/www.ruiqigo.com\/it\/wp-json\/wp\/v2\/product\/1652\/revisions"}],"wp:featuredmedia":[{"embeddable":true,"href":"https:\/\/www.ruiqigo.com\/it\/wp-json\/wp\/v2\/media\/1653"}],"wp:attachment":[{"href":"https:\/\/www.ruiqigo.com\/it\/wp-json\/wp\/v2\/media?parent=1652"}],"wp:term":[{"taxonomy":"product-tag","embeddable":true,"href":"https:\/\/www.ruiqigo.com\/it\/wp-json\/wp\/v2\/product-tag?post=1652"},{"taxonomy":"products","embeddable":true,"href":"https:\/\/www.ruiqigo.com\/it\/wp-json\/wp\/v2\/products?post=1652"}],"curies":[{"name":"parola chiave","href":"https:\/\/api.w.org\/{rel}","templated":true}]}}