{"id":1851,"date":"2024-11-20T15:18:41","date_gmt":"2024-11-20T07:18:41","guid":{"rendered":"https:\/\/ruiqigo.com\/?post_type=product&#038;p=1851"},"modified":"2024-11-21T16:13:50","modified_gmt":"2024-11-21T08:13:50","slug":"leave-in-conditioner","status":"publish","type":"product","link":"https:\/\/www.ruiqigo.com\/it\/product\/leave-in-conditioner","title":{"rendered":"Balsamo senza risciacquo"},"content":{"rendered":"<h2 class=\"wp-block-heading\">Balsamo senza risciacquo: formule comuni per la produzione<\/h2>\n\n\n\n<p>Nella produzione di balsami leave-in, il nostro team di ricerca e sviluppo utilizza una variet\u00e0 di formulazioni innovative per soddisfare i vostri diversi gusti ed esigenze. Come produttore professionale di balsami leave-in, anche la nostra selezione di materie prime \u00e8 molto rigorosa, utilizzando materie prime naturali e leggere per garantire che ogni flacone possa raggiungere un&#039;elevata qualit\u00e0. Gli ingredienti principali sono:<\/p>\n\n\n\n<p>1. Essenza vegetale naturale: l&#039;aroma naturale dell&#039;essenza vegetale naturale pu\u00f2 lenire il cuoio capelluto e rilassare corpo e mente, bilanciando al contempo la secrezione di sebo.<\/p>\n\n\n\n<p>2. Oli naturali: come l&#039;olio di argan, possono fornire un nutrimento ricco. Questi oli naturali aiutano a riparare i capelli danneggiati, penetrano in profondit\u00e0 nei capelli, nutrono le radici e rendono i capelli pi\u00f9 sani e pi\u00f9 energici.<\/p>\n\n\n\n<p>3. Agente idratante: la glicerina e altri agenti idratanti possono integrare l&#039;acqua, idratare a lungo, ridurre la rottura e l&#039;effetto crespo dei capelli e renderli pi\u00f9 elastici.<\/p>\n\n\n\n<p>4. Antiossidanti: gli antiossidanti possono proteggere i capelli dai danni dei radicali liberi, prevenendo ulteriormente l&#039;invecchiamento dei capelli, la secchezza e le doppie punte e rendendoli pi\u00f9 forti e sani. Gli antiossidanti comuni includono la vitamina E e i polifenoli del t\u00e8.<\/p>\n\n\n\n<p>5. Olio di silicone: l&#039;olio di silicone pu\u00f2 fornire un effetto liscio immediato, ridurre la rottura dei nodi durante la pettinatura e proteggere i capelli dai danni esterni.<\/p>\n\n\n\n<h2 class=\"wp-block-heading\">Le funzioni dei balsami leave-in<\/h2>\n\n\n\n<p>Il nostro balsamo leave-in non solo ha una variet\u00e0 di formulazioni, ma \u00e8 anche facile da usare, con molteplici funzioni, che possono mostrare la sua competitivit\u00e0 unica nel mercato dei balsami. Ecco le sue funzioni principali:<\/p>\n\n\n\n<p>1. Idratante e umettante: l&#039;ingrediente idratante del balsamo leave-in pu\u00f2 fornire sufficiente idratazione e nutrimento ai capelli, in profondit\u00e0 nelle ciocche, e idratare le radici dei capelli. L&#039;effetto idratante di lunga durata aiuta a rendere i capelli pi\u00f9 morbidi, lisci e lucenti.<\/p>\n\n\n\n<p>2. Migliora la qualit\u00e0 dei capelli: l&#039;uso a lungo termine del nostro balsamo leave-in pu\u00f2 aiutare a migliorare la qualit\u00e0 dei capelli, mentre gli ingredienti attivi presenti nei nostri prodotti possono riparare le squame danneggiate dei capelli, ripristinandoli e favorendone una crescita sana.<\/p>\n\n\n\n<p>3. Styling: utilizziamo ingredienti leggeri che sono pi\u00f9 leggeri e meno stressanti degli oli essenziali per la cura dei capelli. Dopo l&#039;uso, pu\u00f2 lisciare l&#039;effetto crespo, eliminare il problema della biforcazione e del nodo, essere facile da curare e creare varie forme.<\/p>\n\n\n\n<p>4. Previene l&#039;elettricit\u00e0 statica: il nostro balsamo leave-in ha propriet\u00e0 antistatiche che riducono l&#039;attrito tra i capelli, diminuendo l&#039;accumulo di carica e prevenendo cos\u00ec l&#039;elettricit\u00e0 statica, soprattutto in ambienti secchi.<\/p>\n\n\n\n<p>5. Controllo rinfrescante dell&#039;olio: rispetto ai normali balsami, i nostri balsami leave-in sono sempre pi\u00f9 leggeri. Quindi, per i capelli grassi, possono controllare efficacemente l&#039;olio e mantenere i capelli freschi e lucenti.<\/p>\n\n\n\n<p>6. Barriera protettiva: gli antiossidanti presenti nel balsamo leave-in formano una pellicola protettiva in grado di resistere ai danni causati dall&#039;ambiente esterno, come l&#039;asciugatura ad aria calda e i raggi ultravioletti.<\/p>\n\n\n\n<h2 class=\"wp-block-heading\">Come usare il balsamo leave-in sui capelli?<\/h2>\n\n\n\n<p>Come comodo prodotto per la cura dei capelli, il nostro balsamo leave-in \u00e8 facile da usare e adatto alla maggior parte delle occasioni. Possiamo anche progettare un packaging adatto in base alle tue diverse esigenze per la scena, come famiglia, viaggio e cos\u00ec via. Contrassegneremo anche l&#039;uso sulla confezione, spero che tu possa leggerlo prima dell&#039;uso.<\/p>\n\n\n\n<p>1. Dopo la detersione, asciugare delicatamente i capelli con un asciugamano;<\/p>\n\n\n\n<p>2. Applicare una quantit\u00e0 adeguata di balsamo leave-in sul palmo della mano e distribuirlo uniformemente dalla met\u00e0 alle punte dei capelli;<\/p>\n\n\n\n<p>3. Pettina i capelli con un pettine o con le dita.<\/p>\n\n\n\n<p>4. Asciugare con un asciugacapelli o all&#039;aria<\/p>\n\n\n\n<h2 class=\"wp-block-heading\">Attenzione<\/h2>\n\n\n\n<p>1. Se non ci si sente bene prima di utilizzare per la prima volta il test allergico avanzato, interromperne immediatamente l&#039;uso e consultare un medico.<\/p>\n\n\n\n<p>2. Si consiglia di utilizzarlo non pi\u00f9 di due volte a settimana per evitare un&#039;eccessiva nutrizione o disturbi della secrezione di sebo del cuoio capelluto.<\/p>\n\n\n\n<p>3. Assumere ogni volta una quantit\u00e0 moderata, in base alla lunghezza dei capelli, per evitare che diventino eccessivamente unti.<\/p>\n\n\n\n<p>4. Scegli il balsamo leave-in pi\u00f9 adatto ai tuoi capelli.<\/p>\n\n\n\n<p>5. Evitare il contatto con gli occhi. In caso di contatto con gli occhi, sciacquare immediatamente con acqua.<\/p>\n\n\n\n<p>6. Si consiglia di conservare in un luogo fresco e asciutto, evitare la luce solare diretta e l&#039;esposizione ad alte temperature.<\/p>\n\n\n\n<h2 class=\"wp-block-heading\">Conclusione<\/h2>\n\n\n\n<p>Come produttore di balsami leave-in di alta qualit\u00e0, ci concentriamo sull&#039;innovazione e la differenziazione dei prodotti, sviluppando costantemente prodotti per soddisfare diverse esigenze di cura dei capelli. Nella produzione, il nostro team di ricerca e sviluppo ha selezionato attentamente e abbinato scientificamente una variet\u00e0 di ingredienti nutrienti naturali, impegnati a creare una cura dei capelli efficiente per te, un balsamo leave-in facile da usare. <\/p>\n\n\n\n<p>Allo stesso tempo, forniamo anche servizi personalizzati unici, il design diversificato favorisce il potenziamento dell&#039;influenza del marchio. Inoltre, abbiamo istituito una serie di rigorosi sistemi di controllo qualit\u00e0 per la produzione di prodotti, con l&#039;obiettivo di offrirti prodotti sicuri ed efficaci. <\/p>\n\n\n\n<p>Se siete interessati al nostro balsamo leave-in, contattateci immediatamente.<\/p>","protected":false},"excerpt":{"rendered":"Leave-in Conditioner Manufacturing Common Formulas In the production of leave-in conditioners, our research and development team uses a variety of innovative formulations to meet your different tastes and needs. As a professional leave-in conditioner manufacturer, our selection of raw materials is also very strict, using natural and lightweight raw materials to ensure that every bottle [&hellip;]","protected":false},"featured_media":1852,"menu_order":0,"template":"","meta":[],"product-tag":[],"products":[52],"class_list":["post-1851","product","type-product","status-publish","has-post-thumbnail","hentry","products-conditioner"],"acf":[],"_links":{"self":[{"href":"https:\/\/www.ruiqigo.com\/it\/wp-json\/wp\/v2\/product\/1851","targetHints":{"allow":["GET"]}}],"collection":[{"href":"https:\/\/www.ruiqigo.com\/it\/wp-json\/wp\/v2\/product"}],"about":[{"href":"https:\/\/www.ruiqigo.com\/it\/wp-json\/wp\/v2\/types\/product"}],"version-history":[{"count":0,"href":"https:\/\/www.ruiqigo.com\/it\/wp-json\/wp\/v2\/product\/1851\/revisions"}],"wp:featuredmedia":[{"embeddable":true,"href":"https:\/\/www.ruiqigo.com\/it\/wp-json\/wp\/v2\/media\/1852"}],"wp:attachment":[{"href":"https:\/\/www.ruiqigo.com\/it\/wp-json\/wp\/v2\/media?parent=1851"}],"wp:term":[{"taxonomy":"product-tag","embeddable":true,"href":"https:\/\/www.ruiqigo.com\/it\/wp-json\/wp\/v2\/product-tag?post=1851"},{"taxonomy":"products","embeddable":true,"href":"https:\/\/www.ruiqigo.com\/it\/wp-json\/wp\/v2\/products?post=1851"}],"curies":[{"name":"parola chiave","href":"https:\/\/api.w.org\/{rel}","templated":true}]}}