{"id":1909,"date":"2024-11-22T15:17:58","date_gmt":"2024-11-22T07:17:58","guid":{"rendered":"https:\/\/ruiqigo.com\/?post_type=product&#038;p=1909"},"modified":"2024-11-22T15:17:59","modified_gmt":"2024-11-22T07:17:59","slug":"hand-cream-for-dry-hands","status":"publish","type":"product","link":"https:\/\/www.ruiqigo.com\/it\/product\/hand-cream-for-dry-hands","title":{"rendered":"Crema per le mani per mani secche"},"content":{"rendered":"<h2 class=\"wp-block-heading\">Crema per le mani per mani secche Produzione di formule comuni<\/h2>\n\n\n\n<p>Per le mani secche, il nostro team di ricerca e sviluppo utilizza una formula unica con una selezione di estratti vegetali naturali e ingredienti idratanti, che sono delicati sulla pelle e conferiscono eccellenti effetti idratanti e riparatori sulle mani. Diamo un&#039;occhiata al ruolo principale di questi ingredienti:<\/p>\n\n\n\n<p>1. Olio essenziale di lavanda: l&#039;olio essenziale di lavanda ha effetti antibatterici e antinfiammatori, che possono ridurre l&#039;infiammazione e il rossore della pelle delle mani e promuovere la riparazione e la rigenerazione della pelle danneggiata. Allo stesso tempo, ha anche un effetto lenitivo, che favorisce il rilassamento del corpo e della mente, alleviando lo stress e regalandoti un&#039;esperienza piacevole.<\/p>\n\n\n\n<p>2. Glicerina: la glicerina ha un forte effetto idratante e bloccante, che pu\u00f2 formare una pellicola protettiva sulla pelle, bloccare efficacemente l&#039;acqua, prevenire l&#039;evaporazione e rendere le mani pi\u00f9 idratate. Inoltre, pu\u00f2 anche regolare la barriera cutanea, ridurre i danni esterni ed \u00e8 favorevole alla riparazione della barriera cutanea danneggiata.<\/p>\n\n\n\n<p>3. Acido ialuronico: \u00e8 anche un ingrediente idratante altamente efficace e fornisce anche nutrienti, che possono riparare efficacemente i problemi causati da secchezza e danni. Allo stesso tempo, l&#039;acido ialuronico \u00e8 un componente importante per supportare l&#039;elasticit\u00e0 della pelle, che pu\u00f2 aiutare la pelle delle mani a ripristinare l&#039;elasticit\u00e0, alleviare l&#039;invecchiamento e rassodarsi.<\/p>\n\n\n\n<p>4. Burro di karit\u00e9: il burro di karit\u00e9 ha un significativo effetto idratante e nutriente, che pu\u00f2 idratare e nutrire le cellule epidermiche per lungo tempo e alleviare ulteriormente il problema della pelle secca e ruvida delle mani. Ha anche propriet\u00e0 antinfiammatorie e resistenti ai raggi UV, che possono alleviare l&#039;infiammazione e il disagio e promuovere la riparazione e la rigenerazione della pelle, proteggendo la pelle delle mani dai danni dei raggi UV e rendendo la pelle pi\u00f9 sana e soda.<\/p>\n\n\n\n<p>5. Vitamina E: la vitamina E \u00e8 un potente antiossidante che pu\u00f2 resistere ai danni dei radicali liberi sulla pelle e prevenire l&#039;invecchiamento cutaneo. Ha anche un effetto sbiancante, che favorisce la riduzione della deposizione di pigmento sottocutaneo e rende la pelle della mano pi\u00f9 luminosa. Allo stesso tempo, pu\u00f2 accelerare la riparazione dello strato corneo, che pu\u00f2 aiutare il recupero della pelle danneggiata o secca.<\/p>\n\n\n\n<h2 class=\"wp-block-heading\">Le funzioni della crema per le mani per le mani secche<\/h2>\n\n\n\n<p>Come produttori professionali di creme per le mani, abbiamo progettato la formula corrispondente in base allo stato della pelle delle mani, sperando di soddisfare diverse preferenze ed esigenze. Le creme per le mani multifunzionali sono anche uno dei nostri vantaggi competitivi. Le nostre creme per le mani sono adatte alla maggior parte delle persone e possono idratare in profondit\u00e0, ripristinare l&#039;elasticit\u00e0, riparare le barriere e far risplendere di nuovo la pelle delle mani.<\/p>\n\n\n\n<p>1. Previene secchezza e desquamazione: le nostre creme per le mani sono ricche di fattori idratanti e ingredienti nutrienti che penetrano in profondit\u00e0 nella pelle, forniscono idratazione e nutrienti e trattengono l&#039;idratazione per un&#039;idratazione duratura. Gli ingredienti nutrienti riparano la pelle danneggiata e promuovono la guarigione e la rigenerazione. L&#039;uso a lungo termine render\u00e0 le tue mani secche, ruvide e desquamate idratate e sane.<\/p>\n\n\n\n<p>2. Previene l&#039;invecchiamento: l&#039;ingrediente antiossidante che aggiungiamo, l&#039;acido ialuronico, pu\u00f2 promuovere efficacemente la produzione di collagene, rendendo la pelle delle mani pi\u00f9 soda ed elastica e ottenendo ulteriormente l&#039;effetto anti-invecchiamento.<\/p>\n\n\n\n<p>3. Stimolano la crescita delle unghie: le creme per le mani favoriscono la crescita delle unghie idratando la pelle attorno all&#039;unghia per ridurre l&#039;attrito e la resistenza che l&#039;unghia pu\u00f2 incontrare durante la crescita e ammorbidiscono ulteriormente la cuticola, rendendo la pelle attorno all&#039;unghia pi\u00f9 sana.<\/p>\n\n\n\n<p>4. Lenitivo: la fragranza della crema per le mani ha un effetto lenitivo, che pu\u00f2 rilassare il corpo e la mente, alleviare lo stress e regalarti un&#039;esperienza piacevole.<\/p>\n\n\n\n<p>5. Migliora il colore della pelle: abbiamo anche aggiunto alcuni ingredienti sbiancanti, che aiutano a migliorare la condizione opaca delle mani; l&#039;uso a lungo termine pu\u00f2 rendere la pelle delle nostre mani pi\u00f9 delicata e luminosa.<\/p>\n\n\n\n<p>6. Barriera protettiva: quando applichi la nostra crema per le mani, si former\u00e0 una pellicola protettiva naturale, che aiuta a bloccare i danni dell&#039;ambiente esterno, come la luce ultravioletta, l&#039;ambiente secco, ecc., in modo da poter lavorare in sicurezza all&#039;aperto.<\/p>\n\n\n\n<h2 class=\"wp-block-heading\">Come usare la crema per le mani quando sono secche?<\/h2>\n\n\n\n<p>La nostra speciale crema per le mani secche pu\u00f2 essere utilizzata in molte situazioni, come dopo aver lavato le mani, nelle stagioni fredde e secche, nelle attivit\u00e0 all&#039;aperto, ecc. La sua confezione \u00e8 progettata per essere facile da trasportare e pu\u00f2 essere utilizzata su richiesta. Per garantire la qualit\u00e0 e la sicurezza dei nostri prodotti, abbiamo diversi sistemi di gestione della qualit\u00e0 nell&#039;intero processo di produzione per testare l&#039;aspetto, le prestazioni e altri aspetti della crema per le mani. Il modo di utilizzarla \u00e8 anche indicato sulla confezione del prodotto.<\/p>\n\n\n\n<p>1. Mani pulite: pulite prima le mani per evitare che sporco e altri residui possano compromettere l&#039;effetto detergente della crema.<\/p>\n\n\n\n<p>2. Applicare uniformemente: prendere una quantit\u00e0 adeguata di crema per le mani (circa 1,5 cm di diametro) e applicarla prima sul palmo, quindi applicarla l&#039;una sull&#039;altra con entrambe le mani per assicurarsi di coprire ogni angolo, in particolare la bocca della tigre, il bordo dell&#039;unghia, tra le dita e altri punti facilmente trascurati.<\/p>\n\n\n\n<p>3. Massaggio adeguato: massaggiare delicatamente la pelle delle mani con entrambe le mani dopo l&#039;applicazione per favorire la circolazione sanguigna e l&#039;assorbimento della crema per le mani, in particolare la punta delle dita e i palmi.<\/p>\n\n\n\n<h2 class=\"wp-block-heading\">Attenzione<\/h2>\n\n\n\n<p>1. Eseguire un test allergico quando lo si utilizza per la prima volta. Se si verifica disagio, interrompere immediatamente l&#039;uso e consultare un medico per un consiglio.<\/p>\n\n\n\n<p>2. Scegli creme per le mani diverse in base alla stagione e al tipo di pelle.<\/p>\n\n\n\n<p>3. Evitare di lavarsi le mani frequentemente, perch\u00e9 questo pu\u00f2 seccarle.<\/p>\n\n\n\n<p>4. Evita di applicare una crema per le mani troppo densa. Una crema per le mani troppo densa render\u00e0 le tue mani unte e scomode.<\/p>\n\n\n\n<p>5. Si consiglia di conservare in un luogo fresco e asciutto e di tenere sigillato, per evitare la luce solare diretta e gli ambienti ad alte temperature.<\/p>\n\n\n\n<h2 class=\"wp-block-heading\">Conclusione<\/h2>\n\n\n\n<p>Come produttore dedicato alla creazione di creme per le mani di alta qualit\u00e0 per mani secche, siamo dotati di attrezzature di produzione avanzate e linee di produzione automatizzate, abbiamo stabilito un solido sistema di gestione della qualit\u00e0 e abbiamo anche un team di ricerca e sviluppo professionale e un sistema di filiera stabile. Pertanto, che si tratti di un ordine grande o piccolo, possiamo completare in modo efficiente la qualit\u00e0. Non solo, abbiamo anche un servizio di personalizzazione unico che sar\u00e0 adattato alle tue esigenze per personalizzare la formula della tua crema per le mani. Contattaci se sei interessato alla nostra crema per le mani.<\/p>\n\n\n\n<p><\/p>","protected":false},"excerpt":{"rendered":"Hand Cream For Dry Hands Manufacturing Common Formulas For dry hands, our research and development team uses a unique formula with a selection of natural plant extracts and moisturizing ingredients, which are gentle on the skin and give excellent moisturizing and repairing effects on the hands. Let&#8217;s take a look at the main role of [&hellip;]","protected":false},"featured_media":1910,"menu_order":0,"template":"","meta":[],"product-tag":[],"products":[58],"class_list":["post-1909","product","type-product","status-publish","has-post-thumbnail","hentry","products-hand-cream"],"acf":[],"_links":{"self":[{"href":"https:\/\/www.ruiqigo.com\/it\/wp-json\/wp\/v2\/product\/1909","targetHints":{"allow":["GET"]}}],"collection":[{"href":"https:\/\/www.ruiqigo.com\/it\/wp-json\/wp\/v2\/product"}],"about":[{"href":"https:\/\/www.ruiqigo.com\/it\/wp-json\/wp\/v2\/types\/product"}],"version-history":[{"count":0,"href":"https:\/\/www.ruiqigo.com\/it\/wp-json\/wp\/v2\/product\/1909\/revisions"}],"wp:featuredmedia":[{"embeddable":true,"href":"https:\/\/www.ruiqigo.com\/it\/wp-json\/wp\/v2\/media\/1910"}],"wp:attachment":[{"href":"https:\/\/www.ruiqigo.com\/it\/wp-json\/wp\/v2\/media?parent=1909"}],"wp:term":[{"taxonomy":"product-tag","embeddable":true,"href":"https:\/\/www.ruiqigo.com\/it\/wp-json\/wp\/v2\/product-tag?post=1909"},{"taxonomy":"products","embeddable":true,"href":"https:\/\/www.ruiqigo.com\/it\/wp-json\/wp\/v2\/products?post=1909"}],"curies":[{"name":"parola chiave","href":"https:\/\/api.w.org\/{rel}","templated":true}]}}