{"id":2022,"date":"2024-11-27T14:41:54","date_gmt":"2024-11-27T06:41:54","guid":{"rendered":"https:\/\/ruiqigo.com\/?post_type=product&#038;p=2022"},"modified":"2024-11-27T14:41:54","modified_gmt":"2024-11-27T06:41:54","slug":"anti-aging-hand-cream","status":"publish","type":"product","link":"https:\/\/www.ruiqigo.com\/it\/product\/anti-aging-hand-cream","title":{"rendered":"Crema mani anti-et\u00e0"},"content":{"rendered":"<h2 class=\"wp-block-heading\">Formule comuni per la produzione di creme anti-invecchiamento per le mani<\/h2>\n\n\n\n<p>Per linee sottili, macchie e altri problemi, il nostro team di R&amp;S utilizza formulazioni scientifiche avanzate, ingredienti naturali delicati e materie prime attentamente selezionate per garantire un&#039;elevata qualit\u00e0. Le formule principali sono:<\/p>\n\n\n\n<p>1. Retinolo: il retinolo \u00e8 il componente principale dell&#039;anti-invecchiamento, che pu\u00f2 promuovere la produzione di cellule epiteliali e collagene. Aumenta l&#039;elasticit\u00e0 della pelle rafforzando il metabolismo cutaneo e promuove la caduta delle cuticole invecchiate per ridurre le macchie. Quindi, con un uso a lungo termine, le nostre mani diventeranno delicate e lisce.<\/p>\n\n\n\n<p>2. Acido ialuronico: \u00e8 un ingrediente idratante altamente efficace che pu\u00f2 trattenere saldamente l&#039;acqua e ottenere un effetto idratante duraturo. Quindi, attaccandolo alla mano, aiuter\u00e0 la pelle a mantenere l&#039;equilibrio idrico ed evitare problemi di secchezza e ruvidit\u00e0.<\/p>\n\n\n\n<p>3. Squalano: lo squalano ha un significativo effetto idratante ed \u00e8 delicato e non irritante, formando anche una pellicola protettiva. Nutre la pelle delle mani prevenendo i danni delle sostanze nocive provenienti dal mondo esterno, doppia assistenza e rende le nostre mani pi\u00f9 morbide e flessibili.<\/p>\n\n\n\n<p>4. Vitamina E: \u00e8 un buon antiossidante, pu\u00f2 resistere ai danni dei radicali liberi, inibire la sintesi di melanina e ottenere ulteriormente l&#039;effetto di lentiggine, sbiancamento e riparazione. L&#039;uso a lungo termine pu\u00f2 ritardare il processo di invecchiamento della pelle.<\/p>\n\n\n\n<p>5. Essenza vegetale naturale: aggiungiamo aloe vera, camomilla e altre essenze vegetali naturali, che hanno un effetto lenitivo e possono alleviare la tensione e il disagio causati dalle mani secche.<\/p>\n\n\n\n<h2 class=\"wp-block-heading\">Le funzioni della crema anti-invecchiamento per le mani<\/h2>\n\n\n\n<p>Come produttore esperto di creme anti-invecchiamento per le mani, abbiamo progettato diverse formulazioni in base ai diversi tipi di pelle e alle preferenze. Nel processo di produzione, attribuiamo inoltre grande importanza alla sicurezza dei prodotti e abbiamo creato un sistema di controllo qualit\u00e0 multicanale per garantire la sicurezza e l&#039;efficacia dei prodotti. Riguardo alle sue funzioni, possiamo apprendere:<\/p>\n\n\n\n<p>1. Altamente idratante e idratante: la crema per le mani anti-invecchiamento \u00e8 ricca di fattori idratanti e ingredienti nutrienti, che possono idratare in profondit\u00e0 e reintegrare l&#039;acqua. Allo stesso tempo, l&#039;acqua sar\u00e0 saldamente bloccata, mantenendo l&#039;idratazione della pelle delle mani, unita a un ricco effetto nutriente, che pu\u00f2 rendere le mani pi\u00f9 morbide e lisce.<\/p>\n\n\n\n<p>2. Attenua le linee sottili e le rughe: sotto l&#039;azione di antiossidanti come il retinolo, le macchie della pelle delle mani scompariranno gradualmente e stimoleranno costantemente la rigenerazione delle cellule della pelle, ricche di collagene in grado di migliorare la consistenza della pelle, attenuare le linee sottili e le rughe e ripristinare l&#039;elasticit\u00e0.<\/p>\n\n\n\n<p>3. Lenitivo e calmante: se la mano \u00e8 seriamente disidratata, pu\u00f2 causare screpolature ruvide e secche, che renderanno le mani pi\u00f9 doloranti. I nostri estratti vegetali naturali aggiunti aiutano a lenire e calmare la pelle senza irritarla, anche i muscoli sensibili.<\/p>\n\n\n\n<p>4. Barriera protettiva: quando applicata, la pelle delle mani former\u00e0 una pellicola protettiva in grado di resistere ai danni dell&#039;ambiente esterno aggressivo e proteggere la pelle delle mani, in modo che siano costantemente nutrite e lisce.<\/p>\n\n\n\n<p>5. Schiarire la pelle: la nostra crema anti-invecchiamento per le mani non solo riduce le macchie e uniforma il tono della pelle, ma la schiarisce anche. L&#039;uso a lungo termine pu\u00f2 ottenere l&#039;effetto di schiarire il colore della pelle delle mani.<\/p>\n\n\n\n<h2 class=\"wp-block-heading\">Come usare la crema anti-et\u00e0 per le mani?<\/h2>\n\n\n\n<p>Scegliendo la crema anti-invecchiamento per le mani giusta per il tuo tipo di pelle e le tue esigenze e attenendoti ad essa, puoi migliorare efficacemente l&#039;invecchiamento della pelle delle tue mani. La useremo e la formula sicura e altre informazioni sono indicate sulla confezione, puoi leggerle in dettaglio e usarla con tranquillit\u00e0.<\/p>\n\n\n\n<p>1. Risciacquare con acqua tiepida e asciugare delicatamente con un asciugamano prima dell&#039;uso;<\/p>\n\n\n\n<p>2. Applicare una quantit\u00e0 adeguata di crema anti-invecchiamento per le mani sul palmo e strofinare con entrambe le mani, distribuire uniformemente la crema su entrambe le mani e assicurarsi di applicare anche il dorso della mano, la cucitura delle dita e la punta delle dita;<\/p>\n\n\n\n<p>3. Massaggiare delicatamente le mani dopo l&#039;applicazione per favorire un migliore assorbimento della crema;<\/p>\n\n\n\n<p>4. Riapplica la crema per le mani ogni volta che le tue mani sono particolarmente secche.<\/p>\n\n\n\n<h2 class=\"wp-block-heading\">Attenzione<\/h2>\n\n\n\n<p>1. Scegli la crema anti-et\u00e0 per le mani pi\u00f9 adatta al tuo tipo di pelle e alle tue esigenze;<\/p>\n\n\n\n<p>2. Prima del primo utilizzo di un test allergico avanzato, se si verifica disagio, interrompere immediatamente l&#039;uso e consultare un medico;<\/p>\n\n\n\n<p>3. Evitare un uso eccessivo, altrimenti la pelle diventer\u00e0 grassa e i pori ostruiranno;<\/p>\n\n\n\n<p>4. Prestare attenzione alla frequenza di utilizzo, si consiglia di utilizzare dopo aver lavato le mani al mattino e alla sera, se l&#039;ambiente asciutto e freddo pu\u00f2 aumentare opportunamente la frequenza di utilizzo;<\/p>\n\n\n\n<p>5. Si consiglia di conservare in un luogo fresco e asciutto ed evitare temperature elevate e ambienti umidi.<\/p>\n\n\n\n<h2 class=\"wp-block-heading\">Conclusione<\/h2>\n\n\n\n<p>La nostra crema anti-invecchiamento per le mani \u00e8 un prodotto competitivo con i suoi ingredienti delicati, la formula unica e l&#039;efficacia superiore. Allo stesso tempo, il servizio personalizzato che forniamo \u00e8 anche di alta qualit\u00e0, creeremo una formula speciale per te in base alle tue esigenze. Nel frattempo, ci adattiamo costantemente in base al tuo feedback per ottenere i migliori risultati. Se vuoi anche tu sperimentare il suo fascino unico, ti preghiamo di contattarci.<\/p>","protected":false},"excerpt":{"rendered":"Anti-Aging Hand Cream Manufacturing Common Formulas For fine lines, stains, and other problems, our R&amp;D team uses advanced scientific formulations, mild natural ingredients, and carefully selected raw materials to ensure high quality. The main formulas are: 1. Retinol: Retinol is the core component of anti-aging, which can promote the production of epithelial cells and collagen. [&hellip;]","protected":false},"featured_media":2023,"menu_order":0,"template":"","meta":[],"product-tag":[],"products":[58],"class_list":["post-2022","product","type-product","status-publish","has-post-thumbnail","hentry","products-hand-cream"],"acf":[],"_links":{"self":[{"href":"https:\/\/www.ruiqigo.com\/it\/wp-json\/wp\/v2\/product\/2022","targetHints":{"allow":["GET"]}}],"collection":[{"href":"https:\/\/www.ruiqigo.com\/it\/wp-json\/wp\/v2\/product"}],"about":[{"href":"https:\/\/www.ruiqigo.com\/it\/wp-json\/wp\/v2\/types\/product"}],"version-history":[{"count":0,"href":"https:\/\/www.ruiqigo.com\/it\/wp-json\/wp\/v2\/product\/2022\/revisions"}],"wp:featuredmedia":[{"embeddable":true,"href":"https:\/\/www.ruiqigo.com\/it\/wp-json\/wp\/v2\/media\/2023"}],"wp:attachment":[{"href":"https:\/\/www.ruiqigo.com\/it\/wp-json\/wp\/v2\/media?parent=2022"}],"wp:term":[{"taxonomy":"product-tag","embeddable":true,"href":"https:\/\/www.ruiqigo.com\/it\/wp-json\/wp\/v2\/product-tag?post=2022"},{"taxonomy":"products","embeddable":true,"href":"https:\/\/www.ruiqigo.com\/it\/wp-json\/wp\/v2\/products?post=2022"}],"curies":[{"name":"parola chiave","href":"https:\/\/api.w.org\/{rel}","templated":true}]}}