{"id":2062,"date":"2024-11-29T15:24:06","date_gmt":"2024-11-29T07:24:06","guid":{"rendered":"https:\/\/ruiqigo.com\/?post_type=product&#038;p=2062"},"modified":"2024-11-29T15:27:04","modified_gmt":"2024-11-29T07:27:04","slug":"no-crack-hand-cream","status":"publish","type":"product","link":"https:\/\/www.ruiqigo.com\/it\/product\/no-crack-hand-cream","title":{"rendered":"Crema mani anti-crepe"},"content":{"rendered":"<h2 class=\"wp-block-heading\">Formule comuni per la produzione di crema per le mani anti-crepe<\/h2>\n\n\n\n<p>Il nostro team di ricerca e sviluppo ha ideato una formula di riparazione idratante profonda per il problema delle mani secche e screpolate durante la progettazione, con l&#039;obiettivo di risolvere i danni causati alle mani da ambienti difficili. Questi ingredienti lavorano insieme per prendersi cura delle tue mani. Gli ingredienti principali sono:<\/p>\n\n\n\n<p>1. <strong>Glicerina:<\/strong> La glicerina \u00e8 un comune idratante che assorbe l&#039;acqua e la trattiene. Questo effetto idratante assicura che la pelle delle mani rimanga idratata anche in ambienti asciutti. Allo stesso tempo, la glicerina pu\u00f2 anche formare una pellicola protettiva, idratare la pelle delle mani, pu\u00f2 migliorare il problema delle mani ruvide e screpolate.<\/p>\n\n\n\n<p>2. <strong>Acido ialuronico:<\/strong> l&#039;acido ialuronico ha un eccellente effetto idratante, pu\u00f2 assorbire molta acqua e prevenire la perdita di acqua. Allo stesso tempo, pu\u00f2 anche migliorare la funzione barriera della pelle delle mani, ridurre i danni dell&#039;ambiente esterno aggressivo alla pelle e promuovere ulteriormente la riparazione e la rigenerazione delle cellule della pelle. L&#039;uso a lungo termine pu\u00f2 ripristinare la salute delle mani danneggiate.<\/p>\n\n\n\n<p>3.<strong> Ceramide:<\/strong> La ceramide pu\u00f2 accelerare il processo di riparazione della pelle, pu\u00f2 alleviare la stimolazione secca causata dall&#039;ambiente esterno sulla pelle e promuovere la rigenerazione delle cellule della pelle. Inoltre, pu\u00f2 anche inibire la generazione di melanina, l&#039;uso a lungo termine pu\u00f2 ottenere l&#039;effetto di sbiancamento. Allo stesso tempo, ha anche una certa capacit\u00e0 anti-invecchiamento, che pu\u00f2 rendere la pelle della mano pi\u00f9 tesa ed elastica.<\/p>\n\n\n\n<p>4. <strong>Aloe vera:<\/strong> Oltre alla sua potente funzione idratante, l&#039;estratto naturale di aloe ha anche un effetto lenitivo anti-sensibilit\u00e0, che pu\u00f2 alleviare il disagio causato dall&#039;irritazione secca della pelle della mano. Allo stesso tempo, pu\u00f2 promuovere la riparazione e la rigenerazione delle cellule della pelle, accelerare la guarigione delle crepe secche e rendere le mani pi\u00f9 sane e idratate.<\/p>\n\n\n\n<p>5. <strong>Procione pescecane:<\/strong> I procioni pescecane possono formare una pellicola protettiva sulla superficie della pelle della mano, ridurre i danni dell&#039;ambiente esterno e mantenere la pelle della mano idratata. Fornisce inoltre nutrienti e idratazione in profondit\u00e0 nella pelle, accelerando il processo di riparazione della pelle danneggiata.<\/p>\n\n\n\n<h2 class=\"wp-block-heading\">Le funzioni della crema mani anti-crepe<\/h2>\n\n\n\n<p>Al momento della produzione, abbiamo combinato la maggior parte delle condizioni di secchezza e desquamazione delle mani per progettare questa crema per le mani anti-crepe che non \u00e8 solo delicata ma ha anche molteplici effetti, tutti gli aspetti della riparazione della pelle delle mani. Quando si sceglie una crema per le mani, si consiglia di scegliere un prodotto adatto a te in base alle condizioni della tua pelle e alle tue esigenze di preferenza. Ecco le sue funzioni principali:<\/p>\n\n\n\n<p>1. <strong>Idratazione a lunga durata e non appiccicosa:<\/strong> Utilizziamo una variet\u00e0 di ingredienti che hanno un forte effetto idratante, possono idratare e idratare in profondit\u00e0 e bloccare l&#039;idratazione. E la nostra crema per le mani non sar\u00e0 appiccicosa, con una buona sensazione di utilizzo.<\/p>\n\n\n\n<p>2. <strong>Riparazione e rigenerazione: <\/strong>La nostra crema per le mani pu\u00f2 fornire nutrienti sufficienti, migliorare la funzione barriera della pelle e promuovere ulteriormente la riparazione e la rigenerazione delle cellule della pelle. Allo stesso tempo, pu\u00f2 anche ridurre i danni dell&#039;ambiente esterno alla pelle, il che \u00e8 favorevole al miglioramento del problema della pelle ruvida e secca sulla mano.<\/p>\n\n\n\n<p>3. <strong>Lenitivo e anti-sensibilizzante<\/strong>: Abbiamo aggiunto aloe vera e altri ingredienti che hanno un effetto anti-sensibilit\u00e0 e lenitivo, che aiuta ad alleviare il dolore e il disagio causati dalla pelle secca e allergica delle mani. Leviga la pelle danneggiata e rende le mani pi\u00f9 sane.<\/p>\n\n\n\n<p>4. <strong>Lieve e non stimolante: <\/strong>le materie prime nel processo di produzione sono attentamente selezionate e non contengono sostanze nocive. E i nostri ingredienti sono naturali e delicati, adatti alla maggior parte dei tipi di pelle, in particolare a quelle sensibili. Evitiamo anche danni secondari alla pelle delle mani con alcol e altri irritanti.<\/p>\n\n\n\n<p>5. <strong>Protezione e isolamento:<\/strong> L&#039;olio nella nostra crema per le mani pu\u00f2 formare una pellicola protettiva sulla superficie della pelle per isolare l&#039;ambiente esterno come la luce ultravioletta e i danni della pelle fredda e secca. Usalo regolarmente per rendere la pelle delle mani pi\u00f9 liscia e delicata.<\/p>\n\n\n\n<h2 class=\"wp-block-heading\">Come usare la crema mani anti-crepe?<\/h2>\n\n\n\n<p>Come produttore professionale di creme per le mani anti-crepe, attribuiamo grande importanza alla qualit\u00e0 e alla sicurezza del prodotto, nonch\u00e9 all&#039;esperienza d&#039;uso. Quindi abbiamo un rigoroso sistema di gestione della qualit\u00e0 per garantire i nostri prodotti. Allo stesso tempo, progetteremo anche la confezione corrispondente in base alle tue esigenze. Contrassegneremo le specifiche del prodotto e il modo di utilizzo sulla confezione.<\/p>\n\n\n\n<p>1. <strong>Mani pulite:<\/strong> Prima dell&#039;uso, lavare le mani con acqua calda e asciugarle delicatamente. Ci\u00f2 favorisce l&#039;assorbimento della crema per le mani;<\/p>\n\n\n\n<p>2. <strong>Applicare uniformemente: <\/strong>Applicare una quantit\u00e0 adeguata di crema anti-crepe sul palmo e distribuirla uniformemente su entrambe le mani, in particolare sul dorso, sulle dita e in altre zone facilmente trascurabili.<\/p>\n\n\n\n<p>3. <strong>Assorbimento del massaggio:<\/strong> Dopo l&#039;applicazione uniforme, puoi massaggiare delicatamente le mani con le dita, in particolare sulle articolazioni e sugli altri bordi, per aiutare la crema a penetrare meglio nella pelle.<\/p>\n\n\n\n<p>4. <strong>Riapplicare immediatamente:<\/strong> Riapplica la nostra crema per le mani ogni volta che ti lavi le mani o quando sono asciutte, per mantenerle idratate.<\/p>\n\n\n\n<h2 class=\"wp-block-heading\">Attenzione<\/h2>\n\n\n\n<p>1. Quando scegli la crema per le mani, dovresti scegliere un prodotto adatto a te in base al tuo tipo di pelle e alle tue esigenze;<\/p>\n\n\n\n<p>2. Si consiglia di effettuare un test allergico quando lo si utilizza per la prima volta. Se si verifica disagio, interrompere immediatamente l&#039;uso e risciacquare con acqua;<\/p>\n\n\n\n<p>3. Evitare l&#039;uso eccessivo, la giusta quantit\u00e0 di crema per le mani pu\u00f2 idratare le mani, se eccessiva, pu\u00f2 renderle unte e non facili da assorbire;<\/p>\n\n\n\n<p>4. Mantenere le mani calde pu\u00f2 ridurre il fenomeno della pelle secca e screpolata sulle mani, soprattutto in ambienti freddi e secchi;<\/p>\n\n\n\n<p>5. Si consiglia di conservare in un luogo fresco e asciutto per evitare il deterioramento della crema per le mani causato da alte temperature e ambienti umidi.<\/p>\n\n\n\n<h2 class=\"wp-block-heading\">Conclusione<\/h2>\n\n\n\n<p>Come produttore di creme per le mani anti-crepe che persegue qualit\u00e0 e dettaglio, abbiamo attrezzature di produzione avanzate e un team di ricerca e sviluppo professionale. Non solo, per quanto riguarda il processo di produzione della crema per le mani, integriamo estratti vegetali naturali e fattori idratanti avanzati, che possono alleviare efficacemente mani secche, screpolate e screpolate. L&#039;uso della tecnologia di assorbimento rapido, in modo che la crema per le mani penetri rapidamente nella pelle, non appiccicosa, ti offre un&#039;esperienza fresca e confortevole. Che si tratti di formulazione del prodotto o di confezionamento, creeremo un marchio unico in base alle tue esigenze. Se sei interessato alla nostra crema per le mani anti-crepe, ti preghiamo di contattarci immediatamente.<\/p>","protected":false},"excerpt":{"rendered":"No-Crack Hand Cream Manufacturing Common Formulas Our research and development team designed a deep moisturizing repair formula for the problem of dry and cracked hands during the design, aiming to solve the damage caused by harsh environments to hands. These ingredients work together to care for your hands. The main ingredients are: 1. Glycerin: Glycerin [&hellip;]","protected":false},"featured_media":2063,"menu_order":0,"template":"","meta":[],"product-tag":[],"products":[58],"class_list":["post-2062","product","type-product","status-publish","has-post-thumbnail","hentry","products-hand-cream"],"acf":[],"_links":{"self":[{"href":"https:\/\/www.ruiqigo.com\/it\/wp-json\/wp\/v2\/product\/2062","targetHints":{"allow":["GET"]}}],"collection":[{"href":"https:\/\/www.ruiqigo.com\/it\/wp-json\/wp\/v2\/product"}],"about":[{"href":"https:\/\/www.ruiqigo.com\/it\/wp-json\/wp\/v2\/types\/product"}],"version-history":[{"count":0,"href":"https:\/\/www.ruiqigo.com\/it\/wp-json\/wp\/v2\/product\/2062\/revisions"}],"wp:featuredmedia":[{"embeddable":true,"href":"https:\/\/www.ruiqigo.com\/it\/wp-json\/wp\/v2\/media\/2063"}],"wp:attachment":[{"href":"https:\/\/www.ruiqigo.com\/it\/wp-json\/wp\/v2\/media?parent=2062"}],"wp:term":[{"taxonomy":"product-tag","embeddable":true,"href":"https:\/\/www.ruiqigo.com\/it\/wp-json\/wp\/v2\/product-tag?post=2062"},{"taxonomy":"products","embeddable":true,"href":"https:\/\/www.ruiqigo.com\/it\/wp-json\/wp\/v2\/products?post=2062"}],"curies":[{"name":"parola chiave","href":"https:\/\/api.w.org\/{rel}","templated":true}]}}