{"id":2135,"date":"2024-12-04T16:06:10","date_gmt":"2024-12-04T08:06:10","guid":{"rendered":"https:\/\/ruiqigo.com\/?post_type=product&#038;p=2135"},"modified":"2024-12-04T16:07:39","modified_gmt":"2024-12-04T08:07:39","slug":"natural-body-lotion","status":"publish","type":"product","link":"https:\/\/www.ruiqigo.com\/it\/product\/natural-body-lotion","title":{"rendered":"Lozione naturale per il corpo"},"content":{"rendered":"<h2 class=\"wp-block-heading\">Formule comuni per la produzione di lozioni naturali per il corpo<\/h2>\n\n\n\n<p>Per garantire che gli ingredienti siano delicati e non causino irritazioni alla pelle, il nostro team di ricerca e sviluppo ha selezionato una variet\u00e0 di ingredienti puri. Materie prime selezionate vengono miscelate nel processo di produzione per garantire la sicurezza e l&#039;efficacia del nostro latte corpo naturale.<\/p>\n\n\n\n<p>1. Glicerina: la glicerina \u00e8 un idratante comunemente usato che assorbe l&#039;umidit\u00e0 dall&#039;aria e forma una pellicola sulla pelle, aiutando efficacemente la pelle a trattenere l&#039;umidit\u00e0. Fornisce effetti idratanti di lunga durata e idrata anche la pelle, mantenendola morbida ed elastica.<\/p>\n\n\n\n<p>2. Conservanti naturali: l&#039;uso di conservanti naturali pu\u00f2 prevenire la crescita di microrganismi, senza danneggiare la nostra pelle. \u00c8 pi\u00f9 adatto alla maggior parte dei tipi di pelle, in particolare a quelle sensibili, rispetto alle creme per il corpo tradizionali.<\/p>\n\n\n\n<p>3. Emulsionante: pu\u00f2 aiutare l&#039;acqua e l&#039;olio a mescolarsi e non a separarsi, per ottenere emulsione, stabilit\u00e0 e altri effetti. Aggiungerlo a una lozione naturale per il corpo pu\u00f2 aiutare ad assorbirla pi\u00f9 facilmente e prevenire la delaminazione o la precipitazione.<\/p>\n\n\n\n<p>4. Oli naturali: sono importanti ingredienti idratanti e sono ricchi di acidi grassi insaturi e vitamine. Quindi hanno un effetto idratante e umettante, che pu\u00f2 idratare in profondit\u00e0 la pelle e migliorare la pelle ruvida e secca. Allo stesso tempo, aiutano anche a riparare le barriere cutanee danneggiate e a rafforzare la resistenza della pelle per prevenire la perdita di acqua e l&#039;irritazione esterna.<\/p>\n\n\n\n<p>5. Olio essenziale vegetale naturale: l&#039;olio essenziale vegetale pu\u00f2 aggiungere aroma alla lozione per il corpo e ha un effetto lenitivo, che pu\u00f2 rilassare il corpo e la mente e offrire un&#039;esperienza d&#039;uso piacevole.<\/p>\n\n\n\n<h2 class=\"wp-block-heading\">Le funzioni della lozione naturale per il corpo<\/h2>\n\n\n\n<p>Diamo grande importanza al processo di produzione del latte corpo naturale. Ogni goccia \u00e8 rigorosamente proporzionata e lavorata per garantirne la delicata consistenza e l&#039;efficace cura della pelle. Ecco le sue principali funzioni:<\/p>\n\n\n\n<p>1. Delicato e non irritante: selezioniamo attentamente una variet\u00e0 di ingredienti naturali, senza sostanze chimiche nocive. Quindi non causer\u00e0 irritazione e disagio alla tua pelle ed \u00e8 adatto alla maggior parte dei tipi di pelle.<\/p>\n\n\n\n<p>2. Idratazione di lunga durata: la nostra lozione naturale per il corpo former\u00e0 una pellicola protettiva sulla pelle per trattenere saldamente l&#039;idratazione e impedirne l&#039;evaporazione, il che pu\u00f2 ripristinare l&#039;idratazione a lungo e migliorare la pelle ruvida e secca.<\/p>\n\n\n\n<p>3. Idratazione profonda: la lozione naturale per il corpo pu\u00f2 penetrare in profondit\u00e0 nella pelle, integrare i nutrienti necessari e l&#039;uso a lungo termine pu\u00f2 rendere la pelle pi\u00f9 sana e luminosa.<\/p>\n\n\n\n<p>4. Schiarire la pelle: la nostra lozione per il corpo contiene antiossidanti che proteggono dai raggi UV. Stimola anche la produzione di collagene, che aiuta a ridurre rughe, linee sottili e calli ruvidi. Inoltre, alcuni ingredienti sbiancanti possono inibire la produzione di melanina per ridurre macchie opache e scure. Questi effetti possono aiutarci a migliorare la consistenza della pelle e renderla pi\u00f9 bianca e soda.<\/p>\n\n\n\n<p>5. Riparazione lenitiva: gli estratti vegetali naturali hanno solitamente funzioni lenitive e alcuni hanno anche effetti riparatori. Pertanto, quando utilizzati, possono alleviare il dolore e il disagio della pelle, riparare la pelle danneggiata e anche consentire di rilassarsi.<\/p>\n\n\n\n<h2 class=\"wp-block-heading\">Come usare la lozione naturale per il corpo?<\/h2>\n\n\n\n<p>Come produttore professionale di lozioni naturali per il corpo, prestiamo particolare attenzione al processo di produzione dei nostri prodotti, soprattutto in termini di qualit\u00e0 e sicurezza del prodotto. Pertanto, abbiamo un sistema di controllo qualit\u00e0 multicanale e testiamo la consistenza, l&#039;efficacia, la viscosit\u00e0 e cos\u00ec via del prodotto finito per garantirne l&#039;efficacia. Ci auguriamo inoltre che tu possa leggere attentamente le nostre istruzioni prima di utilizzarle.<\/p>\n\n\n\n<p>1. Pulisci la pelle: prima dell&#039;uso, dobbiamo prima pulire la pelle, rimuovere l&#039;olio e lo sporco dalla superficie, assicurarci che la pelle sia pulita e asciugarla delicatamente con un asciugamano dopo il lavaggio.<\/p>\n\n\n\n<p>2. Applicare la giusta quantit\u00e0: prendere la giusta quantit\u00e0 di lozione naturale per il corpo e applicarla uniformemente su tutto il corpo, facendo attenzione a non applicarne troppa durante questo processo, altrimenti potresti sentirti unto.<\/p>\n\n\n\n<p>3. Assorbimento tramite massaggio: dopo l&#039;applicazione, puoi massaggiare delicatamente la pelle con entrambe le mani per favorire l&#039;assorbimento e favorire la circolazione sanguigna. Per le parti relativamente secche o con uno spesso strato corneo, puoi aumentare opportunamente la lozione per il corpo e massaggiarla.<\/p>\n\n\n\n<p>4. Uso regolare: si consiglia di applicare la lozione per il corpo una volta al giorno al mattino e una volta al giorno alla sera per aiutarci a mantenere la pelle idratata e morbida a lungo.<\/p>\n\n\n\n<h2 class=\"wp-block-heading\">Attenzione<\/h2>\n\n\n\n<p>1. Si raccomanda di eseguire un test di anafilassi avanzato prima del primo utilizzo; se si verifica disagio, interrompere immediatamente l&#039;uso;<\/p>\n\n\n\n<p>2. Prestare attenzione alla giusta quantit\u00e0 durante l&#039;applicazione, un uso eccessivo pu\u00f2 rendere la pelle unta e fastidiosa;<\/p>\n\n\n\n<p>3. Il latte naturale per il corpo utilizza conservanti naturali, quindi la durata di conservazione \u00e8 breve, si consiglia di prestare maggiore attenzione alla durata di conservazione del prodotto;<\/p>\n\n\n\n<p>4. Si consiglia di conservare in un luogo fresco e asciutto per evitare il deterioramento causato dalle alte temperature e dagli ambienti umidi.<\/p>\n\n\n\n<h2 class=\"wp-block-heading\">Conclusione<\/h2>\n\n\n\n<p>Tra le numerose creme per il corpo con diverse funzioni, \u00e8 particolarmente importante trovare una cura del corpo pura, innocua, efficiente e delicata per la pelle. Come produttore dedicato alla creazione di lozioni per il corpo naturali, abbiamo selezionato con cura ingredienti naturali di alta qualit\u00e0, scientificamente proporzionati, e utilizzato processi di produzione delicati per migliorare la tua esperienza. Naturalmente, i nostri prodotti non sono solo adatti a tutti i tipi di pelle, ma possiamo anche fornire servizi personalizzati per adattare la formula al tuo tipo di pelle e alle tue preferenze per garantire che ogni lozione per il corpo naturale soddisfi le tue aspettative. Se sei interessato, contattaci.<\/p>","protected":false},"excerpt":{"rendered":"Natural Body Lotion Manufacturing Common Formulas To ensure that the ingredients are mild and do not cause irritation to the skin, our research and development team has selected a variety of pure ingredients. Selected raw materials are blended in the production process to ensure the safety and effectiveness of our natural body milk. 1. Glycerin: [&hellip;]","protected":false},"featured_media":2136,"menu_order":0,"template":"","meta":[],"product-tag":[],"products":[56],"class_list":["post-2135","product","type-product","status-publish","has-post-thumbnail","hentry","products-body-lotion"],"acf":[],"_links":{"self":[{"href":"https:\/\/www.ruiqigo.com\/it\/wp-json\/wp\/v2\/product\/2135","targetHints":{"allow":["GET"]}}],"collection":[{"href":"https:\/\/www.ruiqigo.com\/it\/wp-json\/wp\/v2\/product"}],"about":[{"href":"https:\/\/www.ruiqigo.com\/it\/wp-json\/wp\/v2\/types\/product"}],"version-history":[{"count":0,"href":"https:\/\/www.ruiqigo.com\/it\/wp-json\/wp\/v2\/product\/2135\/revisions"}],"wp:featuredmedia":[{"embeddable":true,"href":"https:\/\/www.ruiqigo.com\/it\/wp-json\/wp\/v2\/media\/2136"}],"wp:attachment":[{"href":"https:\/\/www.ruiqigo.com\/it\/wp-json\/wp\/v2\/media?parent=2135"}],"wp:term":[{"taxonomy":"product-tag","embeddable":true,"href":"https:\/\/www.ruiqigo.com\/it\/wp-json\/wp\/v2\/product-tag?post=2135"},{"taxonomy":"products","embeddable":true,"href":"https:\/\/www.ruiqigo.com\/it\/wp-json\/wp\/v2\/products?post=2135"}],"curies":[{"name":"parola chiave","href":"https:\/\/api.w.org\/{rel}","templated":true}]}}