{"id":216,"date":"2024-06-30T22:58:53","date_gmt":"2024-06-30T14:58:53","guid":{"rendered":"https:\/\/ruiqigo.com\/?post_type=product&#038;p=216"},"modified":"2024-09-25T15:02:41","modified_gmt":"2024-09-25T07:02:41","slug":"tea-tree-shampoo","status":"publish","type":"product","link":"https:\/\/www.ruiqigo.com\/it\/product\/tea-tree-shampoo","title":{"rendered":"Shampoo all&#039;albero del t\u00e8"},"content":{"rendered":"<h3 class=\"wp-block-heading\">Produzione di shampoo all&#039;albero del t\u00e8 Formule comuni<\/h3>\n\n\n\n<p>Come produttori di Tea Tree Shampoo, comprendiamo l&#039;importanza della formulazione. I nostri prodotti utilizzano una gamma di tensioattivi delicati ma efficaci come Cocoyl-Glucoside e Cocoyl-Betaine per garantire un potere detergente senza danneggiare il cuoio capelluto. Gli ingredienti principali Potassium Cocoyl Glycinate e Potassium Cocoate forniscono nutrimento essenziale ai capelli. Inoltre, abbiamo aggiunto appositamente Polyquaternium-10 per migliorare la morbidezza e la lucentezza dei capelli. Le propriet\u00e0 antinfiammatorie naturali dell&#039;olio di Tea Tree, combinate con l&#039;estratto di radice di He Shou Wu e l&#039;estratto di foglie di pino rosso europeo, forniscono al nostro Tea Tree Shampoo un effetto condizionante unico per i capelli.<\/p>\n\n\n\n<h3 class=\"wp-block-heading\">Shampoo all&#039;albero del t\u00e8 Scenari applicabili<\/h3>\n\n\n\n<p>Gli shampoo all&#039;albero del t\u00e8 sono adatti a tutti i climi e gli ambienti, specialmente nelle zone calde e umide, dove le sue propriet\u00e0 antinfiammatorie e antimicrobiche forniscono una risposta efficace al cuoio capelluto grasso e secco che prude. I nostri prodotti sono privi di solfati, riducendo il loro impatto ambientale pur mantenendo la protezione del colore, rendendoli una scelta preferita per i consumatori che cercano uno stile di vita naturale. Puoi anche abbinarlo a un <a href=\"https:\/\/www.ruiqigo.com\/it\/product\/tea-tree-essential-oil\/\">olio essenziale di melaleuca<\/a> per risultati ancora migliori.<\/p>\n\n\n\n<h3 class=\"wp-block-heading\">Per chi \u00e8 adatto lo shampoo all&#039;albero del t\u00e8?<\/h3>\n\n\n\n<p>I nostri shampoo all&#039;albero del t\u00e8 sono pensati per le persone con cuoio capelluto grasso e secco che prude. Le propriet\u00e0 antinfiammatorie naturali dell&#039;olio di albero del t\u00e8 (olio di foglie di Melaleuca alternifolia) sono efficaci nel lenire il disagio del cuoio capelluto, mentre l&#039;aggiunta di VB5 e VE fornisce nutrimento e protezione extra per i capelli. Questi ingredienti lavorano insieme per aiutare a migliorare l&#039;ambiente del cuoio capelluto e promuovere una crescita sana dei capelli. Altro <a href=\"https:\/\/www.ruiqigo.com\/it\/products\/shampoo\/\">shampoo con ingredienti naturali<\/a> tra cui scegliere 3TOP.<\/p>\n\n\n\n<h3 class=\"wp-block-heading\">Processo di produzione dello shampoo all&#039;albero del t\u00e8<\/h3>\n\n\n\n<p>Durante il processo di produzione, ci concentriamo sulla conservazione del sapore unico dell&#039;olio essenziale di tea tree oil, che non solo aggiunge un profumo naturale al prodotto, ma offre anche ai consumatori un&#039;esperienza piacevole. Utilizziamo tecnologie avanzate di estrazione e miscelazione per garantire l&#039;integrazione efficace di tutti gli ingredienti, controllando rigorosamente l&#039;ambiente di produzione per garantire la qualit\u00e0 e la sicurezza del prodotto.<\/p>","protected":false},"excerpt":{"rendered":"Tea tree shampoo manufacturing Common Formulas As the makers of Tea Tree Shampoos, we understand the importance of formulation. Our products utilize a range of gentle yet effective surfactants such as Cocoyl-Glucoside and Cocoyl-Betaine to ensure cleansing power without damaging the scalp. The core ingredients Potassium Cocoyl Glycinate and Potassium Cocoate provide essential nourishment to [&hellip;]","protected":false},"featured_media":218,"menu_order":0,"template":"","meta":[],"product-tag":[],"products":[51],"class_list":["post-216","product","type-product","status-publish","has-post-thumbnail","hentry","products-shampoo"],"acf":[],"_links":{"self":[{"href":"https:\/\/www.ruiqigo.com\/it\/wp-json\/wp\/v2\/product\/216","targetHints":{"allow":["GET"]}}],"collection":[{"href":"https:\/\/www.ruiqigo.com\/it\/wp-json\/wp\/v2\/product"}],"about":[{"href":"https:\/\/www.ruiqigo.com\/it\/wp-json\/wp\/v2\/types\/product"}],"version-history":[{"count":0,"href":"https:\/\/www.ruiqigo.com\/it\/wp-json\/wp\/v2\/product\/216\/revisions"}],"wp:featuredmedia":[{"embeddable":true,"href":"https:\/\/www.ruiqigo.com\/it\/wp-json\/wp\/v2\/media\/218"}],"wp:attachment":[{"href":"https:\/\/www.ruiqigo.com\/it\/wp-json\/wp\/v2\/media?parent=216"}],"wp:term":[{"taxonomy":"product-tag","embeddable":true,"href":"https:\/\/www.ruiqigo.com\/it\/wp-json\/wp\/v2\/product-tag?post=216"},{"taxonomy":"products","embeddable":true,"href":"https:\/\/www.ruiqigo.com\/it\/wp-json\/wp\/v2\/products?post=216"}],"curies":[{"name":"parola chiave","href":"https:\/\/api.w.org\/{rel}","templated":true}]}}