{"id":2164,"date":"2024-12-05T17:18:10","date_gmt":"2024-12-05T09:18:10","guid":{"rendered":"https:\/\/ruiqigo.com\/?post_type=product&#038;p=2164"},"modified":"2024-12-05T17:19:07","modified_gmt":"2024-12-05T09:19:07","slug":"hand-cream-with-spf","status":"publish","type":"product","link":"https:\/\/www.ruiqigo.com\/it\/product\/hand-cream-with-spf","title":{"rendered":"Crema per le mani con SPF"},"content":{"rendered":"<h2 class=\"wp-block-heading\">Crema per le mani con SPF Produzione di formule comuni<\/h2>\n\n\n\n<p>Come produttore professionale di crema per le mani con SPF, combiniamo ingredienti idratanti, idratanti e di protezione solare in base alle esigenze della maggior parte delle persone. Attraverso l&#039;abbinamento scientifico e l&#039;ulteriore elaborazione, mira a fornire una protezione e una cura complete per la pelle delle mani. I suoi componenti principali sono:<\/p>\n\n\n\n<p>1. Glicerina: la glicerina ha un forte effetto idratante e umettante, che pu\u00f2 formare una pellicola protettiva sulla superficie della pelle, ridurre la perdita di acqua e fornire un effetto idratante duraturo. L&#039;uso a lungo termine pu\u00f2 alleviare mani secche, desquamazione e altre condizioni.<\/p>\n\n\n\n<p>2. Ingredienti per la protezione solare: utilizziamo ingredienti per la protezione solare di alta qualit\u00e0 come ingredienti principali, con un forte effetto di protezione solare. Possono bloccare i raggi UV, evitare danni causati dai raggi UV, come scottature, invecchiamento della pelle e altri problemi.<\/p>\n\n\n\n<p>3. Burro di karit\u00e9: il burro di karit\u00e9 pu\u00f2 penetrare in profondit\u00e0 nella pelle per fornire nutrienti sufficienti e idratare ulteriormente la pelle delle mani. Allo stesso tempo, ha anche effetti antiossidanti, pu\u00f2 resistere ai radicali liberi, proteggere la pelle dai danni ambientali, migliorare l&#039;elasticit\u00e0 della pelle.<\/p>\n\n\n\n<p>4. Ceramide: ha la funzione di riparare la barriera cutanea. Quando applicato, pu\u00f2 creare una pellicola protettiva, riparare le cellule danneggiate, rafforzare la barriera cutanea e rendere la pelle della mano pi\u00f9 sana. Allo stesso tempo, ha anche un effetto antinfiammatorio e lenitivo, che pu\u00f2 alleviare il dolore e il disagio causati da fattori esterni.<\/p>\n\n\n\n<p>5. Emulsionante: l&#039;emulsionante \u00e8 un ingrediente comunemente usato nella crema per le mani, che pu\u00f2 mescolare completamente acqua e olio per formare uno stato di emulsione stabile. E la consistenza \u00e8 pi\u00f9 liscia, il che favorisce l&#039;applicazione e l&#039;assorbimento, in modo che la pelle sia pi\u00f9 liscia e delicata.<\/p>\n\n\n\n<h2 class=\"wp-block-heading\">Le funzioni della crema per le mani con SPF<\/h2>\n\n\n\n<p>La protezione solare \u00e8 molto importante per ritardare l&#039;invecchiamento della pelle, prevenire problemi cutanei e mantenere la salute della pelle. Rispetto alle tradizionali creme per le mani e alle protezioni solari, la nostra crema per le mani con SPF offre una doppia protezione. La cura della pelle \u00e8 pi\u00f9 comoda senza lasciare una sensazione di pesantezza. Ecco le sue funzioni principali:<\/p>\n\n\n\n<p>1. Protezione solare altamente efficace: con un SPF da 15 a 50+, la nostra pellicola protettiva fornisce una protezione essenziale contro i raggi UVA e UVB, riducendo il rischio di abbronzatura, rughe, invecchiamento precoce e cancro della pelle e promuovendo la salute generale della pelle.<\/p>\n\n\n\n<p>2. Idratazione profonda: gli ingredienti idratanti possono idratare efficacemente la pelle delle mani, reintegrare tempestivamente l&#039;acqua e fornire un effetto idratante duraturo, rendendo la pelle delle mani pi\u00f9 umida e morbida.<\/p>\n\n\n\n<p>3. Migliora le condizioni della pelle: la nostra crema per le mani con SPF pu\u00f2 prevenire l&#039;iperpigmentazione e la comparsa di macchie scure, oltre a ridurre la produzione di sebo, riducendo ulteriormente le eruzioni cutanee.<\/p>\n\n\n\n<p>4. Riparazione lenitiva: pu\u00f2 alleviare il dolore e il disagio causati dalla stimolazione, riparare le cellule cutanee danneggiate, migliorare la funzione di barriera cutanea e rendere la nostra pelle pi\u00f9 soda ed elastica.<\/p>\n\n\n\n<p>5. Leggero e non untuoso: utilizziamo una tecnologia di emulsione avanzata per garantire che la consistenza della crema per le mani sia leggera, facile da assorbire e non abbia una sensazione appiccicosa, migliorando ulteriormente l&#039;esperienza. \u00c8 adatto alla maggior parte delle persone e pu\u00f2 essere utilizzato nella vita quotidiana, riapplicato casualmente.<\/p>\n\n\n\n<h2 class=\"wp-block-heading\">Come usare la crema per le mani con SPF?<\/h2>\n\n\n\n<p>Al momento della produzione, abbiamo miscelato creme per le mani con diversi valori SPF in base alle esigenze di persone diverse. 30% del valore di protezione solare nell&#039;uso quotidiano pu\u00f2 proteggere contro 90% di raggi UVB. Quindi puoi scegliere in base alle tue esigenze di protezione solare e il suo utilizzo \u00e8 anche dettagliato sulla confezione.<\/p>\n\n\n\n<p>1. Mani pulite: prima dell&#039;uso, pulite le mani, potete usare un disinfettante per le mani o del sapone per rimuovere l&#039;olio e lo sporco dalle mani e asciugarle delicatamente con un asciugamano, questo passaggio favorisce l&#039;ulteriore assorbimento della crema per le mani.<\/p>\n\n\n\n<p>2. Applicare la giusta quantit\u00e0: applicare uniformemente sulle mani una quantit\u00e0 adeguata di crema per le mani con SPF, in particolare sulle dita, sul dorso e in altre zone facilmente trascurabili, assicurandosi che ogni parte sia coperta.<\/p>\n\n\n\n<p>3. Assorbimento tramite massaggio: dopo l&#039;applicazione, massaggiare delicatamente le mani con la punta delle dita, per favorire l&#039;assorbimento e la circolazione sanguigna.<\/p>\n\n\n\n<p>4. Riapplicazione tempestiva: se si rimane all&#039;aperto per lungo tempo, si consiglia di riapplicare la protezione solare ogni due ore per garantirne l&#039;effetto.<\/p>\n\n\n\n<h2 class=\"wp-block-heading\">Attenzione<\/h2>\n\n\n\n<p>1. Eseguire un test allergico per la prima volta. Se si verifica disagio, interrompere immediatamente l&#039;uso e consultare un medico;<\/p>\n\n\n\n<p>2. Evitare eccessi: seguire il principio della quantit\u00e0 appropriata durante l&#039;applicazione, evitare un uso eccessivo di crema per le mani che potrebbe renderle unte e difficili da assorbire;<\/p>\n\n\n\n<p>3. Evitare di mescolare: non mescolare con altre creme per le mani o prodotti per la cura della pelle per evitare reazioni avverse o compromettere l&#039;effetto della protezione solare;<\/p>\n\n\n\n<p>4. Evitare il contatto con gli occhi. In caso di contatto con gli occhi, sciacquare immediatamente con acqua;<\/p>\n\n\n\n<p>5. Si consiglia di conservare in un luogo fresco e asciutto per evitare il deterioramento causato da alte temperature e ambienti umidi e ridurre l&#039;effetto della protezione solare.<\/p>\n\n\n\n<h2 class=\"wp-block-heading\">Conclusione<\/h2>\n\n\n\n<p>Se vuoi mantenere le tue mani morbide, lisce e giovani, la nostra crema per le mani con SPF \u00e8 un&#039;ottima scelta. Ci impegniamo a creare prodotti di marca unici, multifunzionali e di alta qualit\u00e0 e disponiamo di attrezzature di produzione avanzate e di un team di ricerca e sviluppo professionale. Per le tue esigenze, faremo del nostro meglio per completare, in base al tuo feedback e adattarci costantemente, per creare una crema per le mani personalizzata con prodotti SPF. Se sei interessato, contattaci.<\/p>\n\n\n\n<p><\/p>","protected":false},"excerpt":{"rendered":"Hand Cream With SPF Manufacturing Common Formulas As a professional manufacturer of hand cream with SPF, we combine moisturizing, moisturizing, and sun protection ingredients based on the needs of most people. Through scientific matching and further processing, it aims to provide comprehensive protection and care for hand skin. Its main components are: 1. Glycerin: Glycerin [&hellip;]","protected":false},"featured_media":2165,"menu_order":0,"template":"","meta":[],"product-tag":[],"products":[58],"class_list":["post-2164","product","type-product","status-publish","has-post-thumbnail","hentry","products-hand-cream"],"acf":[],"_links":{"self":[{"href":"https:\/\/www.ruiqigo.com\/it\/wp-json\/wp\/v2\/product\/2164","targetHints":{"allow":["GET"]}}],"collection":[{"href":"https:\/\/www.ruiqigo.com\/it\/wp-json\/wp\/v2\/product"}],"about":[{"href":"https:\/\/www.ruiqigo.com\/it\/wp-json\/wp\/v2\/types\/product"}],"version-history":[{"count":0,"href":"https:\/\/www.ruiqigo.com\/it\/wp-json\/wp\/v2\/product\/2164\/revisions"}],"wp:featuredmedia":[{"embeddable":true,"href":"https:\/\/www.ruiqigo.com\/it\/wp-json\/wp\/v2\/media\/2165"}],"wp:attachment":[{"href":"https:\/\/www.ruiqigo.com\/it\/wp-json\/wp\/v2\/media?parent=2164"}],"wp:term":[{"taxonomy":"product-tag","embeddable":true,"href":"https:\/\/www.ruiqigo.com\/it\/wp-json\/wp\/v2\/product-tag?post=2164"},{"taxonomy":"products","embeddable":true,"href":"https:\/\/www.ruiqigo.com\/it\/wp-json\/wp\/v2\/products?post=2164"}],"curies":[{"name":"parola chiave","href":"https:\/\/api.w.org\/{rel}","templated":true}]}}