{"id":2196,"date":"2024-12-06T16:37:24","date_gmt":"2024-12-06T08:37:24","guid":{"rendered":"https:\/\/ruiqigo.com\/?post_type=product&#038;p=2196"},"modified":"2024-12-06T16:39:38","modified_gmt":"2024-12-06T08:39:38","slug":"shea-moisture-conditioner","status":"publish","type":"product","link":"https:\/\/www.ruiqigo.com\/it\/product\/shea-moisture-conditioner","title":{"rendered":"Balsamo idratante al karit\u00e9"},"content":{"rendered":"<h2 class=\"wp-block-heading\">Shea Moisture Conditioner Produzione Formule comuni<\/h2>\n\n\n\n<p>Come produttori di balsami idratanti al karit\u00e9 di alta qualit\u00e0, utilizziamo una formula completamente naturale senza additivi nocivi. Abbiamo anche creato questo balsamo multi-riparatore profondamente nutriente attraverso abbinamenti scientifici e lavorazioni di precisione, sperando di far brillare di nuovo i tuoi capelli.<\/p>\n\n\n\n<p>1. <strong>Umidit\u00e0 di karit\u00e9<\/strong>: Shea Moisturizing ha un grande effetto idratante, formando una pellicola protettiva sui capelli per mantenerli idratati e lisci. Inoltre, \u00e8 ricco di una variet\u00e0 di nutrienti, che possono nutrire in profondit\u00e0 i capelli, riparare i capelli danneggiati e reintegrare i nutrienti necessari, rendendoli pi\u00f9 forti e lucenti. Allo stesso tempo, \u00e8 simile all&#039;olio sulla superficie della pelle, che penetrer\u00e0 rapidamente, assorbir\u00e0 e ammorbidir\u00e0 la cheratina, rendendo i capelli pi\u00f9 morbidi.<\/p>\n\n\n\n<p>2. <strong>Cheratina<\/strong>: Pu\u00f2 riparare le squame danneggiate dei capelli e resistere efficacemente ai danni esterni, come i raggi ultravioletti, la stiratura e la tintura, per proteggere la salute dei capelli.<\/p>\n\n\n\n<p>3. <strong>Emulsionanti:<\/strong> Gli emulsionanti hanno un effetto lubrificante, che pu\u00f2 aiutare a distribuire il balsamo in modo pi\u00f9 uniforme sui capelli, migliorandone la morbidezza.<\/p>\n\n\n\n<p>4. <strong>Essenza vegetale naturale:<\/strong> L&#039;essenza vegetale naturale non solo pu\u00f2 bilanciare la secrezione di sebo e lenire il cuoio capelluto, ma l&#039;aroma di diverse essenze vegetali ti aiuter\u00e0 anche a rilassare meglio il cuoio capelluto e ad alleviare lo stress. Ha anche propriet\u00e0 antibatteriche e antinfiammatorie, che possono curare efficacemente le infezioni e le allergie del cuoio capelluto.<\/p>\n\n\n\n<p>5. <strong>Fattore idratante:<\/strong> Il fattore idratante fornisce un nutrimento profondo ai capelli, trattiene saldamente l&#039;idratazione e ne previene la perdita. Quindi migliora la qualit\u00e0 dei capelli secchi e crespi e lascia che i capelli riacquistino lucentezza e morbidezza.<\/p>\n\n\n\n<h2 class=\"wp-block-heading\">Le funzioni del balsamo Shea Moisture<\/h2>\n\n\n\n<p>Nel processo di produzione del balsamo idratante al karit\u00e9, combiniamo la tecnologia moderna per estrarre e dosare con cura l&#039;umidit\u00e0 del karit\u00e9 per garantire che i suoi benefici siano massimizzati. Allo stesso tempo, per garantire che le nostre materie prime siano sicure e affidabili, provenienti dalla natura, selezioniamo con cura i fornitori di materie prime di alta qualit\u00e0 e controlliamo regolarmente a campione. Quindi puoi stare certo di utilizzare i nostri prodotti, ecco i suoi effetti principali:<\/p>\n\n\n\n<p>1.<strong> Idratante e reidratante:<\/strong> Il nostro ingrediente principale, il karit\u00e9, riesce a penetrare in profondit\u00e0 nei capelli per reintegrare l&#039;idratazione e prevenirne efficacemente l&#039;evaporazione, apportando al contempo nutrienti preziosi per idratare i capelli e mantenerli idratati a lungo.<\/p>\n\n\n\n<p>2.<strong> Protezione di isolamento: <\/strong>Il balsamo idratante al karit\u00e9 pu\u00f2 fornire una certa protezione dai raggi UV, prevenendo cos\u00ec i danni causati dal calore, dalla stiratura e dal sole.<\/p>\n\n\n\n<p>3. <strong>Morbido e liscio: <\/strong>Il nostro balsamo pu\u00f2 ammorbidire la cheratina dei capelli, impedire che si spezzino e si aggroviglino e renderli pi\u00f9 morbidi e lucenti dopo un uso prolungato.<\/p>\n\n\n\n<p>4. <strong>Riparazione intensiva: <\/strong>L&#039;uso del balsamo idratante al karit\u00e9 \u00e8 utile per riparare il tessuto danneggiato dei capelli, soprattutto dopo la stiratura e la tintura, puoi usare il nostro balsamo per capelli per proteggere i capelli. Allo stesso tempo, pu\u00f2 anche rafforzare la struttura dei capelli e insistere nell&#039;usarlo pu\u00f2 migliorare il problema dei capelli secchi e spezzati, in modo che i capelli siano pi\u00f9 forti ed elastici.<\/p>\n\n\n\n<p>5. <strong>Antibatterico e antinfiammatorio:<\/strong> Oltre al suo forte effetto idratante, pu\u00f2 anche curare infezioni e allergie del cuoio capelluto, il che contribuisce a mantenere la salute dei capelli e del cuoio capelluto e a favorirne ulteriormente la crescita.<\/p>\n\n\n\n<h2 class=\"wp-block-heading\">Come usare il balsamo Shea Moisture?<\/h2>\n\n\n\n<p>Il nostro balsamo idratante Shea \u00e8 adatto alla maggior parte dei tipi di capelli e adattiamo le nostre formulazioni per soddisfare diversi tipi di capelli. Quindi, quando scegli un balsamo, dovresti scegliere un prodotto che sia il migliore per te in base alla qualit\u00e0 dei tuoi capelli e alle tue esigenze di cura dei capelli. Ne indicheremo anche l&#039;utilizzo sulla confezione, ti preghiamo di leggerla attentamente.<\/p>\n\n\n\n<p>1. <strong>Shampoo: <\/strong>Risciacqua i capelli con acqua tiepida e shampoo per rimuovere sebo e sporco, assicurandoti che il cuoio capelluto e i capelli siano puliti e adatti all&#039;assorbimento del balsamo.<\/p>\n\n\n\n<p>2. <strong>Applicare il balsamo: <\/strong>In base alla quantit\u00e0 dei tuoi capelli, prendi la giusta quantit\u00e0 di balsamo e applicala uniformemente sulla posizione dei capelli e sulle punte; puoi applicarne di pi\u00f9 sulle zone secche e biforcate, facendo attenzione a non spalmare sul cuoio capelluto.<\/p>\n\n\n\n<p>3.<strong> Assorbimento di stand: <\/strong>Dopo l&#039;applicazione, puoi pettinare delicatamente i capelli con il pettine per assicurarti che il balsamo sia distribuito uniformemente nei capelli, quindi attendere 3-5 minuti per farlo penetrare nei capelli. Se desideri un trattamento profondo, puoi prolungare il tempo di attesa (10-30 minuti).<\/p>\n\n\n\n<p>4. <strong>Lavare con acqua calda:<\/strong> Lascialo agire e poi risciacqua con acqua. Assicurati che non ci sia pi\u00f9 balsamo sui capelli e asciugali delicatamente con un asciugamano.<\/p>\n\n\n\n<p>5. <strong>Cura corrispondente:<\/strong> Per asciugare i capelli, puoi applicare l&#039;olio essenziale per la cura dei capelli nella stessa posizione, quindi asciugarli con un asciugacapelli o all&#039;aria. Il doppio condizionamento aiuta a rendere i capelli pi\u00f9 morbidi e lisci.<\/p>\n\n\n\n<h2 class=\"wp-block-heading\">Attenzione<\/h2>\n\n\n\n<p>1. Quando si utilizza un test allergico avanzato per la prima volta, interromperne immediatamente l&#039;uso in caso di fastidio.<\/p>\n\n\n\n<p>2. Il balsamo idratante Shea \u00e8 una pasta a temperatura ambiente, quindi strofinalo sul palmo della mano prima di applicarlo sui capelli per favorirne l&#039;assorbimento.<\/p>\n\n\n\n<p>3. Prestare attenzione al principio della giusta quantit\u00e0 durante l&#039;uso: troppo balsamo pu\u00f2 rendere i capelli unti e compromettere l&#039;effetto del balsamo.<\/p>\n\n\n\n<p>3. Si consiglia di utilizzare il balsamo Shea Moisture 1-2 volte a settimana; un uso eccessivo pu\u00f2 appesantire eccessivamente i capelli e comprometterne la consistenza.<\/p>\n\n\n\n<p>4. Evitare di applicarlo sul cuoio capelluto, altrimenti potrebbe ostruirne i pori e causare una serie di problemi.<\/p>\n\n\n\n<p>5. Si consiglia di conservare in un luogo fresco e asciutto per evitare la luce solare diretta e gli ambienti ad alta temperatura che possono causare il deterioramento del balsamo, influenzandone l&#039;effetto.<\/p>\n\n\n\n<h2 class=\"wp-block-heading\">Conclusione<\/h2>\n\n\n\n<p>I prodotti di qualit\u00e0 sono la chiave per conquistare il mercato, controlliamo rigorosamente ogni collegamento della produzione e abbiamo diversi sistemi di test di qualit\u00e0 per garantire la sicurezza e l&#039;efficacia dei prodotti. Allo stesso tempo, forniamo anche una gamma completa di servizi personalizzati, che saranno basati sui tuoi requisiti per progettare la tua formula e il tuo imballaggio. Durante questo periodo, ci adatteremo costantemente in base al tuo feedback e ci impegneremo per la perfezione. Contattaci se vuoi saperne di pi\u00f9.<\/p>","protected":false},"excerpt":{"rendered":"Shea Moisture Conditioner Manufacturing Common Formulas As a manufacturer of high-quality shea moisture conditioners, we use an all-natural formula with no harmful additives. We have also created this deeply nourishing, multi-repair conditioner through scientific matching and precision processing, hoping to make your hair shine again. 1. Shea moisture: Shea moisture has a great moisturizing effect, [&hellip;]","protected":false},"featured_media":2197,"menu_order":0,"template":"","meta":[],"product-tag":[],"products":[52],"class_list":["post-2196","product","type-product","status-publish","has-post-thumbnail","hentry","products-conditioner"],"acf":[],"_links":{"self":[{"href":"https:\/\/www.ruiqigo.com\/it\/wp-json\/wp\/v2\/product\/2196","targetHints":{"allow":["GET"]}}],"collection":[{"href":"https:\/\/www.ruiqigo.com\/it\/wp-json\/wp\/v2\/product"}],"about":[{"href":"https:\/\/www.ruiqigo.com\/it\/wp-json\/wp\/v2\/types\/product"}],"version-history":[{"count":0,"href":"https:\/\/www.ruiqigo.com\/it\/wp-json\/wp\/v2\/product\/2196\/revisions"}],"wp:featuredmedia":[{"embeddable":true,"href":"https:\/\/www.ruiqigo.com\/it\/wp-json\/wp\/v2\/media\/2197"}],"wp:attachment":[{"href":"https:\/\/www.ruiqigo.com\/it\/wp-json\/wp\/v2\/media?parent=2196"}],"wp:term":[{"taxonomy":"product-tag","embeddable":true,"href":"https:\/\/www.ruiqigo.com\/it\/wp-json\/wp\/v2\/product-tag?post=2196"},{"taxonomy":"products","embeddable":true,"href":"https:\/\/www.ruiqigo.com\/it\/wp-json\/wp\/v2\/products?post=2196"}],"curies":[{"name":"parola chiave","href":"https:\/\/api.w.org\/{rel}","templated":true}]}}