{"id":2238,"date":"2024-12-10T16:11:57","date_gmt":"2024-12-10T08:11:57","guid":{"rendered":"https:\/\/ruiqigo.com\/?post_type=product&#038;p=2238"},"modified":"2024-12-10T16:13:07","modified_gmt":"2024-12-10T08:13:07","slug":"vanilla-essential-oil","status":"publish","type":"product","link":"https:\/\/www.ruiqigo.com\/it\/product\/vanilla-essential-oil","title":{"rendered":"Olio essenziale di vaniglia"},"content":{"rendered":"<h2 class=\"wp-block-heading\">Formule comuni per la produzione di olio essenziale di vaniglia<\/h2>\n\n\n\n<p>Nella produzione dell&#039;olio essenziale di vaniglia, abbiamo progettato una variet\u00e0 di formulazioni scientifiche in base ai diversi tipi di capelli e alle diverse preferenze, con l&#039;obiettivo di offrirti un olio essenziale sicuro ed efficace per la cura dei capelli.<\/p>\n\n\n\n<p>1. Olio essenziale di vaniglia: svolge un ruolo importante come ingrediente principale. Oltre a fornire idratazione e nutrienti adeguati ai capelli, pu\u00f2 penetrare in profondit\u00e0 nei capelli per riparare la consistenza dei capelli danneggiati e ripristinare l&#039;elasticit\u00e0 dei capelli. Allo stesso tempo, ha anche un certo effetto riparatore, rafforzando le radici dei capelli e prevenendo l&#039;essiccazione, la rottura e le doppie punte.<\/p>\n\n\n\n<p>2. Vitamine: l&#039;olio essenziale di vaniglia \u00e8 ricco di una variet\u00e0 di vitamine, hanno un certo effetto antiossidante e possono resistere ai danni dei radicali liberi, per proteggere i capelli dai danni dell&#039;ambiente esterno.<\/p>\n\n\n\n<p>3. Vanillina: la principale fonte del sapore di vaniglia, questo aroma ricco pu\u00f2 aiutare a rilassarsi, alleviare lo stress e offrire una buona esperienza d&#039;uso.<\/p>\n\n\n\n<p>4. Eugenolo: ha propriet\u00e0 antibatteriche e antinfiammatorie nell&#039;olio essenziale di vaniglia per ridurre l&#039;infiammazione del cuoio capelluto e riparare i follicoli piliferi danneggiati. Migliora anche la circolazione sanguigna, che favorisce la crescita dei capelli.<\/p>\n\n\n\n<h2 class=\"wp-block-heading\">Le funzioni dell&#039;olio essenziale di vaniglia<\/h2>\n\n\n\n<p>Come produttori professionali di oli essenziali di vaniglia, ci impegniamo a creare prodotti di alta qualit\u00e0 e ad alte prestazioni per voi. Non solo materie prime attentamente selezionate, ma anche l&#039;uso di tecnologie di estrazione avanzate e riscaldamento a pressione, per garantire la massima efficienza del prodotto.<\/p>\n\n\n\n<p>1. Idratante e nutriente: l&#039;olio essenziale di vaniglia ha un efficace effetto idratante ed \u00e8 ricco di una variet\u00e0 di nutrienti, che non solo possono integrare la nutrizione in profondit\u00e0 nei capelli, ma anche formare una pellicola protettiva sui capelli per trattenere l&#039;acqua, impedendo cos\u00ec ai capelli di seccarsi e spezzarsi. L&#039;uso a lungo termine render\u00e0 i tuoi capelli morbidi e lucenti.<\/p>\n\n\n\n<p>2. Migliora la qualit\u00e0 dei capelli: applicare l&#039;olio essenziale per la cura dei capelli riparer\u00e0 i capelli danneggiati e ne migliorer\u00e0 la funzione di barriera. Per capelli secchi, spezzati e spezzati, i tuoi capelli saranno pi\u00f9 forti e sani finch\u00e9 insisterai a usarlo.<\/p>\n\n\n\n<p>3. Fragranza duratura: l&#039;olio essenziale di vaniglia ha un aroma unico che \u00e8 piacevole quando viene utilizzato. Pu\u00f2 anche rilassare il corpo e la mente e alleviare lo stress e la stanchezza. Allo stesso tempo, questo affascinante effetto aromatico dura e migliora anche il temperamento dell&#039;immagine personale.<\/p>\n\n\n\n<p>4. Lenitivo e antinfiammatorio: i nostri oli essenziali contengono ingredienti antinfiammatori e lenitivi che leniscono il cuoio capelluto, eliminano l&#039;infiammazione, riducono ulteriormente la forfora e il prurito e rendono i capelli pi\u00f9 sani.<\/p>\n\n\n\n<p>5. Favorisce la crescita: l&#039;olio essenziale di vaniglia pu\u00f2 stimolare la circolazione sanguigna del cuoio capelluto e fornire pi\u00f9 nutrienti ai follicoli piliferi, favorendo cos\u00ec la crescita dei capelli e rendendoli pi\u00f9 sani e folti.<\/p>\n\n\n\n<h2 class=\"wp-block-heading\">Come utilizzare l&#039;olio essenziale di vaniglia?<\/h2>\n\n\n\n<p>Diamo grande importanza alla qualit\u00e0 del prodotto, quindi nel processo di produzione dell&#039;olio essenziale di vaniglia, abbiamo diversi sistemi di test di qualit\u00e0 per garantire la qualit\u00e0 e la sicurezza dei prodotti. Campioneremo anche il prodotto finito per garantire che ogni flacone abbia prestazioni stabili. Allo stesso tempo, contrassegneremo anche l&#039;uso dell&#039;imballaggio.<\/p>\n\n\n\n<p>1. Prima dello shampoo: applicare uniformemente la giusta quantit\u00e0 di olio essenziale di vaniglia sui capelli e sul cuoio capelluto e massaggiare delicatamente con il lato delle dita, quindi avvolgere i capelli con un asciugamano e lasciare agire per 10-15 minuti prima dello shampoo.<\/p>\n\n\n\n<p>2. Dopo lo shampoo: dopo lo shampoo, puoi applicarlo due volte. Per la prima volta, asciuga delicatamente i capelli con un asciugamano, prendi una quantit\u00e0 appropriata di olio essenziale di vaniglia, strofinalo e scaldalo, quindi applicalo uniformemente dalla met\u00e0 alla punta dei capelli. Puoi quindi massaggiare delicatamente i capelli e lasciarli asciugare all&#039;aria o asciugarli con un asciugacapelli. La seconda volta, ripeti l&#039;operazione una volta che i capelli sono leggermente asciutti e poi continua ad asciugare. Fai attenzione a non applicarlo sul cuoio capelluto durante questo processo, poich\u00e9 potrebbe ostruire i pori.<\/p>\n\n\n\n<p>3. Cura quotidiana: quando i capelli sono asciutti, puoi strofinare una piccola quantit\u00e0 di olio essenziale per la cura dei capelli, applicarlo sulle punte dei capelli dopo averli riscaldati e massaggiare delicatamente per farlo assorbire.<\/p>\n\n\n\n<h2 class=\"wp-block-heading\">Attenzione<\/h2>\n\n\n\n<p>1. Quando scegli i prodotti, dovresti scegliere l&#039;olio essenziale per la cura dei capelli in base alla qualit\u00e0 e alle esigenze dei tuoi capelli;<\/p>\n\n\n\n<p>2. I test allergici devono essere eseguiti per la prima volta. Se si avverte qualsiasi fastidio, interrompere immediatamente l&#039;uso.<\/p>\n\n\n\n<p>3. Prestare attenzione al principio della quantit\u00e0 appropriata durante l&#039;applicazione, per evitare un uso eccessivo di olio essenziale per la cura dei capelli che pu\u00f2 ungere i capelli e ostruire i pori;<\/p>\n\n\n\n<p>4. Prestare attenzione alla frequenza di utilizzo, si consiglia 2-3 volte a settimana, l&#039;uso frequente pu\u00f2 influire sull&#039;effetto della cura dei capelli;<\/p>\n\n\n\n<p>5. Osservare regolarmente i cambiamenti nella qualit\u00e0 dei capelli e apportare le modifiche corrispondenti;<\/p>\n\n\n\n<p>6. Si consiglia di conservare in un luogo fresco e asciutto per evitare la luce solare diretta e gli ambienti ad alta temperatura che portano al deterioramento degli oli essenziali<\/p>\n\n\n\n<h2 class=\"wp-block-heading\">Conclusione<\/h2>\n\n\n\n<p>Come produttore, comprendiamo il tuo desiderio di capelli sani e morbidi. Quindi combiniamo l&#039;olio essenziale di vaniglia naturale con ingredienti nutrienti altamente efficaci per conferire al prodotto una potente funzione curativa. Allo stesso tempo, prestiamo attenzione anche alla diversificazione e all&#039;individuazione dei prodotti, creando una serie di oli essenziali di vaniglia, adatti a vari tipi di capelli e preferenze, puoi star certo che puoi usare. In termini di controllo qualit\u00e0, prestiamo maggiore attenzione all&#039;intero processo di produzione con diversi controlli di qualit\u00e0 e test di sicurezza per garantire la sicurezza e l&#039;efficacia di ogni flacone di olio essenziale di vaniglia. Contattaci se sei interessato.<\/p>","protected":false},"excerpt":{"rendered":"Vanilla Essential Oil Manufacturing Common Formulas In the production of vanilla essential oil, we have designed a variety of scientific formulations according to different hair types and preferences, aiming to bring you safe and effective essential oil for hair care. 1. Vanilla essential oil: It plays an important role as a core ingredient. In addition [&hellip;]","protected":false},"featured_media":2239,"menu_order":0,"template":"","meta":[],"product-tag":[],"products":[53],"class_list":["post-2238","product","type-product","status-publish","has-post-thumbnail","hentry","products-essential-oil"],"acf":[],"_links":{"self":[{"href":"https:\/\/www.ruiqigo.com\/it\/wp-json\/wp\/v2\/product\/2238","targetHints":{"allow":["GET"]}}],"collection":[{"href":"https:\/\/www.ruiqigo.com\/it\/wp-json\/wp\/v2\/product"}],"about":[{"href":"https:\/\/www.ruiqigo.com\/it\/wp-json\/wp\/v2\/types\/product"}],"version-history":[{"count":0,"href":"https:\/\/www.ruiqigo.com\/it\/wp-json\/wp\/v2\/product\/2238\/revisions"}],"wp:featuredmedia":[{"embeddable":true,"href":"https:\/\/www.ruiqigo.com\/it\/wp-json\/wp\/v2\/media\/2239"}],"wp:attachment":[{"href":"https:\/\/www.ruiqigo.com\/it\/wp-json\/wp\/v2\/media?parent=2238"}],"wp:term":[{"taxonomy":"product-tag","embeddable":true,"href":"https:\/\/www.ruiqigo.com\/it\/wp-json\/wp\/v2\/product-tag?post=2238"},{"taxonomy":"products","embeddable":true,"href":"https:\/\/www.ruiqigo.com\/it\/wp-json\/wp\/v2\/products?post=2238"}],"curies":[{"name":"parola chiave","href":"https:\/\/api.w.org\/{rel}","templated":true}]}}