{"id":2246,"date":"2024-12-12T11:22:05","date_gmt":"2024-12-12T03:22:05","guid":{"rendered":"https:\/\/ruiqigo.com\/?post_type=product&#038;p=2246"},"modified":"2024-12-12T11:22:55","modified_gmt":"2024-12-12T03:22:55","slug":"rose-essential-oil","status":"publish","type":"product","link":"https:\/\/www.ruiqigo.com\/it\/product\/rose-essential-oil","title":{"rendered":"Olio essenziale di rosa"},"content":{"rendered":"<h2 class=\"wp-block-heading\">Formule comuni per la produzione di olio essenziale di rosa<\/h2>\n\n\n\n<p>Il processo di produzione dell&#039;olio essenziale di rosa \u00e8 relativamente delicato e parametri come temperatura, pressione e tempo devono essere rigorosamente controllati per garantire la qualit\u00e0 e l&#039;efficacia ottimali dell&#039;olio essenziale. Ecco i suoi ingredienti principali:<\/p>\n\n\n\n<p>1. Rose: come ingrediente principale, le rose svolgono un ruolo importante. Hanno propriet\u00e0 antibatteriche che eliminano batteri e sporcizia, puliscono i follicoli piliferi e rimuovono ulteriormente la forfora. Promuovono anche la circolazione sanguigna e una buona digestione e disintossicazione, stimolando cos\u00ec una sana crescita dei capelli.<\/p>\n\n\n\n<p>2. Olio di babajo: come olio base, l&#039;olio di jojoba pu\u00f2 diluire la concentrazione di olio essenziale di rosa per ridurre l&#039;irritazione. Allo stesso tempo, ha eccellenti effetti idratanti e penetranti, che possono penetrare in profondit\u00e0 nella pelle e trattenere l&#039;acqua, svolgendo un ruolo idratante sinergico. Inoltre, ha un effetto riparatore su problemi di pelle secca, ruvida e sensibile e pu\u00f2 promuovere la salute della pelle.<\/p>\n\n\n\n<p>3. Vitamina E: la vitamina E ha propriet\u00e0 antiossidanti, che possono resistere ai danni dei radicali liberi, ridurre i danni cellulari e ritardare l&#039;invecchiamento della pelle. Pu\u00f2 anche promuovere il metabolismo, accelerare il tasso di rinnovamento cellulare e rendere la pelle pi\u00f9 liscia e delicata.<\/p>\n\n\n\n<p>4. Citronellolo: l&#039;olio essenziale di rosa in citronellolo ha un aroma affascinante e pu\u00f2 lenire il cuoio capelluto e rilassare il corpo e la mente, ma pu\u00f2 anche alleviare lo stress, l&#039;ansia e altre emozioni. Inoltre, questo aroma pu\u00f2 migliorare l&#039;odore dei capelli.<\/p>\n\n\n\n<h2 class=\"wp-block-heading\">Le funzioni dell&#039;olio essenziale di rosa<\/h2>\n\n\n\n<p>Come produttori professionisti di olio essenziale di rosa, abbiamo studiato i principi attivi delle rose e creato un olio essenziale di rosa adatto alla maggior parte delle persone, in base alle molteplici funzioni conferite da questi ingredienti. Esploriamo i suoi effetti.<\/p>\n\n\n\n<p>1. Idrata e trattiene l&#039;acqua: l&#039;olio essenziale di rosa pu\u00f2 fornire idratazione e nutrimento in profondit\u00e0 alla pelle e trattenere l&#039;acqua per mantenerla idratata.<\/p>\n\n\n\n<p>2. Rimozione della forfora: il nostro prodotto elimina efficacemente batteri e sporco, idrata i follicoli piliferi, li pulisce, rimuove ulteriormente la forfora e mantiene fresco il cuoio capelluto.<\/p>\n\n\n\n<p>3. Promuove la crescita dei capelli: quando si applica l&#039;olio essenziale, promuove la circolazione sanguigna, fornisce un&#039;adeguata nutrizione ai follicoli piliferi e promuove il tasso di rinnovamento cellulare. Allo stesso tempo, l&#039;olio essenziale di rosa pu\u00f2 anche lisciare i capelli danneggiati, rafforzare i follicoli piliferi, prevenire la rottura dei capelli e promuovere ulteriormente la crescita dei capelli.<\/p>\n\n\n\n<p>4. Sbarazzati di occhiaie e rughe: i ricchi antiossidanti possono aiutare a eliminare il gonfiore e migliorare le occhiaie. Allo stesso tempo, resistono costantemente ai danni dei radicali liberi, ritardano l&#039;invecchiamento cellulare, promuovono il metabolismo della pelle, riducono ulteriormente la comparsa delle rughe e rendono la pelle pi\u00f9 tenera ed elastica.<\/p>\n\n\n\n<p>5. Allevia lo stress e il dolore: il profumo delle rose pu\u00f2 rilassare il corpo e la mente, alleviare lo stress e il cattivo umore e anche alleviare il dolore. L&#039;aroma migliorer\u00e0 anche la qualit\u00e0 del sonno.<\/p>\n\n\n\n<p>6. Antibatterico e antinfiammatorio: il nostro olio essenziale ha eccellenti propriet\u00e0 antibatteriche e antinfiammatorie, pu\u00f2 trattare infezioni della pelle, infiammazioni, prurito del cuoio capelluto e altri problemi, ma pu\u00f2 anche regolare il sebo del cuoio capelluto, in particolare quello dei capelli grassi.<\/p>\n\n\n\n<h2 class=\"wp-block-heading\">Come utilizzare l&#039;olio essenziale di rosa?<\/h2>\n\n\n\n<p>Utilizziamo un design di imballaggio delicato e portatile nella produzione, sia che sia adatto per un regalo o per un uso familiare. L&#039;olio essenziale di rosa ha una consistenza rinfrescante e si assorbe facilmente, quindi \u00e8 versatile e pu\u00f2 essere utilizzato per la cura della pelle, del viso, dei capelli, ecc. Entrer\u00f2 nel dettaglio nella sezione dedicata alla cura dei capelli:<\/p>\n\n\n\n<p>1. Trattamento profondo: prima mescola l&#039;olio essenziale di rosa con l&#039;olio base in proporzione, quindi applica uniformemente sui capelli e massaggia delicatamente il cuoio capelluto e i capelli con le dita per favorirne l&#039;assorbimento. Avvolgi i capelli in un asciugamano caldo e tienilo caldo per 15-20 minuti prima di risciacquarlo con acqua o shampoo.<\/p>\n\n\n\n<p>1. Cura quotidiana dei capelli: dopo aver lavato i capelli, asciugali delicatamente con un asciugamano, quindi mescola una quantit\u00e0 appropriata di olio essenziale di rosa con l&#039;olio di base e applicalo uniformemente dalla met\u00e0 alla punta dei capelli, soprattutto dove sono secchi e con doppie punte. Dopo l&#039;applicazione, puoi massaggiare delicatamente i capelli per favorirne l&#039;assorbimento, quindi lasciali asciugare all&#039;aria o asciugali con un asciugacapelli.<\/p>\n\n\n\n<h2 class=\"wp-block-heading\">Attenzione<\/h2>\n\n\n\n<p>1. L&#039;olio essenziale di rosa ha un&#039;elevata concentrazione e dovrebbe essere diluito con un olio base, come l&#039;olio di jojoba, l&#039;olio di cocco, ecc.<\/p>\n\n\n\n<p>2. Prestare attenzione al principio della quantit\u00e0 appropriata durante l&#039;uso, per evitare un eccesso di oli essenziali che causano capelli grassi e pori ostruiti;<\/p>\n\n\n\n<p>3. I test allergici devono essere eseguiti per la prima volta. Se si verifica disagio, interrompere immediatamente l&#039;uso;<\/p>\n\n\n\n<p>4. Si consiglia di utilizzarlo 1-2 volte a settimana per evitare che un&#039;applicazione frequente ne comprometta l&#039;effetto;<\/p>\n\n\n\n<p>5. Si consiglia di conservare in un luogo fresco e asciutto, evitando la luce solare diretta e gli ambienti ad alta temperatura;<\/p>\n\n\n\n<h2 class=\"wp-block-heading\">Conclusione<\/h2>\n\n\n\n<p>Il nostro olio essenziale di rosa, realizzato con cura, non solo contiene ingredienti sicuri, delicati e innocui, ma ha anche molteplici effetti per proteggere la tua salute e la tua bellezza sotto tutti gli aspetti. Offriamo una variet\u00e0 di opzioni, puoi scegliere quella pi\u00f9 adatta a te in base alle tue preferenze e necessit\u00e0. Naturalmente, forniamo anche un servizio di personalizzazione completo, che si tratti di adattamento della formula o di progettazione del packaging, perseguiamo il massimo, per creare il tuo marchio e per aiutarti a ottenere un vantaggio competitivo nel mercato dell&#039;olio di rosa. Se sei interessato anche ai nostri prodotti, contattaci.<\/p>","protected":false},"excerpt":{"rendered":"Rose Essential Oil Manufacturing Common Formulas The production process of rose essential oil is relatively delicate, and parameters such as temperature, pressure, and time must be strictly controlled to ensure the optimal quality and efficacy of the essential oil. Here are its main ingredients: 1. Roses: As the core ingredient, roses play an important role. [&hellip;]","protected":false},"featured_media":2247,"menu_order":0,"template":"","meta":[],"product-tag":[],"products":[53],"class_list":["post-2246","product","type-product","status-publish","has-post-thumbnail","hentry","products-essential-oil"],"acf":[],"_links":{"self":[{"href":"https:\/\/www.ruiqigo.com\/it\/wp-json\/wp\/v2\/product\/2246","targetHints":{"allow":["GET"]}}],"collection":[{"href":"https:\/\/www.ruiqigo.com\/it\/wp-json\/wp\/v2\/product"}],"about":[{"href":"https:\/\/www.ruiqigo.com\/it\/wp-json\/wp\/v2\/types\/product"}],"version-history":[{"count":0,"href":"https:\/\/www.ruiqigo.com\/it\/wp-json\/wp\/v2\/product\/2246\/revisions"}],"wp:featuredmedia":[{"embeddable":true,"href":"https:\/\/www.ruiqigo.com\/it\/wp-json\/wp\/v2\/media\/2247"}],"wp:attachment":[{"href":"https:\/\/www.ruiqigo.com\/it\/wp-json\/wp\/v2\/media?parent=2246"}],"wp:term":[{"taxonomy":"product-tag","embeddable":true,"href":"https:\/\/www.ruiqigo.com\/it\/wp-json\/wp\/v2\/product-tag?post=2246"},{"taxonomy":"products","embeddable":true,"href":"https:\/\/www.ruiqigo.com\/it\/wp-json\/wp\/v2\/products?post=2246"}],"curies":[{"name":"parola chiave","href":"https:\/\/api.w.org\/{rel}","templated":true}]}}