{"id":2252,"date":"2024-12-13T16:30:51","date_gmt":"2024-12-13T08:30:51","guid":{"rendered":"https:\/\/ruiqigo.com\/?post_type=product&#038;p=2252"},"modified":"2024-12-13T16:32:03","modified_gmt":"2024-12-13T08:32:03","slug":"deep-conditioner","status":"publish","type":"product","link":"https:\/\/www.ruiqigo.com\/it\/product\/deep-conditioner","title":{"rendered":"Balsamo profondo"},"content":{"rendered":"<h2 class=\"wp-block-heading\">Formule comuni per la produzione di balsami profondi<\/h2>\n\n\n\n<p>In qualit\u00e0 di produttori professionali di balsami profondi, utilizziamo una variet\u00e0 di ingredienti naturali ed efficaci, abbinati a criteri scientifici, con l&#039;obiettivo di creare un balsamo per capelli profondamente riparatore e nutriente.<\/p>\n\n\n\n<p>1. Essenza proteica: la proteina \u00e8 una parte importante del capello, e l&#039;essenza proteica pu\u00f2 penetrare in profondit\u00e0 nel capello e permeare in modo elevato, e reintegrare la proteina persa, per riparare i capelli danneggiati. Rafforza anche la cheratina, rendendo i capelli pi\u00f9 forti e riducendone la rottura.<\/p>\n\n\n\n<p>2. Olio di mandorle: l&#039;olio di mandorle pu\u00f2 fornire sufficiente idratazione e nutrimento ai capelli, riparando al contempo i capelli danneggiati, rendendoli pi\u00f9 lisci e non facili da spezzare. Allo stesso tempo, stimola anche i follicoli piliferi, il che favorisce una crescita sana dei capelli.<\/p>\n\n\n\n<p>3. Burro di karit\u00e9: il burro di karit\u00e9 ha propriet\u00e0 antibatteriche e antinfiammatorie, che possono ridurre l&#039;infiammazione e il disagio sul cuoio capelluto. Fornisce inoltre nutrienti e idratazione al cuoio capelluto, donando ai capelli una luminosit\u00e0 pi\u00f9 brillante.<\/p>\n\n\n\n<p>4. Multivitaminici: i multivitaminici non solo possono regolare la secrezione di sebo sul cuoio capelluto e mantenere i capelli freschi, ma forniscono anche una nutrizione completa, nutrono in profondit\u00e0 i capelli e promuovono la crescita sana dei capelli. Allo stesso tempo, la vitamina E ha un effetto antiossidante, che pu\u00f2 ridurre i danni causati dai radicali liberi e migliorare l&#039;elasticit\u00e0 e la resistenza dei capelli.<\/p>\n\n\n\n<p>5. Estratto di alghe: gli ingredienti attivi nell&#039;estratto di alghe possono riparare i capelli danneggiati, stimolare l&#039;attivit\u00e0 dei follicoli piliferi e migliorare il diradamento dei capelli. Crea anche una pellicola protettiva sulla superficie dei capelli, riducendo la perdita di acqua e rendendoli pi\u00f9 morbidi.<\/p>\n\n\n\n<h2 class=\"wp-block-heading\">Le funzioni del balsamo profondo<\/h2>\n\n\n\n<p>Progettato per gravi danni ai capelli, questo balsamo profondo ha molteplici funzioni per proteggere la salute dei tuoi capelli. Controlliamo rigorosamente la qualit\u00e0 della produzione nel processo di produzione, cos\u00ec puoi stare tranquillo durante l&#039;uso. Ecco le sue funzioni principali:<\/p>\n\n\n\n<p>1. Rafforza la cheratina: il processo di stiratura e tintura e l&#039;ambiente esterno aggressivo porteranno a una grande perdita di proteine nei capelli, che porter\u00e0 a capelli secchi e spezzati. Contiene molta essenza proteica, che i capelli possono assorbire rapidamente, invertire il danno e rendere i capelli pi\u00f9 forti e morbidi.<\/p>\n\n\n\n<p>2. Idratante e umettante: il balsamo profondo pu\u00f2 penetrare nel nucleo del capello e aggiungere acqua e sostanze nutritive, idratando efficacemente e formando una pellicola protettiva per prevenire la perdita di acqua. L&#039;uso a lungo termine lascer\u00e0 i tuoi capelli lisci e morbidi.<\/p>\n\n\n\n<p>3. Ripara i capelli: utilizzando i nostri prodotti, puoi riparare efficacemente la struttura dei capelli e migliorarne l&#039;elasticit\u00e0, riducendo cos\u00ec le doppie punte e le rotture, alleviando l&#039;effetto crespo.<\/p>\n\n\n\n<p>4. Migliora la qualit\u00e0 dei capelli: nutre costantemente i capelli ammorbidendoli e rafforzando lo strato corneo. Con un uso costante, i tuoi capelli torneranno opachi e luminosi. Allo stesso tempo, pu\u00f2 ridurre il fenomeno dell&#039;elettricit\u00e0 statica e dei grovigli nei capelli, rendendoli pi\u00f9 lisci.<\/p>\n\n\n\n<p>5. Olio bilanciante: il balsamo per capelli profondo ha anche la funzione di regolare la secrezione di sebo sul cuoio capelluto, il che pu\u00f2 ridurre la sensazione di untuosit\u00e0 del cuoio capelluto, lenirlo e renderlo pi\u00f9 rinfrescante.<\/p>\n\n\n\n<p>6. Capelli facili da gestire: una cura regolare pu\u00f2 aiutarti a ridurre la rottura causata dal processo di stiratura, ma anche a ridurre il fenomeno dell&#039;effetto crespo, dei nodi, una cura pi\u00f9 comoda e una modellatura.<\/p>\n\n\n\n<h2 class=\"wp-block-heading\">Come usare il balsamo profondo?<\/h2>\n\n\n\n<p>Quando abbiamo progettato la formula, abbiamo tenuto conto delle esigenze dei diversi tipi di capelli, quindi abbiamo sviluppato una variet\u00e0 di condizionatori profondi come il controllo dell&#039;olio rinfrescante, la riparazione idratante e i nutrienti di riparazione ricchi. Quando utilizzi un condizionatore profondo, puoi scegliere un prodotto e un trattamento adatti a te in base alla qualit\u00e0 e alle esigenze dei tuoi capelli. Contrassegneremo anche le istruzioni sulla confezione per tuo riferimento:<\/p>\n\n\n\n<p>1. Dopo lo shampoo: lavare i capelli secondo il normale procedimento, quindi asciugarli delicatamente con un asciugamano per assorbire l&#039;acqua in eccesso. Quindi applicare una quantit\u00e0 appropriata di balsamo profondo uniformemente dalla met\u00e0 alla fine dei capelli, evitando il contatto con il cuoio capelluto. \u00c8 possibile massaggiare delicatamente per favorire l&#039;assorbimento e lasciarlo sui capelli per 3-5 minuti, se i capelli sono seriamente danneggiati, \u00e8 possibile estendere opportunamente il tempo di permanenza. Risciacquare con acqua tiepida quando il tempo \u00e8 scaduto per assicurarsi che non ci siano residui.<\/p>\n\n\n\n<p>2. Rafforzare la cura: per capelli particolarmente secchi e danneggiati, puoi rafforzare la cura dopo averli lavati. Dopo aver applicato uniformemente il balsamo, avvolgi i capelli in un asciugamano caldo e indossa una cuffia da doccia. Attendi 20-30 minuti prima di risciacquare con acqua tiepida.<\/p>\n\n\n\n<p>3. Utilizzare prima di andare a letto: per sfruttare appieno la funzione riparatrice del balsamo profondo, puoi utilizzarlo prima di andare a letto. Innanzitutto, lava e avvolgi i capelli con il normale procedimento, quindi indossa una cuffia da doccia, attendi la mattina successiva dopo esserti alzato, quindi risciacqua con acqua tiepida.<\/p>\n\n\n\n<h2 class=\"wp-block-heading\">Attenzione<\/h2>\n\n\n\n<p>1. Si consiglia di scegliere un balsamo profondo adatto alla qualit\u00e0 e alle esigenze dei propri capelli;<\/p>\n\n\n\n<p>2. I test allergici devono essere eseguiti per la prima volta. Se si verifica disagio, interrompere immediatamente l&#039;uso;<\/p>\n\n\n\n<p>3. Prestare attenzione alla frequenza di utilizzo, si consiglia di utilizzarlo 1-2 volte a settimana per evitare che i capelli diventino unti a causa dell&#039;uso eccessivo;<\/p>\n\n\n\n<p>4. Prestare attenzione al principio della giusta quantit\u00e0, anche troppo balsamo pu\u00f2 ungere i capelli e ostruire i pori;<\/p>\n\n\n\n<p>5. Evitare di utilizzare lo stesso balsamo per capelli per lungo tempo, altrimenti diventer\u00e0 dipendente;<\/p>\n\n\n\n<p>6. Si consiglia di conservare in un luogo fresco e asciutto per evitare il deterioramento causato dalla luce solare diretta e da un ambiente ad alta temperatura.<\/p>\n\n\n\n<h2 class=\"wp-block-heading\">Conclusione<\/h2>\n\n\n\n<p>Come produttore di balsami intensivi focalizzato sulla produzione di alta qualit\u00e0, ci impegniamo a produrre prodotti con ingredienti naturali, cura efficiente e confezioni uniche. Per garantire la massima ritenzione di ingredienti attivi nel processo di produzione, utilizziamo una tecnologia di emulsificazione avanzata e processi di trattamento a bassa temperatura ed eseguiamo test di sicurezza sul prodotto finito per garantire che ogni flacone sia sicuro da usare. Scegliere il nostro balsamo intensivo non \u00e8 solo per la cura dei capelli, ma anche per la ricerca della qualit\u00e0 della vita. Se sei pi\u00f9 interessato, ti preghiamo di contattarci.<\/p>","protected":false},"excerpt":{"rendered":"Deep Conditioner Manufacturing Common Formulas As a professional deep conditioner manufacturer, we use a variety of natural and effective ingredients and scientific matching, aiming to create a deep repair and nourishing hair conditioner for you. 1. Protein essence: Protein is an important part of the hair, and protein essence can penetrate deeply into the hair [&hellip;]","protected":false},"featured_media":2253,"menu_order":0,"template":"","meta":[],"product-tag":[],"products":[52],"class_list":["post-2252","product","type-product","status-publish","has-post-thumbnail","hentry","products-conditioner"],"acf":[],"_links":{"self":[{"href":"https:\/\/www.ruiqigo.com\/it\/wp-json\/wp\/v2\/product\/2252","targetHints":{"allow":["GET"]}}],"collection":[{"href":"https:\/\/www.ruiqigo.com\/it\/wp-json\/wp\/v2\/product"}],"about":[{"href":"https:\/\/www.ruiqigo.com\/it\/wp-json\/wp\/v2\/types\/product"}],"version-history":[{"count":0,"href":"https:\/\/www.ruiqigo.com\/it\/wp-json\/wp\/v2\/product\/2252\/revisions"}],"wp:featuredmedia":[{"embeddable":true,"href":"https:\/\/www.ruiqigo.com\/it\/wp-json\/wp\/v2\/media\/2253"}],"wp:attachment":[{"href":"https:\/\/www.ruiqigo.com\/it\/wp-json\/wp\/v2\/media?parent=2252"}],"wp:term":[{"taxonomy":"product-tag","embeddable":true,"href":"https:\/\/www.ruiqigo.com\/it\/wp-json\/wp\/v2\/product-tag?post=2252"},{"taxonomy":"products","embeddable":true,"href":"https:\/\/www.ruiqigo.com\/it\/wp-json\/wp\/v2\/products?post=2252"}],"curies":[{"name":"parola chiave","href":"https:\/\/api.w.org\/{rel}","templated":true}]}}