{"id":226,"date":"2024-06-30T23:13:01","date_gmt":"2024-06-30T15:13:01","guid":{"rendered":"https:\/\/ruiqigo.com\/?post_type=product&#038;p=226"},"modified":"2024-09-25T15:10:51","modified_gmt":"2024-09-25T07:10:51","slug":"sulfate-free-shampoo","status":"publish","type":"product","link":"https:\/\/www.ruiqigo.com\/it\/product\/sulfate-free-shampoo","title":{"rendered":"Shampoo senza solfati"},"content":{"rendered":"<h3 class=\"wp-block-heading\">Produzione di shampoo senza solfati Formule comuni<\/h3>\n\n\n\n<p>Sappiamo che le persone che scelgono shampoo senza solfati hanno spesso il cuoio capelluto sensibile. Ecco perch\u00e9 i nostri prodotti utilizzano una variet\u00e0 di ingredienti delicati ma efficaci. Abbiamo scelto Sodium Lauroyl Sarcosinate come nostro principale agente detergente. \u00c8 un tensioattivo derivato da amminoacidi, delicato e pulisce bene. Rimuove lo sporco dal cuoio capelluto e dai capelli senza disturbare il naturale equilibrio del cuoio capelluto. Abbiamo incluso Cocamidopropyl Betaine e Disodium Laureth Sulfosuccinate per pulire a fondo il cuoio capelluto e i follicoli piliferi. Questi ingredienti creano anche una schiuma ricca e mantengono i capelli e il cuoio capelluto idratati durante il processo di pulizia profonda. Inoltre, abbiamo utilizzato Cocamide Methyl MEA per migliorare l&#039;efficacia degli altri ingredienti. Agisce come emulsionante e stabilizzante e aggiunge anche uno strato extra di protezione ai capelli dai danni ambientali.<\/p>\n\n\n\n<h3 class=\"wp-block-heading\">Scenari applicabili alla produzione di shampoo senza solfati<\/h3>\n\n\n\n<p>Gli shampoo senza solfati funzionano bene in tutti i tipi di clima, ma sono particolarmente utili nelle zone secche e fredde. Hanno una formula delicata che pu\u00f2 alleviare l&#039;irritazione del cuoio capelluto causata da tali condizioni. Inoltre, questi shampoo sono realizzati in un modo che \u00e8 migliore per l&#039;ambiente e possono essere realizzati in un modo che dura pi\u00f9 a lungo. Puoi anche abbinarli a un <a href=\"https:\/\/www.ruiqigo.com\/it\/product\/salt-free-water-conditioner\/\">condizionatore d&#039;acqua senza solfati<\/a> per risultati ancora migliori.<\/p>\n\n\n\n<h3 class=\"wp-block-heading\">Per chi sono adatti gli shampoo senza solfati?<\/h3>\n\n\n\n<p>La formula delicata dello shampoo senza solfati lo rende particolarmente adatto a chi desidera evitare irritazioni chimiche. Per chi colora o fa la permanente regolarmente i capelli, lo shampoo senza solfati aiuta a proteggere e prolungare il mantenimento del colore dei capelli. Inoltre, le persone con cuoio capelluto sensibile possono trarre beneficio dagli shampoo senza solfati. Questi shampoo possono ridurre le reazioni allergiche e le irritazioni, offrendo un&#039;esperienza di lavaggio e cura dei capelli delicata e calmante. Altro <a href=\"https:\/\/www.ruiqigo.com\/it\/products\/shampoo\/\">shampoo con ingredienti naturali<\/a> tra cui scegliere 3TOP.<\/p>\n\n\n\n<h3 class=\"wp-block-heading\">Processo di produzione dello shampoo senza solfati<\/h3>\n\n\n\n<p>Gli shampoo senza solfati sono pi\u00f9 delicati perch\u00e9 non usano solfati aggressivi. Li sostituiamo con tensioattivi aminoacidici che sono pi\u00f9 economici e delicati. Si risciacquano facilmente, non lasciano molti residui e non danneggiano le proteine nei capelli e nel cuoio capelluto, mantenendoli sani. Realizzare questi shampoo \u00e8 anche meglio per l&#039;ambiente perch\u00e9 non contengono solfati, il che aiuta a rendere il processo pi\u00f9 ecologico.<\/p>","protected":false},"excerpt":{"rendered":"Sulfate free shampoo manufacturing Common Formulas We know that people who choose sulfate free shampoo often have sensitive scalps. That&#8217;s why our products use a variety of gentle yet effective ingredients. We&#8217;ve chosen Sodium Lauroyl Sarcosinate as our main cleaning agent. It&#8217;s a surfactant derived from amino acids, which is mild and cleans well. It [&hellip;]","protected":false},"featured_media":222,"menu_order":0,"template":"","meta":[],"product-tag":[],"products":[51],"class_list":["post-226","product","type-product","status-publish","has-post-thumbnail","hentry","products-shampoo"],"acf":[],"_links":{"self":[{"href":"https:\/\/www.ruiqigo.com\/it\/wp-json\/wp\/v2\/product\/226","targetHints":{"allow":["GET"]}}],"collection":[{"href":"https:\/\/www.ruiqigo.com\/it\/wp-json\/wp\/v2\/product"}],"about":[{"href":"https:\/\/www.ruiqigo.com\/it\/wp-json\/wp\/v2\/types\/product"}],"version-history":[{"count":0,"href":"https:\/\/www.ruiqigo.com\/it\/wp-json\/wp\/v2\/product\/226\/revisions"}],"wp:featuredmedia":[{"embeddable":true,"href":"https:\/\/www.ruiqigo.com\/it\/wp-json\/wp\/v2\/media\/222"}],"wp:attachment":[{"href":"https:\/\/www.ruiqigo.com\/it\/wp-json\/wp\/v2\/media?parent=226"}],"wp:term":[{"taxonomy":"product-tag","embeddable":true,"href":"https:\/\/www.ruiqigo.com\/it\/wp-json\/wp\/v2\/product-tag?post=226"},{"taxonomy":"products","embeddable":true,"href":"https:\/\/www.ruiqigo.com\/it\/wp-json\/wp\/v2\/products?post=226"}],"curies":[{"name":"parola chiave","href":"https:\/\/api.w.org\/{rel}","templated":true}]}}