{"id":227,"date":"2024-06-30T23:19:42","date_gmt":"2024-06-30T15:19:42","guid":{"rendered":"https:\/\/ruiqigo.com\/?post_type=product&#038;p=227"},"modified":"2024-09-25T15:09:48","modified_gmt":"2024-09-25T07:09:48","slug":"moroccanoil-shampoo","status":"publish","type":"product","link":"https:\/\/www.ruiqigo.com\/it\/product\/moroccanoil-shampoo","title":{"rendered":"Shampoo Moroccanoil"},"content":{"rendered":"<h3 class=\"wp-block-heading\">Shampoo Moroccanoil, formule comuni per la produzione<\/h3>\n\n\n\n<p>Gli shampoo Moroccanoil contengono una gamma di ingredienti riparatori, a partire dall&#039;olio di argan. L&#039;olio di argan \u00e8 ricco di vitamina E e antiossidanti, che vengono assorbiti relativamente rapidamente dai capelli per formare una pellicola protettiva che riduce i raggi UV, ripara le squame e migliora la consistenza dei capelli. Lo shampoo Moroccanoil \u00e8 ricco di cose buone come acidi grassi, antiossidanti e vitamina E. Ripara i capelli danneggiati, li rende pi\u00f9 elastici e lucenti e li protegge dalle cose cattive presenti nell&#039;aria. Le proteine del grano idrolizzate nello shampoo penetrano in profondit\u00e0 nei capelli. Forniscono ai capelli gli amminoacidi di cui hanno bisogno per essere forti e resistenti. Inoltre, c&#039;\u00e8 l&#039;estratto di fungo argentato, pieno di cose buone come polisaccaridi, proteine e piccole quantit\u00e0 di nutrienti. Nutre in profondit\u00e0 il cuoio capelluto e i capelli e rende il cuoio capelluto pi\u00f9 sano.<\/p>\n\n\n\n<h3 class=\"wp-block-heading\">Shampoo Moroccanoil Scenari Applicabili<\/h3>\n\n\n\n<p>Con i suoi nutrienti ricchi e le sue propriet\u00e0 nutrienti, Moroccanoil Shampoo \u00e8 adatto a tutti i climi e gli ambienti, in particolare a quelli secchi. Nei climi secchi, i capelli sono inclini all&#039;attrito e all&#039;elettricit\u00e0 statica, e la mancanza di idratazione porta alla secchezza. Ingredienti riparatori come l&#039;olio di argan in Moroccanoil Shampoo forniscono un&#039;idratazione extra ai capelli, aiutando a ridurre l&#039;elettricit\u00e0 statica e la rottura dei capelli secchi. Puoi anche abbinarlo a un <a href=\"https:\/\/www.ruiqigo.com\/it\/products\/conditioner\/\">balsamo con ingredienti naturali<\/a> per risultati ancora migliori.<\/p>\n\n\n\n<h3 class=\"wp-block-heading\">Per chi \u00e8 adatto lo shampoo Moroccanoil?<\/h3>\n\n\n\n<p>Gli shampoo Moroccanoil sono un&#039;eccellente scelta per chi ha problemi di capelli danneggiati, secchi o fragili. Questo shampoo \u00e8 formulato con ingredienti ricchi e nutrienti che agiscono per condizionare e rivitalizzare in profondit\u00e0 i capelli, lasciandoli morbidi, lisci e gestibili. L&#039;ingrediente chiave, l&#039;olio marocchino, \u00e8 noto per il suo alto contenuto di nutrienti, che penetra nel fusto del capello per riparare i danni e ripristinare forza ed elasticit\u00e0. Altro n<a href=\"https:\/\/www.ruiqigo.com\/it\/products\/shampoo\/\">shampoo con ingredienti naturali<\/a> tra cui scegliere 3TOP.<\/p>\n\n\n\n<h3 class=\"wp-block-heading\">Processo di produzione dello shampoo Moroccanoil<\/h3>\n\n\n\n<p>Gli shampoo Moroccanoil sono arricchiti con nutrienti naturali attentamente selezionati per la loro capacit\u00e0 di migliorare significativamente la forza e la salute dei tuoi capelli. L&#039;ingrediente principale, estratto dall&#039;albero di argan originario del Marocco, \u00e8 ricco di acidi grassi essenziali, antiossidanti e vitamina E. Questi componenti lavorano insieme per fortificare ogni ciocca, proteggendola dalla rottura e promuovendone la resilienza.<\/p>","protected":false},"excerpt":{"rendered":"Moroccanoil shampoo manufacturing common formulas Moroccanoil shampoos contain a range of repairing ingredients, starting with argan oil. Argan oil is rich in vitamin E and antioxidants, which are absorbed relatively quickly by the hair to form a protective film that reduces UV rays, repairs the scales, and improves hair texture. Moroccanoil Shampoo is packed with [&hellip;]","protected":false},"featured_media":228,"menu_order":0,"template":"","meta":[],"product-tag":[],"products":[51],"class_list":["post-227","product","type-product","status-publish","has-post-thumbnail","hentry","products-shampoo"],"acf":[],"_links":{"self":[{"href":"https:\/\/www.ruiqigo.com\/it\/wp-json\/wp\/v2\/product\/227","targetHints":{"allow":["GET"]}}],"collection":[{"href":"https:\/\/www.ruiqigo.com\/it\/wp-json\/wp\/v2\/product"}],"about":[{"href":"https:\/\/www.ruiqigo.com\/it\/wp-json\/wp\/v2\/types\/product"}],"version-history":[{"count":0,"href":"https:\/\/www.ruiqigo.com\/it\/wp-json\/wp\/v2\/product\/227\/revisions"}],"wp:featuredmedia":[{"embeddable":true,"href":"https:\/\/www.ruiqigo.com\/it\/wp-json\/wp\/v2\/media\/228"}],"wp:attachment":[{"href":"https:\/\/www.ruiqigo.com\/it\/wp-json\/wp\/v2\/media?parent=227"}],"wp:term":[{"taxonomy":"product-tag","embeddable":true,"href":"https:\/\/www.ruiqigo.com\/it\/wp-json\/wp\/v2\/product-tag?post=227"},{"taxonomy":"products","embeddable":true,"href":"https:\/\/www.ruiqigo.com\/it\/wp-json\/wp\/v2\/products?post=227"}],"curies":[{"name":"parola chiave","href":"https:\/\/api.w.org\/{rel}","templated":true}]}}