{"id":2291,"date":"2024-12-17T16:20:43","date_gmt":"2024-12-17T08:20:43","guid":{"rendered":"https:\/\/ruiqigo.com\/?post_type=product&#038;p=2291"},"modified":"2024-12-17T16:22:39","modified_gmt":"2024-12-17T08:22:39","slug":"frankincense-essential-oil","status":"publish","type":"product","link":"https:\/\/www.ruiqigo.com\/it\/product\/frankincense-essential-oil","title":{"rendered":"Olio essenziale di incenso"},"content":{"rendered":"<h2 class=\"wp-block-heading\">Formule comuni per la produzione di olio essenziale di incenso<\/h2>\n\n\n\n<p>Nel processo di produzione, abbiamo progettato una variet\u00e0 di formulazioni in base alle vostre diverse esigenze per garantire che possano svolgere i rispettivi effetti. Se la concentrazione di olio essenziale di incenso \u00e8 pi\u00f9 alta, di solito \u00e8 necessario diluire l&#039;olio di base, per prendersi meglio cura della propria salute.<\/p>\n\n\n\n<p>1. Olio essenziale di incenso: svolge un ruolo importante come ingrediente principale. Ad esempio, l&#039;olio essenziale di incenso ha propriet\u00e0 antibatteriche e antinfiammatorie, che possono inibire la riproduzione batterica, ridurre l&#039;insorgenza di infiammazioni e quindi promuovere la guarigione delle ferite e curare malattie orali, infezioni della pelle, infiammazioni del cuoio capelluto e altri problemi. Stimola anche la circolazione sanguigna, che aiuta i follicoli piliferi ad assorbire pi\u00f9 nutrienti, promuovendo cos\u00ec la crescita dei capelli. Allo stesso tempo, pu\u00f2 penetrare nei capelli per fornire idratazione, ridurre l&#039;effetto crespo, la rottura e le doppie punte e rendere i capelli pi\u00f9 morbidi. Inoltre, pu\u00f2 anche promuovere la rigenerazione cellulare, riparare il tessuto danneggiato del cuoio capelluto e promuovere ulteriormente la protezione della salute del cuoio capelluto.<\/p>\n\n\n\n<p>2. Olio di babajo: l&#039;olio di babajo \u00e8 ricco di vitamina E e acidi grassi, che possono nutrire intensamente i capelli e integrare i nutrienti. Pu\u00f2 anche riparare i capelli danneggiati e lisciare l&#039;effetto crespo. Allo stesso tempo, come olio di base leggero e facilmente assorbibile, non appesantisce i capelli.<\/p>\n\n\n\n<p>3. Olio di cocco: l&#039;olio di cocco ha un eccellente effetto idratante, che pu\u00f2 penetrare in profondit\u00e0 nel nucleo del capello e apportare sufficiente idratazione e nutrienti. Inoltre rimuove efficacemente l&#039;elettricit\u00e0 statica e l&#039;effetto crespo dai capelli.<\/p>\n\n\n\n<p>4. Colofonia: la colofonia \u00e8 il componente essenziale dell&#039;olio essenziale di incenso, che emana un caldo aroma legnoso e un leggero aroma fruttato. Questo aroma unico allevia anche l&#039;ansia, modula l&#039;umore e aiuta a rilassarsi.<\/p>\n\n\n\n<h2 class=\"wp-block-heading\">Le funzioni dell&#039;olio essenziale di incenso<\/h2>\n\n\n\n<p>Come produttori professionali di oli essenziali di incenso, prestiamo particolare attenzione all&#039;alta qualit\u00e0 e all&#039;eccellente efficacia dei nostri prodotti. Pertanto, selezioniamo attentamente le materie prime e controlliamo rigorosamente ogni collegamento della produzione per garantire l&#039;efficacia e la sicurezza dei prodotti. Ecco i suoi principali vantaggi:<\/p>\n\n\n\n<p>1. Migliora l&#039;immunit\u00e0: l&#039;olio essenziale di incenso pu\u00f2 migliorare il sistema immunitario e migliorare la capacit\u00e0 di resistere alle malattie, per prevenire l&#039;insorgenza di malattie, come le malattie orali. E ha potenziali effetti antitumorali.<\/p>\n\n\n\n<p>2. Proteggere la pelle: non solo pu\u00f2 promuovere la rigenerazione cellulare e riparare i tessuti danneggiati, ma anche accelerare la guarigione delle ferite. Pu\u00f2 anche idratare la pelle, ridurre ulteriormente rughe e cicatrici, punti dolenti e altri problemi, proteggere la pelle e prevenire l&#039;invecchiamento cutaneo.<\/p>\n\n\n\n<p>3. Cura dei capelli: i nostri oli essenziali stimolano la circolazione del cuoio capelluto, che accelera la crescita dei capelli. Possono anche alleviare il prurito e il disagio del cuoio capelluto, ridurre il carico sul cuoio capelluto e rendere i capelli pi\u00f9 sani. Allo stesso tempo, hanno una forte capacit\u00e0 idratante, possono nutrire i capelli e renderli pi\u00f9 lisci.<\/p>\n\n\n\n<p>4. Allevia lo stress: l&#039;aroma unico dell&#039;olio essenziale di incenso non solo pu\u00f2 favorire il rilassamento, alleviare lo stress, regolare le emozioni negative e quindi ridurre la depressione. Stimola anche i nervi e migliora la memoria.<\/p>\n\n\n\n<p>5. Dolore e gonfiore: se utilizzati, i componenti antibatterici e antinfiammatori dell&#039;olio essenziale di incenso possono uccidere efficacemente la riproduzione batterica e ridurre i sintomi infiammatori, come rossore e gonfiore, e possono anche alleviare l&#039;artrite, il dolore muscolare e svolgere ulteriormente il ruolo di dolore e gonfiore.<\/p>\n\n\n\n<h2 class=\"wp-block-heading\">Come utilizzare l&#039;olio essenziale di incenso?<\/h2>\n\n\n\n<p>L&#039;olio essenziale di incenso pu\u00f2 essere utilizzato in diversi modi a seconda di diversi scenari ed esigenze. Abbiamo anche progettato una variet\u00e0 di formulazioni e testato l&#039;efficacia dei prodotti finiti per garantire che i prodotti che ricevi possano essere utilizzati con sicurezza. Ecco come utilizzare la cura dei capelli:<\/p>\n\n\n\n<p>1. Massaggio del cuoio capelluto: per prima cosa, aggiungi 4 gocce di olio essenziale di incenso a 1 cucchiaio di olio di jojoba per diluire, quindi applica uniformemente l&#039;olio essenziale diluito sul cuoio capelluto e massaggia delicatamente. Puoi quindi avvolgere la testa in un asciugamano caldo e attendere 30 minuti, il che consente all&#039;olio di penetrare. Quando il tempo \u00e8 scaduto, risciacqua con acqua calda per assicurarti che non ci siano residui.<\/p>\n\n\n\n<p>2. Miscelazione: durante il lavaggio dei capelli, puoi aggiungere 3 gocce del nostro olio essenziale nello shampoo o nel balsamo per mescolare bene, quindi lavare i capelli secondo il normale procedimento. Puoi massaggiare delicatamente durante questo procedimento, specialmente dove i capelli sono molto danneggiati e secchi, per favorirne l&#039;assorbimento.<\/p>\n\n\n\n<p>3. Terapia delle fragranze: pu\u00f2 essere inalata direttamente o tramite diffusori di fragranze per alleviare lo stress, rilassare corpo e mente e ridurre indirettamente la caduta dei capelli correlata allo stress.<\/p>\n\n\n\n<h2 class=\"wp-block-heading\">Attenzione<\/h2>\n\n\n\n<p>1. Scegli un olio essenziale di incenso adatto al tuo tipo di pelle o di capelli e alle tue esigenze;<\/p>\n\n\n\n<p>2. I test allergici devono essere eseguiti per la prima volta. Se si verifica disagio, interrompere immediatamente l&#039;uso;<\/p>\n\n\n\n<p>3. Evitare il contatto con gli occhi e altre parti sensibili, in caso di contatto, sciacquare con olio base (non acqua) e osservare, se il fastidio persiste consultare un medico;<\/p>\n\n\n\n<p>4. Prestare attenzione alla frequenza di utilizzo, si consiglia di utilizzare 1-2 volte a settimana, per evitare un uso eccessivo causato dal carico sul cuoio capelluto;<\/p>\n\n\n\n<p>5. Prestare attenzione al principio di una quantit\u00e0 appropriata, un eccesso di olio essenziale render\u00e0 il cuoio capelluto grasso e ostruir\u00e0 i pori;<\/p>\n\n\n\n<p>6. Si consiglia di conservare in un luogo fresco e asciutto, al riparo dalla luce solare diretta e da temperature elevate.<\/p>\n\n\n\n<h2 class=\"wp-block-heading\">Conclusione<\/h2>\n\n\n\n<p>Come produttore esperto di oli essenziali di incenso, comprendiamo il tuo desiderio di qualit\u00e0 ed efficacia. Pertanto, ognuno dei nostri processi \u00e8 stato sottoposto a rigorosi controlli di qualit\u00e0 e precisi controlli di tempo e temperatura per garantire che ogni flacone contenga ingredienti ricchi ed eserciti la massima efficacia.<\/p>\n\n\n\n<p>Naturalmente, abbiamo anche eccellenti servizi di personalizzazione per creare il tuo marchio di oli essenziali in base alle tue esigenze e aiutarti a ottenere un vantaggio competitivo sul mercato. Contattaci se sei interessato.<\/p>","protected":false},"excerpt":{"rendered":"Frankincense Essential Oil Manufacturing Common Formulas In the production process, we have designed a variety of formulations according to your different needs to ensure that they can play their respective effects. If the concentration of frankincense essential oil is higher, you usually need to dilute the base oil, to better care for your health. 1. [&hellip;]","protected":false},"featured_media":2292,"menu_order":0,"template":"","meta":[],"product-tag":[],"products":[53],"class_list":["post-2291","product","type-product","status-publish","has-post-thumbnail","hentry","products-essential-oil"],"acf":[],"_links":{"self":[{"href":"https:\/\/www.ruiqigo.com\/it\/wp-json\/wp\/v2\/product\/2291","targetHints":{"allow":["GET"]}}],"collection":[{"href":"https:\/\/www.ruiqigo.com\/it\/wp-json\/wp\/v2\/product"}],"about":[{"href":"https:\/\/www.ruiqigo.com\/it\/wp-json\/wp\/v2\/types\/product"}],"version-history":[{"count":0,"href":"https:\/\/www.ruiqigo.com\/it\/wp-json\/wp\/v2\/product\/2291\/revisions"}],"wp:featuredmedia":[{"embeddable":true,"href":"https:\/\/www.ruiqigo.com\/it\/wp-json\/wp\/v2\/media\/2292"}],"wp:attachment":[{"href":"https:\/\/www.ruiqigo.com\/it\/wp-json\/wp\/v2\/media?parent=2291"}],"wp:term":[{"taxonomy":"product-tag","embeddable":true,"href":"https:\/\/www.ruiqigo.com\/it\/wp-json\/wp\/v2\/product-tag?post=2291"},{"taxonomy":"products","embeddable":true,"href":"https:\/\/www.ruiqigo.com\/it\/wp-json\/wp\/v2\/products?post=2291"}],"curies":[{"name":"parola chiave","href":"https:\/\/api.w.org\/{rel}","templated":true}]}}