{"id":2322,"date":"2024-12-19T14:17:49","date_gmt":"2024-12-19T06:17:49","guid":{"rendered":"https:\/\/ruiqigo.com\/?post_type=product&#038;p=2322"},"modified":"2024-12-19T17:21:20","modified_gmt":"2024-12-19T09:21:20","slug":"best-body-lotion-for-dry-skin","status":"publish","type":"product","link":"https:\/\/www.ruiqigo.com\/it\/product\/best-body-lotion-for-dry-skin","title":{"rendered":"La migliore lozione per il corpo per la pelle secca"},"content":{"rendered":"<h2 class=\"wp-block-heading\">La migliore lozione per il corpo per la pelle secca Produzione di formule comuni<\/h2>\n\n\n\n<p>Durante l&#039;intero processo di produzione, utilizziamo strutture di produzione avanzate e rigorosi sistemi di test per garantire la sicurezza e l&#039;efficacia dei prodotti. E abbiamo progettato diverse formule per i diversi tipi di pelle e preferenze per soddisfare le esigenze della maggior parte delle persone.<\/p>\n\n\n\n<p>1. Acido ialuronico: l&#039;acido ialuronico \u00e8 un comune idratante, che ha una forte capacit\u00e0 di idratare e assorbire l&#039;acqua. Non solo idrata la pelle e aiuta a rimuovere le cellule morte della pelle, ma forma anche uno strato protettivo sulla superficie della pelle per prevenire la perdita di acqua e mantenere la pelle idratata.<\/p>\n\n\n\n<p>2. Vaselina: essendo una specie di occlusivo, la vaselina pu\u00f2 aiutare a trattenere l&#039;acqua, ridurre l&#039;evaporazione dell&#039;acqua nella pelle, alleviare ulteriormente il problema della pelle secca e desquamazione e mantenere la pelle idratata a lungo.<\/p>\n\n\n\n<p>3. Burro di karit\u00e9: il burro di karit\u00e9 \u00e8 un ottimo emolliente. Oltre al suo effetto idratante, il burro di karit\u00e9 pu\u00f2 anche riparare le cellule dei tessuti danneggiate dall&#039;essiccazione, favorendo cos\u00ec la rigenerazione cellulare, aiutando a ridurre rughe e linee sottili e rendendo la pelle pi\u00f9 liscia e morbida.<\/p>\n\n\n\n<p>4. Vitamina C: la vitamina C ha un effetto antiossidante e pu\u00f2 resistere ai radicali liberi, dai danni dell&#039;ambiente esterno. Allo stesso tempo, pu\u00f2 anche promuovere la produzione di collagene, per ottenere una pelle soda, effetto anti-invecchiamento.<\/p>\n\n\n\n<p>5. Nicotinamide: la nicotinamide pu\u00f2 migliorare la funzione barriera della pelle, migliorarne la capacit\u00e0 idratante, aiutare a restringere i pori, levigare le rughe e migliorare l&#039;elasticit\u00e0 della pelle.<\/p>\n\n\n\n<h2 class=\"wp-block-heading\">Le funzioni della migliore lozione per il corpo per la pelle secca<\/h2>\n\n\n\n<p>Come produttori professionali di lozioni per il corpo, abbiamo una conoscenza approfondita delle caratteristiche della pelle secca prima di progettare la formula. Sapere che la pelle secca spesso non ha abbastanza oli naturali per mantenere la barriera di idratazione della pelle pu\u00f2 portare a una serie di problemi. Abbiamo creato questo prodotto basandoci su questo problema per rendere la tua pelle di nuovo idratata e liscia.<\/p>\n\n\n\n<p>1. Idratante e idratante: la migliore lozione per il corpo per la pelle secca \u00e8 facile da assorbire, pu\u00f2 reintegrare in profondit\u00e0 acqua e sostanze nutritive ed essere rapidamente assorbita dalla pelle. Allo stesso tempo, bloccher\u00e0 l&#039;idratazione, otterr\u00e0 un effetto idratante duraturo, riparer\u00e0 la pelle secca e danneggiata e l&#039;uso a lungo termine render\u00e0 la tua pelle pi\u00f9 idratata e morbida.<\/p>\n\n\n\n<p>2. Esfoliante: puoi massaggiare delicatamente durante l&#039;applicazione, il che favorisce la rimozione di sporco e olio ed esfolia. Aiuta anche a liberare i pori, prevenire l&#039;acne e prendersi ulteriormente cura della salute della pelle.<\/p>\n\n\n\n<p>3. Migliora la qualit\u00e0 della pelle: la nostra lozione per il corpo ha anche un certo effetto schiarente sulla pelle, che pu\u00f2 migliorare l&#039;opacit\u00e0 della pelle, levigare le rughe e rendere la pelle pi\u00f9 elastica, liscia e delicata.<\/p>\n\n\n\n<p>4. Lenitivo e rilassante: al prodotto viene aggiunta un&#039;essenza vegetale naturale, che ha un aroma unico, in grado di lenire il corpo e la mente, alleviare l&#039;umore e lo stress.<\/p>\n\n\n\n<p>5. Riparazione della barriera: la migliore lozione per il corpo per la pelle secca ha la funzione di riparare la barriera cutanea, rafforzandone la resistenza e riparando i tessuti danneggiati, proteggendo cos\u00ec la pelle dall&#039;ambiente esterno e rendendola pi\u00f9 sana.<\/p>\n\n\n\n<h2 class=\"wp-block-heading\">Come usare la migliore lozione per il corpo per la pelle secca?<\/h2>\n\n\n\n<p>L&#039;uso regolare della migliore lozione per il corpo per la pelle secca pu\u00f2 migliorare la pelle e ripristinare la salute. Naturalmente, \u00e8 anche importante scegliere un prodotto adatto a te. Ecco come pu\u00f2 essere utilizzato:<\/p>\n\n\n\n<p>1. Pulisci la pelle: fai la doccia normalmente prima dell&#039;uso per rimuovere lo sporco e l&#039;olio dalla superficie della pelle. Fai attenzione a pulire a fondo in modo che il latte del nostro corpo possa essere assorbito meglio.<\/p>\n\n\n\n<p>2. Applicare uniformemente: dopo aver fatto il bagno, asciugarsi delicatamente con un asciugamano ma tenerlo leggermente umido, quindi applicare una quantit\u00e0 appropriata di lozione per il corpo in modo uniforme su tutto il corpo, in particolare sulle zone che sono facili da ignorare. Lo spessore dello strato corneo pu\u00f2 essere opportunamente aumentato per aumentare la quantit\u00e0 di applicazione.<\/p>\n\n\n\n<p>3. Assorbimento del massaggio: dopo aver applicato le mani per massaggiare delicatamente tutto il corpo in modo circolare, \u00e8 possibile favorire l&#039;assorbimento. In particolare, le parti secche o spesse della cuticola possono aumentare l&#039;intensit\u00e0 del massaggio.<\/p>\n\n\n\n<p>4. Attendere l&#039;assorbimento: dopo il massaggio, puoi attendere qualche minuto affinch\u00e9 la lozione venga completamente assorbita dalla pelle e infine puoi indossare i vestiti.<\/p>\n\n\n\n<h2 class=\"wp-block-heading\">Attenzione<\/h2>\n\n\n\n<p>1. I test allergici devono essere eseguiti per la prima volta. Se si verifica disagio, interrompere immediatamente l&#039;uso;<\/p>\n\n\n\n<p>2. Evitare il contatto con gli occhi e altre parti sensibili. In caso di contatto con gli occhi, sciacquare immediatamente con acqua;<\/p>\n\n\n\n<p>3. Tenere fuori dalla portata dei bambini per evitare un uso improprio;<\/p>\n\n\n\n<p>4. Prestare attenzione alla frequenza di utilizzo, si consiglia di utilizzare ogni mattina e sera, se ci si trova in un ambiente particolarmente secco, la frequenza di utilizzo pu\u00f2 essere opportunamente aumentata;<\/p>\n\n\n\n<p>5. Prestare attenzione alla quantit\u00e0, un eccesso di latte per il corpo pu\u00f2 rendere la pelle unta e ostruire i pori, rendendoli difficili da assorbire;<\/p>\n\n\n\n<p>6. Si consiglia di conservare in un luogo fresco e asciutto, evitando la luce solare diretta e un ambiente con temperature elevate.<\/p>\n\n\n\n<h2 class=\"wp-block-heading\">Conclusione<\/h2>\n\n\n\n<p>Adatta alla maggior parte dei tipi di pelle, la nostra migliore lozione per il corpo per pelli secche \u00e8 facile da usare e leggera, il che la rende la scelta ideale per un&#039;idratazione efficace e un nutrimento delicato. Inoltre. Abbiamo anche una gamma completa di servizi di personalizzazione per creare un prodotto unico e degno di un marchio in base alle tue esigenze. Contattaci se vuoi farti un nome nel mercato delle lozioni per il corpo.<\/p>\n\n\n\n<p><\/p>","protected":false},"excerpt":{"rendered":"Best Body Lotion For Dry Skin Manufacturing Common Formulas Throughout the entire production process, we use advanced production facilities and strict testing systems to ensure the safety and effectiveness of products. And we&#8217;ve designed different formulas for your different skin types and preferences to meet the needs of most people. 1. Hyaluronic acid: hyaluronic acid [&hellip;]","protected":false},"featured_media":2323,"menu_order":0,"template":"","meta":[],"product-tag":[],"products":[56],"class_list":["post-2322","product","type-product","status-publish","has-post-thumbnail","hentry","products-body-lotion"],"acf":[],"_links":{"self":[{"href":"https:\/\/www.ruiqigo.com\/it\/wp-json\/wp\/v2\/product\/2322","targetHints":{"allow":["GET"]}}],"collection":[{"href":"https:\/\/www.ruiqigo.com\/it\/wp-json\/wp\/v2\/product"}],"about":[{"href":"https:\/\/www.ruiqigo.com\/it\/wp-json\/wp\/v2\/types\/product"}],"version-history":[{"count":0,"href":"https:\/\/www.ruiqigo.com\/it\/wp-json\/wp\/v2\/product\/2322\/revisions"}],"wp:featuredmedia":[{"embeddable":true,"href":"https:\/\/www.ruiqigo.com\/it\/wp-json\/wp\/v2\/media\/2323"}],"wp:attachment":[{"href":"https:\/\/www.ruiqigo.com\/it\/wp-json\/wp\/v2\/media?parent=2322"}],"wp:term":[{"taxonomy":"product-tag","embeddable":true,"href":"https:\/\/www.ruiqigo.com\/it\/wp-json\/wp\/v2\/product-tag?post=2322"},{"taxonomy":"products","embeddable":true,"href":"https:\/\/www.ruiqigo.com\/it\/wp-json\/wp\/v2\/products?post=2322"}],"curies":[{"name":"parola chiave","href":"https:\/\/api.w.org\/{rel}","templated":true}]}}